{"id":10037,"date":"2021-11-23T08:28:23","date_gmt":"2021-11-23T07:28:23","guid":{"rendered":"https:\/\/hunt-armenti.pl\/polowanie-na-sarny-kozly\/"},"modified":"2025-07-04T17:16:53","modified_gmt":"2025-07-04T15:16:53","slug":"polowanie-na-sarny-kozly","status":"publish","type":"page","link":"https:\/\/hunt-armenti.pl\/sv\/polowanie-na-sarny-kozly\/","title":{"rendered":"Polowanie na Sarny \u2013 Koz\u0142y"},"content":{"rendered":"\t\t<div data-elementor-type=\"wp-page\" data-elementor-id=\"10037\" class=\"elementor elementor-10037\" data-elementor-post-type=\"page\">\n\t\t\t\t\t\t<section class=\"elementor-section elementor-top-section elementor-element elementor-element-5bed227 elementor-section-full_width elementor-section-height-default elementor-section-height-default\" data-id=\"5bed227\" data-element_type=\"section\">\n\t\t\t\t\t\t<div class=\"elementor-container elementor-column-gap-no\">\n\t\t\t\t\t<div class=\"elementor-column elementor-col-100 elementor-top-column elementor-element elementor-element-0ae4ee7\" data-id=\"0ae4ee7\" data-element_type=\"column\">\n\t\t\t<div class=\"elementor-widget-wrap elementor-element-populated\">\n\t\t\t\t\t\t<section class=\"elementor-section elementor-inner-section elementor-element elementor-element-72d2379 elementor-section-boxed elementor-section-height-default elementor-section-height-default\" data-id=\"72d2379\" data-element_type=\"section\">\n\t\t\t\t\t\t<div class=\"elementor-container elementor-column-gap-no\">\n\t\t\t\t\t<div class=\"elementor-column elementor-col-100 elementor-inner-column elementor-element elementor-element-28a4398\" data-id=\"28a4398\" data-element_type=\"column\">\n\t\t\t<div class=\"elementor-widget-wrap elementor-element-populated\">\n\t\t\t\t\t\t<div class=\"elementor-element elementor-element-69db11f elementor-widget elementor-widget-naturomegahover\" data-id=\"69db11f\" data-element_type=\"widget\" data-widget_type=\"naturomegahover.default\">\n\t\t\t\t<div class=\"elementor-widget-container\">\n\t\t\t\t\t<div class=\"mega-img-box\"><div class=\"img-1\"><div class=\"mega-hover\"><img decoding=\"async\" src=\"https:\/\/hunt-armenti.pl\/wp-content\/uploads\/2025\/07\/roe-deer-8840146_1280-1.jpg\" alt=\"roe deer 8840146_1280 1\"  class=\"w-100\" \/><\/div><\/div><\/div>\t\t\t\t<\/div>\n\t\t\t\t<\/div>\n\t\t\t\t\t<\/div>\n\t\t<\/div>\n\t\t\t\t\t<\/div>\n\t\t<\/section>\n\t\t\t\t\t<\/div>\n\t\t<\/div>\n\t\t\t\t\t<\/div>\n\t\t<\/section>\n\t\t\t\t<section class=\"elementor-section elementor-top-section elementor-element elementor-element-78be942 elementor-section-full_width elementor-section-height-default elementor-section-height-default\" data-id=\"78be942\" data-element_type=\"section\">\n\t\t\t\t\t\t<div class=\"elementor-container elementor-column-gap-default\">\n\t\t\t\t\t<div class=\"elementor-column elementor-col-100 elementor-top-column elementor-element elementor-element-b19da3f\" data-id=\"b19da3f\" data-element_type=\"column\">\n\t\t\t<div class=\"elementor-widget-wrap elementor-element-populated\">\n\t\t\t\t\t\t<section class=\"elementor-section elementor-inner-section elementor-element elementor-element-af42c91 elementor-section-boxed elementor-section-height-default elementor-section-height-default\" data-id=\"af42c91\" data-element_type=\"section\">\n\t\t\t\t\t\t<div class=\"elementor-container elementor-column-gap-no\">\n\t\t\t\t\t<div class=\"elementor-column elementor-col-100 elementor-inner-column elementor-element elementor-element-b23600a\" data-id=\"b23600a\" data-element_type=\"column\">\n\t\t\t<div class=\"elementor-widget-wrap elementor-element-populated\">\n\t\t\t\t\t\t<div class=\"elementor-element elementor-element-0d84262 elementor-widget elementor-widget-heading\" data-id=\"0d84262\" data-element_type=\"widget\" data-widget_type=\"heading.default\">\n\t\t\t\t<div class=\"elementor-widget-container\">\n\t\t\t\t\t<h2 class=\"elementor-heading-title elementor-size-default\">R\u00e5bockjakt \u2013 precision, utmaning och tillfredsst\u00e4llelse<\/h2>\t\t\t\t<\/div>\n\t\t\t\t<\/div>\n\t\t\t\t<div class=\"elementor-element elementor-element-1a26fd4 elementor-widget elementor-widget-text-editor\" data-id=\"1a26fd4\" data-element_type=\"widget\" data-widget_type=\"text-editor.default\">\n\t\t\t\t<div class=\"elementor-widget-container\">\n\t\t\t\t\t\t\t\t\t<p class=\"mb-55\">R\u00e5bocksjakt \u00e4r en klassisk jaktform som f\u00f6renar elegans, noggrannhet och dynamiska jaktf\u00f6rh\u00e5llanden. Det \u00e4r ett utm\u00e4rkt val f\u00f6r j\u00e4gare som uppskattar aktivt deltagande, sp\u00e5rningskunskap och selektivt skytte, samt \u00f6nskar ett vackert trof\u00e9 i form av horn.<\/p>\t\t\t\t\t\t\t\t<\/div>\n\t\t\t\t<\/div>\n\t\t\t\t<div class=\"elementor-element elementor-element-b566854 elementor-widget elementor-widget-heading\" data-id=\"b566854\" data-element_type=\"widget\" data-widget_type=\"heading.default\">\n\t\t\t\t<div class=\"elementor-widget-container\">\n\t\t\t\t\t<h2 class=\"elementor-heading-title elementor-size-default\">Karakteristik av r\u00e5bocken<\/h2>\t\t\t\t<\/div>\n\t\t\t\t<\/div>\n\t\t\t\t<div class=\"elementor-element elementor-element-b41bce3 elementor-widget elementor-widget-text-editor\" data-id=\"b41bce3\" data-element_type=\"widget\" data-widget_type=\"text-editor.default\">\n\t\t\t\t<div class=\"elementor-widget-container\">\n\t\t\t\t\t\t\t\t\t<p>Europeisk r\u00e5djur (Capreolus capreolus) \u00e4r ett litet, smidigt och mycket vaksamt djur som lever i polska skogar, f\u00e4lt och skogsmarker. Bockarna \u2013 handjuren \u2013 k\u00e4nnetecknas av sitt graci\u00f6sa men effektfulla horn, som utvecklas under s\u00e4songen och symboliserar jaktsucc\u00e9.<\/p>\t\t\t\t\t\t\t\t<\/div>\n\t\t\t\t<\/div>\n\t\t\t\t<div class=\"elementor-element elementor-element-2729be4 elementor-widget elementor-widget-heading\" data-id=\"2729be4\" data-element_type=\"widget\" data-widget_type=\"heading.default\">\n\t\t\t\t<div class=\"elementor-widget-container\">\n\t\t\t\t\t<h2 class=\"elementor-heading-title elementor-size-default\">Jakttid p\u00e5 r\u00e5bockar\n<\/h2>\t\t\t\t<\/div>\n\t\t\t\t<\/div>\n\t\t\t\t<div class=\"elementor-element elementor-element-d73c608 elementor-widget elementor-widget-text-editor\" data-id=\"d73c608\" data-element_type=\"widget\" data-widget_type=\"text-editor.default\">\n\t\t\t\t<div class=\"elementor-widget-container\">\n\t\t\t\t\t\t\t\t\t<div class=\"_tableContainer_80l1q_1\"><div class=\"_tableWrapper_80l1q_14 group flex w-fit flex-col-reverse\" tabindex=\"-1\"><table class=\"w-fit min-w-(--thread-content-width)\" data-start=\"648\" data-end=\"776\"><thead data-start=\"648\" data-end=\"690\"><tr data-start=\"648\" data-end=\"690\"><th data-start=\"648\" data-end=\"664\" data-col-size=\"sm\">Art \/ Typ<\/th><th data-start=\"664\" data-end=\"690\" data-col-size=\"sm\">Jakts\u00e4song<\/th><\/tr><\/thead><tbody data-start=\"734\" data-end=\"776\"><tr data-start=\"734\" data-end=\"776\"><td data-start=\"734\" data-end=\"750\" data-col-size=\"sm\">R\u00e5djur (bock)<\/td><td data-start=\"750\" data-end=\"776\" data-col-size=\"sm\">11 maj \u2013 30 september<\/td><\/tr><\/tbody><\/table><div class=\"sticky end-(--thread-content-margin) h-0 self-end select-none\"><div class=\"absolute end-0 flex items-end\">\u00a0<\/div><\/div><\/div><\/div><p data-start=\"778\" data-end=\"897\">Denna period ger m\u00f6jlighet till jakt under v\u00e5r och sommar, d\u00e5 bockarna \u00e4r aktiva och synliga under betande och vilande.<\/p>\t\t\t\t\t\t\t\t<\/div>\n\t\t\t\t<\/div>\n\t\t\t\t<div class=\"elementor-element elementor-element-9717b8c elementor-widget elementor-widget-heading\" data-id=\"9717b8c\" data-element_type=\"widget\" data-widget_type=\"heading.default\">\n\t\t\t\t<div class=\"elementor-widget-container\">\n\t\t\t\t\t<h2 class=\"elementor-heading-title elementor-size-default\">Jaktformer<\/h2>\t\t\t\t<\/div>\n\t\t\t\t<\/div>\n\t\t\t\t<div class=\"elementor-element elementor-element-984cd5b elementor-widget elementor-widget-text-editor\" data-id=\"984cd5b\" data-element_type=\"widget\" data-widget_type=\"text-editor.default\">\n\t\t\t\t<div class=\"elementor-widget-container\">\n\t\t\t\t\t\t\t\t\t<ul><li data-start=\"919\" data-end=\"1004\"><p data-start=\"921\" data-end=\"1004\"><strong data-start=\"921\" data-end=\"933\">Smygjakt<\/strong> \u2013 den mest popul\u00e4ra formen, m\u00f6jligg\u00f6r aktiv sp\u00e5rning och observation<\/p><\/li><li data-start=\"1005\" data-end=\"1086\"><p data-start=\"1007\" data-end=\"1086\"><strong data-start=\"1007\" data-end=\"1030\">Vakjakt (fr\u00e5n torn)<\/strong> \u2013 s\u00e4rskilt effektiv under kv\u00e4llstid n\u00e4r precision kr\u00e4vs<\/p><\/li><\/ul>\t\t\t\t\t\t\t\t<\/div>\n\t\t\t\t<\/div>\n\t\t\t\t<div class=\"elementor-element elementor-element-7ac5bee elementor-widget elementor-widget-heading\" data-id=\"7ac5bee\" data-element_type=\"widget\" data-widget_type=\"heading.default\">\n\t\t\t\t<div class=\"elementor-widget-container\">\n\t\t\t\t\t<h2 class=\"elementor-heading-title elementor-size-default\">F\u00f6r vem?<\/h2>\t\t\t\t<\/div>\n\t\t\t\t<\/div>\n\t\t\t\t<div class=\"elementor-element elementor-element-d971d47 elementor-widget elementor-widget-text-editor\" data-id=\"d971d47\" data-element_type=\"widget\" data-widget_type=\"text-editor.default\">\n\t\t\t\t<div class=\"elementor-widget-container\">\n\t\t\t\t\t\t\t\t\t<p data-start=\"1106\" data-end=\"1136\">R\u00e5bocksjakt rekommenderas f\u00f6r:<\/p><ul data-start=\"1137\" data-end=\"1394\"><li data-start=\"1137\" data-end=\"1196\"><p data-start=\"1139\" data-end=\"1196\">J\u00e4gare som vill skaffa sig en unik trof\u00e9 i form av horn<\/p><\/li><li data-start=\"1197\" data-end=\"1243\"><p data-start=\"1199\" data-end=\"1243\">Personer som s\u00f6ker aktiv och kr\u00e4vande jakt<\/p><\/li><li data-start=\"1244\" data-end=\"1320\"><p data-start=\"1246\" data-end=\"1320\">Kunder som uppskattar kontakt med naturen och vill l\u00e4sa viltets beteende<\/p><\/li><li data-start=\"1321\" data-end=\"1394\"><p data-start=\"1323\" data-end=\"1394\">De som vill kombinera jakt med att uppt\u00e4cka polska landskap och natur<\/p><\/li><\/ul>\t\t\t\t\t\t\t\t<\/div>\n\t\t\t\t<\/div>\n\t\t\t\t<div class=\"elementor-element elementor-element-790507b elementor-widget elementor-widget-heading\" data-id=\"790507b\" data-element_type=\"widget\" data-widget_type=\"heading.default\">\n\t\t\t\t<div class=\"elementor-widget-container\">\n\t\t\t\t\t<h2 class=\"elementor-heading-title elementor-size-default\">Vad erbjuder vi?<\/h2>\t\t\t\t<\/div>\n\t\t\t\t<\/div>\n\t\t\t\t<div class=\"elementor-element elementor-element-a3e9280 elementor-widget elementor-widget-text-editor\" data-id=\"a3e9280\" data-element_type=\"widget\" data-widget_type=\"text-editor.default\">\n\t\t\t\t<div class=\"elementor-widget-container\">\n\t\t\t\t\t\t\t\t\t<ul><li data-start=\"1422\" data-end=\"1475\"><p data-start=\"1424\" data-end=\"1475\">Tillg\u00e5ng till jaktmarker med h\u00f6g t\u00e4thet av r\u00e5djur<\/p><\/li><li data-start=\"1476\" data-end=\"1514\"><p data-start=\"1478\" data-end=\"1514\">Erfarna guider och lokala experter<\/p><\/li><li data-start=\"1515\" data-end=\"1539\"><p data-start=\"1517\" data-end=\"1539\">Boende och transport<\/p><\/li><li data-start=\"1540\" data-end=\"1590\"><p data-start=\"1542\" data-end=\"1590\">Hj\u00e4lp med bed\u00f6mning och dokumentation av trof\u00e9<\/p><\/li><li data-start=\"1591\" data-end=\"1641\"><p data-start=\"1593\" data-end=\"1641\">M\u00f6jlighet till preparering och export av trof\u00e9<\/p><\/li><\/ul>\t\t\t\t\t\t\t\t<\/div>\n\t\t\t\t<\/div>\n\t\t\t\t<div class=\"elementor-element elementor-element-e4b9859 elementor-widget elementor-widget-naturobutton\" data-id=\"e4b9859\" data-element_type=\"widget\" data-widget_type=\"naturobutton.default\">\n\t\t\t\t<div class=\"elementor-widget-container\">\n\t\t\t\t\t<!-- Button --><div class=\"btn-wrapper\"><a class=\"vs-btn style-1\" href=\"https:\/\/hunt-armenti.pl\/sv\/kontakt\/\"><span><i class=\"fal fa-paw\"><\/i><\/span> Kontakta oss f\u00f6r bokning och detaljer.<\/a><\/div><!-- End Button -->\t\t\t\t<\/div>\n\t\t\t\t<\/div>\n\t\t\t\t\t<\/div>\n\t\t<\/div>\n\t\t\t\t\t<\/div>\n\t\t<\/section>\n\t\t\t\t\t<\/div>\n\t\t<\/div>\n\t\t\t\t\t<\/div>\n\t\t<\/section>\n\t\t\t\t<\/div>\n\t\t","protected":false},"excerpt":{"rendered":"<p>R\u00e5bockjakt \u2013 precision, utmaning och tillfredsst\u00e4llelse R\u00e5bocksjakt \u00e4r en klassisk jaktform som f\u00f6renar elegans, noggrannhet och dynamiska jaktf\u00f6rh\u00e5llanden. Det \u00e4r ett utm\u00e4rkt val f\u00f6r j\u00e4gare som uppskattar aktivt deltagande, sp\u00e5rningskunskap och selektivt skytte, samt \u00f6nskar ett vackert trof\u00e9 i form av horn. Karakteristik av r\u00e5bocken Europeisk r\u00e5djur (Capreolus capreolus) \u00e4r ett litet, smidigt och mycket&#8230;<\/p>\n","protected":false},"author":1,"featured_media":0,"parent":0,"menu_order":0,"comment_status":"closed","ping_status":"closed","template":"template-builder.php","meta":{"footnotes":""},"class_list":["post-10037","page","type-page","status-publish","hentry"],"jetpack_sharing_enabled":true,"_links":{"self":[{"href":"https:\/\/hunt-armenti.pl\/sv\/wp-json\/wp\/v2\/pages\/10037","targetHints":{"allow":["GET"]}}],"collection":[{"href":"https:\/\/hunt-armenti.pl\/sv\/wp-json\/wp\/v2\/pages"}],"about":[{"href":"https:\/\/hunt-armenti.pl\/sv\/wp-json\/wp\/v2\/types\/page"}],"author":[{"embeddable":true,"href":"https:\/\/hunt-armenti.pl\/sv\/wp-json\/wp\/v2\/users\/1"}],"replies":[{"embeddable":true,"href":"https:\/\/hunt-armenti.pl\/sv\/wp-json\/wp\/v2\/comments?post=10037"}],"version-history":[{"count":6,"href":"https:\/\/hunt-armenti.pl\/sv\/wp-json\/wp\/v2\/pages\/10037\/revisions"}],"predecessor-version":[{"id":10678,"href":"https:\/\/hunt-armenti.pl\/sv\/wp-json\/wp\/v2\/pages\/10037\/revisions\/10678"}],"wp:attachment":[{"href":"https:\/\/hunt-armenti.pl\/sv\/wp-json\/wp\/v2\/media?parent=10037"}],"curies":[{"name":"wp","href":"https:\/\/api.w.org\/{rel}","templated":true}]}}