{"id":10036,"date":"2025-07-02T19:27:23","date_gmt":"2025-07-02T17:27:23","guid":{"rendered":"https:\/\/hunt-armenti.pl\/polowanie-na-jelenie-byki\/"},"modified":"2025-07-04T17:16:47","modified_gmt":"2025-07-04T15:16:47","slug":"polowanie-na-jelenie-byki","status":"publish","type":"page","link":"https:\/\/hunt-armenti.pl\/sv\/polowanie-na-jelenie-byki\/","title":{"rendered":"Polowanie na Jelenie \u2013 Byki"},"content":{"rendered":"\t\t<div data-elementor-type=\"wp-page\" data-elementor-id=\"10036\" class=\"elementor elementor-10036\" data-elementor-post-type=\"page\">\n\t\t\t\t\t\t<section class=\"elementor-section elementor-top-section elementor-element elementor-element-5bed227 elementor-section-full_width elementor-section-height-default elementor-section-height-default\" data-id=\"5bed227\" data-element_type=\"section\">\n\t\t\t\t\t\t<div class=\"elementor-container elementor-column-gap-no\">\n\t\t\t\t\t<div class=\"elementor-column elementor-col-100 elementor-top-column elementor-element elementor-element-0ae4ee7\" data-id=\"0ae4ee7\" data-element_type=\"column\">\n\t\t\t<div class=\"elementor-widget-wrap elementor-element-populated\">\n\t\t\t\t\t\t<section class=\"elementor-section elementor-inner-section elementor-element elementor-element-72d2379 elementor-section-boxed elementor-section-height-default elementor-section-height-default\" data-id=\"72d2379\" data-element_type=\"section\">\n\t\t\t\t\t\t<div class=\"elementor-container elementor-column-gap-no\">\n\t\t\t\t\t<div class=\"elementor-column elementor-col-100 elementor-inner-column elementor-element elementor-element-28a4398\" data-id=\"28a4398\" data-element_type=\"column\">\n\t\t\t<div class=\"elementor-widget-wrap elementor-element-populated\">\n\t\t\t\t\t\t<div class=\"elementor-element elementor-element-69db11f elementor-widget elementor-widget-naturomegahover\" data-id=\"69db11f\" data-element_type=\"widget\" data-widget_type=\"naturomegahover.default\">\n\t\t\t\t<div class=\"elementor-widget-container\">\n\t\t\t\t\t<div class=\"mega-img-box\"><div class=\"img-1\"><div class=\"mega-hover\"><img decoding=\"async\" src=\"https:\/\/hunt-armenti.pl\/wp-content\/uploads\/2025\/07\/reindeer-1323000_1920.jpg\" alt=\"reindeer 1323000_1920\"  class=\"w-100\" \/><\/div><\/div><\/div>\t\t\t\t<\/div>\n\t\t\t\t<\/div>\n\t\t\t\t\t<\/div>\n\t\t<\/div>\n\t\t\t\t\t<\/div>\n\t\t<\/section>\n\t\t\t\t\t<\/div>\n\t\t<\/div>\n\t\t\t\t\t<\/div>\n\t\t<\/section>\n\t\t\t\t<section class=\"elementor-section elementor-top-section elementor-element elementor-element-ead7340 elementor-section-full_width elementor-section-height-default elementor-section-height-default\" data-id=\"ead7340\" data-element_type=\"section\">\n\t\t\t\t\t\t<div class=\"elementor-container elementor-column-gap-default\">\n\t\t\t\t\t<div class=\"elementor-column elementor-col-100 elementor-top-column elementor-element elementor-element-736f966\" data-id=\"736f966\" data-element_type=\"column\">\n\t\t\t<div class=\"elementor-widget-wrap elementor-element-populated\">\n\t\t\t\t\t\t<section class=\"elementor-section elementor-inner-section elementor-element elementor-element-5aba318 elementor-section-boxed elementor-section-height-default elementor-section-height-default\" data-id=\"5aba318\" data-element_type=\"section\">\n\t\t\t\t\t\t<div class=\"elementor-container elementor-column-gap-no\">\n\t\t\t\t\t<div class=\"elementor-column elementor-col-100 elementor-inner-column elementor-element elementor-element-8ec48b4\" data-id=\"8ec48b4\" data-element_type=\"column\">\n\t\t\t<div class=\"elementor-widget-wrap elementor-element-populated\">\n\t\t\t\t\t\t<div class=\"elementor-element elementor-element-2b06d3f elementor-widget elementor-widget-heading\" data-id=\"2b06d3f\" data-element_type=\"widget\" data-widget_type=\"heading.default\">\n\t\t\t\t<div class=\"elementor-widget-container\">\n\t\t\t\t\t<h2 class=\"elementor-heading-title elementor-size-default\">Kronhjortsjakt \u2013 h\u00f6jdpunkten i den jaktliga kalendern<\/h2>\t\t\t\t<\/div>\n\t\t\t\t<\/div>\n\t\t\t\t<div class=\"elementor-element elementor-element-69eebd9 elementor-widget elementor-widget-text-editor\" data-id=\"69eebd9\" data-element_type=\"widget\" data-widget_type=\"text-editor.default\">\n\t\t\t\t<div class=\"elementor-widget-container\">\n\t\t\t\t\t\t\t\t\t<p class=\"mb-55\">Jakten p\u00e5 kronhjortstjurar \u00e4r en av de mest prestigefyllda och efterl\u00e4ngtade jaktformerna i Polen. I hj\u00e4rtat av denna upplevelse st\u00e5r brunstperioden \u2013 ett h\u00f6stligt naturdrama d\u00e4r kraftfulla tjurar strider om hindar utan att ta notis om m\u00e4nniskans n\u00e4rvaro. Det \u00e4r en tid d\u00e5 man inte bara h\u00f6r utan \u00e4ven ser skogens verklige konung i all sin prakt.<\/p>\t\t\t\t\t\t\t\t<\/div>\n\t\t\t\t<\/div>\n\t\t\t\t<div class=\"elementor-element elementor-element-751fae6 elementor-widget elementor-widget-heading\" data-id=\"751fae6\" data-element_type=\"widget\" data-widget_type=\"heading.default\">\n\t\t\t\t<div class=\"elementor-widget-container\">\n\t\t\t\t\t<h2 class=\"elementor-heading-title elementor-size-default\">Kronhjorten \u2013 den stolta symbolen f\u00f6r de polska skogarna<\/h2>\t\t\t\t<\/div>\n\t\t\t\t<\/div>\n\t\t\t\t<div class=\"elementor-element elementor-element-2eeb5a6 elementor-widget elementor-widget-text-editor\" data-id=\"2eeb5a6\" data-element_type=\"widget\" data-widget_type=\"text-editor.default\">\n\t\t\t\t<div class=\"elementor-widget-container\">\n\t\t\t\t\t\t\t\t\t<p>Kronhjorten (Cervus elaphus) \u00e4r det st\u00f6rsta hjortdjuret i Polen. Fullvuxna tjurar kan v\u00e4ga upp till 250 kg och imponera med ett magnifikt trof\u00e9gev\u00e4r. Beroende p\u00e5 \u00e5lder, genetik och habitat kan hornen uppn\u00e5 medaljklass \u2013 brons, silver eller guld.<\/p>\t\t\t\t\t\t\t\t<\/div>\n\t\t\t\t<\/div>\n\t\t\t\t<div class=\"elementor-element elementor-element-09b52aa elementor-widget elementor-widget-heading\" data-id=\"09b52aa\" data-element_type=\"widget\" data-widget_type=\"heading.default\">\n\t\t\t\t<div class=\"elementor-widget-container\">\n\t\t\t\t\t<h2 class=\"elementor-heading-title elementor-size-default\">Jakttid f\u00f6r kronhjortstjurar<\/h2>\t\t\t\t<\/div>\n\t\t\t\t<\/div>\n\t\t\t\t<div class=\"elementor-element elementor-element-d2f3e9e elementor-widget elementor-widget-text-editor\" data-id=\"d2f3e9e\" data-element_type=\"widget\" data-widget_type=\"text-editor.default\">\n\t\t\t\t<div class=\"elementor-widget-container\">\n\t\t\t\t\t\t\t\t\t<div class=\"_tableContainer_80l1q_1\"><div class=\"_tableWrapper_80l1q_14 group flex w-fit flex-col-reverse\" tabindex=\"-1\"><table class=\"w-fit min-w-(--thread-content-width)\" data-start=\"759\" data-end=\"900\"><thead data-start=\"759\" data-end=\"805\"><tr data-start=\"759\" data-end=\"805\"><th data-start=\"759\" data-end=\"778\" data-col-size=\"sm\">Art \/ Typ<\/th><th data-start=\"778\" data-end=\"805\" data-col-size=\"sm\">Jakts\u00e4song<\/th><\/tr><\/thead><tbody data-start=\"853\" data-end=\"900\"><tr data-start=\"853\" data-end=\"900\"><td data-start=\"853\" data-end=\"872\" data-col-size=\"sm\">Kronhjort (tjur)<\/td><td data-start=\"872\" data-end=\"900\" data-col-size=\"sm\">21 augusti \u2013 28 februari<\/td><\/tr><\/tbody><\/table><div class=\"sticky end-(--thread-content-margin) h-0 self-end select-none\"><div class=\"absolute end-0 flex items-end\">\u00a0<\/div><\/div><\/div><\/div><p data-start=\"902\" data-end=\"1047\">B\u00e4sta tiden f\u00f6r jakten \u00e4r i september under brunsten, d\u00e5 tjurarna \u00e4r som mest aktiva och l\u00e4ttast att lokalisera tack vare sitt kraftiga br\u00f6lande.<\/p>\t\t\t\t\t\t\t\t<\/div>\n\t\t\t\t<\/div>\n\t\t\t\t<div class=\"elementor-element elementor-element-c3991c3 elementor-widget elementor-widget-heading\" data-id=\"c3991c3\" data-element_type=\"widget\" data-widget_type=\"heading.default\">\n\t\t\t\t<div class=\"elementor-widget-container\">\n\t\t\t\t\t<h2 class=\"elementor-heading-title elementor-size-default\">Jaktformer<\/h2>\t\t\t\t<\/div>\n\t\t\t\t<\/div>\n\t\t\t\t<div class=\"elementor-element elementor-element-a5c2316 elementor-widget elementor-widget-text-editor\" data-id=\"a5c2316\" data-element_type=\"widget\" data-widget_type=\"text-editor.default\">\n\t\t\t\t<div class=\"elementor-widget-container\">\n\t\t\t\t\t\t\t\t\t<ul><li data-start=\"1069\" data-end=\"1189\"><p data-start=\"1071\" data-end=\"1189\"><strong data-start=\"1071\" data-end=\"1083\">Smygjakt<\/strong> \u2013 den mest intensiva och sp\u00e4nnande formen, kr\u00e4ver stor vana av sp\u00e5rning och kunskap om viltets beteende<\/p><\/li><li data-start=\"1190\" data-end=\"1290\"><p data-start=\"1192\" data-end=\"1290\"><strong data-start=\"1192\" data-end=\"1213\">Vakjakt fr\u00e5n torn<\/strong> \u2013 s\u00e4rskilt effektiv under brunsten n\u00e4r tjurar r\u00f6r sig p\u00e5 \u00e4ngar och gl\u00e4ntor<\/p><\/li><li data-start=\"1291\" data-end=\"1366\"><p data-start=\"1293\" data-end=\"1366\"><strong data-start=\"1293\" data-end=\"1305\">Lockjakt<\/strong> \u2013 med anv\u00e4ndning av professionell hjortlock under brunsten<\/p><\/li><li data-start=\"1367\" data-end=\"1446\"><p data-start=\"1369\" data-end=\"1446\"><strong data-start=\"1369\" data-end=\"1383\">Vinterjakt<\/strong> \u2013 utanf\u00f6r brunsten, d\u00e4r kunskap om vintervisten \u00e4r avg\u00f6rande<\/p><\/li><\/ul>\t\t\t\t\t\t\t\t<\/div>\n\t\t\t\t<\/div>\n\t\t\t\t<div class=\"elementor-element elementor-element-b33df1a elementor-widget elementor-widget-heading\" data-id=\"b33df1a\" data-element_type=\"widget\" data-widget_type=\"heading.default\">\n\t\t\t\t<div class=\"elementor-widget-container\">\n\t\t\t\t\t<h2 class=\"elementor-heading-title elementor-size-default\">F\u00f6r vem?<\/h2>\t\t\t\t<\/div>\n\t\t\t\t<\/div>\n\t\t\t\t<div class=\"elementor-element elementor-element-32aef24 elementor-widget elementor-widget-text-editor\" data-id=\"32aef24\" data-element_type=\"widget\" data-widget_type=\"text-editor.default\">\n\t\t\t\t<div class=\"elementor-widget-container\">\n\t\t\t\t\t\t\t\t\t<p data-start=\"1466\" data-end=\"1497\">Denna jaktform \u00e4r idealisk f\u00f6r:<\/p><ul data-start=\"1498\" data-end=\"1728\"><li data-start=\"1498\" data-end=\"1539\"><p data-start=\"1500\" data-end=\"1539\">Erfarna j\u00e4gare med m\u00e5l om medaljtrof\u00e9<\/p><\/li><li data-start=\"1540\" data-end=\"1595\"><p data-start=\"1542\" data-end=\"1595\">Natur\u00e4lskare som vill uppleva brunsten p\u00e5 n\u00e4ra h\u00e5ll<\/p><\/li><li data-start=\"1596\" data-end=\"1657\"><p data-start=\"1598\" data-end=\"1657\">Kunder som s\u00f6ker en exklusiv och personlig jaktupplevelse<\/p><\/li><li data-start=\"1658\" data-end=\"1728\"><p data-start=\"1660\" data-end=\"1728\">De som vill ha full service \u2013 fr\u00e5n sp\u00e5rning till trof\u00e9f\u00f6rberedelse<\/p><\/li><\/ul>\t\t\t\t\t\t\t\t<\/div>\n\t\t\t\t<\/div>\n\t\t\t\t<div class=\"elementor-element elementor-element-cd7fc29 elementor-widget elementor-widget-heading\" data-id=\"cd7fc29\" data-element_type=\"widget\" data-widget_type=\"heading.default\">\n\t\t\t\t<div class=\"elementor-widget-container\">\n\t\t\t\t\t<h2 class=\"elementor-heading-title elementor-size-default\">Trof\u00e9r och bed\u00f6mning\n<\/h2>\t\t\t\t<\/div>\n\t\t\t\t<\/div>\n\t\t\t\t<div class=\"elementor-element elementor-element-3039cd9 elementor-widget elementor-widget-text-editor\" data-id=\"3039cd9\" data-element_type=\"widget\" data-widget_type=\"text-editor.default\">\n\t\t\t\t<div class=\"elementor-widget-container\">\n\t\t\t\t\t\t\t\t\t<p data-start=\"1760\" data-end=\"1830\">F\u00e4llda trof\u00e9er v\u00e4gs och po\u00e4ngs\u00e4tts enligt medaljstandard. Vi erbjuder:<\/p><ul data-start=\"1831\" data-end=\"1951\"><li data-start=\"1831\" data-end=\"1876\"><p data-start=\"1833\" data-end=\"1876\">Professionell bed\u00f6mning och dokumentation<\/p><\/li><li data-start=\"1877\" data-end=\"1920\"><p data-start=\"1879\" data-end=\"1920\">Preparering av skalle eller trof\u00e9platta<\/p><\/li><li data-start=\"1921\" data-end=\"1951\"><p data-start=\"1923\" data-end=\"1951\">Hj\u00e4lp med export av trof\u00e9n<\/p><\/li><\/ul>\t\t\t\t\t\t\t\t<\/div>\n\t\t\t\t<\/div>\n\t\t\t\t<div class=\"elementor-element elementor-element-fb5724a elementor-widget elementor-widget-heading\" data-id=\"fb5724a\" data-element_type=\"widget\" data-widget_type=\"heading.default\">\n\t\t\t\t<div class=\"elementor-widget-container\">\n\t\t\t\t\t<h2 class=\"elementor-heading-title elementor-size-default\">Vi erbjuder komplett organisation:\n\n<\/h2>\t\t\t\t<\/div>\n\t\t\t\t<\/div>\n\t\t\t\t<div class=\"elementor-element elementor-element-1b044ab elementor-widget elementor-widget-text-editor\" data-id=\"1b044ab\" data-element_type=\"widget\" data-widget_type=\"text-editor.default\">\n\t\t\t\t<div class=\"elementor-widget-container\">\n\t\t\t\t\t\t\t\t\t<ul><li data-start=\"1997\" data-end=\"2061\"><p data-start=\"1999\" data-end=\"2061\">Jakt i noggrant utvalda revir med stark kronhjortspopulation<\/p><\/li><li data-start=\"2062\" data-end=\"2099\"><p data-start=\"2064\" data-end=\"2099\">Lokala, erfarna guider och j\u00e4gare<\/p><\/li><li data-start=\"2100\" data-end=\"2148\"><p data-start=\"2102\" data-end=\"2148\">Boende och helpension i bekv\u00e4ma f\u00f6rh\u00e5llanden<\/p><\/li><li data-start=\"2149\" data-end=\"2188\"><p data-start=\"2151\" data-end=\"2188\">Transport till och fr\u00e5n jaktomr\u00e5det<\/p><\/li><li data-start=\"2189\" data-end=\"2257\"><p data-start=\"2191\" data-end=\"2257\">Hantering av trof\u00e9: dokumentation, preparering, packning, export<\/p><\/li><\/ul>\t\t\t\t\t\t\t\t<\/div>\n\t\t\t\t<\/div>\n\t\t\t\t<div class=\"elementor-element elementor-element-4207617 elementor-widget elementor-widget-naturobutton\" data-id=\"4207617\" data-element_type=\"widget\" data-widget_type=\"naturobutton.default\">\n\t\t\t\t<div class=\"elementor-widget-container\">\n\t\t\t\t\t<!-- Button --><div class=\"btn-wrapper\"><a class=\"vs-btn style-1\" href=\"https:\/\/hunt-armenti.pl\/sv\/kontakt\/\"><span><i class=\"fal fa-paw\"><\/i><\/span> Kontakta oss f\u00f6r bokning och ytterligare information.<\/a><\/div><!-- End Button -->\t\t\t\t<\/div>\n\t\t\t\t<\/div>\n\t\t\t\t\t<\/div>\n\t\t<\/div>\n\t\t\t\t\t<\/div>\n\t\t<\/section>\n\t\t\t\t\t<\/div>\n\t\t<\/div>\n\t\t\t\t\t<\/div>\n\t\t<\/section>\n\t\t\t\t<\/div>\n\t\t","protected":false},"excerpt":{"rendered":"<p>Kronhjortsjakt \u2013 h\u00f6jdpunkten i den jaktliga kalendern Jakten p\u00e5 kronhjortstjurar \u00e4r en av de mest prestigefyllda och efterl\u00e4ngtade jaktformerna i Polen. I hj\u00e4rtat av denna upplevelse st\u00e5r brunstperioden \u2013 ett h\u00f6stligt naturdrama d\u00e4r kraftfulla tjurar strider om hindar utan att ta notis om m\u00e4nniskans n\u00e4rvaro. Det \u00e4r en tid d\u00e5 man inte bara h\u00f6r utan&#8230;<\/p>\n","protected":false},"author":1,"featured_media":0,"parent":0,"menu_order":0,"comment_status":"closed","ping_status":"closed","template":"template-builder.php","meta":{"footnotes":""},"class_list":["post-10036","page","type-page","status-publish","hentry"],"jetpack_sharing_enabled":true,"_links":{"self":[{"href":"https:\/\/hunt-armenti.pl\/sv\/wp-json\/wp\/v2\/pages\/10036","targetHints":{"allow":["GET"]}}],"collection":[{"href":"https:\/\/hunt-armenti.pl\/sv\/wp-json\/wp\/v2\/pages"}],"about":[{"href":"https:\/\/hunt-armenti.pl\/sv\/wp-json\/wp\/v2\/types\/page"}],"author":[{"embeddable":true,"href":"https:\/\/hunt-armenti.pl\/sv\/wp-json\/wp\/v2\/users\/1"}],"replies":[{"embeddable":true,"href":"https:\/\/hunt-armenti.pl\/sv\/wp-json\/wp\/v2\/comments?post=10036"}],"version-history":[{"count":6,"href":"https:\/\/hunt-armenti.pl\/sv\/wp-json\/wp\/v2\/pages\/10036\/revisions"}],"predecessor-version":[{"id":10675,"href":"https:\/\/hunt-armenti.pl\/sv\/wp-json\/wp\/v2\/pages\/10036\/revisions\/10675"}],"wp:attachment":[{"href":"https:\/\/hunt-armenti.pl\/sv\/wp-json\/wp\/v2\/media?parent=10036"}],"curies":[{"name":"wp","href":"https:\/\/api.w.org\/{rel}","templated":true}]}}