{"id":10035,"date":"2025-07-02T19:27:47","date_gmt":"2025-07-02T17:27:47","guid":{"rendered":"https:\/\/hunt-armenti.pl\/polowanie-na-dziki\/"},"modified":"2025-07-04T17:16:40","modified_gmt":"2025-07-04T15:16:40","slug":"polowanie-na-dziki","status":"publish","type":"page","link":"https:\/\/hunt-armenti.pl\/sv\/polowanie-na-dziki\/","title":{"rendered":"Polowanie na dziki"},"content":{"rendered":"\t\t<div data-elementor-type=\"wp-page\" data-elementor-id=\"10035\" class=\"elementor elementor-10035\" data-elementor-post-type=\"page\">\n\t\t\t\t\t\t<section class=\"elementor-section elementor-top-section elementor-element elementor-element-5bed227 elementor-section-full_width elementor-section-height-default elementor-section-height-default\" data-id=\"5bed227\" data-element_type=\"section\">\n\t\t\t\t\t\t<div class=\"elementor-container elementor-column-gap-no\">\n\t\t\t\t\t<div class=\"elementor-column elementor-col-100 elementor-top-column elementor-element elementor-element-0ae4ee7\" data-id=\"0ae4ee7\" data-element_type=\"column\">\n\t\t\t<div class=\"elementor-widget-wrap elementor-element-populated\">\n\t\t\t\t\t\t<section class=\"elementor-section elementor-inner-section elementor-element elementor-element-72d2379 elementor-section-boxed elementor-section-height-default elementor-section-height-default\" data-id=\"72d2379\" data-element_type=\"section\">\n\t\t\t\t\t\t<div class=\"elementor-container elementor-column-gap-no\">\n\t\t\t\t\t<div class=\"elementor-column elementor-col-100 elementor-inner-column elementor-element elementor-element-28a4398\" data-id=\"28a4398\" data-element_type=\"column\">\n\t\t\t<div class=\"elementor-widget-wrap elementor-element-populated\">\n\t\t\t\t\t\t<div class=\"elementor-element elementor-element-69db11f elementor-widget elementor-widget-naturomegahover\" data-id=\"69db11f\" data-element_type=\"widget\" data-widget_type=\"naturomegahover.default\">\n\t\t\t\t<div class=\"elementor-widget-container\">\n\t\t\t\t\t<div class=\"mega-img-box\"><div class=\"img-1\"><div class=\"mega-hover\"><img decoding=\"async\" src=\"https:\/\/hunt-armenti.pl\/wp-content\/uploads\/2025\/07\/animal-6909689-scaled-e1751484039256.jpg\" alt=\"animal 6909689 scaled e1751484039256\"  class=\"w-100\" \/><\/div><\/div><\/div>\t\t\t\t<\/div>\n\t\t\t\t<\/div>\n\t\t\t\t\t<\/div>\n\t\t<\/div>\n\t\t\t\t\t<\/div>\n\t\t<\/section>\n\t\t\t\t\t<\/div>\n\t\t<\/div>\n\t\t\t\t\t<\/div>\n\t\t<\/section>\n\t\t\t\t<section class=\"elementor-section elementor-top-section elementor-element elementor-element-384c29e elementor-section-full_width elementor-section-height-default elementor-section-height-default\" data-id=\"384c29e\" data-element_type=\"section\">\n\t\t\t\t\t\t<div class=\"elementor-container elementor-column-gap-default\">\n\t\t\t\t\t<div class=\"elementor-column elementor-col-100 elementor-top-column elementor-element elementor-element-da01854\" data-id=\"da01854\" data-element_type=\"column\">\n\t\t\t<div class=\"elementor-widget-wrap elementor-element-populated\">\n\t\t\t\t\t\t<section class=\"elementor-section elementor-inner-section elementor-element elementor-element-ed5d161 elementor-section-boxed elementor-section-height-default elementor-section-height-default\" data-id=\"ed5d161\" data-element_type=\"section\">\n\t\t\t\t\t\t<div class=\"elementor-container elementor-column-gap-no\">\n\t\t\t\t\t<div class=\"elementor-column elementor-col-100 elementor-inner-column elementor-element elementor-element-ae2b833\" data-id=\"ae2b833\" data-element_type=\"column\">\n\t\t\t<div class=\"elementor-widget-wrap elementor-element-populated\">\n\t\t\t\t\t\t<div class=\"elementor-element elementor-element-84c4eb8 elementor-widget elementor-widget-heading\" data-id=\"84c4eb8\" data-element_type=\"widget\" data-widget_type=\"heading.default\">\n\t\t\t\t<div class=\"elementor-widget-container\">\n\t\t\t\t\t<h2 class=\"elementor-heading-title elementor-size-default\">Vildsvinsjakt \u2013 \u00e5ret runt-\u00e4ventyr i polska jaktmarker<\/h2>\t\t\t\t<\/div>\n\t\t\t\t<\/div>\n\t\t\t\t<div class=\"elementor-element elementor-element-f2ffe1b elementor-widget elementor-widget-text-editor\" data-id=\"f2ffe1b\" data-element_type=\"widget\" data-widget_type=\"text-editor.default\">\n\t\t\t\t<div class=\"elementor-widget-container\">\n\t\t\t\t\t\t\t\t\t<p class=\"mb-55\">Vildsvinsjakt \u00e4r en av de mest sp\u00e4nnande och of\u00f6ruts\u00e4gbara jaktformerna. Eftersom jakten \u00e4r till\u00e5ten \u00e5ret runt, utg\u00f6r vildsvinet ett mycket attraktivt viltm\u00e5l f\u00f6r b\u00e5de nyb\u00f6rjare och erfarna j\u00e4gare. Nattlig vakjakt, tyst smygjakt eller intensiva drevjakter \u2013 allt detta g\u00f6r jakten p\u00e5 vildsvin till ett \u00e4ventyr fyllt med adrenalin och utmaningar.<\/p>\t\t\t\t\t\t\t\t<\/div>\n\t\t\t\t<\/div>\n\t\t\t\t<div class=\"elementor-element elementor-element-0fe3a90 elementor-widget elementor-widget-heading\" data-id=\"0fe3a90\" data-element_type=\"widget\" data-widget_type=\"heading.default\">\n\t\t\t\t<div class=\"elementor-widget-container\">\n\t\t\t\t\t<h2 class=\"elementor-heading-title elementor-size-default\">Vildsvinet \u2013 artens karakt\u00e4r<\/h2>\t\t\t\t<\/div>\n\t\t\t\t<\/div>\n\t\t\t\t<div class=\"elementor-element elementor-element-f0df1c1 elementor-widget elementor-widget-text-editor\" data-id=\"f0df1c1\" data-element_type=\"widget\" data-widget_type=\"text-editor.default\">\n\t\t\t\t<div class=\"elementor-widget-container\">\n\t\t\t\t\t\t\t\t\t<p>Vildsvinet (Sus scrofa) \u00e4r intelligent, vaksamt och mycket f\u00f6rsiktigt. Det f\u00f6rekommer allm\u00e4nt \u00f6ver hela Polen \u2013 i skogar, f\u00e4lt och blandad terr\u00e4ng. Djuren lever i grupper (rotar), men de st\u00f6rsta exemplaren \u2013 galtarna \u2013 lever ofta som ensamlevande. En vuxen galt kan v\u00e4ga mellan 150 och 200 kg, och sp\u00e5rning samt ansmygning kr\u00e4ver erfarenhet, t\u00e5lamod och god f\u00f6rberedelse.<\/p>\t\t\t\t\t\t\t\t<\/div>\n\t\t\t\t<\/div>\n\t\t\t\t<div class=\"elementor-element elementor-element-5443f35 elementor-widget elementor-widget-heading\" data-id=\"5443f35\" data-element_type=\"widget\" data-widget_type=\"heading.default\">\n\t\t\t\t<div class=\"elementor-widget-container\">\n\t\t\t\t\t<h2 class=\"elementor-heading-title elementor-size-default\">Jakttid f\u00f6r vildsvin<\/h2>\t\t\t\t<\/div>\n\t\t\t\t<\/div>\n\t\t\t\t<div class=\"elementor-element elementor-element-3997d53 elementor-widget elementor-widget-text-editor\" data-id=\"3997d53\" data-element_type=\"widget\" data-widget_type=\"text-editor.default\">\n\t\t\t\t<div class=\"elementor-widget-container\">\n\t\t\t\t\t\t\t\t\t<table class=\"w-fit min-w-(--thread-content-width)\" data-start=\"846\" data-end=\"969\"><thead data-start=\"846\" data-end=\"886\"><tr data-start=\"846\" data-end=\"886\"><th data-start=\"846\" data-end=\"868\" data-col-size=\"sm\">K\u00f6n \/ \u00e5lder<\/th><th data-start=\"868\" data-end=\"886\" data-col-size=\"sm\">Jakttid<\/th><\/tr><\/thead><tbody data-start=\"928\" data-end=\"969\"><tr data-start=\"928\" data-end=\"969\"><td data-start=\"928\" data-end=\"951\" data-col-size=\"sm\">Vildsvin (alla djur)<\/td><td data-start=\"951\" data-end=\"969\" data-col-size=\"sm\">\u00c5ret runt<\/td><\/tr><\/tbody><\/table><p>\u00a0<\/p>\t\t\t\t\t\t\t\t<\/div>\n\t\t\t\t<\/div>\n\t\t\t\t<div class=\"elementor-element elementor-element-892c99c elementor-widget elementor-widget-heading\" data-id=\"892c99c\" data-element_type=\"widget\" data-widget_type=\"heading.default\">\n\t\t\t\t<div class=\"elementor-widget-container\">\n\t\t\t\t\t<h2 class=\"elementor-heading-title elementor-size-default\">Jaktformer<\/h2>\t\t\t\t<\/div>\n\t\t\t\t<\/div>\n\t\t\t\t<div class=\"elementor-element elementor-element-584945d elementor-widget elementor-widget-text-editor\" data-id=\"584945d\" data-element_type=\"widget\" data-widget_type=\"text-editor.default\">\n\t\t\t\t<div class=\"elementor-widget-container\">\n\t\t\t\t\t\t\t\t\t<ul><li data-start=\"991\" data-end=\"1067\"><p data-start=\"993\" data-end=\"1067\"><strong data-start=\"993\" data-end=\"1014\">Vakjakt fr\u00e5n torn<\/strong> \u2013 ger m\u00f6jlighet till s\u00e4kra och kontrollerade skott<\/p><\/li><li data-start=\"1068\" data-end=\"1141\"><p data-start=\"1070\" data-end=\"1141\"><strong data-start=\"1070\" data-end=\"1082\">Smygjakt<\/strong> \u2013 f\u00f6r erfarna j\u00e4gare som s\u00f6ker direktkontakt med naturen<\/p><\/li><li data-start=\"1142\" data-end=\"1210\"><p data-start=\"1144\" data-end=\"1210\"><strong data-start=\"1144\" data-end=\"1156\">Nattjakt<\/strong> \u2013 med godk\u00e4nd termisk\/nattoptik enligt lagstiftning<\/p><\/li><li data-start=\"1211\" data-end=\"1277\"><p data-start=\"1213\" data-end=\"1277\"><strong data-start=\"1213\" data-end=\"1225\">Drevjakt<\/strong> \u2013 intensiv, dynamisk jaktform perfekt f\u00f6r grupper<\/p><\/li><\/ul>\t\t\t\t\t\t\t\t<\/div>\n\t\t\t\t<\/div>\n\t\t\t\t<div class=\"elementor-element elementor-element-47f9eb2 elementor-widget elementor-widget-heading\" data-id=\"47f9eb2\" data-element_type=\"widget\" data-widget_type=\"heading.default\">\n\t\t\t\t<div class=\"elementor-widget-container\">\n\t\t\t\t\t<h2 class=\"elementor-heading-title elementor-size-default\">F\u00f6r vem?<\/h2>\t\t\t\t<\/div>\n\t\t\t\t<\/div>\n\t\t\t\t<div class=\"elementor-element elementor-element-ff965fc elementor-widget elementor-widget-text-editor\" data-id=\"ff965fc\" data-element_type=\"widget\" data-widget_type=\"text-editor.default\">\n\t\t\t\t<div class=\"elementor-widget-container\">\n\t\t\t\t\t\t\t\t\t<p data-start=\"1297\" data-end=\"1318\">Vildsvinsjakt passar:<\/p><ul data-start=\"1319\" data-end=\"1545\"><li data-start=\"1319\" data-end=\"1365\"><p data-start=\"1321\" data-end=\"1365\">J\u00e4gare som jagar \u00e5ret runt, oavsett s\u00e4song<\/p><\/li><li data-start=\"1366\" data-end=\"1415\"><p data-start=\"1368\" data-end=\"1415\">Personer som uppskattar nattjakt och sp\u00e4nning<\/p><\/li><li data-start=\"1416\" data-end=\"1475\"><p data-start=\"1418\" data-end=\"1475\">Kunder som s\u00f6ker h\u00f6g intensitet och n\u00e4rkontakt med vilt<\/p><\/li><li data-start=\"1476\" data-end=\"1545\"><p data-start=\"1478\" data-end=\"1545\">Jaktlag eller grupper som vill uppleva en m\u00e5ngsidig vildsvinsjakt<\/p><\/li><\/ul>\t\t\t\t\t\t\t\t<\/div>\n\t\t\t\t<\/div>\n\t\t\t\t<div class=\"elementor-element elementor-element-2820bb2 elementor-widget elementor-widget-heading\" data-id=\"2820bb2\" data-element_type=\"widget\" data-widget_type=\"heading.default\">\n\t\t\t\t<div class=\"elementor-widget-container\">\n\t\t\t\t\t<h2 class=\"elementor-heading-title elementor-size-default\">Vad erbjuder vi?<\/h2>\t\t\t\t<\/div>\n\t\t\t\t<\/div>\n\t\t\t\t<div class=\"elementor-element elementor-element-568e390 elementor-widget elementor-widget-text-editor\" data-id=\"568e390\" data-element_type=\"widget\" data-widget_type=\"text-editor.default\">\n\t\t\t\t<div class=\"elementor-widget-container\">\n\t\t\t\t\t\t\t\t\t<ul><li data-start=\"1573\" data-end=\"1624\"><p data-start=\"1575\" data-end=\"1624\">Jakt i attraktiva revir med h\u00f6g vildsvinst\u00e4thet<\/p><\/li><li data-start=\"1625\" data-end=\"1665\"><p data-start=\"1627\" data-end=\"1665\">Erfarna guider med god lokalk\u00e4nnedom<\/p><\/li><li data-start=\"1666\" data-end=\"1728\"><p data-start=\"1668\" data-end=\"1728\">M\u00f6jlighet att anv\u00e4nda termisk\/nattoptik (enligt polsk lag)<\/p><\/li><li data-start=\"1729\" data-end=\"1785\"><p data-start=\"1731\" data-end=\"1785\">Boende, m\u00e5ltider och transport till\/fr\u00e5n jaktomr\u00e5det<\/p><\/li><li data-start=\"1786\" data-end=\"1845\"><p data-start=\"1788\" data-end=\"1845\">Hantering av viltkroppar, dokumentation och trof\u00e9export<\/p><\/li><\/ul>\t\t\t\t\t\t\t\t<\/div>\n\t\t\t\t<\/div>\n\t\t\t\t<div class=\"elementor-element elementor-element-58be148 elementor-widget elementor-widget-naturobutton\" data-id=\"58be148\" data-element_type=\"widget\" data-widget_type=\"naturobutton.default\">\n\t\t\t\t<div class=\"elementor-widget-container\">\n\t\t\t\t\t<!-- Button --><div class=\"btn-wrapper\"><a class=\"vs-btn style-1\" href=\"https:\/\/hunt-armenti.pl\/sv\/kontakt\/\"><span><i class=\"fal fa-paw\"><\/i><\/span> Kontakta oss f\u00f6r bokning och mer information.<\/a><\/div><!-- End Button -->\t\t\t\t<\/div>\n\t\t\t\t<\/div>\n\t\t\t\t\t<\/div>\n\t\t<\/div>\n\t\t\t\t\t<\/div>\n\t\t<\/section>\n\t\t\t\t\t<\/div>\n\t\t<\/div>\n\t\t\t\t\t<\/div>\n\t\t<\/section>\n\t\t\t\t<\/div>\n\t\t","protected":false},"excerpt":{"rendered":"<p>Vildsvinsjakt \u2013 \u00e5ret runt-\u00e4ventyr i polska jaktmarker Vildsvinsjakt \u00e4r en av de mest sp\u00e4nnande och of\u00f6ruts\u00e4gbara jaktformerna. Eftersom jakten \u00e4r till\u00e5ten \u00e5ret runt, utg\u00f6r vildsvinet ett mycket attraktivt viltm\u00e5l f\u00f6r b\u00e5de nyb\u00f6rjare och erfarna j\u00e4gare. Nattlig vakjakt, tyst smygjakt eller intensiva drevjakter \u2013 allt detta g\u00f6r jakten p\u00e5 vildsvin till ett \u00e4ventyr fyllt med adrenalin&#8230;<\/p>\n","protected":false},"author":1,"featured_media":0,"parent":0,"menu_order":0,"comment_status":"closed","ping_status":"closed","template":"template-builder.php","meta":{"footnotes":""},"class_list":["post-10035","page","type-page","status-publish","hentry"],"jetpack_sharing_enabled":true,"_links":{"self":[{"href":"https:\/\/hunt-armenti.pl\/sv\/wp-json\/wp\/v2\/pages\/10035","targetHints":{"allow":["GET"]}}],"collection":[{"href":"https:\/\/hunt-armenti.pl\/sv\/wp-json\/wp\/v2\/pages"}],"about":[{"href":"https:\/\/hunt-armenti.pl\/sv\/wp-json\/wp\/v2\/types\/page"}],"author":[{"embeddable":true,"href":"https:\/\/hunt-armenti.pl\/sv\/wp-json\/wp\/v2\/users\/1"}],"replies":[{"embeddable":true,"href":"https:\/\/hunt-armenti.pl\/sv\/wp-json\/wp\/v2\/comments?post=10035"}],"version-history":[{"count":6,"href":"https:\/\/hunt-armenti.pl\/sv\/wp-json\/wp\/v2\/pages\/10035\/revisions"}],"predecessor-version":[{"id":10672,"href":"https:\/\/hunt-armenti.pl\/sv\/wp-json\/wp\/v2\/pages\/10035\/revisions\/10672"}],"wp:attachment":[{"href":"https:\/\/hunt-armenti.pl\/sv\/wp-json\/wp\/v2\/media?parent=10035"}],"curies":[{"name":"wp","href":"https:\/\/api.w.org\/{rel}","templated":true}]}}