{"id":10032,"date":"2025-07-02T19:28:19","date_gmt":"2025-07-02T17:28:19","guid":{"rendered":"https:\/\/hunt-armenti.pl\/polowania-na-zwierzyne-nietrofealna\/"},"modified":"2025-07-04T17:16:29","modified_gmt":"2025-07-04T15:16:29","slug":"polowania-na-zwierzyne-nietrofealna","status":"publish","type":"page","link":"https:\/\/hunt-armenti.pl\/sv\/polowania-na-zwierzyne-nietrofealna\/","title":{"rendered":"Polowania na zwierzyn\u0119 nietrofealn\u0105"},"content":{"rendered":"\t\t<div data-elementor-type=\"wp-page\" data-elementor-id=\"10032\" class=\"elementor elementor-10032\" data-elementor-post-type=\"page\">\n\t\t\t\t\t\t<section class=\"elementor-section elementor-top-section elementor-element elementor-element-5bed227 elementor-section-full_width elementor-section-height-default elementor-section-height-default\" data-id=\"5bed227\" data-element_type=\"section\">\n\t\t\t\t\t\t<div class=\"elementor-container elementor-column-gap-no\">\n\t\t\t\t\t<div class=\"elementor-column elementor-col-100 elementor-top-column elementor-element elementor-element-0ae4ee7\" data-id=\"0ae4ee7\" data-element_type=\"column\">\n\t\t\t<div class=\"elementor-widget-wrap elementor-element-populated\">\n\t\t\t\t\t\t<section class=\"elementor-section elementor-inner-section elementor-element elementor-element-72d2379 elementor-section-boxed elementor-section-height-default elementor-section-height-default\" data-id=\"72d2379\" data-element_type=\"section\">\n\t\t\t\t\t\t<div class=\"elementor-container elementor-column-gap-no\">\n\t\t\t\t\t<div class=\"elementor-column elementor-col-100 elementor-inner-column elementor-element elementor-element-28a4398\" data-id=\"28a4398\" data-element_type=\"column\">\n\t\t\t<div class=\"elementor-widget-wrap elementor-element-populated\">\n\t\t\t\t\t\t<div class=\"elementor-element elementor-element-69db11f elementor-widget elementor-widget-naturomegahover\" data-id=\"69db11f\" data-element_type=\"widget\" data-widget_type=\"naturomegahover.default\">\n\t\t\t\t<div class=\"elementor-widget-container\">\n\t\t\t\t\t<div class=\"mega-img-box\"><div class=\"img-1\"><div class=\"mega-hover\"><img decoding=\"async\" src=\"https:\/\/hunt-armenti.pl\/wp-content\/uploads\/2025\/07\/deer-3842134-scaled-e1751483503385.jpg\" alt=\"deer 3842134 scaled e1751483503385\"  class=\"w-100\" \/><\/div><\/div><\/div>\t\t\t\t<\/div>\n\t\t\t\t<\/div>\n\t\t\t\t\t<\/div>\n\t\t<\/div>\n\t\t\t\t\t<\/div>\n\t\t<\/section>\n\t\t\t\t<section class=\"elementor-section elementor-inner-section elementor-element elementor-element-77283f5 elementor-section-boxed elementor-section-height-default elementor-section-height-default\" data-id=\"77283f5\" data-element_type=\"section\">\n\t\t\t\t\t\t<div class=\"elementor-container elementor-column-gap-no\">\n\t\t\t\t\t<div class=\"elementor-column elementor-col-100 elementor-inner-column elementor-element elementor-element-4c7cff8\" data-id=\"4c7cff8\" data-element_type=\"column\">\n\t\t\t<div class=\"elementor-widget-wrap elementor-element-populated\">\n\t\t\t\t\t\t<div class=\"elementor-element elementor-element-92a47bb elementor-widget elementor-widget-heading\" data-id=\"92a47bb\" data-element_type=\"widget\" data-widget_type=\"heading.default\">\n\t\t\t\t<div class=\"elementor-widget-container\">\n\t\t\t\t\t<h2 class=\"elementor-heading-title elementor-size-default\">Icke-trof\u00e9djur \u2013 betydelsen av selektiv jakt<\/h2>\t\t\t\t<\/div>\n\t\t\t\t<\/div>\n\t\t\t\t<div class=\"elementor-element elementor-element-94beb1a elementor-widget elementor-widget-text-editor\" data-id=\"94beb1a\" data-element_type=\"widget\" data-widget_type=\"text-editor.default\">\n\t\t\t\t<div class=\"elementor-widget-container\">\n\t\t\t\t\t\t\t\t\t<p class=\"mb-55\">Jakt p\u00e5 icke-trof\u00e9djur utg\u00f6r en viktig del av viltf\u00f6rvaltningen i Polen. Det huvudsakliga m\u00e5let med dessa jakter \u00e4r att reglera viltstammens storlek samt bibeh\u00e5lla en korrekt k\u00f6ns- och \u00e5ldersstruktur i populationen. Det \u00e4r ocks\u00e5 en utm\u00e4rkt form av aktiv jakt, s\u00e4rskilt uppskattad av erfarna j\u00e4gare som f\u00f6rst\u00e5r vikten av selektion.<\/p>\t\t\t\t\t\t\t\t<\/div>\n\t\t\t\t<\/div>\n\t\t\t\t<div class=\"elementor-element elementor-element-b3c220b elementor-widget elementor-widget-heading\" data-id=\"b3c220b\" data-element_type=\"widget\" data-widget_type=\"heading.default\">\n\t\t\t\t<div class=\"elementor-widget-container\">\n\t\t\t\t\t<h2 class=\"elementor-heading-title elementor-size-default\">Vad \u00e4r icke-trof\u00e9djur?<\/h2>\t\t\t\t<\/div>\n\t\t\t\t<\/div>\n\t\t\t\t<div class=\"elementor-element elementor-element-75ef763 elementor-widget elementor-widget-text-editor\" data-id=\"75ef763\" data-element_type=\"widget\" data-widget_type=\"text-editor.default\">\n\t\t\t\t<div class=\"elementor-widget-container\">\n\t\t\t\t\t\t\t\t\t<p data-start=\"414\" data-end=\"544\">Till icke-trof\u00e9djur r\u00e4knas individer som saknar trof\u00e9v\u00e4rde \u2013 allts\u00e5 som inte jagas f\u00f6r sina horn. I Polen inkluderar detta fr\u00e4mst:<\/p><ul data-start=\"546\" data-end=\"652\"><li data-start=\"546\" data-end=\"570\"><p data-start=\"548\" data-end=\"570\">Hondjur av kronhjort<\/p><\/li><li data-start=\"571\" data-end=\"594\"><p data-start=\"573\" data-end=\"594\">Hondjur av dovhjort<\/p><\/li><li data-start=\"595\" data-end=\"616\"><p data-start=\"597\" data-end=\"616\">R\u00e5get och killing<\/p><\/li><li data-start=\"617\" data-end=\"652\"><p data-start=\"619\" data-end=\"652\">Kalvar (kronhjort och dovhjort)<\/p><\/li><\/ul>\t\t\t\t\t\t\t\t<\/div>\n\t\t\t\t<\/div>\n\t\t\t\t<div class=\"elementor-element elementor-element-ccad222 elementor-widget elementor-widget-heading\" data-id=\"ccad222\" data-element_type=\"widget\" data-widget_type=\"heading.default\">\n\t\t\t\t<div class=\"elementor-widget-container\">\n\t\t\t\t\t<h2 class=\"elementor-heading-title elementor-size-default\">Jakttider p\u00e5 icke-trof\u00e9djur<\/h2>\t\t\t\t<\/div>\n\t\t\t\t<\/div>\n\t\t\t\t<div class=\"elementor-element elementor-element-451a939 elementor-widget elementor-widget-text-editor\" data-id=\"451a939\" data-element_type=\"widget\" data-widget_type=\"text-editor.default\">\n\t\t\t\t<div class=\"elementor-widget-container\">\n\t\t\t\t\t\t\t\t\t<div class=\"_tableContainer_80l1q_1\"><div class=\"_tableWrapper_80l1q_14 group flex w-fit flex-col-reverse\" tabindex=\"-1\"><table class=\"w-fit min-w-(--thread-content-width)\" data-start=\"691\" data-end=\"1129\"><thead data-start=\"691\" data-end=\"751\"><tr data-start=\"691\" data-end=\"751\"><th data-start=\"691\" data-end=\"712\" data-col-size=\"sm\">Viltart<\/th><th data-start=\"712\" data-end=\"725\" data-col-size=\"sm\">Typ<\/th><th data-start=\"725\" data-end=\"751\" data-col-size=\"sm\">Jakttid<\/th><\/tr><\/thead><tbody data-start=\"813\" data-end=\"1129\"><tr data-start=\"813\" data-end=\"874\"><td data-start=\"813\" data-end=\"835\" data-col-size=\"sm\"><strong data-start=\"815\" data-end=\"828\">Kronhjort<\/strong><\/td><td data-start=\"835\" data-end=\"848\" data-col-size=\"sm\">Hondjur<\/td><td data-start=\"848\" data-end=\"874\" data-col-size=\"sm\">1 oktober \u2013 15 januari<\/td><\/tr><tr data-start=\"875\" data-end=\"936\"><td data-start=\"875\" data-end=\"896\" data-col-size=\"sm\">\u00a0<\/td><td data-start=\"896\" data-end=\"909\" data-col-size=\"sm\">Kalv<\/td><td data-start=\"909\" data-end=\"936\" data-col-size=\"sm\">1 oktober \u2013 28 februari<\/td><\/tr><tr data-start=\"937\" data-end=\"998\"><td data-start=\"937\" data-end=\"959\" data-col-size=\"sm\"><strong data-start=\"939\" data-end=\"951\">Dovhjort<\/strong><\/td><td data-start=\"959\" data-end=\"972\" data-col-size=\"sm\">Hondjur<\/td><td data-start=\"972\" data-end=\"998\" data-col-size=\"sm\">1 oktober \u2013 15 januari<\/td><\/tr><tr data-start=\"999\" data-end=\"1060\"><td data-start=\"999\" data-end=\"1020\" data-col-size=\"sm\">\u00a0<\/td><td data-start=\"1020\" data-end=\"1033\" data-col-size=\"sm\">Kalv<\/td><td data-start=\"1033\" data-end=\"1060\" data-col-size=\"sm\">1 oktober \u2013 28 februari<\/td><\/tr><tr data-start=\"1061\" data-end=\"1129\"><td data-start=\"1061\" data-end=\"1083\" data-col-size=\"sm\"><strong data-start=\"1063\" data-end=\"1073\">R\u00e5djur<\/strong><\/td><td data-start=\"1083\" data-end=\"1103\" data-col-size=\"sm\">R\u00e5get och killing<\/td><td data-start=\"1103\" data-end=\"1129\" data-col-size=\"sm\">1 oktober \u2013 15 januari<\/td><\/tr><\/tbody><\/table><div class=\"sticky end-(--thread-content-margin) h-0 self-end select-none\"><div class=\"absolute end-0 flex items-end\">\u00a0<\/div><\/div><\/div><\/div><hr data-start=\"1131\" data-end=\"1134\" \/><p data-start=\"1136\" data-end=\"1298\">Jakt p\u00e5 icke-trof\u00e9djur erbjuder inte bara m\u00f6jlighet till att aktivt delta i viltf\u00f6rvaltningen, utan ger ocks\u00e5 sp\u00e4nnande jaktupplevelser till attraktiva villkor.<\/p><p><br \/><br \/><\/p>\t\t\t\t\t\t\t\t<\/div>\n\t\t\t\t<\/div>\n\t\t\t\t<div class=\"elementor-element elementor-element-1925f28 elementor-widget elementor-widget-naturobutton\" data-id=\"1925f28\" data-element_type=\"widget\" data-widget_type=\"naturobutton.default\">\n\t\t\t\t<div class=\"elementor-widget-container\">\n\t\t\t\t\t<!-- Button --><div class=\"btn-wrapper\"><a class=\"vs-btn style-1\" href=\"https:\/\/hunt-armenti.pl\/sv\/kontakt\/\"><span><i class=\"fal fa-paw\"><\/i><\/span> Kontakta oss f\u00f6r mer information och bokning.<\/a><\/div><!-- End Button -->\t\t\t\t<\/div>\n\t\t\t\t<\/div>\n\t\t\t\t\t<\/div>\n\t\t<\/div>\n\t\t\t\t\t<\/div>\n\t\t<\/section>\n\t\t\t\t\t<\/div>\n\t\t<\/div>\n\t\t\t\t\t<\/div>\n\t\t<\/section>\n\t\t\t\t<\/div>\n\t\t","protected":false},"excerpt":{"rendered":"<p>Icke-trof\u00e9djur \u2013 betydelsen av selektiv jakt Jakt p\u00e5 icke-trof\u00e9djur utg\u00f6r en viktig del av viltf\u00f6rvaltningen i Polen. Det huvudsakliga m\u00e5let med dessa jakter \u00e4r att reglera viltstammens storlek samt bibeh\u00e5lla en korrekt k\u00f6ns- och \u00e5ldersstruktur i populationen. Det \u00e4r ocks\u00e5 en utm\u00e4rkt form av aktiv jakt, s\u00e4rskilt uppskattad av erfarna j\u00e4gare som f\u00f6rst\u00e5r vikten av&#8230;<\/p>\n","protected":false},"author":1,"featured_media":0,"parent":0,"menu_order":0,"comment_status":"closed","ping_status":"closed","template":"template-builder.php","meta":{"footnotes":""},"class_list":["post-10032","page","type-page","status-publish","hentry"],"jetpack_sharing_enabled":true,"_links":{"self":[{"href":"https:\/\/hunt-armenti.pl\/sv\/wp-json\/wp\/v2\/pages\/10032","targetHints":{"allow":["GET"]}}],"collection":[{"href":"https:\/\/hunt-armenti.pl\/sv\/wp-json\/wp\/v2\/pages"}],"about":[{"href":"https:\/\/hunt-armenti.pl\/sv\/wp-json\/wp\/v2\/types\/page"}],"author":[{"embeddable":true,"href":"https:\/\/hunt-armenti.pl\/sv\/wp-json\/wp\/v2\/users\/1"}],"replies":[{"embeddable":true,"href":"https:\/\/hunt-armenti.pl\/sv\/wp-json\/wp\/v2\/comments?post=10032"}],"version-history":[{"count":6,"href":"https:\/\/hunt-armenti.pl\/sv\/wp-json\/wp\/v2\/pages\/10032\/revisions"}],"predecessor-version":[{"id":10666,"href":"https:\/\/hunt-armenti.pl\/sv\/wp-json\/wp\/v2\/pages\/10032\/revisions\/10666"}],"wp:attachment":[{"href":"https:\/\/hunt-armenti.pl\/sv\/wp-json\/wp\/v2\/media?parent=10032"}],"curies":[{"name":"wp","href":"https:\/\/api.w.org\/{rel}","templated":true}]}}