{"id":10031,"date":"2025-07-02T17:39:42","date_gmt":"2025-07-02T15:39:42","guid":{"rendered":"https:\/\/hunt-armenti.pl\/oferta\/"},"modified":"2025-07-04T17:16:18","modified_gmt":"2025-07-04T15:16:18","slug":"oferta","status":"publish","type":"page","link":"https:\/\/hunt-armenti.pl\/sv\/oferta\/","title":{"rendered":"Oferta"},"content":{"rendered":"\t\t<div data-elementor-type=\"wp-page\" data-elementor-id=\"10031\" class=\"elementor elementor-10031\" data-elementor-post-type=\"page\">\n\t\t\t\t\t\t<section class=\"elementor-section elementor-top-section elementor-element elementor-element-a45621f elementor-section-full_width elementor-section-stretched elementor-section-height-default elementor-section-height-default\" data-id=\"a45621f\" data-element_type=\"section\" data-settings=\"{&quot;stretch_section&quot;:&quot;section-stretched&quot;}\">\n\t\t\t\t\t\t<div class=\"elementor-container elementor-column-gap-no\">\n\t\t\t\t\t<div class=\"elementor-column elementor-col-100 elementor-top-column elementor-element elementor-element-6b8628e\" data-id=\"6b8628e\" data-element_type=\"column\">\n\t\t\t<div class=\"elementor-widget-wrap elementor-element-populated\">\n\t\t\t\t\t\t<div class=\"elementor-element elementor-element-ee95f84 elementor-widget elementor-widget-naturosectiontitle\" data-id=\"ee95f84\" data-element_type=\"widget\" data-widget_type=\"naturosectiontitle.default\">\n\t\t\t\t<div class=\"elementor-widget-container\">\n\t\t\t\t\t<div class=\"section-title\" ><h4 class=\"sec-title1 subtitle-selector\">Samarbetsprocess<\/h4><div class=\"sec_line\"><img decoding=\"async\" src=\"https:\/\/wordpress.vecurosoft.com\/huntar\/wp-content\/uploads\/2021\/11\/about-line-1.png\" alt=\"about line 1\"  class=\"mb-4\" \/><\/div><h2 class=\"sec-title2 text-title2 mt-1 title-selector\">Hur \u00e4r det att jaga med oss?<\/h2><\/div>\t\t\t\t<\/div>\n\t\t\t\t<\/div>\n\t\t\t\t<div class=\"elementor-element elementor-element-fd4aecf elementor-widget elementor-widget-naturofeatures\" data-id=\"fd4aecf\" data-element_type=\"widget\" data-widget_type=\"naturofeatures.default\">\n\t\t\t\t<div class=\"elementor-widget-container\">\n\t\t\t\t\t<!------------------------------- Features Area start -------------------------------><div class=\"vs-feature-wrapper\"><div class=\"container fature-border\"><div class=\"row features-slider-1\"><div class=\"col-lg-4\"><div class=\"feature-box overflow-hidden mb-30\"><div class=\"feature-icon float-sm-start\"><i class=\"flaticon-left-and-right-arrows\"><\/i><\/div><div class=\"feature-content mt-10\"><h5 class=\"features_title title-color fw-medium mb-10\"><a href=\"#\"> 1. V\u00e4lj destination<\/a><\/h5><p>V\u00e4lj region och typ av jaktresa. Ber\u00e4tta om dina preferenser: jakt p\u00e5 kronhjort? Kanske kraftiga r\u00e5bockar? Eller kanske en drevjakt? Vi tar hand om resten.<\/p><\/div><\/div><\/div><div class=\"col-lg-4\"><div class=\"feature-box overflow-hidden mb-30\"><div class=\"feature-icon float-sm-start\"><i class=\"flaticon-appointment\"><\/i><\/div><div class=\"feature-content mt-10\"><h5 class=\"features_title title-color fw-medium mb-10\"><a href=\"#\">2. Boka ett datum<\/a><\/h5><p>Kontakta oss, diskutera detaljerna och boka ett passande datum. Vi anpassar allt efter dina behov.<\/p><\/div><\/div><\/div><div class=\"col-lg-4\"><div class=\"feature-box overflow-hidden mb-30\"><div class=\"feature-icon float-sm-start\"><i class=\"flaticon-adventure\"><\/i><\/div><div class=\"feature-content mt-10\"><h5 class=\"features_title title-color fw-medium mb-10\"><a href=\"#\">3. B\u00f6rja \u00e4ventyret<\/a><\/h5><p>Anl\u00e4nd till platsen. M\u00f6t din lokala jaktguide, l\u00e4r k\u00e4nna omr\u00e5det och p\u00e5b\u00f6rja ett of\u00f6rgl\u00f6mligt \u00e4ventyr.<\/p><\/div><\/div><\/div><div class=\"col-lg-4\"><div class=\"feature-box overflow-hidden mb-30\"><div class=\"feature-icon float-sm-start\"><i class=\"flaticon-handshake\"><\/i><\/div><div class=\"feature-content mt-10\"><h5 class=\"features_title title-color fw-medium mb-10\"><a href=\"#\">4. \u00c5terv\u00e4nd med trof\u00e9<\/a><\/h5><p>Njut av en professionellt organiserad jaktresa och \u00e5terv\u00e4nd hem med en trof\u00e9 som kommer att p\u00e5minna dig om detta \u00e4ventyr i m\u00e5nga \u00e5r fram\u00f6ver.<\/p><\/div><\/div><\/div><\/div><!--\/.row and vs-acrousel active--><\/div><!--\/.container--><\/div>\t\t\t\t<\/div>\n\t\t\t\t<\/div>\n\t\t\t\t\t<\/div>\n\t\t<\/div>\n\t\t\t\t\t<\/div>\n\t\t<\/section>\n\t\t\t\t<section class=\"elementor-section elementor-top-section elementor-element elementor-element-b5bcd1a elementor-section-full_width elementor-section-stretched elementor-section-height-default elementor-section-height-default\" data-id=\"b5bcd1a\" data-element_type=\"section\" data-settings=\"{&quot;stretch_section&quot;:&quot;section-stretched&quot;}\">\n\t\t\t\t\t\t<div class=\"elementor-container elementor-column-gap-no\">\n\t\t\t\t\t<div class=\"elementor-column elementor-col-100 elementor-top-column elementor-element elementor-element-b255bcd\" data-id=\"b255bcd\" data-element_type=\"column\">\n\t\t\t<div class=\"elementor-widget-wrap elementor-element-populated\">\n\t\t\t\t\t\t<section class=\"elementor-section elementor-inner-section elementor-element elementor-element-35cc706 elementor-section-full_width elementor-section-height-default elementor-section-height-default\" data-id=\"35cc706\" data-element_type=\"section\">\n\t\t\t\t\t\t<div class=\"elementor-container elementor-column-gap-no\">\n\t\t\t\t\t<div class=\"elementor-column elementor-col-100 elementor-inner-column elementor-element elementor-element-d08182a\" data-id=\"d08182a\" data-element_type=\"column\">\n\t\t\t<div class=\"elementor-widget-wrap elementor-element-populated\">\n\t\t\t\t\t\t<div class=\"elementor-element elementor-element-788b753 elementor-widget elementor-widget-naturosectiontitle\" data-id=\"788b753\" data-element_type=\"widget\" data-widget_type=\"naturosectiontitle.default\">\n\t\t\t\t<div class=\"elementor-widget-container\">\n\t\t\t\t\t<div class=\"section-title\" ><h4 class=\"sec-title1 subtitle-selector\">Vad erbjuder vi?<\/h4><div class=\"sec_line\"><img decoding=\"async\" src=\"https:\/\/wordpress.vecurosoft.com\/huntar\/wp-content\/uploads\/2021\/11\/about-line-1.png\" alt=\"about line 1\"  class=\"mb-4\" \/><\/div><h2 class=\"sec-title2 text-title2 mt-1 title-selector\">Jakt med klass och erfarenhet<\/h2><\/div>\t\t\t\t<\/div>\n\t\t\t\t<\/div>\n\t\t\t\t\t<\/div>\n\t\t<\/div>\n\t\t\t\t\t<\/div>\n\t\t<\/section>\n\t\t\t\t<section class=\"elementor-section elementor-inner-section elementor-element elementor-element-bba2d62 elementor-section-full_width elementor-section-height-default elementor-section-height-default\" data-id=\"bba2d62\" data-element_type=\"section\">\n\t\t\t\t\t\t<div class=\"elementor-container elementor-column-gap-no\">\n\t\t\t\t\t<div class=\"elementor-column elementor-col-100 elementor-inner-column elementor-element elementor-element-4deeb11\" data-id=\"4deeb11\" data-element_type=\"column\" data-settings=\"{&quot;animation&quot;:&quot;none&quot;}\">\n\t\t\t<div class=\"elementor-widget-wrap elementor-element-populated\">\n\t\t\t\t\t\t<div class=\"elementor-element elementor-element-1c57cfd elementor-widget elementor-widget-naturoserviceslider\" data-id=\"1c57cfd\" data-element_type=\"widget\" data-widget_type=\"naturoserviceslider.default\">\n\t\t\t\t<div class=\"elementor-widget-container\">\n\t\t\t\t\t<!-----------------------Start Service Slider Area-----------------------><div class=\"vs-services\"><div class=\"container\"><div class=\"position-relative\"><div class=\"services-arrow-box\"><button data-slick-prev=\"#sbox1\" class=\"icon-btn style2 services-arrow d-none d-xl-inline-block\"><i class=\"fal fa-arrow-left\"><\/i><\/button><button data-slick-next=\"#sbox1\" class=\"icon-btn style2 services-arrow d-none d-xl-inline-block\"><i class=\"fal fa-arrow-right\"><\/i><\/button><\/div><div class=\"row align-items-center vs-service-slider1\" id=\"sbox1\"><div class=\"col-lg-4 col-md-6\"><div class=\"vs-services-box mb-30\"><div class=\"vs-services-thumb text-center\"><img decoding=\"async\" src=\"https:\/\/hunt-armenti.pl\/wp-content\/uploads\/2025\/06\/Projekt-bez-nazwy-2025-06-26T203354.618.png\" alt=\"Projekt bez nazwy 2025 06 26T203354.618\"  \/><\/div><div class=\"vs-services-content\"><h4 class=\"sec-title1 title-color fw-bold mb-15\"><a href=\"https:\/\/hunt-armenti.pl\/sv\/polowanie-na-sarny-kozly\/\">1. R\u00e5djursjakt \u2013 bockar<\/a><\/h4><p>Jakten p\u00e5 r\u00e5bockar \u00e4r en av de mest eftertraktade jaktformerna under v\u00e5r- och sommars\u00e4songen. Det \u00e4r ett utm\u00e4rkt tillf\u00e4lle att f\u00f6rv\u00e4rva v\u00e4rdefulla trof\u00e9er och uppleva unika \u00f6gonblick i viltmarker \u2013 s\u00e4rskilt under brunsten, d\u00e5 observation och smygjakt kr\u00e4ver s\u00e4rskild jaktf\u00e4rdighet.<\/p><a href=\"https:\/\/hunt-armenti.pl\/sv\/polowanie-na-sarny-kozly\/\" class=\"link-btn\">Read More<i class=\"fal fa-long-arrow-right\"><\/i><\/a><\/div><\/div><\/div><div class=\"col-lg-4 col-md-6\"><div class=\"vs-services-box mb-30\"><div class=\"vs-services-thumb text-center\"><img decoding=\"async\" src=\"https:\/\/hunt-armenti.pl\/wp-content\/uploads\/2025\/07\/Projekt-bez-nazwy-2025-07-02T192034.616.png\" alt=\"Projekt bez nazwy 2025 07 02T192034.616\"  \/><\/div><div class=\"vs-services-content\"><h4 class=\"sec-title1 title-color fw-bold mb-15\"><a href=\"https:\/\/hunt-armenti.pl\/sv\/polowanie-na-jelenie-byki\/\">2. Kronhjortsjakt \u2013 hjortar<\/a><\/h4><p>Jakten p\u00e5 kronhjortstjurar \u00e4r en av de mest prestigefyllda jaktformerna. H\u00f6jdpunkten p\u00e5 s\u00e4songen \u00e4r brunstperioden \u2013 ett of\u00f6rgl\u00f6mligt sk\u00e5despel d\u00e4r de m\u00e4ktiga hjortarna k\u00e4mpar om hindarna. Vi erbjuder tillg\u00e5ng till bepr\u00f6vade jaktomr\u00e5den med starka, v\u00e4lsk\u00f6tta best\u00e5nd av kronvilt.<\/p><a href=\"https:\/\/hunt-armenti.pl\/sv\/polowanie-na-jelenie-byki\/\" class=\"link-btn\">Read More<i class=\"fal fa-long-arrow-right\"><\/i><\/a><\/div><\/div><\/div><div class=\"col-lg-4 col-md-6\"><div class=\"vs-services-box mb-30\"><div class=\"vs-services-thumb text-center\"><img decoding=\"async\" src=\"https:\/\/hunt-armenti.pl\/wp-content\/uploads\/2025\/07\/Projekt-bez-nazwy-2025-07-02T192113.534.png\" alt=\"Projekt bez nazwy 2025 07 02T192113.534\"  \/><\/div><div class=\"vs-services-content\"><h4 class=\"sec-title1 title-color fw-bold mb-15\"><a href=\"https:\/\/hunt-armenti.pl\/sv\/polowanie-na-dziki\/\">3. Vildsvinsjakt<\/a><\/h4><p>Vildsvinsjakt \u00e4r tillg\u00e4nglig \u00e5ret runt och har konstant h\u00f6g popularitet bland j\u00e4gare. Vi erbjuder b\u00e5de individuella smyg- och vakjakter samt intensiva nattjakter med termiska och m\u00f6rkersikten (enligt g\u00e4llande lagstiftning).<\/p><a href=\"https:\/\/hunt-armenti.pl\/sv\/polowanie-na-dziki\/\" class=\"link-btn\">Read More<i class=\"fal fa-long-arrow-right\"><\/i><\/a><\/div><\/div><\/div><div class=\"col-lg-4 col-md-6\"><div class=\"vs-services-box mb-30\"><div class=\"vs-services-thumb text-center\"><img decoding=\"async\" src=\"https:\/\/hunt-armenti.pl\/wp-content\/uploads\/2025\/07\/Projekt-bez-nazwy-2025-07-02T192146.580.png\" alt=\"Projekt bez nazwy 2025 07 02T192146.580\"  \/><\/div><div class=\"vs-services-content\"><h4 class=\"sec-title1 title-color fw-bold mb-15\"><a href=\"https:\/\/hunt-armenti.pl\/sv\/polowania-zbiorowe\/\">4. Drivjakt (gemensam jakt)<\/a><\/h4><p>Vi organiserar professionella drevjakter, fr\u00e4mst p\u00e5 kl\u00f6vvilt och vildsvin. Denna dynamiska jaktform kr\u00e4ver samarbete och erfarenhet, men erbjuder ocks\u00e5 ett utm\u00e4rkt tillf\u00e4lle till samh\u00f6righet och intensiv jakt med m\u00e5nga m\u00f6jligheter till f\u00e4llning. Vi garanterar h\u00f6g s\u00e4kerhet och full support fr\u00e5n en erfaren jaktledning.<\/p><a href=\"https:\/\/hunt-armenti.pl\/sv\/polowania-zbiorowe\/\" class=\"link-btn\">Read More<i class=\"fal fa-long-arrow-right\"><\/i><\/a><\/div><\/div><\/div><div class=\"col-lg-4 col-md-6\"><div class=\"vs-services-box mb-30\"><div class=\"vs-services-thumb text-center\"><img decoding=\"async\" src=\"https:\/\/hunt-armenti.pl\/wp-content\/uploads\/2025\/07\/Projekt-bez-nazwy-2025-07-02T192305.537.png\" alt=\"Projekt bez nazwy 2025 07 02T192305.537\"  \/><\/div><div class=\"vs-services-content\"><h4 class=\"sec-title1 title-color fw-bold mb-15\"><a href=\"https:\/\/hunt-armenti.pl\/sv\/polowania-na-zwierzyne-nietrofealna\/\">5. Jakt p\u00e5 icke-trof\u00e9djur (selektiv avskjutning)<\/a><\/h4><p data-start=\"1325\" data-end=\"1626\">Jakt p\u00e5 icke-trof\u00e9djur, s\u00e5som hindar av kron- och dovvilt, r\u00e5getter och kalvar. Det \u00e4r ett utm\u00e4rkt val f\u00f6r j\u00e4gare som s\u00f6ker jaktupplevelser med selektiv viltf\u00f6rvaltning. Dessa jakter kombinerar ofta attraktiva villkor med h\u00f6g intensitet i skogen.<\/p><a href=\"https:\/\/hunt-armenti.pl\/sv\/polowania-na-zwierzyne-nietrofealna\/\" class=\"link-btn\">Read More<i class=\"fal fa-long-arrow-right\"><\/i><\/a><\/div><\/div><\/div><\/div><\/div><\/div><\/div>\t\t\t\t<\/div>\n\t\t\t\t<\/div>\n\t\t\t\t\t<\/div>\n\t\t<\/div>\n\t\t\t\t\t<\/div>\n\t\t<\/section>\n\t\t\t\t\t<\/div>\n\t\t<\/div>\n\t\t\t\t\t<\/div>\n\t\t<\/section>\n\t\t\t\t<\/div>\n\t\t","protected":false},"excerpt":{"rendered":"<p>Samarbetsprocess Hur \u00e4r det att jaga med oss? 1. V\u00e4lj destination V\u00e4lj region och typ av jaktresa. Ber\u00e4tta om dina preferenser: jakt p\u00e5 kronhjort? Kanske kraftiga r\u00e5bockar? Eller kanske en drevjakt? Vi tar hand om resten. 2. Boka ett datum Kontakta oss, diskutera detaljerna och boka ett passande datum. Vi anpassar allt efter dina behov&#8230;.<\/p>\n","protected":false},"author":1,"featured_media":0,"parent":0,"menu_order":0,"comment_status":"closed","ping_status":"closed","template":"","meta":{"footnotes":""},"class_list":["post-10031","page","type-page","status-publish","hentry"],"jetpack_sharing_enabled":true,"_links":{"self":[{"href":"https:\/\/hunt-armenti.pl\/sv\/wp-json\/wp\/v2\/pages\/10031","targetHints":{"allow":["GET"]}}],"collection":[{"href":"https:\/\/hunt-armenti.pl\/sv\/wp-json\/wp\/v2\/pages"}],"about":[{"href":"https:\/\/hunt-armenti.pl\/sv\/wp-json\/wp\/v2\/types\/page"}],"author":[{"embeddable":true,"href":"https:\/\/hunt-armenti.pl\/sv\/wp-json\/wp\/v2\/users\/1"}],"replies":[{"embeddable":true,"href":"https:\/\/hunt-armenti.pl\/sv\/wp-json\/wp\/v2\/comments?post=10031"}],"version-history":[{"count":6,"href":"https:\/\/hunt-armenti.pl\/sv\/wp-json\/wp\/v2\/pages\/10031\/revisions"}],"predecessor-version":[{"id":10663,"href":"https:\/\/hunt-armenti.pl\/sv\/wp-json\/wp\/v2\/pages\/10031\/revisions\/10663"}],"wp:attachment":[{"href":"https:\/\/hunt-armenti.pl\/sv\/wp-json\/wp\/v2\/media?parent=10031"}],"curies":[{"name":"wp","href":"https:\/\/api.w.org\/{rel}","templated":true}]}}