{"id":10030,"date":"2021-12-13T09:23:05","date_gmt":"2021-12-13T08:23:05","guid":{"rendered":"https:\/\/hunt-armenti.pl\/o-nas\/"},"modified":"2025-07-04T19:54:22","modified_gmt":"2025-07-04T17:54:22","slug":"o-nas","status":"publish","type":"page","link":"https:\/\/hunt-armenti.pl\/sv\/o-nas\/","title":{"rendered":"O nas"},"content":{"rendered":"\t\t<div data-elementor-type=\"wp-page\" data-elementor-id=\"10030\" class=\"elementor elementor-10030\" data-elementor-post-type=\"page\">\n\t\t\t\t\t\t<section class=\"elementor-section elementor-top-section elementor-element elementor-element-5637dd2 elementor-section-full_width elementor-section-stretched elementor-section-height-default elementor-section-height-default\" data-id=\"5637dd2\" data-element_type=\"section\" data-settings=\"{&quot;stretch_section&quot;:&quot;section-stretched&quot;}\">\n\t\t\t\t\t\t<div class=\"elementor-container elementor-column-gap-no\">\n\t\t\t\t\t<div class=\"elementor-column elementor-col-100 elementor-top-column elementor-element elementor-element-02c5092\" data-id=\"02c5092\" data-element_type=\"column\">\n\t\t\t<div class=\"elementor-widget-wrap elementor-element-populated\">\n\t\t\t\t\t\t<section class=\"elementor-section elementor-inner-section elementor-element elementor-element-cc3b793 elementor-section-boxed elementor-section-height-default elementor-section-height-default\" data-id=\"cc3b793\" data-element_type=\"section\">\n\t\t\t\t\t\t<div class=\"elementor-container elementor-column-gap-no\">\n\t\t\t\t\t<div class=\"elementor-column elementor-col-50 elementor-inner-column elementor-element elementor-element-b7d148f\" data-id=\"b7d148f\" data-element_type=\"column\">\n\t\t\t<div class=\"elementor-widget-wrap elementor-element-populated\">\n\t\t\t\t\t\t<div class=\"elementor-element elementor-element-eb8b3b2 elementor-widget elementor-widget-image\" data-id=\"eb8b3b2\" data-element_type=\"widget\" data-widget_type=\"image.default\">\n\t\t\t\t<div class=\"elementor-widget-container\">\n\t\t\t\t\t\t\t\t\t\t\t\t\t\t\t<img fetchpriority=\"high\" decoding=\"async\" width=\"631\" height=\"647\" src=\"https:\/\/hunt-armenti.pl\/wp-content\/uploads\/2023\/09\/about-img-1.png\" class=\"attachment-full size-full wp-image-3727\" alt=\"about-img-1\" srcset=\"https:\/\/hunt-armenti.pl\/wp-content\/uploads\/2023\/09\/about-img-1.png 631w, https:\/\/hunt-armenti.pl\/wp-content\/uploads\/2023\/09\/about-img-1-293x300.png 293w\" sizes=\"(max-width: 631px) 100vw, 631px\" \/>\t\t\t\t\t\t\t\t\t\t\t\t\t\t\t<\/div>\n\t\t\t\t<\/div>\n\t\t\t\t\t<\/div>\n\t\t<\/div>\n\t\t\t\t<div class=\"elementor-column elementor-col-50 elementor-inner-column elementor-element elementor-element-e88de36\" data-id=\"e88de36\" data-element_type=\"column\">\n\t\t\t<div class=\"elementor-widget-wrap elementor-element-populated\">\n\t\t\t\t\t\t<div class=\"elementor-element elementor-element-025e100 style-2 elementor-widget elementor-widget-naturosectiontitle\" data-id=\"025e100\" data-element_type=\"widget\" data-widget_type=\"naturosectiontitle.default\">\n\t\t\t\t<div class=\"elementor-widget-container\">\n\t\t\t\t\t<div class=\"section-title\" ><h4 class=\"sec-title1 subtitle-selector\">Vilka \u00e4r vi? - Om oss<\/h4><div class=\"sec_line\"><img decoding=\"async\" src=\"https:\/\/wordpress.vecurosoft.com\/huntar\/wp-content\/uploads\/2021\/11\/about-line-1.png\" alt=\"about line 1\"  class=\"mb-4\" \/><\/div><h2 class=\"sec-title2 text-title2 mt-1 title-selector\">Hos oss kommer du att uppt\u00e4cka jaktens sanna ansikte.<\/h2><p class=\"desc\">Vi \u00e4r ett polskt jaktkontor \u2013 vi specialiserar oss p\u00e5 att organisera lagliga, etiska och helt s\u00e4kra jaktresor inom Polen. V\u00e5rt uppdrag \u00e4r att f\u00f6rena passionen f\u00f6r naturen med professionell service p\u00e5 h\u00f6gsta niv\u00e5. Vi tar hand om j\u00e4gare fr\u00e5n hela v\u00e4rlden och erbjuder ett komplett omh\u00e4ndertagande samt of\u00f6rgl\u00f6mliga upplevelser mitt i den vilda naturens hj\u00e4rta.<\/p><\/div>\t\t\t\t<\/div>\n\t\t\t\t<\/div>\n\t\t\t\t<div class=\"elementor-element elementor-element-0da6b3c elementor-widget elementor-widget-text-editor\" data-id=\"0da6b3c\" data-element_type=\"widget\" data-widget_type=\"text-editor.default\">\n\t\t\t\t<div class=\"elementor-widget-container\">\n\t\t\t\t\t\t\t\t\t<div class=\"list-style1 layout2\"><ul><li>Erfarna guider, noggrant utvalda jaktmarker, full legalitet och organisation p\u00e5 h\u00f6gsta niv\u00e5.<\/li><li>Jakt \u00e4r inte bara en sport \u2013 det \u00e4r en kultur, en etik och en m\u00e5nghundra\u00e5rig tradition som vi v\u00e5rdar varje dag.<\/li><li>Din s\u00e4kerhet \u00e4r v\u00e5r prioritet \u2013 vi tillhandah\u00e5ller r\u00e4tt utrustning, f\u00f6rs\u00e4kring och personlig jaktguide.<\/li><li>Vi \u00e4lskar vild natur och vill dela denna passion med m\u00e4nniskor som k\u00e4nner likadant.<\/li><\/ul><\/div>\t\t\t\t\t\t\t\t<\/div>\n\t\t\t\t<\/div>\n\t\t\t\t<div class=\"elementor-element elementor-element-59b602a elementor-widget__width-auto elementor-widget elementor-widget-naturobutton\" data-id=\"59b602a\" data-element_type=\"widget\" data-widget_type=\"naturobutton.default\">\n\t\t\t\t<div class=\"elementor-widget-container\">\n\t\t\t\t\t<!-- Button --><div class=\"btn-wrapper\"><a class=\"vs-btn style-1\" href=\"https:\/\/hunt-armenti.pl\/sv\/kontakt\/\"><span><i class=\"fal fa-paw\"><\/i><\/span> F\u00e5nga ditt \u00e4ventyr<\/a><\/div><!-- End Button -->\t\t\t\t<\/div>\n\t\t\t\t<\/div>\n\t\t\t\t<div class=\"elementor-element elementor-element-e3bf576 elementor-widget__width-auto elementor-widget elementor-widget-html\" data-id=\"e3bf576\" data-element_type=\"widget\" data-widget_type=\"html.default\">\n\t\t\t\t<div class=\"elementor-widget-container\">\n\t\t\t\t\t<div class=\"call-media\"><div class=\"media-icon\"><i class=\"fas fa-phone-alt\"><\/i><\/div><div class=\"media-body\"><span class=\"media-label\">Ring nu!<\/span><p class=\"media-info\"><a href=\"tel:+48720820470\" class=\"text-inherit\">+48 720 820 470<\/a><\/p> <\/div><\/div>\t\t\t\t<\/div>\n\t\t\t\t<\/div>\n\t\t\t\t\t<\/div>\n\t\t<\/div>\n\t\t\t\t\t<\/div>\n\t\t<\/section>\n\t\t\t\t\t<\/div>\n\t\t<\/div>\n\t\t\t\t\t<\/div>\n\t\t<\/section>\n\t\t\t\t<section class=\"elementor-section elementor-top-section elementor-element elementor-element-f5f0f22 elementor-section-full_width elementor-section-height-default elementor-section-height-default\" data-id=\"f5f0f22\" data-element_type=\"section\">\n\t\t\t\t\t\t<div class=\"elementor-container elementor-column-gap-no\">\n\t\t\t\t\t<div class=\"elementor-column elementor-col-100 elementor-top-column elementor-element elementor-element-49d4157\" data-id=\"49d4157\" data-element_type=\"column\">\n\t\t\t<div class=\"elementor-widget-wrap elementor-element-populated\">\n\t\t\t\t\t\t<section class=\"elementor-section elementor-inner-section elementor-element elementor-element-589ba7c elementor-section-boxed elementor-section-height-default elementor-section-height-default\" data-id=\"589ba7c\" data-element_type=\"section\">\n\t\t\t\t\t\t<div class=\"elementor-container elementor-column-gap-no\">\n\t\t\t\t\t<div class=\"elementor-column elementor-col-100 elementor-inner-column elementor-element elementor-element-481d3ab\" data-id=\"481d3ab\" data-element_type=\"column\">\n\t\t\t<div class=\"elementor-widget-wrap elementor-element-populated\">\n\t\t\t\t\t\t<div class=\"elementor-element elementor-element-6bb266f elementor-widget elementor-widget-naturosectiontitle\" data-id=\"6bb266f\" data-element_type=\"widget\" data-widget_type=\"naturosectiontitle.default\">\n\t\t\t\t<div class=\"elementor-widget-container\">\n\t\t\t\t\t<div class=\"section-title\" ><h4 class=\"sec-title1 subtitle-selector\">\u00c4gare<\/h4><div class=\"sec_line\"><img decoding=\"async\" src=\"https:\/\/wordpress.vecurosoft.com\/huntar\/wp-content\/uploads\/2021\/11\/about-line-1.png\" alt=\"about line 1\"  class=\"mb-4\" \/><\/div><h2 class=\"sec-title2 text-title2 mt-1 title-selector\">Kontors\u00e4gare<\/h2><\/div>\t\t\t\t<\/div>\n\t\t\t\t<\/div>\n\t\t\t\t\t<\/div>\n\t\t<\/div>\n\t\t\t\t\t<\/div>\n\t\t<\/section>\n\t\t\t\t\t<\/div>\n\t\t<\/div>\n\t\t\t\t\t<\/div>\n\t\t<\/section>\n\t\t\t\t<section class=\"elementor-section elementor-top-section elementor-element elementor-element-0febd05 elementor-section-stretched elementor-section-boxed elementor-section-height-default elementor-section-height-default\" data-id=\"0febd05\" data-element_type=\"section\" data-settings=\"{&quot;stretch_section&quot;:&quot;section-stretched&quot;}\">\n\t\t\t\t\t\t<div class=\"elementor-container elementor-column-gap-default\">\n\t\t\t\t\t<div class=\"elementor-column elementor-col-100 elementor-top-column elementor-element elementor-element-1cc870f\" data-id=\"1cc870f\" data-element_type=\"column\">\n\t\t\t<div class=\"elementor-widget-wrap elementor-element-populated\">\n\t\t\t\t\t\t<section class=\"elementor-section elementor-inner-section elementor-element elementor-element-b4b4690 elementor-section-full_width elementor-section-height-default elementor-section-height-default\" data-id=\"b4b4690\" data-element_type=\"section\">\n\t\t\t\t\t\t<div class=\"elementor-container elementor-column-gap-no\">\n\t\t\t\t\t<div class=\"elementor-column elementor-col-100 elementor-inner-column elementor-element elementor-element-b658d91\" data-id=\"b658d91\" data-element_type=\"column\">\n\t\t\t<div class=\"elementor-widget-wrap elementor-element-populated\">\n\t\t\t\t\t\t<div class=\"elementor-element elementor-element-d42225a elementor-widget elementor-widget-naturoteammemberinfo\" data-id=\"d42225a\" data-element_type=\"widget\" data-widget_type=\"naturoteammemberinfo.default\">\n\t\t\t\t<div class=\"elementor-widget-container\">\n\t\t\t\t\t<!-----------------------Start Team Member Info Area-----------------------><section class=\"vs-team-wrapper team-details\"><div class=\"container\"><div class=\"row gx-0 mb-5 align-items-center\"><div class=\"col-lg-5\"><div class=\"team-img\"><img decoding=\"async\" src=\"https:\/\/hunt-armenti.pl\/wp-content\/uploads\/2025\/07\/20240705_213824-scaled-e1751460289153.jpg\" alt=\"20240705_213824 scaled e1751460289153\"  class=\"w-100\" \/><\/div><\/div><div class=\"col-lg-7\"><div class=\"team-info\"><span class=\"degi text-theme\">Din guide till jaktens v\u00e4rld<\/span><h2 class=\"name mb-3\">Micha\u0142 Szczepaniak<\/h2><p class=\"desc fs-md\">Jag har varit involverad i jakt sedan barndomen \u2013 det \u00e4r inte bara en passion, utan framf\u00f6r allt en familjetradition som vi v\u00e5rdar och f\u00f6r vidare fr\u00e5n generation till generation. Jag v\u00e4xte upp i n\u00e4rheten av jaktmarker, d\u00e4r jag l\u00e4rde mig respektera naturen och f\u00f6lja principerna f\u00f6r etisk jakt.\n\nGenom att driva ett jaktkontor kombinerar jag m\u00e5nga \u00e5rs erfarenhet med ett professionellt tillv\u00e4gag\u00e5ngss\u00e4tt f\u00f6r att organisera jakter. Jag str\u00e4var efter att varje j\u00e4gare, oavsett erfarenhetsniv\u00e5, ska kunna r\u00e4kna med komfort, fullst\u00e4ndig s\u00e4kerhet och st\u00f6d i varje steg \u2013 fr\u00e5n planering till genomf\u00f6rande av jakten. Min mission \u00e4r att skapa unika jaktupplevelser som blir of\u00f6rgl\u00f6mliga, samt att fr\u00e4mja medveten och ansvarsfull jakt.<\/p><div class=\"row\"><div class=\"col-md-7 col-lg-9 col-xxl-8\"><table class=\"team-info-table mt-sm-2\"><tbody><tr><td><i class=\"fal fa-folder\"><\/i><strong>Department:<\/strong><\/td><td>Profesjonalny My\u015bliwy<\/td><\/tr><tr><td><i class=\"fal fa-layer-group\"><\/i><strong>Experience:<\/strong><\/td><td>15 lat<\/td><\/tr><tr><td><i class=\"fal fa-envelope\"><\/i><strong>Email:<\/strong><\/td><td><a class=\"text-reset\" href=\"mailto:michal@huntarmenti.pl\">michal@hunt-armenti.pl<\/a><\/td><\/tr><tr><td><i class=\"fal fa-phone\"><\/i><strong>Phone:<\/strong><\/td><td><a class=\"text-reset\" href=\"tel:+48720820470\">+48 720 820 470<\/a><\/td><\/tr><\/tbody><\/table><\/div><\/div><div class=\"team-socials\"><h3 class=\"h6 title\">Member Links:<\/h3><div class=\"vs-social-group\"><a href=\"https:\/\/www.facebook.com\/share\/19GdQ9sx72\/\"><svg aria-hidden=\"true\" class=\"e-font-icon-svg e-fab-facebook-square\" viewBox=\"0 0 448 512\" xmlns=\"http:\/\/www.w3.org\/2000\/svg\"><path d=\"M400 32H48A48 48 0 0 0 0 80v352a48 48 0 0 0 48 48h137.25V327.69h-63V256h63v-54.64c0-62.15 37-96.48 93.67-96.48 27.14 0 55.52 4.84 55.52 4.84v61h-31.27c-30.81 0-40.42 19.12-40.42 38.73V256h68.78l-11 71.69h-57.78V480H400a48 48 0 0 0 48-48V80a48 48 0 0 0-48-48z\"><\/path><\/svg><\/a><a href=\"http:\/\/wa.me\/+48698333711\"><svg aria-hidden=\"true\" class=\"e-font-icon-svg e-fab-whatsapp-square\" viewBox=\"0 0 448 512\" xmlns=\"http:\/\/www.w3.org\/2000\/svg\"><path d=\"M224 122.8c-72.7 0-131.8 59.1-131.9 131.8 0 24.9 7 49.2 20.2 70.1l3.1 5-13.3 48.6 49.9-13.1 4.8 2.9c20.2 12 43.4 18.4 67.1 18.4h.1c72.6 0 133.3-59.1 133.3-131.8 0-35.2-15.2-68.3-40.1-93.2-25-25-58-38.7-93.2-38.7zm77.5 188.4c-3.3 9.3-19.1 17.7-26.7 18.8-12.6 1.9-22.4.9-47.5-9.9-39.7-17.2-65.7-57.2-67.7-59.8-2-2.6-16.2-21.5-16.2-41s10.2-29.1 13.9-33.1c3.6-4 7.9-5 10.6-5 2.6 0 5.3 0 7.6.1 2.4.1 5.7-.9 8.9 6.8 3.3 7.9 11.2 27.4 12.2 29.4s1.7 4.3.3 6.9c-7.6 15.2-15.7 14.6-11.6 21.6 15.3 26.3 30.6 35.4 53.9 47.1 4 2 6.3 1.7 8.6-1 2.3-2.6 9.9-11.6 12.5-15.5 2.6-4 5.3-3.3 8.9-2 3.6 1.3 23.1 10.9 27.1 12.9s6.6 3 7.6 4.6c.9 1.9.9 9.9-2.4 19.1zM400 32H48C21.5 32 0 53.5 0 80v352c0 26.5 21.5 48 48 48h352c26.5 0 48-21.5 48-48V80c0-26.5-21.5-48-48-48zM223.9 413.2c-26.6 0-52.7-6.7-75.8-19.3L64 416l22.5-82.2c-13.9-24-21.2-51.3-21.2-79.3C65.4 167.1 136.5 96 223.9 96c42.4 0 82.2 16.5 112.2 46.5 29.9 30 47.9 69.8 47.9 112.2 0 87.4-72.7 158.5-160.1 158.5z\"><\/path><\/svg><\/a><\/div><\/div><\/div><\/div><\/div><\/div><\/section><!-----------------------End Team Member Info Area----------------------->\t\t\t\t<\/div>\n\t\t\t\t<\/div>\n\t\t\t\t\t<\/div>\n\t\t<\/div>\n\t\t\t\t\t<\/div>\n\t\t<\/section>\n\t\t\t\t\t<\/div>\n\t\t<\/div>\n\t\t\t\t\t<\/div>\n\t\t<\/section>\n\t\t\t\t<\/div>\n\t\t","protected":false},"excerpt":{"rendered":"<p>Vilka \u00e4r vi? &#8211; Om oss Hos oss kommer du att uppt\u00e4cka jaktens sanna ansikte. Vi \u00e4r ett polskt jaktkontor \u2013 vi specialiserar oss p\u00e5 att organisera lagliga, etiska och helt s\u00e4kra jaktresor inom Polen. V\u00e5rt uppdrag \u00e4r att f\u00f6rena passionen f\u00f6r naturen med professionell service p\u00e5 h\u00f6gsta niv\u00e5. Vi tar hand om j\u00e4gare fr\u00e5n&#8230;<\/p>\n","protected":false},"author":1,"featured_media":0,"parent":0,"menu_order":0,"comment_status":"closed","ping_status":"closed","template":"template-builder.php","meta":{"footnotes":""},"class_list":["post-10030","page","type-page","status-publish","hentry"],"jetpack_sharing_enabled":true,"_links":{"self":[{"href":"https:\/\/hunt-armenti.pl\/sv\/wp-json\/wp\/v2\/pages\/10030","targetHints":{"allow":["GET"]}}],"collection":[{"href":"https:\/\/hunt-armenti.pl\/sv\/wp-json\/wp\/v2\/pages"}],"about":[{"href":"https:\/\/hunt-armenti.pl\/sv\/wp-json\/wp\/v2\/types\/page"}],"author":[{"embeddable":true,"href":"https:\/\/hunt-armenti.pl\/sv\/wp-json\/wp\/v2\/users\/1"}],"replies":[{"embeddable":true,"href":"https:\/\/hunt-armenti.pl\/sv\/wp-json\/wp\/v2\/comments?post=10030"}],"version-history":[{"count":9,"href":"https:\/\/hunt-armenti.pl\/sv\/wp-json\/wp\/v2\/pages\/10030\/revisions"}],"predecessor-version":[{"id":10763,"href":"https:\/\/hunt-armenti.pl\/sv\/wp-json\/wp\/v2\/pages\/10030\/revisions\/10763"}],"wp:attachment":[{"href":"https:\/\/hunt-armenti.pl\/sv\/wp-json\/wp\/v2\/media?parent=10030"}],"curies":[{"name":"wp","href":"https:\/\/api.w.org\/{rel}","templated":true}]}}