{"id":9682,"date":"2025-07-02T14:55:48","date_gmt":"2025-07-02T12:55:48","guid":{"rendered":"https:\/\/hunt-armenti.pl\/wspolpraca-z-kolami\/"},"modified":"2025-07-04T17:14:26","modified_gmt":"2025-07-04T15:14:26","slug":"wspolpraca-z-kolami","status":"publish","type":"page","link":"https:\/\/hunt-armenti.pl\/no\/wspolpraca-z-kolami\/","title":{"rendered":"Wsp\u00f3\u0142praca z ko\u0142ami"},"content":{"rendered":"\t\t<div data-elementor-type=\"wp-page\" data-elementor-id=\"9682\" class=\"elementor elementor-9682\" data-elementor-post-type=\"page\">\n\t\t\t\t\t\t<section class=\"elementor-section elementor-top-section elementor-element elementor-element-c9e0e87 elementor-section-full_width elementor-section-stretched elementor-section-height-default elementor-section-height-default\" data-id=\"c9e0e87\" data-element_type=\"section\" data-settings=\"{&quot;stretch_section&quot;:&quot;section-stretched&quot;}\">\n\t\t\t\t\t\t<div class=\"elementor-container elementor-column-gap-no\">\n\t\t\t\t\t<div class=\"elementor-column elementor-col-100 elementor-top-column elementor-element elementor-element-2ab0d4d\" data-id=\"2ab0d4d\" data-element_type=\"column\">\n\t\t\t<div class=\"elementor-widget-wrap elementor-element-populated\">\n\t\t\t\t\t\t<section class=\"elementor-section elementor-inner-section elementor-element elementor-element-dbffc27 elementor-section-content-middle elementor-section-boxed elementor-section-height-default elementor-section-height-default\" data-id=\"dbffc27\" data-element_type=\"section\">\n\t\t\t\t\t\t<div class=\"elementor-container elementor-column-gap-no\">\n\t\t\t\t\t<div class=\"elementor-column elementor-col-50 elementor-inner-column elementor-element elementor-element-d8092b9\" data-id=\"d8092b9\" data-element_type=\"column\">\n\t\t\t<div class=\"elementor-widget-wrap elementor-element-populated\">\n\t\t\t\t\t\t<div class=\"elementor-element elementor-element-06ca3b4 style-2 elementor-widget elementor-widget-naturosectiontitle\" data-id=\"06ca3b4\" data-element_type=\"widget\" data-widget_type=\"naturosectiontitle.default\">\n\t\t\t\t<div class=\"elementor-widget-container\">\n\t\t\t\t\t<div class=\"section-title\" ><h4 class=\"sec-title1 subtitle-selector\">Samarbeid<\/h4><div class=\"sec_line\"><img decoding=\"async\" src=\"https:\/\/wordpress.vecurosoft.com\/huntar\/wp-content\/uploads\/2021\/11\/about-line-1.png\" alt=\"about line 1\"  class=\"mb-4\" \/><\/div><h2 class=\"sec-title2 text-title2 mt-1 title-selector\">Sammen kan vi gjennomf\u00f8re jaktopplevelser p\u00e5 aller h\u00f8yeste niv\u00e5.<\/h2><p class=\"desc\">Vi inviterer gjerne interesserte jaktlag og foreninger til \u00e5 ta kontakt med v\u00e5rt kontor for \u00e5 diskutere muligheter for samarbeid. Vi tilbyr profesjonell organisering av jaktturer med erfarne og ansvarlige jegere som setter sikkerhet og jaktetikk i h\u00f8ysetet. Sammen kan vi gjennomf\u00f8re jakt p\u00e5 h\u00f8yeste niv\u00e5 \u2013 med komfort, trygghet og respekt for naturen som fundament. Vi er \u00e5pne for langsiktige partnerskap basert p\u00e5 gjensidig tillit og felles verdier knyttet til b\u00e6rekraftig viltforvaltning.<\/p><\/div>\t\t\t\t<\/div>\n\t\t\t\t<\/div>\n\t\t\t\t<div class=\"elementor-element elementor-element-63f0fd2 elementor-widget__width-auto elementor-widget elementor-widget-naturobutton\" data-id=\"63f0fd2\" data-element_type=\"widget\" data-widget_type=\"naturobutton.default\">\n\t\t\t\t<div class=\"elementor-widget-container\">\n\t\t\t\t\t<!-- Button --><div class=\"btn-wrapper\"><a class=\"vs-btn style-1\" href=\"https:\/\/hunt-armenti.pl\/no\/kontakt\/\"><span><i class=\"fal fa-paw\"><\/i><\/span> Grip eventyret<\/a><\/div><!-- End Button -->\t\t\t\t<\/div>\n\t\t\t\t<\/div>\n\t\t\t\t<div class=\"elementor-element elementor-element-49f675f elementor-widget__width-auto elementor-widget elementor-widget-html\" data-id=\"49f675f\" data-element_type=\"widget\" data-widget_type=\"html.default\">\n\t\t\t\t<div class=\"elementor-widget-container\">\n\t\t\t\t\t<div class=\"call-media\"><div class=\"media-icon\"><i class=\"fas fa-phone-alt\"><\/i><\/div><div class=\"media-body\"><span class=\"media-label\">Ring n\u00e5!<\/span><p class=\"media-info\"><a href=\"tel:+48720820470\" class=\"text-inherit\">+48 720 820 470<\/a><\/p> <\/div><\/div>\t\t\t\t<\/div>\n\t\t\t\t<\/div>\n\t\t\t\t\t<\/div>\n\t\t<\/div>\n\t\t\t\t<div class=\"elementor-column elementor-col-50 elementor-inner-column elementor-element elementor-element-dd6fa25\" data-id=\"dd6fa25\" data-element_type=\"column\">\n\t\t\t<div class=\"elementor-widget-wrap elementor-element-populated\">\n\t\t\t\t\t\t<div class=\"elementor-element elementor-element-769e650 elementor-widget elementor-widget-image\" data-id=\"769e650\" data-element_type=\"widget\" data-widget_type=\"image.default\">\n\t\t\t\t<div class=\"elementor-widget-container\">\n\t\t\t\t\t\t\t\t\t\t\t\t\t\t\t<img decoding=\"async\" src=\"https:\/\/hunt-armenti.pl\/wp-content\/uploads\/elementor\/thumbs\/pexels-tima-miroshnichenko-6204608-scaled-r86cyoxw7i4xr68kzfmhmcxpxq5z6zr94ky98rebn4.jpg\" title=\"pexels-tima-miroshnichenko-6204608\" alt=\"pexels-tima-miroshnichenko-6204608\" loading=\"lazy\" \/>\t\t\t\t\t\t\t\t\t\t\t\t\t\t\t<\/div>\n\t\t\t\t<\/div>\n\t\t\t\t\t<\/div>\n\t\t<\/div>\n\t\t\t\t\t<\/div>\n\t\t<\/section>\n\t\t\t\t\t<\/div>\n\t\t<\/div>\n\t\t\t\t\t<\/div>\n\t\t<\/section>\n\t\t\t\t<\/div>\n\t\t","protected":false},"excerpt":{"rendered":"<p>Samarbeid Sammen kan vi gjennomf\u00f8re jaktopplevelser p\u00e5 aller h\u00f8yeste niv\u00e5. Vi inviterer gjerne interesserte jaktlag og foreninger til \u00e5 ta kontakt med v\u00e5rt kontor for \u00e5 diskutere muligheter for samarbeid. Vi tilbyr profesjonell organisering av jaktturer med erfarne og ansvarlige jegere som setter sikkerhet og jaktetikk i h\u00f8ysetet. Sammen kan vi gjennomf\u00f8re jakt p\u00e5 h\u00f8yeste&#8230;<\/p>\n","protected":false},"author":1,"featured_media":0,"parent":0,"menu_order":0,"comment_status":"closed","ping_status":"closed","template":"","meta":{"footnotes":""},"class_list":["post-9682","page","type-page","status-publish","hentry"],"jetpack_sharing_enabled":true,"_links":{"self":[{"href":"https:\/\/hunt-armenti.pl\/no\/wp-json\/wp\/v2\/pages\/9682","targetHints":{"allow":["GET"]}}],"collection":[{"href":"https:\/\/hunt-armenti.pl\/no\/wp-json\/wp\/v2\/pages"}],"about":[{"href":"https:\/\/hunt-armenti.pl\/no\/wp-json\/wp\/v2\/types\/page"}],"author":[{"embeddable":true,"href":"https:\/\/hunt-armenti.pl\/no\/wp-json\/wp\/v2\/users\/1"}],"replies":[{"embeddable":true,"href":"https:\/\/hunt-armenti.pl\/no\/wp-json\/wp\/v2\/comments?post=9682"}],"version-history":[{"count":9,"href":"https:\/\/hunt-armenti.pl\/no\/wp-json\/wp\/v2\/pages\/9682\/revisions"}],"predecessor-version":[{"id":10654,"href":"https:\/\/hunt-armenti.pl\/no\/wp-json\/wp\/v2\/pages\/9682\/revisions\/10654"}],"wp:attachment":[{"href":"https:\/\/hunt-armenti.pl\/no\/wp-json\/wp\/v2\/media?parent=9682"}],"curies":[{"name":"wp","href":"https:\/\/api.w.org\/{rel}","templated":true}]}}