{"id":9672,"date":"2021-11-23T08:28:23","date_gmt":"2021-11-23T07:28:23","guid":{"rendered":"https:\/\/hunt-armenti.pl\/polowanie-na-sarny-kozly\/"},"modified":"2025-07-04T17:14:23","modified_gmt":"2025-07-04T15:14:23","slug":"polowanie-na-sarny-kozly","status":"publish","type":"page","link":"https:\/\/hunt-armenti.pl\/no\/polowanie-na-sarny-kozly\/","title":{"rendered":"Polowanie na Sarny \u2013 Koz\u0142y"},"content":{"rendered":"\t\t<div data-elementor-type=\"wp-page\" data-elementor-id=\"9672\" class=\"elementor elementor-9672\" data-elementor-post-type=\"page\">\n\t\t\t\t\t\t<section class=\"elementor-section elementor-top-section elementor-element elementor-element-5bed227 elementor-section-full_width elementor-section-height-default elementor-section-height-default\" data-id=\"5bed227\" data-element_type=\"section\">\n\t\t\t\t\t\t<div class=\"elementor-container elementor-column-gap-no\">\n\t\t\t\t\t<div class=\"elementor-column elementor-col-100 elementor-top-column elementor-element elementor-element-0ae4ee7\" data-id=\"0ae4ee7\" data-element_type=\"column\">\n\t\t\t<div class=\"elementor-widget-wrap elementor-element-populated\">\n\t\t\t\t\t\t<section class=\"elementor-section elementor-inner-section elementor-element elementor-element-72d2379 elementor-section-boxed elementor-section-height-default elementor-section-height-default\" data-id=\"72d2379\" data-element_type=\"section\">\n\t\t\t\t\t\t<div class=\"elementor-container elementor-column-gap-no\">\n\t\t\t\t\t<div class=\"elementor-column elementor-col-100 elementor-inner-column elementor-element elementor-element-28a4398\" data-id=\"28a4398\" data-element_type=\"column\">\n\t\t\t<div class=\"elementor-widget-wrap elementor-element-populated\">\n\t\t\t\t\t\t<div class=\"elementor-element elementor-element-69db11f elementor-widget elementor-widget-naturomegahover\" data-id=\"69db11f\" data-element_type=\"widget\" data-widget_type=\"naturomegahover.default\">\n\t\t\t\t<div class=\"elementor-widget-container\">\n\t\t\t\t\t<div class=\"mega-img-box\"><div class=\"img-1\"><div class=\"mega-hover\"><img decoding=\"async\" src=\"https:\/\/hunt-armenti.pl\/wp-content\/uploads\/2025\/07\/roe-deer-8840146_1280-1.jpg\" alt=\"roe deer 8840146_1280 1\"  class=\"w-100\" \/><\/div><\/div><\/div>\t\t\t\t<\/div>\n\t\t\t\t<\/div>\n\t\t\t\t\t<\/div>\n\t\t<\/div>\n\t\t\t\t\t<\/div>\n\t\t<\/section>\n\t\t\t\t\t<\/div>\n\t\t<\/div>\n\t\t\t\t\t<\/div>\n\t\t<\/section>\n\t\t\t\t<section class=\"elementor-section elementor-top-section elementor-element elementor-element-78be942 elementor-section-full_width elementor-section-height-default elementor-section-height-default\" data-id=\"78be942\" data-element_type=\"section\">\n\t\t\t\t\t\t<div class=\"elementor-container elementor-column-gap-default\">\n\t\t\t\t\t<div class=\"elementor-column elementor-col-100 elementor-top-column elementor-element elementor-element-b19da3f\" data-id=\"b19da3f\" data-element_type=\"column\">\n\t\t\t<div class=\"elementor-widget-wrap elementor-element-populated\">\n\t\t\t\t\t\t<section class=\"elementor-section elementor-inner-section elementor-element elementor-element-af42c91 elementor-section-boxed elementor-section-height-default elementor-section-height-default\" data-id=\"af42c91\" data-element_type=\"section\">\n\t\t\t\t\t\t<div class=\"elementor-container elementor-column-gap-no\">\n\t\t\t\t\t<div class=\"elementor-column elementor-col-100 elementor-inner-column elementor-element elementor-element-b23600a\" data-id=\"b23600a\" data-element_type=\"column\">\n\t\t\t<div class=\"elementor-widget-wrap elementor-element-populated\">\n\t\t\t\t\t\t<div class=\"elementor-element elementor-element-0d84262 elementor-widget elementor-widget-heading\" data-id=\"0d84262\" data-element_type=\"widget\" data-widget_type=\"heading.default\">\n\t\t\t\t<div class=\"elementor-widget-container\">\n\t\t\t\t\t<h2 class=\"elementor-heading-title elementor-size-default\">R\u00e5dyrbukkjakt \u2013 presisjon, utfordring og ekte jegerglede<\/h2>\t\t\t\t<\/div>\n\t\t\t\t<\/div>\n\t\t\t\t<div class=\"elementor-element elementor-element-1a26fd4 elementor-widget elementor-widget-text-editor\" data-id=\"1a26fd4\" data-element_type=\"widget\" data-widget_type=\"text-editor.default\">\n\t\t\t\t<div class=\"elementor-widget-container\">\n\t\t\t\t\t\t\t\t\t<p class=\"mb-55\">\u00c5 jakte p\u00e5 r\u00e5dyrbukker er en klassiker innen europeisk jakttradisjon \u2013 en kombinasjon av eleganse, skarpskyting og spennende jaktforhold. Det er et ideelt valg for jegere som setter pris p\u00e5 aktiv jakt, sporing og seleksjon \u2013 og som dr\u00f8mmer om \u00e5 sikre seg et vakkert trof\u00e9 i form av geviret.<\/p>\t\t\t\t\t\t\t\t<\/div>\n\t\t\t\t<\/div>\n\t\t\t\t<div class=\"elementor-element elementor-element-b566854 elementor-widget elementor-widget-heading\" data-id=\"b566854\" data-element_type=\"widget\" data-widget_type=\"heading.default\">\n\t\t\t\t<div class=\"elementor-widget-container\">\n\t\t\t\t\t<h2 class=\"elementor-heading-title elementor-size-default\">R\u00e5dyrbukken \u2013 smidig og \u00e5rv\u00e5ken<\/h2>\t\t\t\t<\/div>\n\t\t\t\t<\/div>\n\t\t\t\t<div class=\"elementor-element elementor-element-b41bce3 elementor-widget elementor-widget-text-editor\" data-id=\"b41bce3\" data-element_type=\"widget\" data-widget_type=\"text-editor.default\">\n\t\t\t\t<div class=\"elementor-widget-container\">\n\t\t\t\t\t\t\t\t\t<p>Det europeiske r\u00e5dyret (<em data-start=\"414\" data-end=\"435\">Capreolus capreolus<\/em>) er en liten, elegant og s\u00e6rdeles varsom skapning som trives i skogkanter, \u00e5kerlandskap og krattskog. Bukkene utvikler karakteristiske gevir i l\u00f8pet av sesongen \u2013 et symbol p\u00e5 jaktlig suksess og prestisje.<\/p>\t\t\t\t\t\t\t\t<\/div>\n\t\t\t\t<\/div>\n\t\t\t\t<div class=\"elementor-element elementor-element-2729be4 elementor-widget elementor-widget-heading\" data-id=\"2729be4\" data-element_type=\"widget\" data-widget_type=\"heading.default\">\n\t\t\t\t<div class=\"elementor-widget-container\">\n\t\t\t\t\t<h2 class=\"elementor-heading-title elementor-size-default\">Jakttid for r\u00e5dyrbukker:<\/h2>\t\t\t\t<\/div>\n\t\t\t\t<\/div>\n\t\t\t\t<div class=\"elementor-element elementor-element-d73c608 elementor-widget elementor-widget-text-editor\" data-id=\"d73c608\" data-element_type=\"widget\" data-widget_type=\"text-editor.default\">\n\t\t\t\t<div class=\"elementor-widget-container\">\n\t\t\t\t\t\t\t\t\t<div class=\"_tableContainer_80l1q_1\"><div class=\"_tableWrapper_80l1q_14 group flex w-fit flex-col-reverse\" tabindex=\"-1\"><table class=\"w-fit min-w-(--thread-content-width)\" data-start=\"682\" data-end=\"780\"><thead data-start=\"682\" data-end=\"707\"><tr data-start=\"682\" data-end=\"707\"><th data-start=\"682\" data-end=\"688\" data-col-size=\"sm\">Art<\/th><th data-start=\"688\" data-end=\"696\" data-col-size=\"sm\">Kj\u00f8nn<\/th><th data-start=\"696\" data-end=\"707\" data-col-size=\"sm\">Jakttid<\/th><\/tr><\/thead><tbody data-start=\"738\" data-end=\"780\"><tr data-start=\"738\" data-end=\"780\"><td data-start=\"738\" data-end=\"746\" data-col-size=\"sm\">R\u00e5dyr<\/td><td data-start=\"746\" data-end=\"753\" data-col-size=\"sm\">Bukk<\/td><td data-start=\"753\" data-end=\"780\" data-col-size=\"sm\">11. mai \u2013 30. september<\/td><\/tr><\/tbody><\/table><div class=\"sticky end-(--thread-content-margin) h-0 self-end select-none\"><div class=\"absolute end-0 flex items-end\">\u00a0<\/div><\/div><\/div><\/div><p data-start=\"782\" data-end=\"893\">V\u00e5r- og sommerjakten gir optimale forhold for \u00e5 observere og jakte p\u00e5 aktive bukker i \u00e5pne omr\u00e5der og skogbryn.<\/p>\t\t\t\t\t\t\t\t<\/div>\n\t\t\t\t<\/div>\n\t\t\t\t<div class=\"elementor-element elementor-element-9717b8c elementor-widget elementor-widget-heading\" data-id=\"9717b8c\" data-element_type=\"widget\" data-widget_type=\"heading.default\">\n\t\t\t\t<div class=\"elementor-widget-container\">\n\t\t\t\t\t<h2 class=\"elementor-heading-title elementor-size-default\">Jaktformer<\/h2>\t\t\t\t<\/div>\n\t\t\t\t<\/div>\n\t\t\t\t<div class=\"elementor-element elementor-element-984cd5b elementor-widget elementor-widget-text-editor\" data-id=\"984cd5b\" data-element_type=\"widget\" data-widget_type=\"text-editor.default\">\n\t\t\t\t<div class=\"elementor-widget-container\">\n\t\t\t\t\t\t\t\t\t<ul><li data-start=\"920\" data-end=\"1045\"><p data-start=\"922\" data-end=\"1045\"><strong data-start=\"922\" data-end=\"963\">Smygjakt (p\u00e5 \u00e5pent land eller i skog)<\/strong> \u2013 Den mest popul\u00e6re formen, ideell for jegere som liker \u00e5 snike seg innp\u00e5 byttet.<\/p><\/li><li data-start=\"1046\" data-end=\"1131\"><p data-start=\"1048\" data-end=\"1131\"><strong data-start=\"1048\" data-end=\"1069\">Postjakt fra t\u00e5rn<\/strong> \u2013 S\u00e6rlig effektiv p\u00e5 kvelden n\u00e5r bukkene trekker ut p\u00e5 beite.<\/p><\/li><\/ul>\t\t\t\t\t\t\t\t<\/div>\n\t\t\t\t<\/div>\n\t\t\t\t<div class=\"elementor-element elementor-element-7ac5bee elementor-widget elementor-widget-heading\" data-id=\"7ac5bee\" data-element_type=\"widget\" data-widget_type=\"heading.default\">\n\t\t\t\t<div class=\"elementor-widget-container\">\n\t\t\t\t\t<h2 class=\"elementor-heading-title elementor-size-default\">Hvem passer dette for?<\/h2>\t\t\t\t<\/div>\n\t\t\t\t<\/div>\n\t\t\t\t<div class=\"elementor-element elementor-element-d971d47 elementor-widget elementor-widget-text-editor\" data-id=\"d971d47\" data-element_type=\"widget\" data-widget_type=\"text-editor.default\">\n\t\t\t\t<div class=\"elementor-widget-container\">\n\t\t\t\t\t\t\t\t\t<ul><li data-start=\"1170\" data-end=\"1223\"><p data-start=\"1172\" data-end=\"1223\">Jegere som \u00f8nsker et unikt og estetisk gevirtrof\u00e9<\/p><\/li><li data-start=\"1224\" data-end=\"1272\"><p data-start=\"1226\" data-end=\"1272\">De som foretrekker aktiv og utfordrende jakt<\/p><\/li><li data-start=\"1273\" data-end=\"1326\"><p data-start=\"1275\" data-end=\"1326\">Naturentusiaster som \u00f8nsker n\u00e6rkontakt med viltet<\/p><\/li><li data-start=\"1327\" data-end=\"1396\"><p data-start=\"1329\" data-end=\"1396\">Klienter som vil kombinere jakt med \u00e5 oppleve vakre polske landskap<\/p><\/li><\/ul>\t\t\t\t\t\t\t\t<\/div>\n\t\t\t\t<\/div>\n\t\t\t\t<div class=\"elementor-element elementor-element-790507b elementor-widget elementor-widget-heading\" data-id=\"790507b\" data-element_type=\"widget\" data-widget_type=\"heading.default\">\n\t\t\t\t<div class=\"elementor-widget-container\">\n\t\t\t\t\t<h2 class=\"elementor-heading-title elementor-size-default\">Hva vi tilbyr<\/h2>\t\t\t\t<\/div>\n\t\t\t\t<\/div>\n\t\t\t\t<div class=\"elementor-element elementor-element-a3e9280 elementor-widget elementor-widget-text-editor\" data-id=\"a3e9280\" data-element_type=\"widget\" data-widget_type=\"text-editor.default\">\n\t\t\t\t<div class=\"elementor-widget-container\">\n\t\t\t\t\t\t\t\t\t<ul><li data-start=\"1426\" data-end=\"1474\"><p data-start=\"1428\" data-end=\"1474\">Tilgang til omr\u00e5der med h\u00f8y bestand av r\u00e5dyr<\/p><\/li><li data-start=\"1475\" data-end=\"1528\"><p data-start=\"1477\" data-end=\"1528\">Lokale guider med inng\u00e5ende kunnskap om terrenget<\/p><\/li><li data-start=\"1529\" data-end=\"1557\"><p data-start=\"1531\" data-end=\"1557\">Overnatting og logistikk<\/p><\/li><li data-start=\"1558\" data-end=\"1603\"><p data-start=\"1560\" data-end=\"1603\">Hjelp med trof\u00e9vurdering og dokumentasjon<\/p><\/li><li data-start=\"1604\" data-end=\"1657\"><p data-start=\"1606\" data-end=\"1657\">Tilrettelegging for preparering og eksport av trof\u00e9<\/p><\/li><\/ul>\t\t\t\t\t\t\t\t<\/div>\n\t\t\t\t<\/div>\n\t\t\t\t<div class=\"elementor-element elementor-element-e4b9859 elementor-widget elementor-widget-naturobutton\" data-id=\"e4b9859\" data-element_type=\"widget\" data-widget_type=\"naturobutton.default\">\n\t\t\t\t<div class=\"elementor-widget-container\">\n\t\t\t\t\t<!-- Button --><div class=\"btn-wrapper\"><a class=\"vs-btn style-1\" href=\"https:\/\/hunt-armenti.pl\/no\/kontakt\/\"><span><i class=\"fal fa-paw\"><\/i><\/span> Kontakt oss<\/a><\/div><!-- End Button -->\t\t\t\t<\/div>\n\t\t\t\t<\/div>\n\t\t\t\t\t<\/div>\n\t\t<\/div>\n\t\t\t\t\t<\/div>\n\t\t<\/section>\n\t\t\t\t\t<\/div>\n\t\t<\/div>\n\t\t\t\t\t<\/div>\n\t\t<\/section>\n\t\t\t\t<\/div>\n\t\t","protected":false},"excerpt":{"rendered":"<p>R\u00e5dyrbukkjakt \u2013 presisjon, utfordring og ekte jegerglede \u00c5 jakte p\u00e5 r\u00e5dyrbukker er en klassiker innen europeisk jakttradisjon \u2013 en kombinasjon av eleganse, skarpskyting og spennende jaktforhold. Det er et ideelt valg for jegere som setter pris p\u00e5 aktiv jakt, sporing og seleksjon \u2013 og som dr\u00f8mmer om \u00e5 sikre seg et vakkert trof\u00e9 i form&#8230;<\/p>\n","protected":false},"author":1,"featured_media":0,"parent":0,"menu_order":0,"comment_status":"closed","ping_status":"closed","template":"template-builder.php","meta":{"footnotes":""},"class_list":["post-9672","page","type-page","status-publish","hentry"],"jetpack_sharing_enabled":true,"_links":{"self":[{"href":"https:\/\/hunt-armenti.pl\/no\/wp-json\/wp\/v2\/pages\/9672","targetHints":{"allow":["GET"]}}],"collection":[{"href":"https:\/\/hunt-armenti.pl\/no\/wp-json\/wp\/v2\/pages"}],"about":[{"href":"https:\/\/hunt-armenti.pl\/no\/wp-json\/wp\/v2\/types\/page"}],"author":[{"embeddable":true,"href":"https:\/\/hunt-armenti.pl\/no\/wp-json\/wp\/v2\/users\/1"}],"replies":[{"embeddable":true,"href":"https:\/\/hunt-armenti.pl\/no\/wp-json\/wp\/v2\/comments?post=9672"}],"version-history":[{"count":6,"href":"https:\/\/hunt-armenti.pl\/no\/wp-json\/wp\/v2\/pages\/9672\/revisions"}],"predecessor-version":[{"id":10651,"href":"https:\/\/hunt-armenti.pl\/no\/wp-json\/wp\/v2\/pages\/9672\/revisions\/10651"}],"wp:attachment":[{"href":"https:\/\/hunt-armenti.pl\/no\/wp-json\/wp\/v2\/media?parent=9672"}],"curies":[{"name":"wp","href":"https:\/\/api.w.org\/{rel}","templated":true}]}}