{"id":9671,"date":"2025-07-02T19:27:23","date_gmt":"2025-07-02T17:27:23","guid":{"rendered":"https:\/\/hunt-armenti.pl\/polowanie-na-jelenie-byki\/"},"modified":"2025-07-04T17:14:17","modified_gmt":"2025-07-04T15:14:17","slug":"polowanie-na-jelenie-byki","status":"publish","type":"page","link":"https:\/\/hunt-armenti.pl\/no\/polowanie-na-jelenie-byki\/","title":{"rendered":"Polowanie na Jelenie \u2013 Byki"},"content":{"rendered":"\t\t<div data-elementor-type=\"wp-page\" data-elementor-id=\"9671\" class=\"elementor elementor-9671\" data-elementor-post-type=\"page\">\n\t\t\t\t\t\t<section class=\"elementor-section elementor-top-section elementor-element elementor-element-5bed227 elementor-section-full_width elementor-section-height-default elementor-section-height-default\" data-id=\"5bed227\" data-element_type=\"section\">\n\t\t\t\t\t\t<div class=\"elementor-container elementor-column-gap-no\">\n\t\t\t\t\t<div class=\"elementor-column elementor-col-100 elementor-top-column elementor-element elementor-element-0ae4ee7\" data-id=\"0ae4ee7\" data-element_type=\"column\">\n\t\t\t<div class=\"elementor-widget-wrap elementor-element-populated\">\n\t\t\t\t\t\t<section class=\"elementor-section elementor-inner-section elementor-element elementor-element-72d2379 elementor-section-boxed elementor-section-height-default elementor-section-height-default\" data-id=\"72d2379\" data-element_type=\"section\">\n\t\t\t\t\t\t<div class=\"elementor-container elementor-column-gap-no\">\n\t\t\t\t\t<div class=\"elementor-column elementor-col-100 elementor-inner-column elementor-element elementor-element-28a4398\" data-id=\"28a4398\" data-element_type=\"column\">\n\t\t\t<div class=\"elementor-widget-wrap elementor-element-populated\">\n\t\t\t\t\t\t<div class=\"elementor-element elementor-element-69db11f elementor-widget elementor-widget-naturomegahover\" data-id=\"69db11f\" data-element_type=\"widget\" data-widget_type=\"naturomegahover.default\">\n\t\t\t\t<div class=\"elementor-widget-container\">\n\t\t\t\t\t<div class=\"mega-img-box\"><div class=\"img-1\"><div class=\"mega-hover\"><img decoding=\"async\" src=\"https:\/\/hunt-armenti.pl\/wp-content\/uploads\/2025\/07\/reindeer-1323000_1920.jpg\" alt=\"reindeer 1323000_1920\"  class=\"w-100\" \/><\/div><\/div><\/div>\t\t\t\t<\/div>\n\t\t\t\t<\/div>\n\t\t\t\t\t<\/div>\n\t\t<\/div>\n\t\t\t\t\t<\/div>\n\t\t<\/section>\n\t\t\t\t\t<\/div>\n\t\t<\/div>\n\t\t\t\t\t<\/div>\n\t\t<\/section>\n\t\t\t\t<section class=\"elementor-section elementor-top-section elementor-element elementor-element-ead7340 elementor-section-full_width elementor-section-height-default elementor-section-height-default\" data-id=\"ead7340\" data-element_type=\"section\">\n\t\t\t\t\t\t<div class=\"elementor-container elementor-column-gap-default\">\n\t\t\t\t\t<div class=\"elementor-column elementor-col-100 elementor-top-column elementor-element elementor-element-736f966\" data-id=\"736f966\" data-element_type=\"column\">\n\t\t\t<div class=\"elementor-widget-wrap elementor-element-populated\">\n\t\t\t\t\t\t<section class=\"elementor-section elementor-inner-section elementor-element elementor-element-5aba318 elementor-section-boxed elementor-section-height-default elementor-section-height-default\" data-id=\"5aba318\" data-element_type=\"section\">\n\t\t\t\t\t\t<div class=\"elementor-container elementor-column-gap-no\">\n\t\t\t\t\t<div class=\"elementor-column elementor-col-100 elementor-inner-column elementor-element elementor-element-8ec48b4\" data-id=\"8ec48b4\" data-element_type=\"column\">\n\t\t\t<div class=\"elementor-widget-wrap elementor-element-populated\">\n\t\t\t\t\t\t<div class=\"elementor-element elementor-element-2b06d3f elementor-widget elementor-widget-heading\" data-id=\"2b06d3f\" data-element_type=\"widget\" data-widget_type=\"heading.default\">\n\t\t\t\t<div class=\"elementor-widget-container\">\n\t\t\t\t\t<h2 class=\"elementor-heading-title elementor-size-default\">Hjortejakt \u2013 h\u00f8ydepunktet i jaktsesongen<\/h2>\t\t\t\t<\/div>\n\t\t\t\t<\/div>\n\t\t\t\t<div class=\"elementor-element elementor-element-69eebd9 elementor-widget elementor-widget-text-editor\" data-id=\"69eebd9\" data-element_type=\"widget\" data-widget_type=\"text-editor.default\">\n\t\t\t\t<div class=\"elementor-widget-container\">\n\t\t\t\t\t\t\t\t\t<p class=\"mb-55\">\u00c5 jakte p\u00e5 kronhjort (Cervus elaphus) under brunst er selve dr\u00f8mmen for mange jegere. Dette er ikke bare jakt \u2013 det er en r\u00e5 og majestetisk opplevelse, der naturens egne lover spiller hovedrollen. Under br\u00f8let, n\u00e5r skogens konger konkurrerer om simlene, f\u00e5r du sjansen til \u00e5 se \u2013 og h\u00f8re \u2013 ekte vilt i sitt mest intense element.<\/p>\t\t\t\t\t\t\t\t<\/div>\n\t\t\t\t<\/div>\n\t\t\t\t<div class=\"elementor-element elementor-element-751fae6 elementor-widget elementor-widget-heading\" data-id=\"751fae6\" data-element_type=\"widget\" data-widget_type=\"heading.default\">\n\t\t\t\t<div class=\"elementor-widget-container\">\n\t\t\t\t\t<h2 class=\"elementor-heading-title elementor-size-default\">Kronhjorten \u2013 stoltheten i polske skoger<\/h2>\t\t\t\t<\/div>\n\t\t\t\t<\/div>\n\t\t\t\t<div class=\"elementor-element elementor-element-2eeb5a6 elementor-widget elementor-widget-text-editor\" data-id=\"2eeb5a6\" data-element_type=\"widget\" data-widget_type=\"text-editor.default\">\n\t\t\t\t<div class=\"elementor-widget-container\">\n\t\t\t\t\t\t\t\t\t<p>Den st\u00f8rste av hjorteviltartene i Polen kan veie opptil 250 kg. Trof\u00e9et, i form av et kraftig og vakkert gevir, kan oppn\u00e5 medaljeklasse \u2013 bronse, s\u00f8lv eller gull \u2013 avhengig av alder, genetikk og habitat.<\/p>\t\t\t\t\t\t\t\t<\/div>\n\t\t\t\t<\/div>\n\t\t\t\t<div class=\"elementor-element elementor-element-09b52aa elementor-widget elementor-widget-heading\" data-id=\"09b52aa\" data-element_type=\"widget\" data-widget_type=\"heading.default\">\n\t\t\t\t<div class=\"elementor-widget-container\">\n\t\t\t\t\t<h2 class=\"elementor-heading-title elementor-size-default\">Jakttid p\u00e5 hjortebukk:\n<\/h2>\t\t\t\t<\/div>\n\t\t\t\t<\/div>\n\t\t\t\t<div class=\"elementor-element elementor-element-d2f3e9e elementor-widget elementor-widget-text-editor\" data-id=\"d2f3e9e\" data-element_type=\"widget\" data-widget_type=\"text-editor.default\">\n\t\t\t\t<div class=\"elementor-widget-container\">\n\t\t\t\t\t\t\t\t\t<div class=\"_tableContainer_80l1q_1\"><div class=\"_tableWrapper_80l1q_14 group flex w-fit flex-col-reverse\" tabindex=\"-1\"><table class=\"w-fit min-w-(--thread-content-width)\" data-start=\"676\" data-end=\"777\"><thead data-start=\"676\" data-end=\"700\"><tr data-start=\"676\" data-end=\"700\"><th data-start=\"676\" data-end=\"682\" data-col-size=\"sm\">Art<\/th><th data-start=\"682\" data-end=\"689\" data-col-size=\"sm\">Type<\/th><th data-start=\"689\" data-end=\"700\" data-col-size=\"sm\">Jakttid<\/th><\/tr><\/thead><tbody data-start=\"730\" data-end=\"777\"><tr data-start=\"730\" data-end=\"777\"><td data-start=\"730\" data-end=\"742\" data-col-size=\"sm\">Kronhjort<\/td><td data-start=\"742\" data-end=\"749\" data-col-size=\"sm\">Bukk<\/td><td data-start=\"749\" data-end=\"777\" data-col-size=\"sm\">21. august \u2013 28. februar<\/td><\/tr><\/tbody><\/table><div class=\"sticky end-(--thread-content-margin) h-0 self-end select-none\"><div class=\"absolute end-0 flex items-end\">\u00a0<\/div><\/div><\/div><\/div><p data-start=\"779\" data-end=\"883\"><strong data-start=\"779\" data-end=\"793\">Beste tid:<\/strong> September \u2013 brunsten\/br\u00f8let, n\u00e5r hjortene er mest aktive og lette \u00e5 lokalisere via lyden.<\/p>\t\t\t\t\t\t\t\t<\/div>\n\t\t\t\t<\/div>\n\t\t\t\t<div class=\"elementor-element elementor-element-c3991c3 elementor-widget elementor-widget-heading\" data-id=\"c3991c3\" data-element_type=\"widget\" data-widget_type=\"heading.default\">\n\t\t\t\t<div class=\"elementor-widget-container\">\n\t\t\t\t\t<h2 class=\"elementor-heading-title elementor-size-default\">Jaktformer:<\/h2>\t\t\t\t<\/div>\n\t\t\t\t<\/div>\n\t\t\t\t<div class=\"elementor-element elementor-element-a5c2316 elementor-widget elementor-widget-text-editor\" data-id=\"a5c2316\" data-element_type=\"widget\" data-widget_type=\"text-editor.default\">\n\t\t\t\t<div class=\"elementor-widget-container\">\n\t\t\t\t\t\t\t\t\t<ul><li data-start=\"911\" data-end=\"1020\"><p data-start=\"913\" data-end=\"1020\"><strong data-start=\"913\" data-end=\"926\">Smygjakt:<\/strong> For erfarne jegere \u2013 spennende og utfordrende, krever god terrengkunnskap og sporingsevner.<\/p><\/li><li data-start=\"1021\" data-end=\"1111\"><p data-start=\"1023\" data-end=\"1111\"><strong data-start=\"1023\" data-end=\"1043\">Postjakt (t\u00e5rn):<\/strong> Perfekt i brunstperioden n\u00e5r hjortene trekker ut p\u00e5 \u00e5pne omr\u00e5der.<\/p><\/li><li data-start=\"1112\" data-end=\"1170\"><p data-start=\"1114\" data-end=\"1170\"><strong data-start=\"1114\" data-end=\"1128\">Lokkejakt:<\/strong> Med bruk av profesjonelle brunstlokker.<\/p><\/li><li data-start=\"1171\" data-end=\"1250\"><p data-start=\"1173\" data-end=\"1250\"><strong data-start=\"1173\" data-end=\"1188\">Vinterjakt:<\/strong> N\u00e5r br\u00f8let er over, men spor og matplasser gir nye sjanser.<\/p><\/li><\/ul>\t\t\t\t\t\t\t\t<\/div>\n\t\t\t\t<\/div>\n\t\t\t\t<div class=\"elementor-element elementor-element-b33df1a elementor-widget elementor-widget-heading\" data-id=\"b33df1a\" data-element_type=\"widget\" data-widget_type=\"heading.default\">\n\t\t\t\t<div class=\"elementor-widget-container\">\n\t\t\t\t\t<h2 class=\"elementor-heading-title elementor-size-default\">Hvem passer det for?<\/h2>\t\t\t\t<\/div>\n\t\t\t\t<\/div>\n\t\t\t\t<div class=\"elementor-element elementor-element-32aef24 elementor-widget elementor-widget-text-editor\" data-id=\"32aef24\" data-element_type=\"widget\" data-widget_type=\"text-editor.default\">\n\t\t\t\t<div class=\"elementor-widget-container\">\n\t\t\t\t\t\t\t\t\t<ul><li data-start=\"1287\" data-end=\"1333\"><p data-start=\"1289\" data-end=\"1333\">Erfarne jegere som dr\u00f8mmer om medaljetrof\u00e9<\/p><\/li><li data-start=\"1334\" data-end=\"1391\"><p data-start=\"1336\" data-end=\"1391\">Naturinteresserte som vil oppleve br\u00f8let p\u00e5 n\u00e6rt hold<\/p><\/li><li data-start=\"1392\" data-end=\"1456\"><p data-start=\"1394\" data-end=\"1456\">Klienter som \u00f8nsker eksklusiv og profesjonell jaktopplevelse<\/p><\/li><li data-start=\"1457\" data-end=\"1519\"><p data-start=\"1459\" data-end=\"1519\">De som vil ha komplett pakke \u2013 fra jakt til trof\u00e9preparering<\/p><\/li><\/ul>\t\t\t\t\t\t\t\t<\/div>\n\t\t\t\t<\/div>\n\t\t\t\t<div class=\"elementor-element elementor-element-cd7fc29 elementor-widget elementor-widget-heading\" data-id=\"cd7fc29\" data-element_type=\"widget\" data-widget_type=\"heading.default\">\n\t\t\t\t<div class=\"elementor-widget-container\">\n\t\t\t\t\t<h2 class=\"elementor-heading-title elementor-size-default\">Trof\u00e9vurdering og tjenester:\n\n<\/h2>\t\t\t\t<\/div>\n\t\t\t\t<\/div>\n\t\t\t\t<div class=\"elementor-element elementor-element-3039cd9 elementor-widget elementor-widget-text-editor\" data-id=\"3039cd9\" data-element_type=\"widget\" data-widget_type=\"text-editor.default\">\n\t\t\t\t<div class=\"elementor-widget-container\">\n\t\t\t\t\t\t\t\t\t<p data-start=\"1564\" data-end=\"1578\">Vi s\u00f8rger for:<\/p><ul data-start=\"1580\" data-end=\"1705\"><li data-start=\"1580\" data-end=\"1620\"><p data-start=\"1582\" data-end=\"1620\">Profesjonell m\u00e5ling og dokumentasjon<\/p><\/li><li data-start=\"1621\" data-end=\"1663\"><p data-start=\"1623\" data-end=\"1663\">Preparering av kranium eller medaljong<\/p><\/li><li data-start=\"1664\" data-end=\"1705\"><p data-start=\"1666\" data-end=\"1705\">Hjelp med eksportpapirer og logistikk<\/p><\/li><\/ul>\t\t\t\t\t\t\t\t<\/div>\n\t\t\t\t<\/div>\n\t\t\t\t<div class=\"elementor-element elementor-element-fb5724a elementor-widget elementor-widget-heading\" data-id=\"fb5724a\" data-element_type=\"widget\" data-widget_type=\"heading.default\">\n\t\t\t\t<div class=\"elementor-widget-container\">\n\t\t\t\t\t<h2 class=\"elementor-heading-title elementor-size-default\">Hva vi tilbyr:\n\n<\/h2>\t\t\t\t<\/div>\n\t\t\t\t<\/div>\n\t\t\t\t<div class=\"elementor-element elementor-element-1b044ab elementor-widget elementor-widget-text-editor\" data-id=\"1b044ab\" data-element_type=\"widget\" data-widget_type=\"text-editor.default\">\n\t\t\t\t<div class=\"elementor-widget-container\">\n\t\t\t\t\t\t\t\t\t<ul><li data-start=\"1736\" data-end=\"1788\"><p data-start=\"1738\" data-end=\"1788\">Godt forvaltede jaktomr\u00e5der med sterke bestander<\/p><\/li><li data-start=\"1789\" data-end=\"1817\"><p data-start=\"1791\" data-end=\"1817\">Lokale og erfarne guider<\/p><\/li><li data-start=\"1818\" data-end=\"1860\"><p data-start=\"1820\" data-end=\"1860\">Komfortabel innkvartering og servering<\/p><\/li><li data-start=\"1861\" data-end=\"1893\"><p data-start=\"1863\" data-end=\"1893\">Transport til\/fra jaktomr\u00e5de<\/p><\/li><li data-start=\"1894\" data-end=\"1934\"><p data-start=\"1896\" data-end=\"1934\">Trof\u00e9preparering, pakking og eksport<\/p><\/li><\/ul>\t\t\t\t\t\t\t\t<\/div>\n\t\t\t\t<\/div>\n\t\t\t\t<div class=\"elementor-element elementor-element-4207617 elementor-widget elementor-widget-naturobutton\" data-id=\"4207617\" data-element_type=\"widget\" data-widget_type=\"naturobutton.default\">\n\t\t\t\t<div class=\"elementor-widget-container\">\n\t\t\t\t\t<!-- Button --><div class=\"btn-wrapper\"><a class=\"vs-btn style-1\" href=\"https:\/\/hunt-armenti.pl\/no\/kontakt\/\"><span><i class=\"fal fa-paw\"><\/i><\/span> Kontakt oss<\/a><\/div><!-- End Button -->\t\t\t\t<\/div>\n\t\t\t\t<\/div>\n\t\t\t\t\t<\/div>\n\t\t<\/div>\n\t\t\t\t\t<\/div>\n\t\t<\/section>\n\t\t\t\t\t<\/div>\n\t\t<\/div>\n\t\t\t\t\t<\/div>\n\t\t<\/section>\n\t\t\t\t<\/div>\n\t\t","protected":false},"excerpt":{"rendered":"<p>Hjortejakt \u2013 h\u00f8ydepunktet i jaktsesongen \u00c5 jakte p\u00e5 kronhjort (Cervus elaphus) under brunst er selve dr\u00f8mmen for mange jegere. Dette er ikke bare jakt \u2013 det er en r\u00e5 og majestetisk opplevelse, der naturens egne lover spiller hovedrollen. Under br\u00f8let, n\u00e5r skogens konger konkurrerer om simlene, f\u00e5r du sjansen til \u00e5 se \u2013 og h\u00f8re&#8230;<\/p>\n","protected":false},"author":1,"featured_media":0,"parent":0,"menu_order":0,"comment_status":"closed","ping_status":"closed","template":"template-builder.php","meta":{"footnotes":""},"class_list":["post-9671","page","type-page","status-publish","hentry"],"jetpack_sharing_enabled":true,"_links":{"self":[{"href":"https:\/\/hunt-armenti.pl\/no\/wp-json\/wp\/v2\/pages\/9671","targetHints":{"allow":["GET"]}}],"collection":[{"href":"https:\/\/hunt-armenti.pl\/no\/wp-json\/wp\/v2\/pages"}],"about":[{"href":"https:\/\/hunt-armenti.pl\/no\/wp-json\/wp\/v2\/types\/page"}],"author":[{"embeddable":true,"href":"https:\/\/hunt-armenti.pl\/no\/wp-json\/wp\/v2\/users\/1"}],"replies":[{"embeddable":true,"href":"https:\/\/hunt-armenti.pl\/no\/wp-json\/wp\/v2\/comments?post=9671"}],"version-history":[{"count":6,"href":"https:\/\/hunt-armenti.pl\/no\/wp-json\/wp\/v2\/pages\/9671\/revisions"}],"predecessor-version":[{"id":10648,"href":"https:\/\/hunt-armenti.pl\/no\/wp-json\/wp\/v2\/pages\/9671\/revisions\/10648"}],"wp:attachment":[{"href":"https:\/\/hunt-armenti.pl\/no\/wp-json\/wp\/v2\/media?parent=9671"}],"curies":[{"name":"wp","href":"https:\/\/api.w.org\/{rel}","templated":true}]}}