{"id":9670,"date":"2025-07-02T19:27:47","date_gmt":"2025-07-02T17:27:47","guid":{"rendered":"https:\/\/hunt-armenti.pl\/polowanie-na-dziki\/"},"modified":"2025-07-04T17:14:11","modified_gmt":"2025-07-04T15:14:11","slug":"polowanie-na-dziki","status":"publish","type":"page","link":"https:\/\/hunt-armenti.pl\/no\/polowanie-na-dziki\/","title":{"rendered":"Polowanie na dziki"},"content":{"rendered":"\t\t<div data-elementor-type=\"wp-page\" data-elementor-id=\"9670\" class=\"elementor elementor-9670\" data-elementor-post-type=\"page\">\n\t\t\t\t\t\t<section class=\"elementor-section elementor-top-section elementor-element elementor-element-5bed227 elementor-section-full_width elementor-section-height-default elementor-section-height-default\" data-id=\"5bed227\" data-element_type=\"section\">\n\t\t\t\t\t\t<div class=\"elementor-container elementor-column-gap-no\">\n\t\t\t\t\t<div class=\"elementor-column elementor-col-100 elementor-top-column elementor-element elementor-element-0ae4ee7\" data-id=\"0ae4ee7\" data-element_type=\"column\">\n\t\t\t<div class=\"elementor-widget-wrap elementor-element-populated\">\n\t\t\t\t\t\t<section class=\"elementor-section elementor-inner-section elementor-element elementor-element-72d2379 elementor-section-boxed elementor-section-height-default elementor-section-height-default\" data-id=\"72d2379\" data-element_type=\"section\">\n\t\t\t\t\t\t<div class=\"elementor-container elementor-column-gap-no\">\n\t\t\t\t\t<div class=\"elementor-column elementor-col-100 elementor-inner-column elementor-element elementor-element-28a4398\" data-id=\"28a4398\" data-element_type=\"column\">\n\t\t\t<div class=\"elementor-widget-wrap elementor-element-populated\">\n\t\t\t\t\t\t<div class=\"elementor-element elementor-element-69db11f elementor-widget elementor-widget-naturomegahover\" data-id=\"69db11f\" data-element_type=\"widget\" data-widget_type=\"naturomegahover.default\">\n\t\t\t\t<div class=\"elementor-widget-container\">\n\t\t\t\t\t<div class=\"mega-img-box\"><div class=\"img-1\"><div class=\"mega-hover\"><img decoding=\"async\" src=\"https:\/\/hunt-armenti.pl\/wp-content\/uploads\/2025\/07\/animal-6909689-scaled-e1751484039256.jpg\" alt=\"animal 6909689 scaled e1751484039256\"  class=\"w-100\" \/><\/div><\/div><\/div>\t\t\t\t<\/div>\n\t\t\t\t<\/div>\n\t\t\t\t\t<\/div>\n\t\t<\/div>\n\t\t\t\t\t<\/div>\n\t\t<\/section>\n\t\t\t\t\t<\/div>\n\t\t<\/div>\n\t\t\t\t\t<\/div>\n\t\t<\/section>\n\t\t\t\t<section class=\"elementor-section elementor-top-section elementor-element elementor-element-384c29e elementor-section-full_width elementor-section-height-default elementor-section-height-default\" data-id=\"384c29e\" data-element_type=\"section\">\n\t\t\t\t\t\t<div class=\"elementor-container elementor-column-gap-default\">\n\t\t\t\t\t<div class=\"elementor-column elementor-col-100 elementor-top-column elementor-element elementor-element-da01854\" data-id=\"da01854\" data-element_type=\"column\">\n\t\t\t<div class=\"elementor-widget-wrap elementor-element-populated\">\n\t\t\t\t\t\t<section class=\"elementor-section elementor-inner-section elementor-element elementor-element-ed5d161 elementor-section-boxed elementor-section-height-default elementor-section-height-default\" data-id=\"ed5d161\" data-element_type=\"section\">\n\t\t\t\t\t\t<div class=\"elementor-container elementor-column-gap-no\">\n\t\t\t\t\t<div class=\"elementor-column elementor-col-100 elementor-inner-column elementor-element elementor-element-ae2b833\" data-id=\"ae2b833\" data-element_type=\"column\">\n\t\t\t<div class=\"elementor-widget-wrap elementor-element-populated\">\n\t\t\t\t\t\t<div class=\"elementor-element elementor-element-84c4eb8 elementor-widget elementor-widget-heading\" data-id=\"84c4eb8\" data-element_type=\"widget\" data-widget_type=\"heading.default\">\n\t\t\t\t<div class=\"elementor-widget-container\">\n\t\t\t\t\t<h2 class=\"elementor-heading-title elementor-size-default\">Villsvinjakt \u2013 hel\u00e5rsjakt med puls og presisjon<\/h2>\t\t\t\t<\/div>\n\t\t\t\t<\/div>\n\t\t\t\t<div class=\"elementor-element elementor-element-f2ffe1b elementor-widget elementor-widget-text-editor\" data-id=\"f2ffe1b\" data-element_type=\"widget\" data-widget_type=\"text-editor.default\">\n\t\t\t\t<div class=\"elementor-widget-container\">\n\t\t\t\t\t\t\t\t\t<p class=\"mb-55\">Villsvinjakt i Polen er en av de mest adrenalinfylte og uforutsigbare formene for jakt. Takket v\u00e6re hel\u00e5rig jakttid byr villsvin (Sus scrofa) p\u00e5 muligheter for jaktopplevelser uansett sesong \u2013 enten du er fersk jeger eller dreven svinestalker. Nattlige poster, listige smygjakter eller hektiske drevjakter \u2013 her f\u00e5r du jakta i sin r\u00e5este form.<\/p>\t\t\t\t\t\t\t\t<\/div>\n\t\t\t\t<\/div>\n\t\t\t\t<div class=\"elementor-element elementor-element-0fe3a90 elementor-widget elementor-widget-heading\" data-id=\"0fe3a90\" data-element_type=\"widget\" data-widget_type=\"heading.default\">\n\t\t\t\t<div class=\"elementor-widget-container\">\n\t\t\t\t\t<h2 class=\"elementor-heading-title elementor-size-default\">Dyr med instinkt \u2013 villsvinets natur<\/h2>\t\t\t\t<\/div>\n\t\t\t\t<\/div>\n\t\t\t\t<div class=\"elementor-element elementor-element-f0df1c1 elementor-widget elementor-widget-text-editor\" data-id=\"f0df1c1\" data-element_type=\"widget\" data-widget_type=\"text-editor.default\">\n\t\t\t\t<div class=\"elementor-widget-container\">\n\t\t\t\t\t\t\t\t\t<p>Villsvinet er intelligent, ekstremt varsomt og trives i b\u00e5de skog og jordbrukslandskap over hele Polen. De danner flokker (lyer), mens de st\u00f8rste r\u00e5nene (ody\u0144ce) ofte lever alene. En voksen r\u00e5ne kan veie mellom 150 og 200 kg \u2013 \u00e5 komme p\u00e5 skuddhold krever erfaring, t\u00e5lmodighet og rette forhold.<\/p>\t\t\t\t\t\t\t\t<\/div>\n\t\t\t\t<\/div>\n\t\t\t\t<div class=\"elementor-element elementor-element-5443f35 elementor-widget elementor-widget-heading\" data-id=\"5443f35\" data-element_type=\"widget\" data-widget_type=\"heading.default\">\n\t\t\t\t<div class=\"elementor-widget-container\">\n\t\t\t\t\t<h2 class=\"elementor-heading-title elementor-size-default\">Jakttider:<\/h2>\t\t\t\t<\/div>\n\t\t\t\t<\/div>\n\t\t\t\t<div class=\"elementor-element elementor-element-3997d53 elementor-widget elementor-widget-text-editor\" data-id=\"3997d53\" data-element_type=\"widget\" data-widget_type=\"text-editor.default\">\n\t\t\t\t<div class=\"elementor-widget-container\">\n\t\t\t\t\t\t\t\t\t<table class=\"w-fit min-w-(--thread-content-width)\" style=\"height: 72px;\" width=\"213\" data-start=\"773\" data-end=\"867\"><thead data-start=\"773\" data-end=\"800\"><tr data-start=\"773\" data-end=\"800\"><th data-start=\"773\" data-end=\"789\" data-col-size=\"sm\">Kj\u00f8nn \/ alder<\/th><th data-start=\"789\" data-end=\"800\" data-col-size=\"sm\">Jakttid<\/th><\/tr><\/thead><tbody data-start=\"838\" data-end=\"867\"><tr data-start=\"838\" data-end=\"867\"><td data-start=\"838\" data-end=\"854\" data-col-size=\"sm\">Alle villsvin<\/td><td data-start=\"854\" data-end=\"867\" data-col-size=\"sm\">Hele \u00e5ret<\/td><\/tr><\/tbody><\/table><p>\u00a0<\/p>\t\t\t\t\t\t\t\t<\/div>\n\t\t\t\t<\/div>\n\t\t\t\t<div class=\"elementor-element elementor-element-892c99c elementor-widget elementor-widget-heading\" data-id=\"892c99c\" data-element_type=\"widget\" data-widget_type=\"heading.default\">\n\t\t\t\t<div class=\"elementor-widget-container\">\n\t\t\t\t\t<h2 class=\"elementor-heading-title elementor-size-default\">Jaktformer:<\/h2>\t\t\t\t<\/div>\n\t\t\t\t<\/div>\n\t\t\t\t<div class=\"elementor-element elementor-element-584945d elementor-widget elementor-widget-text-editor\" data-id=\"584945d\" data-element_type=\"widget\" data-widget_type=\"text-editor.default\">\n\t\t\t\t<div class=\"elementor-widget-container\">\n\t\t\t\t\t\t\t\t\t<ul><li data-start=\"895\" data-end=\"977\"><p data-start=\"897\" data-end=\"977\"><strong data-start=\"897\" data-end=\"929\">Individuell postjakt (t\u00e5rn):<\/strong> Rolig jakt med mulighet for velplassert skudd<\/p><\/li><li data-start=\"978\" data-end=\"1049\"><p data-start=\"980\" data-end=\"1049\"><strong data-start=\"980\" data-end=\"993\">Smygjakt:<\/strong> For de med god kondis, terrengkunnskap og ro i steget<\/p><\/li><li data-start=\"1050\" data-end=\"1133\"><p data-start=\"1052\" data-end=\"1133\"><strong data-start=\"1052\" data-end=\"1065\">Nattjakt:<\/strong> Bruk av godkjente termiske eller nattoptikker \u2013 stillhet og fokus<\/p><\/li><li data-start=\"1134\" data-end=\"1212\"><p data-start=\"1136\" data-end=\"1212\"><strong data-start=\"1136\" data-end=\"1149\">Drevjakt:<\/strong> Rask, intens jakt i gruppe \u2013 perfekt for actionfylte jaktdager<\/p><\/li><\/ul>\t\t\t\t\t\t\t\t<\/div>\n\t\t\t\t<\/div>\n\t\t\t\t<div class=\"elementor-element elementor-element-47f9eb2 elementor-widget elementor-widget-heading\" data-id=\"47f9eb2\" data-element_type=\"widget\" data-widget_type=\"heading.default\">\n\t\t\t\t<div class=\"elementor-widget-container\">\n\t\t\t\t\t<h2 class=\"elementor-heading-title elementor-size-default\">Hvem passer det for?<\/h2>\t\t\t\t<\/div>\n\t\t\t\t<\/div>\n\t\t\t\t<div class=\"elementor-element elementor-element-ff965fc elementor-widget elementor-widget-text-editor\" data-id=\"ff965fc\" data-element_type=\"widget\" data-widget_type=\"text-editor.default\">\n\t\t\t\t<div class=\"elementor-widget-container\">\n\t\t\t\t\t\t\t\t\t<ul><li data-start=\"1249\" data-end=\"1300\"><p data-start=\"1251\" data-end=\"1300\">Jegere som jakter hele \u00e5ret og \u00f8nsker variasjon<\/p><\/li><li data-start=\"1301\" data-end=\"1363\"><p data-start=\"1303\" data-end=\"1363\">De som elsker nattlige poster og lytter etter lyd i m\u00f8rket<\/p><\/li><li data-start=\"1364\" data-end=\"1432\"><p data-start=\"1366\" data-end=\"1432\">Grupper som \u00f8nsker effektiv jakt med h\u00f8y frekvens og viltkontakt<\/p><\/li><li data-start=\"1433\" data-end=\"1494\"><p data-start=\"1435\" data-end=\"1494\">Eventyrlystne som s\u00f8ker utfordringer og ekte naturkontakt<\/p><\/li><\/ul>\t\t\t\t\t\t\t\t<\/div>\n\t\t\t\t<\/div>\n\t\t\t\t<div class=\"elementor-element elementor-element-2820bb2 elementor-widget elementor-widget-heading\" data-id=\"2820bb2\" data-element_type=\"widget\" data-widget_type=\"heading.default\">\n\t\t\t\t<div class=\"elementor-widget-container\">\n\t\t\t\t\t<h2 class=\"elementor-heading-title elementor-size-default\">Hva vi tilbyr:<\/h2>\t\t\t\t<\/div>\n\t\t\t\t<\/div>\n\t\t\t\t<div class=\"elementor-element elementor-element-568e390 elementor-widget elementor-widget-text-editor\" data-id=\"568e390\" data-element_type=\"widget\" data-widget_type=\"text-editor.default\">\n\t\t\t\t<div class=\"elementor-widget-container\">\n\t\t\t\t\t\t\t\t\t<ul><li data-start=\"1525\" data-end=\"1573\"><p data-start=\"1527\" data-end=\"1573\">Rike jaktterreng med h\u00f8y bestand av villsvin<\/p><\/li><li data-start=\"1574\" data-end=\"1615\"><p data-start=\"1576\" data-end=\"1615\">Erfarne jaktguider med lokal kunnskap<\/p><\/li><li data-start=\"1616\" data-end=\"1666\"><p data-start=\"1618\" data-end=\"1666\">Mulighet for lovlig bruk av termisk\/nattoptikk<\/p><\/li><li data-start=\"1667\" data-end=\"1725\"><p data-start=\"1669\" data-end=\"1725\">Overnatting, m\u00e5ltider og transport til\/fra jaktterreng<\/p><\/li><li data-start=\"1726\" data-end=\"1806\"><p data-start=\"1728\" data-end=\"1806\">H\u00e5ndtering av skutt vilt: slakt, dokumentasjon, og mulighet for trof\u00e9eksport<\/p><\/li><\/ul>\t\t\t\t\t\t\t\t<\/div>\n\t\t\t\t<\/div>\n\t\t\t\t<div class=\"elementor-element elementor-element-58be148 elementor-widget elementor-widget-naturobutton\" data-id=\"58be148\" data-element_type=\"widget\" data-widget_type=\"naturobutton.default\">\n\t\t\t\t<div class=\"elementor-widget-container\">\n\t\t\t\t\t<!-- Button --><div class=\"btn-wrapper\"><a class=\"vs-btn style-1\" href=\"https:\/\/hunt-armenti.pl\/no\/kontakt\/\"><span><i class=\"fal fa-paw\"><\/i><\/span>  Kontakt oss<\/a><\/div><!-- End Button -->\t\t\t\t<\/div>\n\t\t\t\t<\/div>\n\t\t\t\t\t<\/div>\n\t\t<\/div>\n\t\t\t\t\t<\/div>\n\t\t<\/section>\n\t\t\t\t\t<\/div>\n\t\t<\/div>\n\t\t\t\t\t<\/div>\n\t\t<\/section>\n\t\t\t\t<\/div>\n\t\t","protected":false},"excerpt":{"rendered":"<p>Villsvinjakt \u2013 hel\u00e5rsjakt med puls og presisjon Villsvinjakt i Polen er en av de mest adrenalinfylte og uforutsigbare formene for jakt. Takket v\u00e6re hel\u00e5rig jakttid byr villsvin (Sus scrofa) p\u00e5 muligheter for jaktopplevelser uansett sesong \u2013 enten du er fersk jeger eller dreven svinestalker. Nattlige poster, listige smygjakter eller hektiske drevjakter \u2013 her f\u00e5r du&#8230;<\/p>\n","protected":false},"author":1,"featured_media":0,"parent":0,"menu_order":0,"comment_status":"closed","ping_status":"closed","template":"template-builder.php","meta":{"footnotes":""},"class_list":["post-9670","page","type-page","status-publish","hentry"],"jetpack_sharing_enabled":true,"_links":{"self":[{"href":"https:\/\/hunt-armenti.pl\/no\/wp-json\/wp\/v2\/pages\/9670","targetHints":{"allow":["GET"]}}],"collection":[{"href":"https:\/\/hunt-armenti.pl\/no\/wp-json\/wp\/v2\/pages"}],"about":[{"href":"https:\/\/hunt-armenti.pl\/no\/wp-json\/wp\/v2\/types\/page"}],"author":[{"embeddable":true,"href":"https:\/\/hunt-armenti.pl\/no\/wp-json\/wp\/v2\/users\/1"}],"replies":[{"embeddable":true,"href":"https:\/\/hunt-armenti.pl\/no\/wp-json\/wp\/v2\/comments?post=9670"}],"version-history":[{"count":6,"href":"https:\/\/hunt-armenti.pl\/no\/wp-json\/wp\/v2\/pages\/9670\/revisions"}],"predecessor-version":[{"id":10645,"href":"https:\/\/hunt-armenti.pl\/no\/wp-json\/wp\/v2\/pages\/9670\/revisions\/10645"}],"wp:attachment":[{"href":"https:\/\/hunt-armenti.pl\/no\/wp-json\/wp\/v2\/media?parent=9670"}],"curies":[{"name":"wp","href":"https:\/\/api.w.org\/{rel}","templated":true}]}}