{"id":9669,"date":"2025-07-02T19:28:03","date_gmt":"2025-07-02T17:28:03","guid":{"rendered":"https:\/\/hunt-armenti.pl\/polowania-zbiorowe\/"},"modified":"2025-07-04T17:14:05","modified_gmt":"2025-07-04T15:14:05","slug":"polowania-zbiorowe","status":"publish","type":"page","link":"https:\/\/hunt-armenti.pl\/no\/polowania-zbiorowe\/","title":{"rendered":"Polowania zbiorowe"},"content":{"rendered":"\t\t<div data-elementor-type=\"wp-page\" data-elementor-id=\"9669\" class=\"elementor elementor-9669\" data-elementor-post-type=\"page\">\n\t\t\t\t\t\t<section class=\"elementor-section elementor-top-section elementor-element elementor-element-5bed227 elementor-section-full_width elementor-section-height-default elementor-section-height-default\" data-id=\"5bed227\" data-element_type=\"section\">\n\t\t\t\t\t\t<div class=\"elementor-container elementor-column-gap-no\">\n\t\t\t\t\t<div class=\"elementor-column elementor-col-100 elementor-top-column elementor-element elementor-element-0ae4ee7\" data-id=\"0ae4ee7\" data-element_type=\"column\">\n\t\t\t<div class=\"elementor-widget-wrap elementor-element-populated\">\n\t\t\t\t\t\t<section class=\"elementor-section elementor-inner-section elementor-element elementor-element-72d2379 elementor-section-boxed elementor-section-height-default elementor-section-height-default\" data-id=\"72d2379\" data-element_type=\"section\">\n\t\t\t\t\t\t<div class=\"elementor-container elementor-column-gap-no\">\n\t\t\t\t\t<div class=\"elementor-column elementor-col-100 elementor-inner-column elementor-element elementor-element-28a4398\" data-id=\"28a4398\" data-element_type=\"column\">\n\t\t\t<div class=\"elementor-widget-wrap elementor-element-populated\">\n\t\t\t\t\t\t<div class=\"elementor-element elementor-element-69db11f elementor-widget elementor-widget-naturomegahover\" data-id=\"69db11f\" data-element_type=\"widget\" data-widget_type=\"naturomegahover.default\">\n\t\t\t\t<div class=\"elementor-widget-container\">\n\t\t\t\t\t<div class=\"mega-img-box\"><div class=\"img-1\"><div class=\"mega-hover\"><img decoding=\"async\" src=\"https:\/\/hunt-armenti.pl\/wp-content\/uploads\/2025\/07\/hunt-6789253-scaled-e1751483721207.jpg\" alt=\"hunt 6789253 scaled e1751483721207\"  class=\"w-100\" \/><\/div><\/div><\/div>\t\t\t\t<\/div>\n\t\t\t\t<\/div>\n\t\t\t\t\t<\/div>\n\t\t<\/div>\n\t\t\t\t\t<\/div>\n\t\t<\/section>\n\t\t\t\t\t<\/div>\n\t\t<\/div>\n\t\t\t\t\t<\/div>\n\t\t<\/section>\n\t\t\t\t<section class=\"elementor-section elementor-top-section elementor-element elementor-element-0b10f67 elementor-section-full_width elementor-section-height-default elementor-section-height-default\" data-id=\"0b10f67\" data-element_type=\"section\">\n\t\t\t\t\t\t<div class=\"elementor-container elementor-column-gap-default\">\n\t\t\t\t\t<div class=\"elementor-column elementor-col-100 elementor-top-column elementor-element elementor-element-6fa4b72\" data-id=\"6fa4b72\" data-element_type=\"column\">\n\t\t\t<div class=\"elementor-widget-wrap elementor-element-populated\">\n\t\t\t\t\t\t<section class=\"elementor-section elementor-inner-section elementor-element elementor-element-40a2bb2 elementor-section-boxed elementor-section-height-default elementor-section-height-default\" data-id=\"40a2bb2\" data-element_type=\"section\">\n\t\t\t\t\t\t<div class=\"elementor-container elementor-column-gap-no\">\n\t\t\t\t\t<div class=\"elementor-column elementor-col-100 elementor-inner-column elementor-element elementor-element-0b5cef0\" data-id=\"0b5cef0\" data-element_type=\"column\">\n\t\t\t<div class=\"elementor-widget-wrap elementor-element-populated\">\n\t\t\t\t\t\t<div class=\"elementor-element elementor-element-fff9f56 elementor-widget elementor-widget-heading\" data-id=\"fff9f56\" data-element_type=\"widget\" data-widget_type=\"heading.default\">\n\t\t\t\t<div class=\"elementor-widget-container\">\n\t\t\t\t\t<h2 class=\"elementor-heading-title elementor-size-default\">Drevjakt \u2013 tradisjon, spenning og jaktfellesskap<\/h2>\t\t\t\t<\/div>\n\t\t\t\t<\/div>\n\t\t\t\t<div class=\"elementor-element elementor-element-27c5a9a elementor-widget elementor-widget-text-editor\" data-id=\"27c5a9a\" data-element_type=\"widget\" data-widget_type=\"text-editor.default\">\n\t\t\t\t<div class=\"elementor-widget-container\">\n\t\t\t\t\t\t\t\t\t<p class=\"mb-55\">Drevjakt er en av de mest spektakul\u00e6re og adrenalinfylte jaktformene i Polen. Det er ikke bare jakt \u2013 det er en sosial og kulturell begivenhet dypt forankret i polsk jaktarv. Her kombineres naturglede, jaktstrategi og kameratskap med h\u00f8y puls og ekte jegerstemning.<\/p>\t\t\t\t\t\t\t\t<\/div>\n\t\t\t\t<\/div>\n\t\t\t\t<div class=\"elementor-element elementor-element-82ab3eb elementor-widget elementor-widget-heading\" data-id=\"82ab3eb\" data-element_type=\"widget\" data-widget_type=\"heading.default\">\n\t\t\t\t<div class=\"elementor-widget-container\">\n\t\t\t\t\t<h2 class=\"elementor-heading-title elementor-size-default\">Hva er drevjakt?<\/h2>\t\t\t\t<\/div>\n\t\t\t\t<\/div>\n\t\t\t\t<div class=\"elementor-element elementor-element-e907449 elementor-widget elementor-widget-text-editor\" data-id=\"e907449\" data-element_type=\"widget\" data-widget_type=\"text-editor.default\">\n\t\t\t\t<div class=\"elementor-widget-container\">\n\t\t\t\t\t\t\t\t\t<p>Drevjakt foreg\u00e5r med en gruppe jegere (ofte 6\u201320 personer) som st\u00e5r p\u00e5 faste poster, mens drivere og\/eller hunder beveger seg gjennom skogen og presser viltet mot jegerne. Det krever samarbeid, sikkerhet og presis organisering \u2013 og byr p\u00e5 intense jakt\u00f8yeblikk.<\/p>\t\t\t\t\t\t\t\t<\/div>\n\t\t\t\t<\/div>\n\t\t\t\t<div class=\"elementor-element elementor-element-49f7984 elementor-widget elementor-widget-heading\" data-id=\"49f7984\" data-element_type=\"widget\" data-widget_type=\"heading.default\">\n\t\t\t\t<div class=\"elementor-widget-container\">\n\t\t\t\t\t<h2 class=\"elementor-heading-title elementor-size-default\">Vilt som kan felles under drevjakt:<\/h2>\t\t\t\t<\/div>\n\t\t\t\t<\/div>\n\t\t\t\t<div class=\"elementor-element elementor-element-f89a44b elementor-widget elementor-widget-text-editor\" data-id=\"f89a44b\" data-element_type=\"widget\" data-widget_type=\"text-editor.default\">\n\t\t\t\t<div class=\"elementor-widget-container\">\n\t\t\t\t\t\t\t\t\t<ul><li data-start=\"667\" data-end=\"679\"><p data-start=\"669\" data-end=\"679\">Villsvin<\/p><\/li><li data-start=\"680\" data-end=\"707\"><p data-start=\"682\" data-end=\"707\">Hjortebukker og d\u00e5hjort<\/p><\/li><li data-start=\"708\" data-end=\"728\"><p data-start=\"710\" data-end=\"728\">Hinder og kalver<\/p><\/li><li data-start=\"729\" data-end=\"751\"><p data-start=\"731\" data-end=\"751\">R\u00e5dyrgeiter og kje<\/p><\/li><li data-start=\"752\" data-end=\"783\"><p data-start=\"754\" data-end=\"783\">Rovvilt (f.eks. rev, m\u00e5rhund)<\/p><\/li><\/ul>\t\t\t\t\t\t\t\t<\/div>\n\t\t\t\t<\/div>\n\t\t\t\t<div class=\"elementor-element elementor-element-9f426fe elementor-widget elementor-widget-heading\" data-id=\"9f426fe\" data-element_type=\"widget\" data-widget_type=\"heading.default\">\n\t\t\t\t<div class=\"elementor-widget-container\">\n\t\t\t\t\t<h2 class=\"elementor-heading-title elementor-size-default\">Sesong:<\/h2>\t\t\t\t<\/div>\n\t\t\t\t<\/div>\n\t\t\t\t<div class=\"elementor-element elementor-element-c5e839a elementor-widget elementor-widget-text-editor\" data-id=\"c5e839a\" data-element_type=\"widget\" data-widget_type=\"text-editor.default\">\n\t\t\t\t<div class=\"elementor-widget-container\">\n\t\t\t\t\t\t\t\t\t<p>Drevjaktsesongen i Polen varer som regel fra <strong data-start=\"856\" data-end=\"878\">oktober til januar<\/strong>. Dette er perioden da dyrene er mest aktive og sporbare, og n\u00e5r v\u00e6ret gir optimale forhold for spor, posting og drift. Tidspunktene reguleres av polsk viltlov og forvaltningsplaner.<\/p>\t\t\t\t\t\t\t\t<\/div>\n\t\t\t\t<\/div>\n\t\t\t\t<div class=\"elementor-element elementor-element-e714cf2 elementor-widget elementor-widget-heading\" data-id=\"e714cf2\" data-element_type=\"widget\" data-widget_type=\"heading.default\">\n\t\t\t\t<div class=\"elementor-widget-container\">\n\t\t\t\t\t<h2 class=\"elementor-heading-title elementor-size-default\">Hvem passer det for?<\/h2>\t\t\t\t<\/div>\n\t\t\t\t<\/div>\n\t\t\t\t<div class=\"elementor-element elementor-element-84a485e elementor-widget elementor-widget-text-editor\" data-id=\"84a485e\" data-element_type=\"widget\" data-widget_type=\"text-editor.default\">\n\t\t\t\t<div class=\"elementor-widget-container\">\n\t\t\t\t\t\t\t\t\t<ul><li data-start=\"1097\" data-end=\"1167\"><p data-start=\"1099\" data-end=\"1167\">Erfarne jegere som trives i fellesskap og verdsetter klassisk jakt<\/p><\/li><li data-start=\"1168\" data-end=\"1231\"><p data-start=\"1170\" data-end=\"1231\">Jaktlag og vennegrupper p\u00e5 jakt etter spenning og variasjon<\/p><\/li><li data-start=\"1232\" data-end=\"1303\"><p data-start=\"1234\" data-end=\"1303\">Jegere som \u00f8nsker sjansen til \u00e5 felle flere arter i \u00e9n og samme dag<\/p><\/li><li data-start=\"1304\" data-end=\"1381\"><p data-start=\"1306\" data-end=\"1381\">Kunder som forventer profesjonell, trygg og sosial jakt med solid logistikk<\/p><\/li><\/ul>\t\t\t\t\t\t\t\t<\/div>\n\t\t\t\t<\/div>\n\t\t\t\t<div class=\"elementor-element elementor-element-fd162cf elementor-widget elementor-widget-heading\" data-id=\"fd162cf\" data-element_type=\"widget\" data-widget_type=\"heading.default\">\n\t\t\t\t<div class=\"elementor-widget-container\">\n\t\t\t\t\t<h2 class=\"elementor-heading-title elementor-size-default\">Organisering \u2013 dette st\u00e5r vi for:<\/h2>\t\t\t\t<\/div>\n\t\t\t\t<\/div>\n\t\t\t\t<div class=\"elementor-element elementor-element-5c2a826 elementor-widget elementor-widget-text-editor\" data-id=\"5c2a826\" data-element_type=\"widget\" data-widget_type=\"text-editor.default\">\n\t\t\t\t<div class=\"elementor-widget-container\">\n\t\t\t\t\t\t\t\t\t<ul><li data-start=\"1431\" data-end=\"1482\"><p data-start=\"1433\" data-end=\"1482\">Planlegging av drev og plassering av postjegere<\/p><\/li><li data-start=\"1483\" data-end=\"1532\"><p data-start=\"1485\" data-end=\"1532\">Profesjonelle jaktledere, drevkarer og hunder<\/p><\/li><li data-start=\"1533\" data-end=\"1571\"><p data-start=\"1535\" data-end=\"1571\">Sikkerhetsrutiner og skuddkontroll<\/p><\/li><li data-start=\"1572\" data-end=\"1608\"><p data-start=\"1574\" data-end=\"1608\">Dokumentasjon og trof\u00e9behandling<\/p><\/li><\/ul>\t\t\t\t\t\t\t\t<\/div>\n\t\t\t\t<\/div>\n\t\t\t\t<div class=\"elementor-element elementor-element-b3ecc45 elementor-widget elementor-widget-heading\" data-id=\"b3ecc45\" data-element_type=\"widget\" data-widget_type=\"heading.default\">\n\t\t\t\t<div class=\"elementor-widget-container\">\n\t\t\t\t\t<h2 class=\"elementor-heading-title elementor-size-default\">Tradisjon og jakt\u00e5nd<\/h2>\t\t\t\t<\/div>\n\t\t\t\t<\/div>\n\t\t\t\t<div class=\"elementor-element elementor-element-33e6683 elementor-widget elementor-widget-text-editor\" data-id=\"33e6683\" data-element_type=\"widget\" data-widget_type=\"text-editor.default\">\n\t\t\t\t<div class=\"elementor-widget-container\">\n\t\t\t\t\t\t\t\t\t<p data-start=\"1888\" data-end=\"1949\">Drevjakter i Polen foreg\u00e5r med stor respekt for jaktkultur:<\/p><ul data-start=\"1950\" data-end=\"2102\"><li data-start=\"1950\" data-end=\"1980\"><p data-start=\"1952\" data-end=\"1980\">Signalhorn markerer viltet<\/p><\/li><li data-start=\"1981\" data-end=\"2036\"><p data-start=\"1983\" data-end=\"2036\">Pokot \u2013 seremonien ved dagens slutt \u2013 hedrer dyrene<\/p><\/li><li data-start=\"2037\" data-end=\"2102\"><p data-start=\"2039\" data-end=\"2102\">Tradisjonelle ritualer skaper en verdig ramme for opplevelsen<\/p><\/li><\/ul>\t\t\t\t\t\t\t\t<\/div>\n\t\t\t\t<\/div>\n\t\t\t\t<div class=\"elementor-element elementor-element-9ac7d3c elementor-widget elementor-widget-naturobutton\" data-id=\"9ac7d3c\" data-element_type=\"widget\" data-widget_type=\"naturobutton.default\">\n\t\t\t\t<div class=\"elementor-widget-container\">\n\t\t\t\t\t<!-- Button --><div class=\"btn-wrapper\"><a class=\"vs-btn style-1\" href=\"https:\/\/hunt-armenti.pl\/no\/kontakt\/\"><span><i class=\"fal fa-paw\"><\/i><\/span>  Kontakt oss<\/a><\/div><!-- End Button -->\t\t\t\t<\/div>\n\t\t\t\t<\/div>\n\t\t\t\t\t<\/div>\n\t\t<\/div>\n\t\t\t\t\t<\/div>\n\t\t<\/section>\n\t\t\t\t\t<\/div>\n\t\t<\/div>\n\t\t\t\t\t<\/div>\n\t\t<\/section>\n\t\t\t\t<\/div>\n\t\t","protected":false},"excerpt":{"rendered":"<p>Drevjakt \u2013 tradisjon, spenning og jaktfellesskap Drevjakt er en av de mest spektakul\u00e6re og adrenalinfylte jaktformene i Polen. Det er ikke bare jakt \u2013 det er en sosial og kulturell begivenhet dypt forankret i polsk jaktarv. Her kombineres naturglede, jaktstrategi og kameratskap med h\u00f8y puls og ekte jegerstemning. Hva er drevjakt? Drevjakt foreg\u00e5r med en&#8230;<\/p>\n","protected":false},"author":1,"featured_media":0,"parent":0,"menu_order":0,"comment_status":"closed","ping_status":"closed","template":"template-builder.php","meta":{"footnotes":""},"class_list":["post-9669","page","type-page","status-publish","hentry"],"jetpack_sharing_enabled":true,"_links":{"self":[{"href":"https:\/\/hunt-armenti.pl\/no\/wp-json\/wp\/v2\/pages\/9669","targetHints":{"allow":["GET"]}}],"collection":[{"href":"https:\/\/hunt-armenti.pl\/no\/wp-json\/wp\/v2\/pages"}],"about":[{"href":"https:\/\/hunt-armenti.pl\/no\/wp-json\/wp\/v2\/types\/page"}],"author":[{"embeddable":true,"href":"https:\/\/hunt-armenti.pl\/no\/wp-json\/wp\/v2\/users\/1"}],"replies":[{"embeddable":true,"href":"https:\/\/hunt-armenti.pl\/no\/wp-json\/wp\/v2\/comments?post=9669"}],"version-history":[{"count":6,"href":"https:\/\/hunt-armenti.pl\/no\/wp-json\/wp\/v2\/pages\/9669\/revisions"}],"predecessor-version":[{"id":10642,"href":"https:\/\/hunt-armenti.pl\/no\/wp-json\/wp\/v2\/pages\/9669\/revisions\/10642"}],"wp:attachment":[{"href":"https:\/\/hunt-armenti.pl\/no\/wp-json\/wp\/v2\/media?parent=9669"}],"curies":[{"name":"wp","href":"https:\/\/api.w.org\/{rel}","templated":true}]}}