{"id":9666,"date":"2025-07-02T19:28:19","date_gmt":"2025-07-02T17:28:19","guid":{"rendered":"https:\/\/hunt-armenti.pl\/polowania-na-zwierzyne-nietrofealna\/"},"modified":"2025-07-04T17:13:59","modified_gmt":"2025-07-04T15:13:59","slug":"polowania-na-zwierzyne-nietrofealna","status":"publish","type":"page","link":"https:\/\/hunt-armenti.pl\/no\/polowania-na-zwierzyne-nietrofealna\/","title":{"rendered":"Polowania na zwierzyn\u0119 nietrofealn\u0105"},"content":{"rendered":"\t\t<div data-elementor-type=\"wp-page\" data-elementor-id=\"9666\" class=\"elementor elementor-9666\" data-elementor-post-type=\"page\">\n\t\t\t\t\t\t<section class=\"elementor-section elementor-top-section elementor-element elementor-element-5bed227 elementor-section-full_width elementor-section-height-default elementor-section-height-default\" data-id=\"5bed227\" data-element_type=\"section\">\n\t\t\t\t\t\t<div class=\"elementor-container elementor-column-gap-no\">\n\t\t\t\t\t<div class=\"elementor-column elementor-col-100 elementor-top-column elementor-element elementor-element-0ae4ee7\" data-id=\"0ae4ee7\" data-element_type=\"column\">\n\t\t\t<div class=\"elementor-widget-wrap elementor-element-populated\">\n\t\t\t\t\t\t<section class=\"elementor-section elementor-inner-section elementor-element elementor-element-72d2379 elementor-section-boxed elementor-section-height-default elementor-section-height-default\" data-id=\"72d2379\" data-element_type=\"section\">\n\t\t\t\t\t\t<div class=\"elementor-container elementor-column-gap-no\">\n\t\t\t\t\t<div class=\"elementor-column elementor-col-100 elementor-inner-column elementor-element elementor-element-28a4398\" data-id=\"28a4398\" data-element_type=\"column\">\n\t\t\t<div class=\"elementor-widget-wrap elementor-element-populated\">\n\t\t\t\t\t\t<div class=\"elementor-element elementor-element-69db11f elementor-widget elementor-widget-naturomegahover\" data-id=\"69db11f\" data-element_type=\"widget\" data-widget_type=\"naturomegahover.default\">\n\t\t\t\t<div class=\"elementor-widget-container\">\n\t\t\t\t\t<div class=\"mega-img-box\"><div class=\"img-1\"><div class=\"mega-hover\"><img decoding=\"async\" src=\"https:\/\/hunt-armenti.pl\/wp-content\/uploads\/2025\/07\/deer-3842134-scaled-e1751483503385.jpg\" alt=\"deer 3842134 scaled e1751483503385\"  class=\"w-100\" \/><\/div><\/div><\/div>\t\t\t\t<\/div>\n\t\t\t\t<\/div>\n\t\t\t\t\t<\/div>\n\t\t<\/div>\n\t\t\t\t\t<\/div>\n\t\t<\/section>\n\t\t\t\t<section class=\"elementor-section elementor-inner-section elementor-element elementor-element-77283f5 elementor-section-boxed elementor-section-height-default elementor-section-height-default\" data-id=\"77283f5\" data-element_type=\"section\">\n\t\t\t\t\t\t<div class=\"elementor-container elementor-column-gap-no\">\n\t\t\t\t\t<div class=\"elementor-column elementor-col-100 elementor-inner-column elementor-element elementor-element-4c7cff8\" data-id=\"4c7cff8\" data-element_type=\"column\">\n\t\t\t<div class=\"elementor-widget-wrap elementor-element-populated\">\n\t\t\t\t\t\t<div class=\"elementor-element elementor-element-92a47bb elementor-widget elementor-widget-heading\" data-id=\"92a47bb\" data-element_type=\"widget\" data-widget_type=\"heading.default\">\n\t\t\t\t<div class=\"elementor-widget-container\">\n\t\t\t\t\t<h2 class=\"elementor-heading-title elementor-size-default\">Ikke-trof\u00e9dyr \u2013 kjerneelement i selektiv viltforvaltning<\/h2>\t\t\t\t<\/div>\n\t\t\t\t<\/div>\n\t\t\t\t<div class=\"elementor-element elementor-element-94beb1a elementor-widget elementor-widget-text-editor\" data-id=\"94beb1a\" data-element_type=\"widget\" data-widget_type=\"text-editor.default\">\n\t\t\t\t<div class=\"elementor-widget-container\">\n\t\t\t\t\t\t\t\t\t<p class=\"mb-55\">I Polen spiller jakt p\u00e5 ikke-trof\u00e9dyr en avgj\u00f8rende rolle i b\u00e6rekraftig viltforvaltning. Disse jaktene er ikke bare n\u00f8dvendige for \u00e5 regulere bestander, men ogs\u00e5 for \u00e5 sikre en sunn alders- og kj\u00f8nnsstruktur i viltpopulasjonen. For erfarne jegere er dette en h\u00f8yt verdsatt jaktform \u2013 et ekte uttrykk for ansvarlig jaktpraksis.<\/p>\t\t\t\t\t\t\t\t<\/div>\n\t\t\t\t<\/div>\n\t\t\t\t<div class=\"elementor-element elementor-element-b3c220b elementor-widget elementor-widget-heading\" data-id=\"b3c220b\" data-element_type=\"widget\" data-widget_type=\"heading.default\">\n\t\t\t\t<div class=\"elementor-widget-container\">\n\t\t\t\t\t<h2 class=\"elementor-heading-title elementor-size-default\">Hva er ikke-trof\u00e9dyr?<\/h2>\t\t\t\t<\/div>\n\t\t\t\t<\/div>\n\t\t\t\t<div class=\"elementor-element elementor-element-75ef763 elementor-widget elementor-widget-text-editor\" data-id=\"75ef763\" data-element_type=\"widget\" data-widget_type=\"text-editor.default\">\n\t\t\t\t<div class=\"elementor-widget-container\">\n\t\t\t\t\t\t\t\t\t<p data-start=\"429\" data-end=\"588\">Ikke-trof\u00e9dyr er individer som ikke felles for gevir eller trof\u00e9, men som inng\u00e5r i den biologiske reguleringen av bestanden. I Polen gjelder dette blant annet:<\/p><ul data-start=\"590\" data-end=\"735\"><li data-start=\"590\" data-end=\"623\"><p data-start=\"592\" data-end=\"623\"><strong data-start=\"592\" data-end=\"623\">Hinder av kronhjort (jelen)<\/strong><\/p><\/li><li data-start=\"624\" data-end=\"656\"><p data-start=\"626\" data-end=\"656\"><strong data-start=\"626\" data-end=\"656\">Hinder av d\u00e5hjort (daniel)<\/strong><\/p><\/li><li data-start=\"657\" data-end=\"698\"><p data-start=\"659\" data-end=\"698\"><strong data-start=\"659\" data-end=\"698\">R\u00e5dyrgeiter og kje (kozy \/ ko\u017al\u0119ta)<\/strong><\/p><\/li><li data-start=\"699\" data-end=\"735\"><p data-start=\"701\" data-end=\"735\"><strong data-start=\"701\" data-end=\"735\">Kalver av kronhjort og d\u00e5hjort<\/strong><\/p><\/li><\/ul><p data-start=\"737\" data-end=\"864\">Slike jakter gir verdifull erfaring, og krever kunnskap om viltets atferd, samt etisk forst\u00e5else for forvaltningsmessige behov.<\/p>\t\t\t\t\t\t\t\t<\/div>\n\t\t\t\t<\/div>\n\t\t\t\t<div class=\"elementor-element elementor-element-ccad222 elementor-widget elementor-widget-heading\" data-id=\"ccad222\" data-element_type=\"widget\" data-widget_type=\"heading.default\">\n\t\t\t\t<div class=\"elementor-widget-container\">\n\t\t\t\t\t<h2 class=\"elementor-heading-title elementor-size-default\">Jaktperioder for ikke-trof\u00e9dyr:<\/h2>\t\t\t\t<\/div>\n\t\t\t\t<\/div>\n\t\t\t\t<div class=\"elementor-element elementor-element-451a939 elementor-widget elementor-widget-text-editor\" data-id=\"451a939\" data-element_type=\"widget\" data-widget_type=\"text-editor.default\">\n\t\t\t\t<div class=\"elementor-widget-container\">\n\t\t\t\t\t\t\t\t\t<table class=\"w-fit min-w-(--thread-content-width)\" data-start=\"915\" data-end=\"1467\"><thead data-start=\"915\" data-end=\"993\"><tr data-start=\"915\" data-end=\"993\"><th data-start=\"915\" data-end=\"937\" data-col-size=\"sm\"><strong data-start=\"917\" data-end=\"924\">Art<\/strong><\/th><th data-start=\"937\" data-end=\"960\" data-col-size=\"sm\"><strong data-start=\"939\" data-end=\"951\">Kategori<\/strong><\/th><th data-start=\"960\" data-end=\"993\" data-col-size=\"sm\"><strong data-start=\"962\" data-end=\"973\">Jakttid<\/strong><\/th><\/tr><\/thead><tbody data-start=\"1073\" data-end=\"1467\"><tr data-start=\"1073\" data-end=\"1151\"><td data-start=\"1073\" data-end=\"1095\" data-col-size=\"sm\">Kronhjort (jelen)<\/td><td data-start=\"1095\" data-end=\"1118\" data-col-size=\"sm\">Hind (\u0142ania)<\/td><td data-start=\"1118\" data-end=\"1151\" data-col-size=\"sm\">1. oktober \u2013 15. januar<\/td><\/tr><tr data-start=\"1152\" data-end=\"1230\"><td data-start=\"1152\" data-end=\"1174\" data-col-size=\"sm\">\u00a0<\/td><td data-start=\"1174\" data-end=\"1197\" data-col-size=\"sm\">Kalv (ciel\u0119)<\/td><td data-start=\"1197\" data-end=\"1230\" data-col-size=\"sm\">1. oktober \u2013 28. februar<\/td><\/tr><tr data-start=\"1231\" data-end=\"1309\"><td data-start=\"1231\" data-end=\"1253\" data-col-size=\"sm\">D\u00e5hjort (daniel)<\/td><td data-start=\"1253\" data-end=\"1276\" data-col-size=\"sm\">Hind (\u0142ania)<\/td><td data-start=\"1276\" data-end=\"1309\" data-col-size=\"sm\">1. oktober \u2013 15. januar<\/td><\/tr><tr data-start=\"1310\" data-end=\"1388\"><td data-start=\"1310\" data-end=\"1332\" data-col-size=\"sm\">\u00a0<\/td><td data-start=\"1332\" data-end=\"1355\" data-col-size=\"sm\">Kalv (ciel\u0119)<\/td><td data-start=\"1355\" data-end=\"1388\" data-col-size=\"sm\">1. oktober \u2013 28. februar<\/td><\/tr><tr data-start=\"1389\" data-end=\"1467\"><td data-start=\"1389\" data-end=\"1411\" data-col-size=\"sm\">R\u00e5dyr (sarna)<\/td><td data-start=\"1411\" data-end=\"1438\" data-col-size=\"sm\">Geit og kje (koza\/ko\u017al\u0119)<\/td><td data-start=\"1438\" data-end=\"1467\" data-col-size=\"sm\">1. oktober \u2013 15. januar<\/td><\/tr><\/tbody><\/table><p><br \/><br \/><\/p>\t\t\t\t\t\t\t\t<\/div>\n\t\t\t\t<\/div>\n\t\t\t\t<div class=\"elementor-element elementor-element-1925f28 elementor-widget elementor-widget-naturobutton\" data-id=\"1925f28\" data-element_type=\"widget\" data-widget_type=\"naturobutton.default\">\n\t\t\t\t<div class=\"elementor-widget-container\">\n\t\t\t\t\t<!-- Button --><div class=\"btn-wrapper\"><a class=\"vs-btn style-1\" href=\"https:\/\/hunt-armenti.pl\/no\/kontakt\/\"><span><i class=\"fal fa-paw\"><\/i><\/span> Kontakt oss<\/a><\/div><!-- End Button -->\t\t\t\t<\/div>\n\t\t\t\t<\/div>\n\t\t\t\t\t<\/div>\n\t\t<\/div>\n\t\t\t\t\t<\/div>\n\t\t<\/section>\n\t\t\t\t\t<\/div>\n\t\t<\/div>\n\t\t\t\t\t<\/div>\n\t\t<\/section>\n\t\t\t\t<\/div>\n\t\t","protected":false},"excerpt":{"rendered":"<p>Ikke-trof\u00e9dyr \u2013 kjerneelement i selektiv viltforvaltning I Polen spiller jakt p\u00e5 ikke-trof\u00e9dyr en avgj\u00f8rende rolle i b\u00e6rekraftig viltforvaltning. Disse jaktene er ikke bare n\u00f8dvendige for \u00e5 regulere bestander, men ogs\u00e5 for \u00e5 sikre en sunn alders- og kj\u00f8nnsstruktur i viltpopulasjonen. For erfarne jegere er dette en h\u00f8yt verdsatt jaktform \u2013 et ekte uttrykk for ansvarlig&#8230;<\/p>\n","protected":false},"author":1,"featured_media":0,"parent":0,"menu_order":0,"comment_status":"closed","ping_status":"closed","template":"template-builder.php","meta":{"footnotes":""},"class_list":["post-9666","page","type-page","status-publish","hentry"],"jetpack_sharing_enabled":true,"_links":{"self":[{"href":"https:\/\/hunt-armenti.pl\/no\/wp-json\/wp\/v2\/pages\/9666","targetHints":{"allow":["GET"]}}],"collection":[{"href":"https:\/\/hunt-armenti.pl\/no\/wp-json\/wp\/v2\/pages"}],"about":[{"href":"https:\/\/hunt-armenti.pl\/no\/wp-json\/wp\/v2\/types\/page"}],"author":[{"embeddable":true,"href":"https:\/\/hunt-armenti.pl\/no\/wp-json\/wp\/v2\/users\/1"}],"replies":[{"embeddable":true,"href":"https:\/\/hunt-armenti.pl\/no\/wp-json\/wp\/v2\/comments?post=9666"}],"version-history":[{"count":6,"href":"https:\/\/hunt-armenti.pl\/no\/wp-json\/wp\/v2\/pages\/9666\/revisions"}],"predecessor-version":[{"id":10639,"href":"https:\/\/hunt-armenti.pl\/no\/wp-json\/wp\/v2\/pages\/9666\/revisions\/10639"}],"wp:attachment":[{"href":"https:\/\/hunt-armenti.pl\/no\/wp-json\/wp\/v2\/media?parent=9666"}],"curies":[{"name":"wp","href":"https:\/\/api.w.org\/{rel}","templated":true}]}}