{"id":9665,"date":"2025-07-02T17:39:42","date_gmt":"2025-07-02T15:39:42","guid":{"rendered":"https:\/\/hunt-armenti.pl\/oferta\/"},"modified":"2025-07-04T17:13:49","modified_gmt":"2025-07-04T15:13:49","slug":"oferta","status":"publish","type":"page","link":"https:\/\/hunt-armenti.pl\/no\/oferta\/","title":{"rendered":"Oferta"},"content":{"rendered":"\t\t<div data-elementor-type=\"wp-page\" data-elementor-id=\"9665\" class=\"elementor elementor-9665\" data-elementor-post-type=\"page\">\n\t\t\t\t\t\t<section class=\"elementor-section elementor-top-section elementor-element elementor-element-aef0853 elementor-section-full_width elementor-section-stretched elementor-section-height-default elementor-section-height-default\" data-id=\"aef0853\" data-element_type=\"section\" data-settings=\"{&quot;stretch_section&quot;:&quot;section-stretched&quot;}\">\n\t\t\t\t\t\t<div class=\"elementor-container elementor-column-gap-no\">\n\t\t\t\t\t<div class=\"elementor-column elementor-col-100 elementor-top-column elementor-element elementor-element-8dfa48f\" data-id=\"8dfa48f\" data-element_type=\"column\">\n\t\t\t<div class=\"elementor-widget-wrap elementor-element-populated\">\n\t\t\t\t\t\t<div class=\"elementor-element elementor-element-c52c3bc elementor-widget elementor-widget-naturosectiontitle\" data-id=\"c52c3bc\" data-element_type=\"widget\" data-widget_type=\"naturosectiontitle.default\">\n\t\t\t\t<div class=\"elementor-widget-container\">\n\t\t\t\t\t<div class=\"section-title\" ><h4 class=\"sec-title1 subtitle-selector\">Samarbeidsprosessen<\/h4><div class=\"sec_line\"><img decoding=\"async\" src=\"https:\/\/wordpress.vecurosoft.com\/huntar\/wp-content\/uploads\/2021\/11\/about-line-1.png\" alt=\"about line 1\"  class=\"mb-4\" \/><\/div><h2 class=\"sec-title2 text-title2 mt-1 title-selector\">Hvordan foreg\u00e5r jakt med oss?<\/h2><\/div>\t\t\t\t<\/div>\n\t\t\t\t<\/div>\n\t\t\t\t<div class=\"elementor-element elementor-element-581c722 elementor-widget elementor-widget-naturofeatures\" data-id=\"581c722\" data-element_type=\"widget\" data-widget_type=\"naturofeatures.default\">\n\t\t\t\t<div class=\"elementor-widget-container\">\n\t\t\t\t\t<!------------------------------- Features Area start -------------------------------><div class=\"vs-feature-wrapper\"><div class=\"container fature-border\"><div class=\"row features-slider-1\"><div class=\"col-lg-4\"><div class=\"feature-box overflow-hidden mb-30\"><div class=\"feature-icon float-sm-start\"><i class=\"flaticon-left-and-right-arrows\"><\/i><\/div><div class=\"feature-content mt-10\"><h5 class=\"features_title title-color fw-medium mb-10\"><a href=\"#\"> 1. Velg retning<\/a><\/h5><p>Velg omr\u00e5de og type jakt. Fortell oss hva du \u00f8nsker \u2013 storhjort under brunsten? Kanskje kraftige bukker? Eller en spennende drivjakt? Vi tar h\u00e5nd om resten.<\/p><\/div><\/div><\/div><div class=\"col-lg-4\"><div class=\"feature-box overflow-hidden mb-30\"><div class=\"feature-icon float-sm-start\"><i class=\"flaticon-appointment\"><\/i><\/div><div class=\"feature-content mt-10\"><h5 class=\"features_title title-color fw-medium mb-10\"><a href=\"#\">2. Bestill tidspunkt<\/a><\/h5><p>Ta kontakt, avtal detaljene og reserver en passende dato. Vi tilpasser alt etter dine behov.<\/p><\/div><\/div><\/div><div class=\"col-lg-4\"><div class=\"feature-box overflow-hidden mb-30\"><div class=\"feature-icon float-sm-start\"><i class=\"flaticon-adventure\"><\/i><\/div><div class=\"feature-content mt-10\"><h5 class=\"features_title title-color fw-medium mb-10\"><a href=\"#\">3. Start eventyret<\/a><\/h5><p>M\u00f8t opp p\u00e5 stedet, bli kjent med jaktguiden og omr\u00e5det, og begynn ditt uforglemmelige jaktopplegg.<\/p><\/div><\/div><\/div><div class=\"col-lg-4\"><div class=\"feature-box overflow-hidden mb-30\"><div class=\"feature-icon float-sm-start\"><i class=\"flaticon-handshake\"><\/i><\/div><div class=\"feature-content mt-10\"><h5 class=\"features_title title-color fw-medium mb-10\"><a href=\"#\">4. Kom hjem med et trof\u00e9<\/a><\/h5><p>Nyt en profesjonelt organisert jakt og ta med deg et minne for livet \u2013 et trof\u00e9 du kan v\u00e6re stolt av.<\/p><\/div><\/div><\/div><\/div><!--\/.row and vs-acrousel active--><\/div><!--\/.container--><\/div>\t\t\t\t<\/div>\n\t\t\t\t<\/div>\n\t\t\t\t\t<\/div>\n\t\t<\/div>\n\t\t\t\t\t<\/div>\n\t\t<\/section>\n\t\t\t\t<section class=\"elementor-section elementor-top-section elementor-element elementor-element-20ae862 elementor-section-full_width elementor-section-stretched elementor-section-height-default elementor-section-height-default\" data-id=\"20ae862\" data-element_type=\"section\" data-settings=\"{&quot;stretch_section&quot;:&quot;section-stretched&quot;}\">\n\t\t\t\t\t\t<div class=\"elementor-container elementor-column-gap-no\">\n\t\t\t\t\t<div class=\"elementor-column elementor-col-100 elementor-top-column elementor-element elementor-element-451530c\" data-id=\"451530c\" data-element_type=\"column\">\n\t\t\t<div class=\"elementor-widget-wrap elementor-element-populated\">\n\t\t\t\t\t\t<section class=\"elementor-section elementor-inner-section elementor-element elementor-element-5889987 elementor-section-full_width elementor-section-height-default elementor-section-height-default\" data-id=\"5889987\" data-element_type=\"section\">\n\t\t\t\t\t\t<div class=\"elementor-container elementor-column-gap-no\">\n\t\t\t\t\t<div class=\"elementor-column elementor-col-100 elementor-inner-column elementor-element elementor-element-6ff95ee\" data-id=\"6ff95ee\" data-element_type=\"column\">\n\t\t\t<div class=\"elementor-widget-wrap elementor-element-populated\">\n\t\t\t\t\t\t<div class=\"elementor-element elementor-element-8c129d7 elementor-widget elementor-widget-naturosectiontitle\" data-id=\"8c129d7\" data-element_type=\"widget\" data-widget_type=\"naturosectiontitle.default\">\n\t\t\t\t<div class=\"elementor-widget-container\">\n\t\t\t\t\t<div class=\"section-title\" ><h4 class=\"sec-title1 subtitle-selector\">Hva tilbyr vi?<\/h4><div class=\"sec_line\"><img decoding=\"async\" src=\"https:\/\/wordpress.vecurosoft.com\/huntar\/wp-content\/uploads\/2021\/11\/about-line-1.png\" alt=\"about line 1\"  class=\"mb-4\" \/><\/div><h2 class=\"sec-title2 text-title2 mt-1 title-selector\">Jakt med stil og erfaring<\/h2><\/div>\t\t\t\t<\/div>\n\t\t\t\t<\/div>\n\t\t\t\t\t<\/div>\n\t\t<\/div>\n\t\t\t\t\t<\/div>\n\t\t<\/section>\n\t\t\t\t<section class=\"elementor-section elementor-inner-section elementor-element elementor-element-ef63081 elementor-section-full_width elementor-section-height-default elementor-section-height-default\" data-id=\"ef63081\" data-element_type=\"section\">\n\t\t\t\t\t\t<div class=\"elementor-container elementor-column-gap-no\">\n\t\t\t\t\t<div class=\"elementor-column elementor-col-100 elementor-inner-column elementor-element elementor-element-047b04c\" data-id=\"047b04c\" data-element_type=\"column\" data-settings=\"{&quot;animation&quot;:&quot;none&quot;}\">\n\t\t\t<div class=\"elementor-widget-wrap elementor-element-populated\">\n\t\t\t\t\t\t<div class=\"elementor-element elementor-element-71a5d53 elementor-widget elementor-widget-naturoserviceslider\" data-id=\"71a5d53\" data-element_type=\"widget\" data-widget_type=\"naturoserviceslider.default\">\n\t\t\t\t<div class=\"elementor-widget-container\">\n\t\t\t\t\t<!-----------------------Start Service Slider Area-----------------------><div class=\"vs-services\"><div class=\"container\"><div class=\"position-relative\"><div class=\"services-arrow-box\"><button data-slick-prev=\"#sbox1\" class=\"icon-btn style2 services-arrow d-none d-xl-inline-block\"><i class=\"fal fa-arrow-left\"><\/i><\/button><button data-slick-next=\"#sbox1\" class=\"icon-btn style2 services-arrow d-none d-xl-inline-block\"><i class=\"fal fa-arrow-right\"><\/i><\/button><\/div><div class=\"row align-items-center vs-service-slider1\" id=\"sbox1\"><div class=\"col-lg-4 col-md-6\"><div class=\"vs-services-box mb-30\"><div class=\"vs-services-thumb text-center\"><img decoding=\"async\" src=\"https:\/\/hunt-armenti.pl\/wp-content\/uploads\/2025\/06\/Projekt-bez-nazwy-2025-06-26T203354.618.png\" alt=\"Projekt bez nazwy 2025 06 26T203354.618\"  \/><\/div><div class=\"vs-services-content\"><h4 class=\"sec-title1 title-color fw-bold mb-15\"><a href=\"https:\/\/hunt-armenti.pl\/no\/polowanie-na-sarny-kozly\/\">1. R\u00e5dyrjakt \u2013 Bukker<\/a><\/h4><p>Bukkejakt er en av de mest ettertraktede jaktformene i v\u00e5r- og sommersesongen. Den gir b\u00e5de verdifulle trof\u00e9er og uforglemmelige opplevelser ute i terrenget \u2013 spesielt under brunsten, n\u00e5r observasjon og smyg krever ekte jegerkunst.<\/p><a href=\"https:\/\/hunt-armenti.pl\/no\/polowanie-na-sarny-kozly\/\" class=\"link-btn\">Read More<i class=\"fal fa-long-arrow-right\"><\/i><\/a><\/div><\/div><\/div><div class=\"col-lg-4 col-md-6\"><div class=\"vs-services-box mb-30\"><div class=\"vs-services-thumb text-center\"><img decoding=\"async\" src=\"https:\/\/hunt-armenti.pl\/wp-content\/uploads\/2025\/07\/Projekt-bez-nazwy-2025-07-02T192034.616.png\" alt=\"Projekt bez nazwy 2025 07 02T192034.616\"  \/><\/div><div class=\"vs-services-content\"><h4 class=\"sec-title1 title-color fw-bold mb-15\"><a href=\"https:\/\/hunt-armenti.pl\/no\/polowanie-na-jelenie-byki\/\">2. Hjortejakt \u2013 Kronhjort<\/a><\/h4><p>Jakten p\u00e5 kronhjort (Cervus elaphus) er en prestisjefylt klassiker i norsk og europeisk jakttradisjon. H\u00f8ydepunktet er brunsttiden \u2013 \"br\u00f8lingen\" \u2013 n\u00e5r skogens konge lar seg lokke og byr p\u00e5 intense \u00f8yeblikk og medaljeklasse trof\u00e9er. Vi tilbyr tilgang til utvalgte revirer med god bestand og b\u00e6rekraftig forvaltning.<\/p><a href=\"https:\/\/hunt-armenti.pl\/no\/polowanie-na-jelenie-byki\/\" class=\"link-btn\">Read More<i class=\"fal fa-long-arrow-right\"><\/i><\/a><\/div><\/div><\/div><div class=\"col-lg-4 col-md-6\"><div class=\"vs-services-box mb-30\"><div class=\"vs-services-thumb text-center\"><img decoding=\"async\" src=\"https:\/\/hunt-armenti.pl\/wp-content\/uploads\/2025\/07\/Projekt-bez-nazwy-2025-07-02T192113.534.png\" alt=\"Projekt bez nazwy 2025 07 02T192113.534\"  \/><\/div><div class=\"vs-services-content\"><h4 class=\"sec-title1 title-color fw-bold mb-15\"><a href=\"https:\/\/hunt-armenti.pl\/no\/polowanie-na-dziki\/\">3. Villsvinjakt<\/a><\/h4><p>Villsvinjakta er hel\u00e5rsjakt og har blitt en favoritt blant mange jegere. Vi tilbyr b\u00e5de individuell smygjakt og vakjakt, samt spennende nattjakt med termiske sikter og nattoptikk \u2013 alltid innenfor lovverket.<\/p><a href=\"https:\/\/hunt-armenti.pl\/no\/polowanie-na-dziki\/\" class=\"link-btn\">Read More<i class=\"fal fa-long-arrow-right\"><\/i><\/a><\/div><\/div><\/div><div class=\"col-lg-4 col-md-6\"><div class=\"vs-services-box mb-30\"><div class=\"vs-services-thumb text-center\"><img decoding=\"async\" src=\"https:\/\/hunt-armenti.pl\/wp-content\/uploads\/2025\/07\/Projekt-bez-nazwy-2025-07-02T192146.580.png\" alt=\"Projekt bez nazwy 2025 07 02T192146.580\"  \/><\/div><div class=\"vs-services-content\"><h4 class=\"sec-title1 title-color fw-bold mb-15\"><a href=\"https:\/\/hunt-armenti.pl\/no\/polowania-zbiorowe\/\">4. Drivjakt \/ Fellesjakt<\/a><\/h4><p>Vi arrangerer drivjakter av h\u00f8y kvalitet \u2013 hovedsakelig p\u00e5 hjortevilt og villsvin. Dette er en intens og sosial jaktform som fordrer samarbeid, sikkerhet og koordinasjon. En perfekt anledning til \u00e5 felle flere dyr p\u00e5 \u00e9n dag under trygge og kontrollerte forhold \u2013 med st\u00f8tte fra erfarne jaktledere og drivere.<\/p><a href=\"https:\/\/hunt-armenti.pl\/no\/polowania-zbiorowe\/\" class=\"link-btn\">Read More<i class=\"fal fa-long-arrow-right\"><\/i><\/a><\/div><\/div><\/div><div class=\"col-lg-4 col-md-6\"><div class=\"vs-services-box mb-30\"><div class=\"vs-services-thumb text-center\"><img decoding=\"async\" src=\"https:\/\/hunt-armenti.pl\/wp-content\/uploads\/2025\/07\/Projekt-bez-nazwy-2025-07-02T192305.537.png\" alt=\"Projekt bez nazwy 2025 07 02T192305.537\"  \/><\/div><div class=\"vs-services-content\"><h4 class=\"sec-title1 title-color fw-bold mb-15\"><a href=\"https:\/\/hunt-armenti.pl\/no\/polowania-na-zwierzyne-nietrofealna\/\">5. Selektiv jakt p\u00e5 ikke-trof\u00e9dyr<\/a><\/h4><p>Vi tilbyr ogs\u00e5 selektiv jakt p\u00e5 dyr uten trof\u00e9verdi, som hind, r\u00e5geit og kalv. Dette er et verdifullt tiltak for bestandsregulering og etikk i viltforvaltningen \u2013 samtidig som det byr p\u00e5 rimelige, spennende jaktopplevelser med h\u00f8y uttelling.<\/p><a href=\"https:\/\/hunt-armenti.pl\/no\/polowania-na-zwierzyne-nietrofealna\/\" class=\"link-btn\">Read More<i class=\"fal fa-long-arrow-right\"><\/i><\/a><\/div><\/div><\/div><\/div><\/div><\/div><\/div>\t\t\t\t<\/div>\n\t\t\t\t<\/div>\n\t\t\t\t\t<\/div>\n\t\t<\/div>\n\t\t\t\t\t<\/div>\n\t\t<\/section>\n\t\t\t\t\t<\/div>\n\t\t<\/div>\n\t\t\t\t\t<\/div>\n\t\t<\/section>\n\t\t\t\t<\/div>\n\t\t","protected":false},"excerpt":{"rendered":"<p>Samarbeidsprosessen Hvordan foreg\u00e5r jakt med oss? 1. Velg retning Velg omr\u00e5de og type jakt. Fortell oss hva du \u00f8nsker \u2013 storhjort under brunsten? Kanskje kraftige bukker? Eller en spennende drivjakt? Vi tar h\u00e5nd om resten. 2. Bestill tidspunkt Ta kontakt, avtal detaljene og reserver en passende dato. Vi tilpasser alt etter dine behov. 3. Start&#8230;<\/p>\n","protected":false},"author":1,"featured_media":0,"parent":0,"menu_order":0,"comment_status":"closed","ping_status":"closed","template":"","meta":{"footnotes":""},"class_list":["post-9665","page","type-page","status-publish","hentry"],"jetpack_sharing_enabled":true,"_links":{"self":[{"href":"https:\/\/hunt-armenti.pl\/no\/wp-json\/wp\/v2\/pages\/9665","targetHints":{"allow":["GET"]}}],"collection":[{"href":"https:\/\/hunt-armenti.pl\/no\/wp-json\/wp\/v2\/pages"}],"about":[{"href":"https:\/\/hunt-armenti.pl\/no\/wp-json\/wp\/v2\/types\/page"}],"author":[{"embeddable":true,"href":"https:\/\/hunt-armenti.pl\/no\/wp-json\/wp\/v2\/users\/1"}],"replies":[{"embeddable":true,"href":"https:\/\/hunt-armenti.pl\/no\/wp-json\/wp\/v2\/comments?post=9665"}],"version-history":[{"count":6,"href":"https:\/\/hunt-armenti.pl\/no\/wp-json\/wp\/v2\/pages\/9665\/revisions"}],"predecessor-version":[{"id":10636,"href":"https:\/\/hunt-armenti.pl\/no\/wp-json\/wp\/v2\/pages\/9665\/revisions\/10636"}],"wp:attachment":[{"href":"https:\/\/hunt-armenti.pl\/no\/wp-json\/wp\/v2\/media?parent=9665"}],"curies":[{"name":"wp","href":"https:\/\/api.w.org\/{rel}","templated":true}]}}