{"id":9810,"date":"2025-07-02T14:55:48","date_gmt":"2025-07-02T12:55:48","guid":{"rendered":"https:\/\/hunt-armenti.pl\/wspolpraca-z-kolami\/"},"modified":"2025-07-04T17:19:25","modified_gmt":"2025-07-04T15:19:25","slug":"wspolpraca-z-kolami","status":"publish","type":"page","link":"https:\/\/hunt-armenti.pl\/fr\/wspolpraca-z-kolami\/","title":{"rendered":"Wsp\u00f3\u0142praca z ko\u0142ami"},"content":{"rendered":"\t\t<div data-elementor-type=\"wp-page\" data-elementor-id=\"9810\" class=\"elementor elementor-9810\" data-elementor-post-type=\"page\">\n\t\t\t\t\t\t<section class=\"elementor-section elementor-top-section elementor-element elementor-element-c9e0e87 elementor-section-full_width elementor-section-stretched elementor-section-height-default elementor-section-height-default\" data-id=\"c9e0e87\" data-element_type=\"section\" data-settings=\"{&quot;stretch_section&quot;:&quot;section-stretched&quot;}\">\n\t\t\t\t\t\t<div class=\"elementor-container elementor-column-gap-no\">\n\t\t\t\t\t<div class=\"elementor-column elementor-col-100 elementor-top-column elementor-element elementor-element-2ab0d4d\" data-id=\"2ab0d4d\" data-element_type=\"column\">\n\t\t\t<div class=\"elementor-widget-wrap elementor-element-populated\">\n\t\t\t\t\t\t<section class=\"elementor-section elementor-inner-section elementor-element elementor-element-dbffc27 elementor-section-content-middle elementor-section-boxed elementor-section-height-default elementor-section-height-default\" data-id=\"dbffc27\" data-element_type=\"section\">\n\t\t\t\t\t\t<div class=\"elementor-container elementor-column-gap-no\">\n\t\t\t\t\t<div class=\"elementor-column elementor-col-50 elementor-inner-column elementor-element elementor-element-d8092b9\" data-id=\"d8092b9\" data-element_type=\"column\">\n\t\t\t<div class=\"elementor-widget-wrap elementor-element-populated\">\n\t\t\t\t\t\t<div class=\"elementor-element elementor-element-06ca3b4 style-2 elementor-widget elementor-widget-naturosectiontitle\" data-id=\"06ca3b4\" data-element_type=\"widget\" data-widget_type=\"naturosectiontitle.default\">\n\t\t\t\t<div class=\"elementor-widget-container\">\n\t\t\t\t\t<div class=\"section-title\" ><h4 class=\"sec-title1 subtitle-selector\">Collaboration<\/h4><div class=\"sec_line\"><img decoding=\"async\" src=\"https:\/\/wordpress.vecurosoft.com\/huntar\/wp-content\/uploads\/2021\/11\/about-line-1.png\" alt=\"about line 1\"  class=\"mb-4\" \/><\/div><h2 class=\"sec-title2 text-title2 mt-1 title-selector\">Ensemble, nous pouvons organiser des chasses d\u2019un niveau exceptionnel.<\/h2><p class=\"desc\">Nous invitons chaleureusement les soci\u00e9t\u00e9s de chasse int\u00e9ress\u00e9es \u00e0 prendre contact avec notre agence afin de discuter des possibilit\u00e9s de collaboration.\nNous offrons une organisation professionnelle de chasses, impliquant des chasseurs responsables qui veillent \u00e0 la s\u00e9curit\u00e9 et respectent scrupuleusement l\u2019\u00e9thique cyn\u00e9g\u00e9tique. Ensemble, nous pouvons r\u00e9aliser des chasses de haut niveau, dans le confort et la s\u00e9curit\u00e9 totale de tous les participants.\n\nNous sommes ouverts \u00e0 des partenariats \u00e0 long terme, fond\u00e9s sur la confiance mutuelle et le respect partag\u00e9 de la nature.<\/p><\/div>\t\t\t\t<\/div>\n\t\t\t\t<\/div>\n\t\t\t\t<div class=\"elementor-element elementor-element-0a09457 elementor-widget__width-auto elementor-widget elementor-widget-naturobutton\" data-id=\"0a09457\" data-element_type=\"widget\" data-widget_type=\"naturobutton.default\">\n\t\t\t\t<div class=\"elementor-widget-container\">\n\t\t\t\t\t<!-- Button --><div class=\"btn-wrapper\"><a class=\"vs-btn style-1\" href=\"https:\/\/hunt-armenti.pl\/fr\/kontakt\/\"><span><i class=\"fal fa-paw\"><\/i><\/span> Contactez-nous<\/a><\/div><!-- End Button -->\t\t\t\t<\/div>\n\t\t\t\t<\/div>\n\t\t\t\t<div class=\"elementor-element elementor-element-2a09380 elementor-widget__width-auto elementor-widget elementor-widget-html\" data-id=\"2a09380\" data-element_type=\"widget\" data-widget_type=\"html.default\">\n\t\t\t\t<div class=\"elementor-widget-container\">\n\t\t\t\t\t<div class=\"call-media\"><div class=\"media-icon\"><i class=\"fas fa-phone-alt\"><\/i><\/div><div class=\"media-body\"><span class=\"media-label\">Appelez maintenant!<\/span><p class=\"media-info\"><a href=\"tel:+48720820470\" class=\"text-inherit\">+48 720 820 470<\/a><\/p> <\/div><\/div>\t\t\t\t<\/div>\n\t\t\t\t<\/div>\n\t\t\t\t\t<\/div>\n\t\t<\/div>\n\t\t\t\t<div class=\"elementor-column elementor-col-50 elementor-inner-column elementor-element elementor-element-dd6fa25\" data-id=\"dd6fa25\" data-element_type=\"column\">\n\t\t\t<div class=\"elementor-widget-wrap elementor-element-populated\">\n\t\t\t\t\t\t<div class=\"elementor-element elementor-element-769e650 elementor-widget elementor-widget-image\" data-id=\"769e650\" data-element_type=\"widget\" data-widget_type=\"image.default\">\n\t\t\t\t<div class=\"elementor-widget-container\">\n\t\t\t\t\t\t\t\t\t\t\t\t\t\t\t<img decoding=\"async\" src=\"https:\/\/hunt-armenti.pl\/wp-content\/uploads\/elementor\/thumbs\/pexels-tima-miroshnichenko-6204608-scaled-r86cyoxw7i4xr68kzfmhmcxpxq5z6zr94ky98rebn4.jpg\" title=\"pexels-tima-miroshnichenko-6204608\" alt=\"pexels-tima-miroshnichenko-6204608\" loading=\"lazy\" \/>\t\t\t\t\t\t\t\t\t\t\t\t\t\t\t<\/div>\n\t\t\t\t<\/div>\n\t\t\t\t\t<\/div>\n\t\t<\/div>\n\t\t\t\t\t<\/div>\n\t\t<\/section>\n\t\t\t\t\t<\/div>\n\t\t<\/div>\n\t\t\t\t\t<\/div>\n\t\t<\/section>\n\t\t\t\t<\/div>\n\t\t","protected":false},"excerpt":{"rendered":"<p>Collaboration Ensemble, nous pouvons organiser des chasses d\u2019un niveau exceptionnel. Nous invitons chaleureusement les soci\u00e9t\u00e9s de chasse int\u00e9ress\u00e9es \u00e0 prendre contact avec notre agence afin de discuter des possibilit\u00e9s de collaboration. Nous offrons une organisation professionnelle de chasses, impliquant des chasseurs responsables qui veillent \u00e0 la s\u00e9curit\u00e9 et respectent scrupuleusement l\u2019\u00e9thique cyn\u00e9g\u00e9tique. Ensemble, nous pouvons&#8230;<\/p>\n","protected":false},"author":1,"featured_media":0,"parent":0,"menu_order":0,"comment_status":"closed","ping_status":"closed","template":"","meta":{"footnotes":""},"class_list":["post-9810","page","type-page","status-publish","hentry"],"jetpack_sharing_enabled":true,"_links":{"self":[{"href":"https:\/\/hunt-armenti.pl\/fr\/wp-json\/wp\/v2\/pages\/9810","targetHints":{"allow":["GET"]}}],"collection":[{"href":"https:\/\/hunt-armenti.pl\/fr\/wp-json\/wp\/v2\/pages"}],"about":[{"href":"https:\/\/hunt-armenti.pl\/fr\/wp-json\/wp\/v2\/types\/page"}],"author":[{"embeddable":true,"href":"https:\/\/hunt-armenti.pl\/fr\/wp-json\/wp\/v2\/users\/1"}],"replies":[{"embeddable":true,"href":"https:\/\/hunt-armenti.pl\/fr\/wp-json\/wp\/v2\/comments?post=9810"}],"version-history":[{"count":6,"href":"https:\/\/hunt-armenti.pl\/fr\/wp-json\/wp\/v2\/pages\/9810\/revisions"}],"predecessor-version":[{"id":10708,"href":"https:\/\/hunt-armenti.pl\/fr\/wp-json\/wp\/v2\/pages\/9810\/revisions\/10708"}],"wp:attachment":[{"href":"https:\/\/hunt-armenti.pl\/fr\/wp-json\/wp\/v2\/media?parent=9810"}],"curies":[{"name":"wp","href":"https:\/\/api.w.org\/{rel}","templated":true}]}}