{"id":9800,"date":"2021-11-23T08:28:23","date_gmt":"2021-11-23T07:28:23","guid":{"rendered":"https:\/\/hunt-armenti.pl\/polowanie-na-sarny-kozly\/"},"modified":"2025-07-04T17:19:20","modified_gmt":"2025-07-04T15:19:20","slug":"polowanie-na-sarny-kozly","status":"publish","type":"page","link":"https:\/\/hunt-armenti.pl\/fr\/polowanie-na-sarny-kozly\/","title":{"rendered":"Polowanie na Sarny \u2013 Koz\u0142y"},"content":{"rendered":"\t\t<div data-elementor-type=\"wp-page\" data-elementor-id=\"9800\" class=\"elementor elementor-9800\" data-elementor-post-type=\"page\">\n\t\t\t\t\t\t<section class=\"elementor-section elementor-top-section elementor-element elementor-element-5bed227 elementor-section-full_width elementor-section-height-default elementor-section-height-default\" data-id=\"5bed227\" data-element_type=\"section\">\n\t\t\t\t\t\t<div class=\"elementor-container elementor-column-gap-no\">\n\t\t\t\t\t<div class=\"elementor-column elementor-col-100 elementor-top-column elementor-element elementor-element-0ae4ee7\" data-id=\"0ae4ee7\" data-element_type=\"column\">\n\t\t\t<div class=\"elementor-widget-wrap elementor-element-populated\">\n\t\t\t\t\t\t<section class=\"elementor-section elementor-inner-section elementor-element elementor-element-72d2379 elementor-section-boxed elementor-section-height-default elementor-section-height-default\" data-id=\"72d2379\" data-element_type=\"section\">\n\t\t\t\t\t\t<div class=\"elementor-container elementor-column-gap-no\">\n\t\t\t\t\t<div class=\"elementor-column elementor-col-100 elementor-inner-column elementor-element elementor-element-28a4398\" data-id=\"28a4398\" data-element_type=\"column\">\n\t\t\t<div class=\"elementor-widget-wrap elementor-element-populated\">\n\t\t\t\t\t\t<div class=\"elementor-element elementor-element-69db11f elementor-widget elementor-widget-naturomegahover\" data-id=\"69db11f\" data-element_type=\"widget\" data-widget_type=\"naturomegahover.default\">\n\t\t\t\t<div class=\"elementor-widget-container\">\n\t\t\t\t\t<div class=\"mega-img-box\"><div class=\"img-1\"><div class=\"mega-hover\"><img decoding=\"async\" src=\"https:\/\/hunt-armenti.pl\/wp-content\/uploads\/2025\/07\/roe-deer-8840146_1280-1.jpg\" alt=\"roe deer 8840146_1280 1\"  class=\"w-100\" \/><\/div><\/div><\/div>\t\t\t\t<\/div>\n\t\t\t\t<\/div>\n\t\t\t\t\t<\/div>\n\t\t<\/div>\n\t\t\t\t\t<\/div>\n\t\t<\/section>\n\t\t\t\t\t<\/div>\n\t\t<\/div>\n\t\t\t\t\t<\/div>\n\t\t<\/section>\n\t\t\t\t<section class=\"elementor-section elementor-top-section elementor-element elementor-element-78be942 elementor-section-full_width elementor-section-height-default elementor-section-height-default\" data-id=\"78be942\" data-element_type=\"section\">\n\t\t\t\t\t\t<div class=\"elementor-container elementor-column-gap-default\">\n\t\t\t\t\t<div class=\"elementor-column elementor-col-100 elementor-top-column elementor-element elementor-element-b19da3f\" data-id=\"b19da3f\" data-element_type=\"column\">\n\t\t\t<div class=\"elementor-widget-wrap elementor-element-populated\">\n\t\t\t\t\t\t<section class=\"elementor-section elementor-inner-section elementor-element elementor-element-af42c91 elementor-section-boxed elementor-section-height-default elementor-section-height-default\" data-id=\"af42c91\" data-element_type=\"section\">\n\t\t\t\t\t\t<div class=\"elementor-container elementor-column-gap-no\">\n\t\t\t\t\t<div class=\"elementor-column elementor-col-100 elementor-inner-column elementor-element elementor-element-b23600a\" data-id=\"b23600a\" data-element_type=\"column\">\n\t\t\t<div class=\"elementor-widget-wrap elementor-element-populated\">\n\t\t\t\t\t\t<div class=\"elementor-element elementor-element-0d84262 elementor-widget elementor-widget-heading\" data-id=\"0d84262\" data-element_type=\"widget\" data-widget_type=\"heading.default\">\n\t\t\t\t<div class=\"elementor-widget-container\">\n\t\t\t\t\t<h2 class=\"elementor-heading-title elementor-size-default\">Chasse au brocard \u2013 pr\u00e9cision, d\u00e9fi et satisfaction<\/h2>\t\t\t\t<\/div>\n\t\t\t\t<\/div>\n\t\t\t\t<div class=\"elementor-element elementor-element-1a26fd4 elementor-widget elementor-widget-text-editor\" data-id=\"1a26fd4\" data-element_type=\"widget\" data-widget_type=\"text-editor.default\">\n\t\t\t\t<div class=\"elementor-widget-container\">\n\t\t\t\t\t\t\t\t\t<p class=\"mb-55\">La chasse au brocard est un classique de la v\u00e9nerie, alliant \u00e9l\u00e9gance, pr\u00e9cision et conditions dynamiques de chasse. Elle s\u2019adresse aux chasseurs qui appr\u00e9cient l\u2019activit\u00e9 physique, le pistage et la s\u00e9lection du gibier, tout en visant un troph\u00e9e impressionnant sous forme d\u2019un bois raffin\u00e9.<\/p>\t\t\t\t\t\t\t\t<\/div>\n\t\t\t\t<\/div>\n\t\t\t\t<div class=\"elementor-element elementor-element-b566854 elementor-widget elementor-widget-heading\" data-id=\"b566854\" data-element_type=\"widget\" data-widget_type=\"heading.default\">\n\t\t\t\t<div class=\"elementor-widget-container\">\n\t\t\t\t\t<h2 class=\"elementor-heading-title elementor-size-default\">Le brocard \u2013 un habitant discret et rus\u00e9 des for\u00eats<\/h2>\t\t\t\t<\/div>\n\t\t\t\t<\/div>\n\t\t\t\t<div class=\"elementor-element elementor-element-b41bce3 elementor-widget elementor-widget-text-editor\" data-id=\"b41bce3\" data-element_type=\"widget\" data-widget_type=\"text-editor.default\">\n\t\t\t\t<div class=\"elementor-widget-container\">\n\t\t\t\t\t\t\t\t\t<p>Le chevreuil europ\u00e9en (<em data-start=\"438\" data-end=\"459\">Capreolus capreolus<\/em>) est un gibier agile, m\u00e9fiant et discret qui fr\u00e9quente les for\u00eats, champs et haies polonaises. Les m\u00e2les \u2013 appel\u00e9s brocards \u2013 se distinguent par leur bois d\u00e9licat mais esth\u00e9tique, d\u00e9velopp\u00e9 au fil de la saison, et consid\u00e9r\u00e9 comme une v\u00e9ritable fiert\u00e9 cyn\u00e9g\u00e9tique.<\/p>\t\t\t\t\t\t\t\t<\/div>\n\t\t\t\t<\/div>\n\t\t\t\t<div class=\"elementor-element elementor-element-2729be4 elementor-widget elementor-widget-heading\" data-id=\"2729be4\" data-element_type=\"widget\" data-widget_type=\"heading.default\">\n\t\t\t\t<div class=\"elementor-widget-container\">\n\t\t\t\t\t<h2 class=\"elementor-heading-title elementor-size-default\">P\u00e9riode de chasse au brocard<\/h2>\t\t\t\t<\/div>\n\t\t\t\t<\/div>\n\t\t\t\t<div class=\"elementor-element elementor-element-d73c608 elementor-widget elementor-widget-text-editor\" data-id=\"d73c608\" data-element_type=\"widget\" data-widget_type=\"text-editor.default\">\n\t\t\t\t<div class=\"elementor-widget-container\">\n\t\t\t\t\t\t\t\t\t<div class=\"_tableContainer_80l1q_1\"><div class=\"_tableWrapper_80l1q_14 group flex w-fit flex-col-reverse\" tabindex=\"-1\"><table class=\"w-fit min-w-(--thread-content-width)\" data-start=\"768\" data-end=\"934\"><thead data-start=\"768\" data-end=\"823\"><tr data-start=\"768\" data-end=\"823\"><th data-start=\"768\" data-end=\"789\" data-col-size=\"sm\">Esp\u00e8ce \/ Type<\/th><th data-start=\"789\" data-end=\"823\" data-col-size=\"sm\">P\u00e9riode de chasse<\/th><\/tr><\/thead><tbody data-start=\"879\" data-end=\"934\"><tr data-start=\"879\" data-end=\"934\"><td data-start=\"879\" data-end=\"901\" data-col-size=\"sm\">Chevreuil (brocard)<\/td><td data-start=\"901\" data-end=\"934\" data-col-size=\"sm\">11 mai \u2013 30 septembre<\/td><\/tr><\/tbody><\/table><div class=\"sticky end-(--thread-content-margin) h-0 self-end select-none\"><div class=\"absolute end-0 flex items-end\">\u00a0<\/div><\/div><\/div><\/div><p data-start=\"936\" data-end=\"1068\">C\u2019est au printemps et en \u00e9t\u00e9 que le brocard est le plus actif et visible, notamment lors de ses p\u00e9riodes d\u2019alimentation ou de repos.<\/p>\t\t\t\t\t\t\t\t<\/div>\n\t\t\t\t<\/div>\n\t\t\t\t<div class=\"elementor-element elementor-element-9717b8c elementor-widget elementor-widget-heading\" data-id=\"9717b8c\" data-element_type=\"widget\" data-widget_type=\"heading.default\">\n\t\t\t\t<div class=\"elementor-widget-container\">\n\t\t\t\t\t<h2 class=\"elementor-heading-title elementor-size-default\">Modes de chasse<\/h2>\t\t\t\t<\/div>\n\t\t\t\t<\/div>\n\t\t\t\t<div class=\"elementor-element elementor-element-984cd5b elementor-widget elementor-widget-text-editor\" data-id=\"984cd5b\" data-element_type=\"widget\" data-widget_type=\"text-editor.default\">\n\t\t\t\t<div class=\"elementor-widget-container\">\n\t\t\t\t\t\t\t\t\t<ul><li data-start=\"1100\" data-end=\"1231\"><p data-start=\"1102\" data-end=\"1231\"><strong data-start=\"1102\" data-end=\"1141\">Chasse \u00e0 l\u2019approche (chasse \u00e0 pied)<\/strong> \u2013 m\u00e9thode la plus populaire, id\u00e9ale pour observer et suivre l\u2019animal de mani\u00e8re active.<\/p><\/li><li data-start=\"1232\" data-end=\"1358\"><p data-start=\"1234\" data-end=\"1358\"><strong data-start=\"1234\" data-end=\"1274\">Chasse \u00e0 l\u2019aff\u00fbt (depuis un mirador)<\/strong> \u2013 particuli\u00e8rement efficace en soir\u00e9e, lorsque chaque tir exige calme et pr\u00e9cision.<\/p><\/li><\/ul>\t\t\t\t\t\t\t\t<\/div>\n\t\t\t\t<\/div>\n\t\t\t\t<div class=\"elementor-element elementor-element-7ac5bee elementor-widget elementor-widget-heading\" data-id=\"7ac5bee\" data-element_type=\"widget\" data-widget_type=\"heading.default\">\n\t\t\t\t<div class=\"elementor-widget-container\">\n\t\t\t\t\t<h2 class=\"elementor-heading-title elementor-size-default\">Pour qui ?<\/h2>\t\t\t\t<\/div>\n\t\t\t\t<\/div>\n\t\t\t\t<div class=\"elementor-element elementor-element-d971d47 elementor-widget elementor-widget-text-editor\" data-id=\"d971d47\" data-element_type=\"widget\" data-widget_type=\"text-editor.default\">\n\t\t\t\t<div class=\"elementor-widget-container\">\n\t\t\t\t\t\t\t\t\t<p data-start=\"1385\" data-end=\"1415\">Cette chasse est id\u00e9ale pour :<\/p><ul data-start=\"1416\" data-end=\"1676\"><li data-start=\"1416\" data-end=\"1460\"><p data-start=\"1418\" data-end=\"1460\">Les chasseurs en qu\u00eate d\u2019un troph\u00e9e unique<\/p><\/li><li data-start=\"1461\" data-end=\"1519\"><p data-start=\"1463\" data-end=\"1519\">Les passionn\u00e9s de techniques de pistage et d\u2019observation<\/p><\/li><li data-start=\"1520\" data-end=\"1602\"><p data-start=\"1522\" data-end=\"1602\">Les amoureux de la nature d\u00e9sireux de mieux comprendre le comportement du gibier<\/p><\/li><li data-start=\"1603\" data-end=\"1676\"><p data-start=\"1605\" data-end=\"1676\">Ceux qui souhaitent associer chasse et d\u00e9couverte des paysages polonais<\/p><\/li><\/ul>\t\t\t\t\t\t\t\t<\/div>\n\t\t\t\t<\/div>\n\t\t\t\t<div class=\"elementor-element elementor-element-790507b elementor-widget elementor-widget-heading\" data-id=\"790507b\" data-element_type=\"widget\" data-widget_type=\"heading.default\">\n\t\t\t\t<div class=\"elementor-widget-container\">\n\t\t\t\t\t<h2 class=\"elementor-heading-title elementor-size-default\">Ce que nous offrons :<\/h2>\t\t\t\t<\/div>\n\t\t\t\t<\/div>\n\t\t\t\t<div class=\"elementor-element elementor-element-a3e9280 elementor-widget elementor-widget-text-editor\" data-id=\"a3e9280\" data-element_type=\"widget\" data-widget_type=\"text-editor.default\">\n\t\t\t\t<div class=\"elementor-widget-container\">\n\t\t\t\t\t\t\t\t\t<ul><li style=\"font-weight: 400;\" aria-level=\"1\">\u00a0Acc\u00e8s \u00e0 des territoires riches en chevreuils<\/li><li style=\"font-weight: 400;\" aria-level=\"1\">\u00a0Guides professionnels et experts locaux<\/li><li style=\"font-weight: 400;\" aria-level=\"1\">\u00a0H\u00e9bergement confortable et transport<\/li><li style=\"font-weight: 400;\" aria-level=\"1\">\u00a0\u00c9valuation et documentation de votre troph\u00e9e<\/li><li style=\"font-weight: 400;\" aria-level=\"1\">\u00a0Pr\u00e9paration et possibilit\u00e9 d\u2019export du troph\u00e9e<\/li><\/ul>\t\t\t\t\t\t\t\t<\/div>\n\t\t\t\t<\/div>\n\t\t\t\t<div class=\"elementor-element elementor-element-e4b9859 elementor-widget elementor-widget-naturobutton\" data-id=\"e4b9859\" data-element_type=\"widget\" data-widget_type=\"naturobutton.default\">\n\t\t\t\t<div class=\"elementor-widget-container\">\n\t\t\t\t\t<!-- Button --><div class=\"btn-wrapper\"><a class=\"vs-btn style-1\" href=\"https:\/\/hunt-armenti.pl\/fr\/kontakt\/\"><span><i class=\"fal fa-paw\"><\/i><\/span> Contactez-nous<\/a><\/div><!-- End Button -->\t\t\t\t<\/div>\n\t\t\t\t<\/div>\n\t\t\t\t\t<\/div>\n\t\t<\/div>\n\t\t\t\t\t<\/div>\n\t\t<\/section>\n\t\t\t\t\t<\/div>\n\t\t<\/div>\n\t\t\t\t\t<\/div>\n\t\t<\/section>\n\t\t\t\t<\/div>\n\t\t","protected":false},"excerpt":{"rendered":"<p>Chasse au brocard \u2013 pr\u00e9cision, d\u00e9fi et satisfaction La chasse au brocard est un classique de la v\u00e9nerie, alliant \u00e9l\u00e9gance, pr\u00e9cision et conditions dynamiques de chasse. Elle s\u2019adresse aux chasseurs qui appr\u00e9cient l\u2019activit\u00e9 physique, le pistage et la s\u00e9lection du gibier, tout en visant un troph\u00e9e impressionnant sous forme d\u2019un bois raffin\u00e9. Le brocard \u2013&#8230;<\/p>\n","protected":false},"author":1,"featured_media":0,"parent":0,"menu_order":0,"comment_status":"closed","ping_status":"closed","template":"template-builder.php","meta":{"footnotes":""},"class_list":["post-9800","page","type-page","status-publish","hentry"],"jetpack_sharing_enabled":true,"_links":{"self":[{"href":"https:\/\/hunt-armenti.pl\/fr\/wp-json\/wp\/v2\/pages\/9800","targetHints":{"allow":["GET"]}}],"collection":[{"href":"https:\/\/hunt-armenti.pl\/fr\/wp-json\/wp\/v2\/pages"}],"about":[{"href":"https:\/\/hunt-armenti.pl\/fr\/wp-json\/wp\/v2\/types\/page"}],"author":[{"embeddable":true,"href":"https:\/\/hunt-armenti.pl\/fr\/wp-json\/wp\/v2\/users\/1"}],"replies":[{"embeddable":true,"href":"https:\/\/hunt-armenti.pl\/fr\/wp-json\/wp\/v2\/comments?post=9800"}],"version-history":[{"count":6,"href":"https:\/\/hunt-armenti.pl\/fr\/wp-json\/wp\/v2\/pages\/9800\/revisions"}],"predecessor-version":[{"id":10705,"href":"https:\/\/hunt-armenti.pl\/fr\/wp-json\/wp\/v2\/pages\/9800\/revisions\/10705"}],"wp:attachment":[{"href":"https:\/\/hunt-armenti.pl\/fr\/wp-json\/wp\/v2\/media?parent=9800"}],"curies":[{"name":"wp","href":"https:\/\/api.w.org\/{rel}","templated":true}]}}