{"id":9799,"date":"2025-07-02T19:27:23","date_gmt":"2025-07-02T17:27:23","guid":{"rendered":"https:\/\/hunt-armenti.pl\/polowanie-na-jelenie-byki\/"},"modified":"2025-07-04T17:19:14","modified_gmt":"2025-07-04T15:19:14","slug":"polowanie-na-jelenie-byki","status":"publish","type":"page","link":"https:\/\/hunt-armenti.pl\/fr\/polowanie-na-jelenie-byki\/","title":{"rendered":"Polowanie na Jelenie \u2013 Byki"},"content":{"rendered":"\t\t<div data-elementor-type=\"wp-page\" data-elementor-id=\"9799\" class=\"elementor elementor-9799\" data-elementor-post-type=\"page\">\n\t\t\t\t\t\t<section class=\"elementor-section elementor-top-section elementor-element elementor-element-5bed227 elementor-section-full_width elementor-section-height-default elementor-section-height-default\" data-id=\"5bed227\" data-element_type=\"section\">\n\t\t\t\t\t\t<div class=\"elementor-container elementor-column-gap-no\">\n\t\t\t\t\t<div class=\"elementor-column elementor-col-100 elementor-top-column elementor-element elementor-element-0ae4ee7\" data-id=\"0ae4ee7\" data-element_type=\"column\">\n\t\t\t<div class=\"elementor-widget-wrap elementor-element-populated\">\n\t\t\t\t\t\t<section class=\"elementor-section elementor-inner-section elementor-element elementor-element-72d2379 elementor-section-boxed elementor-section-height-default elementor-section-height-default\" data-id=\"72d2379\" data-element_type=\"section\">\n\t\t\t\t\t\t<div class=\"elementor-container elementor-column-gap-no\">\n\t\t\t\t\t<div class=\"elementor-column elementor-col-100 elementor-inner-column elementor-element elementor-element-28a4398\" data-id=\"28a4398\" data-element_type=\"column\">\n\t\t\t<div class=\"elementor-widget-wrap elementor-element-populated\">\n\t\t\t\t\t\t<div class=\"elementor-element elementor-element-69db11f elementor-widget elementor-widget-naturomegahover\" data-id=\"69db11f\" data-element_type=\"widget\" data-widget_type=\"naturomegahover.default\">\n\t\t\t\t<div class=\"elementor-widget-container\">\n\t\t\t\t\t<div class=\"mega-img-box\"><div class=\"img-1\"><div class=\"mega-hover\"><img decoding=\"async\" src=\"https:\/\/hunt-armenti.pl\/wp-content\/uploads\/2025\/07\/reindeer-1323000_1920.jpg\" alt=\"reindeer 1323000_1920\"  class=\"w-100\" \/><\/div><\/div><\/div>\t\t\t\t<\/div>\n\t\t\t\t<\/div>\n\t\t\t\t\t<\/div>\n\t\t<\/div>\n\t\t\t\t\t<\/div>\n\t\t<\/section>\n\t\t\t\t\t<\/div>\n\t\t<\/div>\n\t\t\t\t\t<\/div>\n\t\t<\/section>\n\t\t\t\t<section class=\"elementor-section elementor-top-section elementor-element elementor-element-ead7340 elementor-section-full_width elementor-section-height-default elementor-section-height-default\" data-id=\"ead7340\" data-element_type=\"section\">\n\t\t\t\t\t\t<div class=\"elementor-container elementor-column-gap-default\">\n\t\t\t\t\t<div class=\"elementor-column elementor-col-100 elementor-top-column elementor-element elementor-element-736f966\" data-id=\"736f966\" data-element_type=\"column\">\n\t\t\t<div class=\"elementor-widget-wrap elementor-element-populated\">\n\t\t\t\t\t\t<section class=\"elementor-section elementor-inner-section elementor-element elementor-element-5aba318 elementor-section-boxed elementor-section-height-default elementor-section-height-default\" data-id=\"5aba318\" data-element_type=\"section\">\n\t\t\t\t\t\t<div class=\"elementor-container elementor-column-gap-no\">\n\t\t\t\t\t<div class=\"elementor-column elementor-col-100 elementor-inner-column elementor-element elementor-element-8ec48b4\" data-id=\"8ec48b4\" data-element_type=\"column\">\n\t\t\t<div class=\"elementor-widget-wrap elementor-element-populated\">\n\t\t\t\t\t\t<div class=\"elementor-element elementor-element-2b06d3f elementor-widget elementor-widget-heading\" data-id=\"2b06d3f\" data-element_type=\"widget\" data-widget_type=\"heading.default\">\n\t\t\t\t<div class=\"elementor-widget-container\">\n\t\t\t\t\t<h2 class=\"elementor-heading-title elementor-size-default\">Chasse au cerf \u00e9laphe \u2013 le sommet \u00e9motionnel du calendrier cyn\u00e9g\u00e9tique<\/h2>\t\t\t\t<\/div>\n\t\t\t\t<\/div>\n\t\t\t\t<div class=\"elementor-element elementor-element-69eebd9 elementor-widget elementor-widget-text-editor\" data-id=\"69eebd9\" data-element_type=\"widget\" data-widget_type=\"text-editor.default\">\n\t\t\t\t<div class=\"elementor-widget-container\">\n\t\t\t\t\t\t\t\t\t<p class=\"mb-55\">La chasse au cerf \u00e9laphe (Cervus elaphus) \u2013 et en particulier aux grands m\u00e2les \u2013 est l&#8217;une des formes les plus prestigieuses et convoit\u00e9es de la chasse en Pologne. Son apog\u00e9e ? Le brame automnal, ce th\u00e9\u00e2tre sauvage o\u00f9 les vieux briscards se d\u00e9fient pour les biches, souvent \u00e0 d\u00e9couvert, insensibles \u00e0 la pr\u00e9sence humaine. C\u2019est l\u2019occasion r\u00eav\u00e9e d\u2019observer et pr\u00e9lever le v\u00e9ritable roi de nos for\u00eats.<\/p>\t\t\t\t\t\t\t\t<\/div>\n\t\t\t\t<\/div>\n\t\t\t\t<div class=\"elementor-element elementor-element-751fae6 elementor-widget elementor-widget-heading\" data-id=\"751fae6\" data-element_type=\"widget\" data-widget_type=\"heading.default\">\n\t\t\t\t<div class=\"elementor-widget-container\">\n\t\t\t\t\t<h2 class=\"elementor-heading-title elementor-size-default\">Le cerf \u2013 fiert\u00e9 des for\u00eats polonaises<\/h2>\t\t\t\t<\/div>\n\t\t\t\t<\/div>\n\t\t\t\t<div class=\"elementor-element elementor-element-2eeb5a6 elementor-widget elementor-widget-text-editor\" data-id=\"2eeb5a6\" data-element_type=\"widget\" data-widget_type=\"text-editor.default\">\n\t\t\t\t<div class=\"elementor-widget-container\">\n\t\t\t\t\t\t\t\t\t<p>Le cerf \u00e9laphe est le plus grand gibier \u00e0 bois de Pologne. Un vieux m\u00e2le peut d\u00e9passer 250 kg et porter un troph\u00e9e impressionnant, dont la valeur (bronze, argent ou or) d\u00e9pend de l\u2019\u00e2ge, de la g\u00e9n\u00e9tique et de l\u2019habitat.<\/p>\t\t\t\t\t\t\t\t<\/div>\n\t\t\t\t<\/div>\n\t\t\t\t<div class=\"elementor-element elementor-element-09b52aa elementor-widget elementor-widget-heading\" data-id=\"09b52aa\" data-element_type=\"widget\" data-widget_type=\"heading.default\">\n\t\t\t\t<div class=\"elementor-widget-container\">\n\t\t\t\t\t<h2 class=\"elementor-heading-title elementor-size-default\">P\u00e9riode de chasse au cerf \u2013 m\u00e2le (byk)<\/h2>\t\t\t\t<\/div>\n\t\t\t\t<\/div>\n\t\t\t\t<div class=\"elementor-element elementor-element-d2f3e9e elementor-widget elementor-widget-text-editor\" data-id=\"d2f3e9e\" data-element_type=\"widget\" data-widget_type=\"text-editor.default\">\n\t\t\t\t<div class=\"elementor-widget-container\">\n\t\t\t\t\t\t\t\t\t<div class=\"_tableContainer_80l1q_1\"><div class=\"_tableWrapper_80l1q_14 group flex w-fit flex-col-reverse\" tabindex=\"-1\"><table class=\"w-fit min-w-(--thread-content-width)\" data-start=\"803\" data-end=\"970\"><thead data-start=\"803\" data-end=\"858\"><tr data-start=\"803\" data-end=\"858\"><th data-start=\"803\" data-end=\"823\" data-col-size=\"sm\">Esp\u00e8ce \/ Type<\/th><th data-start=\"823\" data-end=\"858\" data-col-size=\"sm\">P\u00e9riode de chasse<\/th><\/tr><\/thead><tbody data-start=\"915\" data-end=\"970\"><tr data-start=\"915\" data-end=\"970\"><td data-start=\"915\" data-end=\"935\" data-col-size=\"sm\">Cerf \u00e9laphe (byk)<\/td><td data-start=\"935\" data-end=\"970\" data-col-size=\"sm\">21 ao\u00fbt \u2013 28 f\u00e9vrier<\/td><\/tr><\/tbody><\/table><div class=\"sticky end-(--thread-content-margin) h-0 self-end select-none\"><div class=\"absolute end-0 flex items-end\">\u00a0<\/div><\/div><\/div><\/div><p data-start=\"972\" data-end=\"1107\"><strong data-start=\"975\" data-end=\"988\">Septembre<\/strong> est le moment id\u00e9al : le brame bat son plein, les m\u00e2les se d\u00e9placent beaucoup et se signalent par leur puissant raire.<\/p>\t\t\t\t\t\t\t\t<\/div>\n\t\t\t\t<\/div>\n\t\t\t\t<div class=\"elementor-element elementor-element-c3991c3 elementor-widget elementor-widget-heading\" data-id=\"c3991c3\" data-element_type=\"widget\" data-widget_type=\"heading.default\">\n\t\t\t\t<div class=\"elementor-widget-container\">\n\t\t\t\t\t<h2 class=\"elementor-heading-title elementor-size-default\">M\u00e9thodes de chasse<\/h2>\t\t\t\t<\/div>\n\t\t\t\t<\/div>\n\t\t\t\t<div class=\"elementor-element elementor-element-a5c2316 elementor-widget elementor-widget-text-editor\" data-id=\"a5c2316\" data-element_type=\"widget\" data-widget_type=\"text-editor.default\">\n\t\t\t\t<div class=\"elementor-widget-container\">\n\t\t\t\t\t\t\t\t\t<ul><li data-start=\"1142\" data-end=\"1269\"><p data-start=\"1144\" data-end=\"1269\"><strong data-start=\"1144\" data-end=\"1167\">Chasse \u00e0 l\u2019approche<\/strong> \u2013 immersive et intense, elle demande du flair, de la patience et une vraie connaissance du terrain.<\/p><\/li><li data-start=\"1270\" data-end=\"1387\"><p data-start=\"1272\" data-end=\"1387\"><strong data-start=\"1272\" data-end=\"1314\">\u00c0 l\u2019aff\u00fbt (depuis une tour ou mirador)<\/strong> \u2013 id\u00e9ale durant le brame, lorsque les m\u00e2les sillonnent les clairi\u00e8res.<\/p><\/li><li data-start=\"1388\" data-end=\"1484\"><p data-start=\"1390\" data-end=\"1484\"><strong data-start=\"1390\" data-end=\"1421\">Chasse au brame avec appeau<\/strong> \u2013 technique tr\u00e8s efficace en rut, avec un guide exp\u00e9riment\u00e9.<\/p><\/li><li data-start=\"1485\" data-end=\"1608\"><p data-start=\"1487\" data-end=\"1608\"><strong data-start=\"1487\" data-end=\"1507\">Chasse hivernale<\/strong> \u2013 hors p\u00e9riode de rut, plus discr\u00e8te, ax\u00e9e sur les habitudes des cerfs dans leurs quartiers d\u2019hiver.<\/p><\/li><\/ul>\t\t\t\t\t\t\t\t<\/div>\n\t\t\t\t<\/div>\n\t\t\t\t<div class=\"elementor-element elementor-element-b33df1a elementor-widget elementor-widget-heading\" data-id=\"b33df1a\" data-element_type=\"widget\" data-widget_type=\"heading.default\">\n\t\t\t\t<div class=\"elementor-widget-container\">\n\t\t\t\t\t<h2 class=\"elementor-heading-title elementor-size-default\">Pour qui ?<\/h2>\t\t\t\t<\/div>\n\t\t\t\t<\/div>\n\t\t\t\t<div class=\"elementor-element elementor-element-32aef24 elementor-widget elementor-widget-text-editor\" data-id=\"32aef24\" data-element_type=\"widget\" data-widget_type=\"text-editor.default\">\n\t\t\t\t<div class=\"elementor-widget-container\">\n\t\t\t\t\t\t\t\t\t<p data-start=\"1635\" data-end=\"1666\">Cette chasse est destin\u00e9e aux :<\/p><ul data-start=\"1667\" data-end=\"1973\"><li data-start=\"1667\" data-end=\"1741\"><p data-start=\"1669\" data-end=\"1741\"><strong data-start=\"1669\" data-end=\"1695\">Chasseurs exp\u00e9riment\u00e9s<\/strong> \u00e0 la recherche d\u2019un <strong data-start=\"1716\" data-end=\"1739\">troph\u00e9e m\u00e9daillable<\/strong><\/p><\/li><li data-start=\"1742\" data-end=\"1810\"><p data-start=\"1744\" data-end=\"1810\"><strong data-start=\"1744\" data-end=\"1768\">Passionn\u00e9s de nature<\/strong>, fascin\u00e9s par le <strong data-start=\"1786\" data-end=\"1808\">spectacle du brame<\/strong><\/p><\/li><li data-start=\"1811\" data-end=\"1894\"><p data-start=\"1813\" data-end=\"1894\"><strong data-start=\"1813\" data-end=\"1857\">Clients en qu\u00eate d\u2019un s\u00e9jour de prestige<\/strong>, \u00e0 la fois sportif et contemplatif<\/p><\/li><li data-start=\"1895\" data-end=\"1973\"><p data-start=\"1897\" data-end=\"1973\"><strong data-start=\"1897\" data-end=\"1925\">Chasseurs internationaux<\/strong> souhaitant un <strong data-start=\"1940\" data-end=\"1973\">service complet et sur mesure<\/strong><\/p><\/li><\/ul>\t\t\t\t\t\t\t\t<\/div>\n\t\t\t\t<\/div>\n\t\t\t\t<div class=\"elementor-element elementor-element-cd7fc29 elementor-widget elementor-widget-heading\" data-id=\"cd7fc29\" data-element_type=\"widget\" data-widget_type=\"heading.default\">\n\t\t\t\t<div class=\"elementor-widget-container\">\n\t\t\t\t\t<h2 class=\"elementor-heading-title elementor-size-default\">Troph\u00e9es &amp; services associ\u00e9s\n<\/h2>\t\t\t\t<\/div>\n\t\t\t\t<\/div>\n\t\t\t\t<div class=\"elementor-element elementor-element-3039cd9 elementor-widget elementor-widget-text-editor\" data-id=\"3039cd9\" data-element_type=\"widget\" data-widget_type=\"text-editor.default\">\n\t\t\t\t<div class=\"elementor-widget-container\">\n\t\t\t\t\t\t\t\t\t<p data-start=\"2018\" data-end=\"2123\">Les bois sont pes\u00e9s et \u00e9valu\u00e9s selon le bar\u00e8me CIC (Conseil International de la Chasse).<br data-start=\"2106\" data-end=\"2109\" \/>Nous offrons :<\/p><ul><li data-start=\"2125\" data-end=\"2234\">Expertise officielle du troph\u00e9e<\/li><li data-start=\"2125\" data-end=\"2234\">Pr\u00e9paration de cr\u00e2ne ou m\u00e9daillon<\/li><li data-start=\"2125\" data-end=\"2234\">Emballage et aide \u00e0 l\u2019exportation<\/li><\/ul>\t\t\t\t\t\t\t\t<\/div>\n\t\t\t\t<\/div>\n\t\t\t\t<div class=\"elementor-element elementor-element-fb5724a elementor-widget elementor-widget-heading\" data-id=\"fb5724a\" data-element_type=\"widget\" data-widget_type=\"heading.default\">\n\t\t\t\t<div class=\"elementor-widget-container\">\n\t\t\t\t\t<h2 class=\"elementor-heading-title elementor-size-default\">Notre prestation inclut :\n<\/h2>\t\t\t\t<\/div>\n\t\t\t\t<\/div>\n\t\t\t\t<div class=\"elementor-element elementor-element-1b044ab elementor-widget elementor-widget-text-editor\" data-id=\"1b044ab\" data-element_type=\"widget\" data-widget_type=\"text-editor.default\">\n\t\t\t\t<div class=\"elementor-widget-container\">\n\t\t\t\t\t\t\t\t\t<ul><li>Territoires soigneusement s\u00e9lectionn\u00e9s avec forte densit\u00e9 de cervid\u00e9s<\/li><li>Guides de chasse locaux exp\u00e9riment\u00e9s<\/li><li>H\u00e9bergement tout confort avec pension compl\u00e8te<\/li><li>Transport sur place<\/li><li>Traitement du troph\u00e9e : documentation, pr\u00e9paration, conditionnement<\/li><\/ul>\t\t\t\t\t\t\t\t<\/div>\n\t\t\t\t<\/div>\n\t\t\t\t<div class=\"elementor-element elementor-element-4207617 elementor-widget elementor-widget-naturobutton\" data-id=\"4207617\" data-element_type=\"widget\" data-widget_type=\"naturobutton.default\">\n\t\t\t\t<div class=\"elementor-widget-container\">\n\t\t\t\t\t<!-- Button --><div class=\"btn-wrapper\"><a class=\"vs-btn style-1\" href=\"https:\/\/hunt-armenti.pl\/fr\/kontakt\/\"><span><i class=\"fal fa-paw\"><\/i><\/span> Contactez-nous<\/a><\/div><!-- End Button -->\t\t\t\t<\/div>\n\t\t\t\t<\/div>\n\t\t\t\t\t<\/div>\n\t\t<\/div>\n\t\t\t\t\t<\/div>\n\t\t<\/section>\n\t\t\t\t\t<\/div>\n\t\t<\/div>\n\t\t\t\t\t<\/div>\n\t\t<\/section>\n\t\t\t\t<\/div>\n\t\t","protected":false},"excerpt":{"rendered":"<p>Chasse au cerf \u00e9laphe \u2013 le sommet \u00e9motionnel du calendrier cyn\u00e9g\u00e9tique La chasse au cerf \u00e9laphe (Cervus elaphus) \u2013 et en particulier aux grands m\u00e2les \u2013 est l&#8217;une des formes les plus prestigieuses et convoit\u00e9es de la chasse en Pologne. Son apog\u00e9e ? Le brame automnal, ce th\u00e9\u00e2tre sauvage o\u00f9 les vieux briscards se d\u00e9fient&#8230;<\/p>\n","protected":false},"author":1,"featured_media":0,"parent":0,"menu_order":0,"comment_status":"closed","ping_status":"closed","template":"template-builder.php","meta":{"footnotes":""},"class_list":["post-9799","page","type-page","status-publish","hentry"],"jetpack_sharing_enabled":true,"_links":{"self":[{"href":"https:\/\/hunt-armenti.pl\/fr\/wp-json\/wp\/v2\/pages\/9799","targetHints":{"allow":["GET"]}}],"collection":[{"href":"https:\/\/hunt-armenti.pl\/fr\/wp-json\/wp\/v2\/pages"}],"about":[{"href":"https:\/\/hunt-armenti.pl\/fr\/wp-json\/wp\/v2\/types\/page"}],"author":[{"embeddable":true,"href":"https:\/\/hunt-armenti.pl\/fr\/wp-json\/wp\/v2\/users\/1"}],"replies":[{"embeddable":true,"href":"https:\/\/hunt-armenti.pl\/fr\/wp-json\/wp\/v2\/comments?post=9799"}],"version-history":[{"count":6,"href":"https:\/\/hunt-armenti.pl\/fr\/wp-json\/wp\/v2\/pages\/9799\/revisions"}],"predecessor-version":[{"id":10702,"href":"https:\/\/hunt-armenti.pl\/fr\/wp-json\/wp\/v2\/pages\/9799\/revisions\/10702"}],"wp:attachment":[{"href":"https:\/\/hunt-armenti.pl\/fr\/wp-json\/wp\/v2\/media?parent=9799"}],"curies":[{"name":"wp","href":"https:\/\/api.w.org\/{rel}","templated":true}]}}