{"id":9798,"date":"2025-07-02T19:27:47","date_gmt":"2025-07-02T17:27:47","guid":{"rendered":"https:\/\/hunt-armenti.pl\/polowanie-na-dziki\/"},"modified":"2025-07-04T17:19:07","modified_gmt":"2025-07-04T15:19:07","slug":"polowanie-na-dziki","status":"publish","type":"page","link":"https:\/\/hunt-armenti.pl\/fr\/polowanie-na-dziki\/","title":{"rendered":"Polowanie na dziki"},"content":{"rendered":"\t\t<div data-elementor-type=\"wp-page\" data-elementor-id=\"9798\" class=\"elementor elementor-9798\" data-elementor-post-type=\"page\">\n\t\t\t\t\t\t<section class=\"elementor-section elementor-top-section elementor-element elementor-element-5bed227 elementor-section-full_width elementor-section-height-default elementor-section-height-default\" data-id=\"5bed227\" data-element_type=\"section\">\n\t\t\t\t\t\t<div class=\"elementor-container elementor-column-gap-no\">\n\t\t\t\t\t<div class=\"elementor-column elementor-col-100 elementor-top-column elementor-element elementor-element-0ae4ee7\" data-id=\"0ae4ee7\" data-element_type=\"column\">\n\t\t\t<div class=\"elementor-widget-wrap elementor-element-populated\">\n\t\t\t\t\t\t<section class=\"elementor-section elementor-inner-section elementor-element elementor-element-72d2379 elementor-section-boxed elementor-section-height-default elementor-section-height-default\" data-id=\"72d2379\" data-element_type=\"section\">\n\t\t\t\t\t\t<div class=\"elementor-container elementor-column-gap-no\">\n\t\t\t\t\t<div class=\"elementor-column elementor-col-100 elementor-inner-column elementor-element elementor-element-28a4398\" data-id=\"28a4398\" data-element_type=\"column\">\n\t\t\t<div class=\"elementor-widget-wrap elementor-element-populated\">\n\t\t\t\t\t\t<div class=\"elementor-element elementor-element-69db11f elementor-widget elementor-widget-naturomegahover\" data-id=\"69db11f\" data-element_type=\"widget\" data-widget_type=\"naturomegahover.default\">\n\t\t\t\t<div class=\"elementor-widget-container\">\n\t\t\t\t\t<div class=\"mega-img-box\"><div class=\"img-1\"><div class=\"mega-hover\"><img decoding=\"async\" src=\"https:\/\/hunt-armenti.pl\/wp-content\/uploads\/2025\/07\/animal-6909689-scaled-e1751484039256.jpg\" alt=\"animal 6909689 scaled e1751484039256\"  class=\"w-100\" \/><\/div><\/div><\/div>\t\t\t\t<\/div>\n\t\t\t\t<\/div>\n\t\t\t\t\t<\/div>\n\t\t<\/div>\n\t\t\t\t\t<\/div>\n\t\t<\/section>\n\t\t\t\t\t<\/div>\n\t\t<\/div>\n\t\t\t\t\t<\/div>\n\t\t<\/section>\n\t\t\t\t<section class=\"elementor-section elementor-top-section elementor-element elementor-element-384c29e elementor-section-full_width elementor-section-height-default elementor-section-height-default\" data-id=\"384c29e\" data-element_type=\"section\">\n\t\t\t\t\t\t<div class=\"elementor-container elementor-column-gap-default\">\n\t\t\t\t\t<div class=\"elementor-column elementor-col-100 elementor-top-column elementor-element elementor-element-da01854\" data-id=\"da01854\" data-element_type=\"column\">\n\t\t\t<div class=\"elementor-widget-wrap elementor-element-populated\">\n\t\t\t\t\t\t<section class=\"elementor-section elementor-inner-section elementor-element elementor-element-ed5d161 elementor-section-boxed elementor-section-height-default elementor-section-height-default\" data-id=\"ed5d161\" data-element_type=\"section\">\n\t\t\t\t\t\t<div class=\"elementor-container elementor-column-gap-no\">\n\t\t\t\t\t<div class=\"elementor-column elementor-col-100 elementor-inner-column elementor-element elementor-element-ae2b833\" data-id=\"ae2b833\" data-element_type=\"column\">\n\t\t\t<div class=\"elementor-widget-wrap elementor-element-populated\">\n\t\t\t\t\t\t<div class=\"elementor-element elementor-element-84c4eb8 elementor-widget elementor-widget-heading\" data-id=\"84c4eb8\" data-element_type=\"widget\" data-widget_type=\"heading.default\">\n\t\t\t\t<div class=\"elementor-widget-container\">\n\t\t\t\t\t<h2 class=\"elementor-heading-title elementor-size-default\">Chasse au sanglier \u2013 une aventure toute l\u2019ann\u00e9e dans les for\u00eats polonaises<\/h2>\t\t\t\t<\/div>\n\t\t\t\t<\/div>\n\t\t\t\t<div class=\"elementor-element elementor-element-f2ffe1b elementor-widget elementor-widget-text-editor\" data-id=\"f2ffe1b\" data-element_type=\"widget\" data-widget_type=\"text-editor.default\">\n\t\t\t\t<div class=\"elementor-widget-container\">\n\t\t\t\t\t\t\t\t\t<p class=\"mb-55\">La chasse au sanglier (Sus scrofa) est l\u2019une des formes de chasse les plus palpitantes et impr\u00e9visibles. Gr\u00e2ce \u00e0 la possibilit\u00e9 de chasser toute l\u2019ann\u00e9e, ce gibier rus\u00e9 est une cible de choix pour les chasseurs novices comme chevronn\u00e9s. Aff\u00fbts nocturnes, approches silencieuses ou battues dynamiques \u2013 chaque m\u00e9thode apporte une mont\u00e9e d\u2019adr\u00e9naline unique.<\/p>\t\t\t\t\t\t\t\t<\/div>\n\t\t\t\t<\/div>\n\t\t\t\t<div class=\"elementor-element elementor-element-0fe3a90 elementor-widget elementor-widget-heading\" data-id=\"0fe3a90\" data-element_type=\"widget\" data-widget_type=\"heading.default\">\n\t\t\t\t<div class=\"elementor-widget-container\">\n\t\t\t\t\t<h2 class=\"elementor-heading-title elementor-size-default\">Le sanglier \u2013 un adversaire rus\u00e9<\/h2>\t\t\t\t<\/div>\n\t\t\t\t<\/div>\n\t\t\t\t<div class=\"elementor-element elementor-element-f0df1c1 elementor-widget elementor-widget-text-editor\" data-id=\"f0df1c1\" data-element_type=\"widget\" data-widget_type=\"text-editor.default\">\n\t\t\t\t<div class=\"elementor-widget-container\">\n\t\t\t\t\t\t\t\t\t<p>Pr\u00e9sent partout en Pologne \u2013 for\u00eats, champs, zones mixtes \u2013 le sanglier vit en hardes, tandis que les vieux m\u00e2les solitaires, appel\u00e9s <strong data-start=\"619\" data-end=\"639\">keilers (ody\u0144ce)<\/strong>, m\u00e8nent une vie ind\u00e9pendante. Ces mastodontes peuvent atteindre 150\u2013200 kg. Leur pistage demande savoir-faire, endurance et pr\u00e9paration s\u00e9rieuse.<\/p>\t\t\t\t\t\t\t\t<\/div>\n\t\t\t\t<\/div>\n\t\t\t\t<div class=\"elementor-element elementor-element-5443f35 elementor-widget elementor-widget-heading\" data-id=\"5443f35\" data-element_type=\"widget\" data-widget_type=\"heading.default\">\n\t\t\t\t<div class=\"elementor-widget-container\">\n\t\t\t\t\t<h2 class=\"elementor-heading-title elementor-size-default\">P\u00e9riode de chasse<\/h2>\t\t\t\t<\/div>\n\t\t\t\t<\/div>\n\t\t\t\t<div class=\"elementor-element elementor-element-3997d53 elementor-widget elementor-widget-text-editor\" data-id=\"3997d53\" data-element_type=\"widget\" data-widget_type=\"text-editor.default\">\n\t\t\t\t<div class=\"elementor-widget-container\">\n\t\t\t\t\t\t\t\t\t<table class=\"w-fit min-w-(--thread-content-width)\" data-start=\"819\" data-end=\"970\"><thead data-start=\"819\" data-end=\"869\"><tr data-start=\"819\" data-end=\"869\"><th data-start=\"819\" data-end=\"847\" data-col-size=\"sm\">Sexe \/ \u00c2ge<\/th><th data-start=\"847\" data-end=\"869\" data-col-size=\"sm\">P\u00e9riode de chasse<\/th><\/tr><\/thead><tbody data-start=\"920\" data-end=\"970\"><tr data-start=\"920\" data-end=\"970\"><td data-start=\"920\" data-end=\"948\" data-col-size=\"sm\">Sanglier (tous individus)<\/td><td data-start=\"948\" data-end=\"970\" data-col-size=\"sm\">Toute l\u2019ann\u00e9e<\/td><\/tr><\/tbody><\/table><p>\u00a0<\/p>\t\t\t\t\t\t\t\t<\/div>\n\t\t\t\t<\/div>\n\t\t\t\t<div class=\"elementor-element elementor-element-892c99c elementor-widget elementor-widget-heading\" data-id=\"892c99c\" data-element_type=\"widget\" data-widget_type=\"heading.default\">\n\t\t\t\t<div class=\"elementor-widget-container\">\n\t\t\t\t\t<h2 class=\"elementor-heading-title elementor-size-default\">M\u00e9thodes de chasse<\/h2>\t\t\t\t<\/div>\n\t\t\t\t<\/div>\n\t\t\t\t<div class=\"elementor-element elementor-element-584945d elementor-widget elementor-widget-text-editor\" data-id=\"584945d\" data-element_type=\"widget\" data-widget_type=\"text-editor.default\">\n\t\t\t\t<div class=\"elementor-widget-container\">\n\t\t\t\t\t\t\t\t\t<ul><li data-start=\"1005\" data-end=\"1076\"><p data-start=\"1007\" data-end=\"1076\"><strong data-start=\"1007\" data-end=\"1027\">Aff\u00fbt individuel<\/strong> (depuis mirador) \u2013 pour un tir calme et pr\u00e9cis<\/p><\/li><li data-start=\"1077\" data-end=\"1176\"><p data-start=\"1079\" data-end=\"1176\"><strong data-start=\"1079\" data-end=\"1102\">Chasse \u00e0 l\u2019approche<\/strong> \u2013 pour les plus exp\u00e9riment\u00e9s, en qu\u00eate de contact direct avec la nature<\/p><\/li><li data-start=\"1177\" data-end=\"1271\"><p data-start=\"1179\" data-end=\"1271\"><strong data-start=\"1179\" data-end=\"1197\">Chasse de nuit<\/strong> \u2013 avec optiques thermiques ou nocturnes (conform\u00e9ment \u00e0 la l\u00e9gislation)<\/p><\/li><li data-start=\"1272\" data-end=\"1339\"><p data-start=\"1274\" data-end=\"1339\"><strong data-start=\"1274\" data-end=\"1294\">Chasse en battue<\/strong> \u2013 intense, rapide, parfaite pour les groupes<\/p><\/li><\/ul>\t\t\t\t\t\t\t\t<\/div>\n\t\t\t\t<\/div>\n\t\t\t\t<div class=\"elementor-element elementor-element-47f9eb2 elementor-widget elementor-widget-heading\" data-id=\"47f9eb2\" data-element_type=\"widget\" data-widget_type=\"heading.default\">\n\t\t\t\t<div class=\"elementor-widget-container\">\n\t\t\t\t\t<h2 class=\"elementor-heading-title elementor-size-default\">Pour qui ?<\/h2>\t\t\t\t<\/div>\n\t\t\t\t<\/div>\n\t\t\t\t<div class=\"elementor-element elementor-element-ff965fc elementor-widget elementor-widget-text-editor\" data-id=\"ff965fc\" data-element_type=\"widget\" data-widget_type=\"text-editor.default\">\n\t\t\t\t<div class=\"elementor-widget-container\">\n\t\t\t\t\t\t\t\t\t<p data-start=\"1366\" data-end=\"1396\">Cette chasse est id\u00e9ale pour :<\/p><ul><li data-start=\"1398\" data-end=\"1650\">Les chasseurs souhaitant pratiquer en toutes saisons<\/li><li data-start=\"1398\" data-end=\"1650\">Les amateurs d\u2019aff\u00fbts nocturnes et de mont\u00e9es d\u2019adr\u00e9naline<\/li><li data-start=\"1398\" data-end=\"1650\">Ceux qui recherchent des actions de chasse intenses et vari\u00e9es<\/li><li data-start=\"1398\" data-end=\"1650\">Les groupes en qu\u00eate d\u2019une chasse sociale et bien organis\u00e9e<\/li><\/ul>\t\t\t\t\t\t\t\t<\/div>\n\t\t\t\t<\/div>\n\t\t\t\t<div class=\"elementor-element elementor-element-2820bb2 elementor-widget elementor-widget-heading\" data-id=\"2820bb2\" data-element_type=\"widget\" data-widget_type=\"heading.default\">\n\t\t\t\t<div class=\"elementor-widget-container\">\n\t\t\t\t\t<h2 class=\"elementor-heading-title elementor-size-default\">Nous vous offrons :<\/h2>\t\t\t\t<\/div>\n\t\t\t\t<\/div>\n\t\t\t\t<div class=\"elementor-element elementor-element-568e390 elementor-widget elementor-widget-text-editor\" data-id=\"568e390\" data-element_type=\"widget\" data-widget_type=\"text-editor.default\">\n\t\t\t\t<div class=\"elementor-widget-container\">\n\t\t\t\t\t\t\t\t\t<ul><li>Territoires riches en sangliers<\/li><li>Guides professionnels connaissant parfaitement le terrain<\/li><li>Possibilit\u00e9 d\u2019utiliser optiques thermiques \/ nocturnes (conform\u00e9ment \u00e0 la loi)<\/li><li>H\u00e9bergement, restauration, transport jusqu\u2019au poste<\/li><li>Traitement de la venaison, documentation, exportation de troph\u00e9es si souhait\u00e9<\/li><\/ul>\t\t\t\t\t\t\t\t<\/div>\n\t\t\t\t<\/div>\n\t\t\t\t<div class=\"elementor-element elementor-element-58be148 elementor-widget elementor-widget-naturobutton\" data-id=\"58be148\" data-element_type=\"widget\" data-widget_type=\"naturobutton.default\">\n\t\t\t\t<div class=\"elementor-widget-container\">\n\t\t\t\t\t<!-- Button --><div class=\"btn-wrapper\"><a class=\"vs-btn style-1\" href=\"https:\/\/hunt-armenti.pl\/fr\/kontakt\/\"><span><i class=\"fal fa-paw\"><\/i><\/span>  Contactez-nous <\/a><\/div><!-- End Button -->\t\t\t\t<\/div>\n\t\t\t\t<\/div>\n\t\t\t\t\t<\/div>\n\t\t<\/div>\n\t\t\t\t\t<\/div>\n\t\t<\/section>\n\t\t\t\t\t<\/div>\n\t\t<\/div>\n\t\t\t\t\t<\/div>\n\t\t<\/section>\n\t\t\t\t<\/div>\n\t\t","protected":false},"excerpt":{"rendered":"<p>Chasse au sanglier \u2013 une aventure toute l\u2019ann\u00e9e dans les for\u00eats polonaises La chasse au sanglier (Sus scrofa) est l\u2019une des formes de chasse les plus palpitantes et impr\u00e9visibles. Gr\u00e2ce \u00e0 la possibilit\u00e9 de chasser toute l\u2019ann\u00e9e, ce gibier rus\u00e9 est une cible de choix pour les chasseurs novices comme chevronn\u00e9s. Aff\u00fbts nocturnes, approches silencieuses&#8230;<\/p>\n","protected":false},"author":1,"featured_media":0,"parent":0,"menu_order":0,"comment_status":"closed","ping_status":"closed","template":"template-builder.php","meta":{"footnotes":""},"class_list":["post-9798","page","type-page","status-publish","hentry"],"jetpack_sharing_enabled":true,"_links":{"self":[{"href":"https:\/\/hunt-armenti.pl\/fr\/wp-json\/wp\/v2\/pages\/9798","targetHints":{"allow":["GET"]}}],"collection":[{"href":"https:\/\/hunt-armenti.pl\/fr\/wp-json\/wp\/v2\/pages"}],"about":[{"href":"https:\/\/hunt-armenti.pl\/fr\/wp-json\/wp\/v2\/types\/page"}],"author":[{"embeddable":true,"href":"https:\/\/hunt-armenti.pl\/fr\/wp-json\/wp\/v2\/users\/1"}],"replies":[{"embeddable":true,"href":"https:\/\/hunt-armenti.pl\/fr\/wp-json\/wp\/v2\/comments?post=9798"}],"version-history":[{"count":6,"href":"https:\/\/hunt-armenti.pl\/fr\/wp-json\/wp\/v2\/pages\/9798\/revisions"}],"predecessor-version":[{"id":10699,"href":"https:\/\/hunt-armenti.pl\/fr\/wp-json\/wp\/v2\/pages\/9798\/revisions\/10699"}],"wp:attachment":[{"href":"https:\/\/hunt-armenti.pl\/fr\/wp-json\/wp\/v2\/media?parent=9798"}],"curies":[{"name":"wp","href":"https:\/\/api.w.org\/{rel}","templated":true}]}}