{"id":9797,"date":"2025-07-02T19:28:03","date_gmt":"2025-07-02T17:28:03","guid":{"rendered":"https:\/\/hunt-armenti.pl\/polowania-zbiorowe\/"},"modified":"2025-07-04T17:18:59","modified_gmt":"2025-07-04T15:18:59","slug":"polowania-zbiorowe","status":"publish","type":"page","link":"https:\/\/hunt-armenti.pl\/fr\/polowania-zbiorowe\/","title":{"rendered":"Polowania zbiorowe"},"content":{"rendered":"\t\t<div data-elementor-type=\"wp-page\" data-elementor-id=\"9797\" class=\"elementor elementor-9797\" data-elementor-post-type=\"page\">\n\t\t\t\t\t\t<section class=\"elementor-section elementor-top-section elementor-element elementor-element-5bed227 elementor-section-full_width elementor-section-height-default elementor-section-height-default\" data-id=\"5bed227\" data-element_type=\"section\">\n\t\t\t\t\t\t<div class=\"elementor-container elementor-column-gap-no\">\n\t\t\t\t\t<div class=\"elementor-column elementor-col-100 elementor-top-column elementor-element elementor-element-0ae4ee7\" data-id=\"0ae4ee7\" data-element_type=\"column\">\n\t\t\t<div class=\"elementor-widget-wrap elementor-element-populated\">\n\t\t\t\t\t\t<section class=\"elementor-section elementor-inner-section elementor-element elementor-element-72d2379 elementor-section-boxed elementor-section-height-default elementor-section-height-default\" data-id=\"72d2379\" data-element_type=\"section\">\n\t\t\t\t\t\t<div class=\"elementor-container elementor-column-gap-no\">\n\t\t\t\t\t<div class=\"elementor-column elementor-col-100 elementor-inner-column elementor-element elementor-element-28a4398\" data-id=\"28a4398\" data-element_type=\"column\">\n\t\t\t<div class=\"elementor-widget-wrap elementor-element-populated\">\n\t\t\t\t\t\t<div class=\"elementor-element elementor-element-69db11f elementor-widget elementor-widget-naturomegahover\" data-id=\"69db11f\" data-element_type=\"widget\" data-widget_type=\"naturomegahover.default\">\n\t\t\t\t<div class=\"elementor-widget-container\">\n\t\t\t\t\t<div class=\"mega-img-box\"><div class=\"img-1\"><div class=\"mega-hover\"><img decoding=\"async\" src=\"https:\/\/hunt-armenti.pl\/wp-content\/uploads\/2025\/07\/hunt-6789253-scaled-e1751483721207.jpg\" alt=\"hunt 6789253 scaled e1751483721207\"  class=\"w-100\" \/><\/div><\/div><\/div>\t\t\t\t<\/div>\n\t\t\t\t<\/div>\n\t\t\t\t\t<\/div>\n\t\t<\/div>\n\t\t\t\t\t<\/div>\n\t\t<\/section>\n\t\t\t\t\t<\/div>\n\t\t<\/div>\n\t\t\t\t\t<\/div>\n\t\t<\/section>\n\t\t\t\t<section class=\"elementor-section elementor-top-section elementor-element elementor-element-0b10f67 elementor-section-full_width elementor-section-height-default elementor-section-height-default\" data-id=\"0b10f67\" data-element_type=\"section\">\n\t\t\t\t\t\t<div class=\"elementor-container elementor-column-gap-default\">\n\t\t\t\t\t<div class=\"elementor-column elementor-col-100 elementor-top-column elementor-element elementor-element-6fa4b72\" data-id=\"6fa4b72\" data-element_type=\"column\">\n\t\t\t<div class=\"elementor-widget-wrap elementor-element-populated\">\n\t\t\t\t\t\t<section class=\"elementor-section elementor-inner-section elementor-element elementor-element-40a2bb2 elementor-section-boxed elementor-section-height-default elementor-section-height-default\" data-id=\"40a2bb2\" data-element_type=\"section\">\n\t\t\t\t\t\t<div class=\"elementor-container elementor-column-gap-no\">\n\t\t\t\t\t<div class=\"elementor-column elementor-col-100 elementor-inner-column elementor-element elementor-element-0b5cef0\" data-id=\"0b5cef0\" data-element_type=\"column\">\n\t\t\t<div class=\"elementor-widget-wrap elementor-element-populated\">\n\t\t\t\t\t\t<div class=\"elementor-element elementor-element-fff9f56 elementor-widget elementor-widget-heading\" data-id=\"fff9f56\" data-element_type=\"widget\" data-widget_type=\"heading.default\">\n\t\t\t\t<div class=\"elementor-widget-container\">\n\t\t\t\t\t<h2 class=\"elementor-heading-title elementor-size-default\">Battues traditionnelles \u2013 \u00e9motions fortes et esprit de fraternit\u00e9 cyn\u00e9g\u00e9tique\n<\/h2>\t\t\t\t<\/div>\n\t\t\t\t<\/div>\n\t\t\t\t<div class=\"elementor-element elementor-element-27c5a9a elementor-widget elementor-widget-text-editor\" data-id=\"27c5a9a\" data-element_type=\"widget\" data-widget_type=\"text-editor.default\">\n\t\t\t\t<div class=\"elementor-widget-container\">\n\t\t\t\t\t\t\t\t\t<p class=\"mb-55\">La <strong data-start=\"86\" data-end=\"106\">chasse en battue<\/strong> est l\u2019une des formes les plus spectaculaires et palpitantes de la tradition cyn\u00e9g\u00e9tique polonaise. Transmise de g\u00e9n\u00e9ration en g\u00e9n\u00e9ration, elle incarne une passion profonde pour la nature, une organisation rigoureuse, mais surtout une forte <strong data-start=\"347\" data-end=\"374\">dimension communautaire<\/strong> et <strong data-start=\"378\" data-end=\"392\">culturelle<\/strong>.<\/p>\t\t\t\t\t\t\t\t<\/div>\n\t\t\t\t<\/div>\n\t\t\t\t<div class=\"elementor-element elementor-element-82ab3eb elementor-widget elementor-widget-heading\" data-id=\"82ab3eb\" data-element_type=\"widget\" data-widget_type=\"heading.default\">\n\t\t\t\t<div class=\"elementor-widget-container\">\n\t\t\t\t\t<h2 class=\"elementor-heading-title elementor-size-default\">Qu\u2019est-ce qu\u2019une battue ?<\/h2>\t\t\t\t<\/div>\n\t\t\t\t<\/div>\n\t\t\t\t<div class=\"elementor-element elementor-element-e907449 elementor-widget elementor-widget-text-editor\" data-id=\"e907449\" data-element_type=\"widget\" data-widget_type=\"text-editor.default\">\n\t\t\t\t<div class=\"elementor-widget-container\">\n\t\t\t\t\t\t\t\t\t<p>Il s\u2019agit d\u2019une chasse collective o\u00f9 un groupe de chasseurs \u2013 g\u00e9n\u00e9ralement de quelques \u00e0 une quinzaine de personnes \u2013 est post\u00e9 sur des emplacements d\u00e9sign\u00e9s. Le gibier est lev\u00e9 et dirig\u00e9 vers les tireurs gr\u00e2ce \u00e0 <strong data-start=\"651\" data-end=\"664\">la traque<\/strong>, men\u00e9e par des <strong data-start=\"680\" data-end=\"705\">battueurs (traqueurs)<\/strong> et\/ou des <strong data-start=\"716\" data-end=\"748\">chiens de chasse sp\u00e9cialis\u00e9s<\/strong>.<\/p>\t\t\t\t\t\t\t\t<\/div>\n\t\t\t\t<\/div>\n\t\t\t\t<div class=\"elementor-element elementor-element-49f7984 elementor-widget elementor-widget-heading\" data-id=\"49f7984\" data-element_type=\"widget\" data-widget_type=\"heading.default\">\n\t\t\t\t<div class=\"elementor-widget-container\">\n\t\t\t\t\t<h2 class=\"elementor-heading-title elementor-size-default\">Gibier chass\u00e9 lors des battues :<\/h2>\t\t\t\t<\/div>\n\t\t\t\t<\/div>\n\t\t\t\t<div class=\"elementor-element elementor-element-f89a44b elementor-widget elementor-widget-text-editor\" data-id=\"f89a44b\" data-element_type=\"widget\" data-widget_type=\"text-editor.default\">\n\t\t\t\t<div class=\"elementor-widget-container\">\n\t\t\t\t\t\t\t\t\t<p data-start=\"801\" data-end=\"868\">Selon le plan de tir valid\u00e9, les battues permettent de pr\u00e9lever :<\/p><ul data-start=\"869\" data-end=\"1029\"><li data-start=\"869\" data-end=\"882\"><p data-start=\"871\" data-end=\"882\">Sangliers<\/p><\/li><li data-start=\"883\" data-end=\"935\"><p data-start=\"885\" data-end=\"935\">Cerfs (jelenie) \/ daims (daniele) \u2013 m\u00e2les (byki)<\/p><\/li><li data-start=\"936\" data-end=\"953\"><p data-start=\"938\" data-end=\"953\">Biches, faons<\/p><\/li><li data-start=\"954\" data-end=\"989\"><p data-start=\"956\" data-end=\"989\">Chevreuils \u2013 femelles et jeunes<\/p><\/li><li data-start=\"990\" data-end=\"1029\"><p data-start=\"992\" data-end=\"1029\">Pr\u00e9dateurs (renards, blaireaux, etc.)<\/p><\/li><\/ul>\t\t\t\t\t\t\t\t<\/div>\n\t\t\t\t<\/div>\n\t\t\t\t<div class=\"elementor-element elementor-element-9f426fe elementor-widget elementor-widget-heading\" data-id=\"9f426fe\" data-element_type=\"widget\" data-widget_type=\"heading.default\">\n\t\t\t\t<div class=\"elementor-widget-container\">\n\t\t\t\t\t<h2 class=\"elementor-heading-title elementor-size-default\">Saison de chasse collective en Pologne :<\/h2>\t\t\t\t<\/div>\n\t\t\t\t<\/div>\n\t\t\t\t<div class=\"elementor-element elementor-element-c5e839a elementor-widget elementor-widget-text-editor\" data-id=\"c5e839a\" data-element_type=\"widget\" data-widget_type=\"text-editor.default\">\n\t\t\t\t<div class=\"elementor-widget-container\">\n\t\t\t\t\t\t\t\t\t<p><strong data-start=\"1089\" data-end=\"1110\">Octobre \u00e0 janvier<\/strong> \u2013 p\u00e9riode id\u00e9ale : climat favorable, gibier mobile, terrain propice. Les dates sont strictement r\u00e9gul\u00e9es par la <strong data-start=\"1223\" data-end=\"1250\">l\u00e9gislation cyn\u00e9g\u00e9tique<\/strong> et les <strong data-start=\"1258\" data-end=\"1287\">plans de gestion faunique<\/strong>.<\/p>\t\t\t\t\t\t\t\t<\/div>\n\t\t\t\t<\/div>\n\t\t\t\t<div class=\"elementor-element elementor-element-e714cf2 elementor-widget elementor-widget-heading\" data-id=\"e714cf2\" data-element_type=\"widget\" data-widget_type=\"heading.default\">\n\t\t\t\t<div class=\"elementor-widget-container\">\n\t\t\t\t\t<h2 class=\"elementor-heading-title elementor-size-default\"> Pour qui ?<\/h2>\t\t\t\t<\/div>\n\t\t\t\t<\/div>\n\t\t\t\t<div class=\"elementor-element elementor-element-84a485e elementor-widget elementor-widget-text-editor\" data-id=\"84a485e\" data-element_type=\"widget\" data-widget_type=\"text-editor.default\">\n\t\t\t\t<div class=\"elementor-widget-container\">\n\t\t\t\t\t\t\t\t\t<p data-start=\"1318\" data-end=\"1361\">Nous recommandons la chasse en battue aux :<\/p><ul><li data-start=\"1363\" data-end=\"1667\">Chasseurs exp\u00e9riment\u00e9s appr\u00e9ciant l\u2019aspect <strong data-start=\"1408\" data-end=\"1432\">convivial et sportif<\/strong><\/li><li data-start=\"1363\" data-end=\"1667\">Groupes d\u2019amis ou <strong data-start=\"1455\" data-end=\"1474\">clubs de chasse<\/strong> souhaitant vivre une aventure partag\u00e9e<\/li><li data-start=\"1363\" data-end=\"1667\">Passionn\u00e9s en qu\u00eate d\u2019<strong data-start=\"1540\" data-end=\"1559\">actions rapides<\/strong> et de <strong data-start=\"1566\" data-end=\"1587\">vari\u00e9t\u00e9 de gibier<\/strong><\/li><li data-start=\"1363\" data-end=\"1667\">Clients \u00e0 la recherche d\u2019une chasse <strong data-start=\"1628\" data-end=\"1643\">cl\u00e9 en main<\/strong>, parfaitement organis\u00e9e<\/li><\/ul>\t\t\t\t\t\t\t\t<\/div>\n\t\t\t\t<\/div>\n\t\t\t\t<div class=\"elementor-element elementor-element-fd162cf elementor-widget elementor-widget-heading\" data-id=\"fd162cf\" data-element_type=\"widget\" data-widget_type=\"heading.default\">\n\t\t\t\t<div class=\"elementor-widget-container\">\n\t\t\t\t\t<h2 class=\"elementor-heading-title elementor-size-default\">Notre organisation comprend :<\/h2>\t\t\t\t<\/div>\n\t\t\t\t<\/div>\n\t\t\t\t<div class=\"elementor-element elementor-element-5c2a826 elementor-widget elementor-widget-text-editor\" data-id=\"5c2a826\" data-element_type=\"widget\" data-widget_type=\"text-editor.default\">\n\t\t\t\t<div class=\"elementor-widget-container\">\n\t\t\t\t\t\t\t\t\t<ul><li data-start=\"1717\" data-end=\"1784\"><p data-start=\"1719\" data-end=\"1784\">Planification du <strong data-start=\"1736\" data-end=\"1755\">d\u00e9roul\u00e9 complet<\/strong> : traque, postes, s\u00e9curit\u00e9<\/p><\/li><li data-start=\"1785\" data-end=\"1851\"><p data-start=\"1787\" data-end=\"1851\">Pr\u00e9sence de <strong data-start=\"1799\" data-end=\"1822\">guides exp\u00e9riment\u00e9s<\/strong>, chefs de ligne, traqueurs<\/p><\/li><li data-start=\"1852\" data-end=\"1897\"><p data-start=\"1854\" data-end=\"1897\">S\u00e9curit\u00e9 et <strong data-start=\"1866\" data-end=\"1895\">encadrement professionnel<\/strong><\/p><\/li><li data-start=\"1898\" data-end=\"1965\"><p data-start=\"1900\" data-end=\"1965\">Gestion des formalit\u00e9s cyn\u00e9g\u00e9tiques (enregistrement, documents)<\/p><\/li><li data-start=\"1966\" data-end=\"2037\"><p data-start=\"1968\" data-end=\"2037\">Transport du gibier, <strong data-start=\"1989\" data-end=\"2035\">pr\u00e9paration de la venaison et des troph\u00e9es<\/strong><\/p><\/li><li data-start=\"2038\" data-end=\"2121\"><p data-start=\"2040\" data-end=\"2121\">Respect du <strong data-start=\"2051\" data-end=\"2082\">rituel cyn\u00e9g\u00e9tique polonais<\/strong> (pokot, sonneries de trompes, \u00e9thique)<\/p><\/li><\/ul>\t\t\t\t\t\t\t\t<\/div>\n\t\t\t\t<\/div>\n\t\t\t\t<div class=\"elementor-element elementor-element-b3ecc45 elementor-widget elementor-widget-heading\" data-id=\"b3ecc45\" data-element_type=\"widget\" data-widget_type=\"heading.default\">\n\t\t\t\t<div class=\"elementor-widget-container\">\n\t\t\t\t\t<h2 class=\"elementor-heading-title elementor-size-default\">Tradition et c\u00e9r\u00e9monie<\/h2>\t\t\t\t<\/div>\n\t\t\t\t<\/div>\n\t\t\t\t<div class=\"elementor-element elementor-element-33e6683 elementor-widget elementor-widget-text-editor\" data-id=\"33e6683\" data-element_type=\"widget\" data-widget_type=\"text-editor.default\">\n\t\t\t\t<div class=\"elementor-widget-container\">\n\t\t\t\t\t\t\t\t\t<p>En Pologne, chaque battue se conclut selon les r\u00e8gles de <strong data-start=\"2220\" data-end=\"2247\">l\u2019\u00e9tiquette cyn\u00e9g\u00e9tique<\/strong> :<br data-start=\"2249\" data-end=\"2252\" \/>1. Pokot solennel,<br data-start=\"2270\" data-end=\"2273\" \/>2. Sonneries de trompes,<br data-start=\"2297\" data-end=\"2300\" \/>3. Honneur rendu au gibier.<\/p><p data-start=\"2329\" data-end=\"2426\">Ce n\u2019est pas seulement une chasse \u2013 c\u2019est une <strong data-start=\"2375\" data-end=\"2425\">exp\u00e9rience humaine, culturelle et \u00e9motionnelle<\/strong>.<\/p>\t\t\t\t\t\t\t\t<\/div>\n\t\t\t\t<\/div>\n\t\t\t\t<div class=\"elementor-element elementor-element-9ac7d3c elementor-widget elementor-widget-naturobutton\" data-id=\"9ac7d3c\" data-element_type=\"widget\" data-widget_type=\"naturobutton.default\">\n\t\t\t\t<div class=\"elementor-widget-container\">\n\t\t\t\t\t<!-- Button --><div class=\"btn-wrapper\"><a class=\"vs-btn style-1\" href=\"https:\/\/hunt-armenti.pl\/fr\/kontakt\/\"><span><i class=\"fal fa-paw\"><\/i><\/span> Contactez-nous<\/a><\/div><!-- End Button -->\t\t\t\t<\/div>\n\t\t\t\t<\/div>\n\t\t\t\t\t<\/div>\n\t\t<\/div>\n\t\t\t\t\t<\/div>\n\t\t<\/section>\n\t\t\t\t\t<\/div>\n\t\t<\/div>\n\t\t\t\t\t<\/div>\n\t\t<\/section>\n\t\t\t\t<\/div>\n\t\t","protected":false},"excerpt":{"rendered":"<p>Battues traditionnelles \u2013 \u00e9motions fortes et esprit de fraternit\u00e9 cyn\u00e9g\u00e9tique La chasse en battue est l\u2019une des formes les plus spectaculaires et palpitantes de la tradition cyn\u00e9g\u00e9tique polonaise. Transmise de g\u00e9n\u00e9ration en g\u00e9n\u00e9ration, elle incarne une passion profonde pour la nature, une organisation rigoureuse, mais surtout une forte dimension communautaire et culturelle. Qu\u2019est-ce qu\u2019une battue&#8230;<\/p>\n","protected":false},"author":1,"featured_media":0,"parent":0,"menu_order":0,"comment_status":"closed","ping_status":"closed","template":"template-builder.php","meta":{"footnotes":""},"class_list":["post-9797","page","type-page","status-publish","hentry"],"jetpack_sharing_enabled":true,"_links":{"self":[{"href":"https:\/\/hunt-armenti.pl\/fr\/wp-json\/wp\/v2\/pages\/9797","targetHints":{"allow":["GET"]}}],"collection":[{"href":"https:\/\/hunt-armenti.pl\/fr\/wp-json\/wp\/v2\/pages"}],"about":[{"href":"https:\/\/hunt-armenti.pl\/fr\/wp-json\/wp\/v2\/types\/page"}],"author":[{"embeddable":true,"href":"https:\/\/hunt-armenti.pl\/fr\/wp-json\/wp\/v2\/users\/1"}],"replies":[{"embeddable":true,"href":"https:\/\/hunt-armenti.pl\/fr\/wp-json\/wp\/v2\/comments?post=9797"}],"version-history":[{"count":6,"href":"https:\/\/hunt-armenti.pl\/fr\/wp-json\/wp\/v2\/pages\/9797\/revisions"}],"predecessor-version":[{"id":10696,"href":"https:\/\/hunt-armenti.pl\/fr\/wp-json\/wp\/v2\/pages\/9797\/revisions\/10696"}],"wp:attachment":[{"href":"https:\/\/hunt-armenti.pl\/fr\/wp-json\/wp\/v2\/media?parent=9797"}],"curies":[{"name":"wp","href":"https:\/\/api.w.org\/{rel}","templated":true}]}}