{"id":9795,"date":"2025-07-02T19:28:19","date_gmt":"2025-07-02T17:28:19","guid":{"rendered":"https:\/\/hunt-armenti.pl\/polowania-na-zwierzyne-nietrofealna\/"},"modified":"2025-07-04T08:36:39","modified_gmt":"2025-07-04T06:36:39","slug":"polowania-na-zwierzyne-nietrofealna","status":"publish","type":"page","link":"https:\/\/hunt-armenti.pl\/fr\/polowania-na-zwierzyne-nietrofealna\/","title":{"rendered":"Polowania na zwierzyn\u0119 nietrofealn\u0105"},"content":{"rendered":"\t\t<div data-elementor-type=\"wp-page\" data-elementor-id=\"9795\" class=\"elementor elementor-9795\" data-elementor-post-type=\"page\">\n\t\t\t\t\t\t<section class=\"elementor-section elementor-top-section elementor-element elementor-element-5bed227 elementor-section-full_width elementor-section-height-default elementor-section-height-default\" data-id=\"5bed227\" data-element_type=\"section\">\n\t\t\t\t\t\t<div class=\"elementor-container elementor-column-gap-no\">\n\t\t\t\t\t<div class=\"elementor-column elementor-col-100 elementor-top-column elementor-element elementor-element-0ae4ee7\" data-id=\"0ae4ee7\" data-element_type=\"column\">\n\t\t\t<div class=\"elementor-widget-wrap elementor-element-populated\">\n\t\t\t\t\t\t<section class=\"elementor-section elementor-inner-section elementor-element elementor-element-72d2379 elementor-section-boxed elementor-section-height-default elementor-section-height-default\" data-id=\"72d2379\" data-element_type=\"section\">\n\t\t\t\t\t\t<div class=\"elementor-container elementor-column-gap-no\">\n\t\t\t\t\t<div class=\"elementor-column elementor-col-100 elementor-inner-column elementor-element elementor-element-28a4398\" data-id=\"28a4398\" data-element_type=\"column\">\n\t\t\t<div class=\"elementor-widget-wrap elementor-element-populated\">\n\t\t\t\t\t\t<div class=\"elementor-element elementor-element-69db11f elementor-widget elementor-widget-naturomegahover\" data-id=\"69db11f\" data-element_type=\"widget\" data-widget_type=\"naturomegahover.default\">\n\t\t\t\t<div class=\"elementor-widget-container\">\n\t\t\t\t\t<div class=\"mega-img-box\"><div class=\"img-1\"><div class=\"mega-hover\"><img decoding=\"async\" src=\"https:\/\/hunt-armenti.pl\/wp-content\/uploads\/2025\/07\/deer-3842134-scaled-e1751483503385.jpg\" alt=\"deer 3842134 scaled e1751483503385\"  class=\"w-100\" \/><\/div><\/div><\/div>\t\t\t\t<\/div>\n\t\t\t\t<\/div>\n\t\t\t\t\t<\/div>\n\t\t<\/div>\n\t\t\t\t\t<\/div>\n\t\t<\/section>\n\t\t\t\t<section class=\"elementor-section elementor-inner-section elementor-element elementor-element-77283f5 elementor-section-boxed elementor-section-height-default elementor-section-height-default\" data-id=\"77283f5\" data-element_type=\"section\">\n\t\t\t\t\t\t<div class=\"elementor-container elementor-column-gap-no\">\n\t\t\t\t\t<div class=\"elementor-column elementor-col-100 elementor-inner-column elementor-element elementor-element-4c7cff8\" data-id=\"4c7cff8\" data-element_type=\"column\">\n\t\t\t<div class=\"elementor-widget-wrap elementor-element-populated\">\n\t\t\t\t\t\t<div class=\"elementor-element elementor-element-92a47bb elementor-widget elementor-widget-heading\" data-id=\"92a47bb\" data-element_type=\"widget\" data-widget_type=\"heading.default\">\n\t\t\t\t<div class=\"elementor-widget-container\">\n\t\t\t\t\t<h2 class=\"elementor-heading-title elementor-size-default\">Gibier non troph\u00e9e \u2013 l\u2019essence de la chasse de r\u00e9gulation<\/h2>\t\t\t\t<\/div>\n\t\t\t\t<\/div>\n\t\t\t\t<div class=\"elementor-element elementor-element-94beb1a elementor-widget elementor-widget-text-editor\" data-id=\"94beb1a\" data-element_type=\"widget\" data-widget_type=\"text-editor.default\">\n\t\t\t\t<div class=\"elementor-widget-container\">\n\t\t\t\t\t\t\t\t\t<p data-start=\"63\" data-end=\"450\">La chasse au <strong data-start=\"76\" data-end=\"98\">gibier non troph\u00e9e<\/strong> joue un r\u00f4le fondamental dans la <strong data-start=\"132\" data-end=\"177\">gestion durable des populations fauniques<\/strong> en Pologne. Son objectif principal est de <strong data-start=\"220\" data-end=\"245\">r\u00e9guler les effectifs<\/strong> et de pr\u00e9server une <strong data-start=\"266\" data-end=\"290\">structure \u00e9quilibr\u00e9e<\/strong> en \u00e2ge et en sexe. Il s\u2019agit aussi d\u2019une forme de chasse active, tr\u00e8s appr\u00e9ci\u00e9e par les <strong data-start=\"379\" data-end=\"405\">chasseurs exp\u00e9riment\u00e9s<\/strong>, conscients de l\u2019importance de la s\u00e9lection.<\/p>\t\t\t\t\t\t\t\t<\/div>\n\t\t\t\t<\/div>\n\t\t\t\t<div class=\"elementor-element elementor-element-b3c220b elementor-widget elementor-widget-heading\" data-id=\"b3c220b\" data-element_type=\"widget\" data-widget_type=\"heading.default\">\n\t\t\t\t<div class=\"elementor-widget-container\">\n\t\t\t\t\t<h2 class=\"elementor-heading-title elementor-size-default\">\ud83d\udc3e Qu\u2019est-ce que le gibier non troph\u00e9e ?<\/h2>\t\t\t\t<\/div>\n\t\t\t\t<\/div>\n\t\t\t\t<div class=\"elementor-element elementor-element-75ef763 elementor-widget elementor-widget-text-editor\" data-id=\"75ef763\" data-element_type=\"widget\" data-widget_type=\"text-editor.default\">\n\t\t\t\t<div class=\"elementor-widget-container\">\n\t\t\t\t\t\t\t\t\t<p data-start=\"507\" data-end=\"725\">On entend par gibier non troph\u00e9e les individus <strong data-start=\"554\" data-end=\"595\">non destin\u00e9s \u00e0 la r\u00e9colte de troph\u00e9es<\/strong> (par exemple, pour leurs bois). Il s\u2019agit de sujets pr\u00e9lev\u00e9s dans une optique de r\u00e9gulation biologique. En Pologne, cela inclut :<\/p><ul data-start=\"727\" data-end=\"873\"><li data-start=\"727\" data-end=\"760\"><p data-start=\"729\" data-end=\"760\">Les <strong data-start=\"733\" data-end=\"758\">biches de cerf \u00e9laphe<\/strong><\/p><\/li><li data-start=\"761\" data-end=\"787\"><p data-start=\"763\" data-end=\"787\">Les <strong data-start=\"767\" data-end=\"785\">biches de daim<\/strong><\/p><\/li><li data-start=\"788\" data-end=\"838\"><p data-start=\"790\" data-end=\"838\">Les <strong data-start=\"794\" data-end=\"836\">chevrettes et chevrillards (chevreuil)<\/strong><\/p><\/li><li data-start=\"839\" data-end=\"873\"><p data-start=\"841\" data-end=\"873\">Les <strong data-start=\"845\" data-end=\"873\">faons de cerf et de daim<\/strong><\/p><\/li><\/ul>\t\t\t\t\t\t\t\t<\/div>\n\t\t\t\t<\/div>\n\t\t\t\t<div class=\"elementor-element elementor-element-ccad222 elementor-widget elementor-widget-heading\" data-id=\"ccad222\" data-element_type=\"widget\" data-widget_type=\"heading.default\">\n\t\t\t\t<div class=\"elementor-widget-container\">\n\t\t\t\t\t<h2 class=\"elementor-heading-title elementor-size-default\">P\u00e9riodes de chasse au gibier non troph\u00e9e :<\/h2>\t\t\t\t<\/div>\n\t\t\t\t<\/div>\n\t\t\t\t<div class=\"elementor-element elementor-element-451a939 elementor-widget elementor-widget-text-editor\" data-id=\"451a939\" data-element_type=\"widget\" data-widget_type=\"text-editor.default\">\n\t\t\t\t<div class=\"elementor-widget-container\">\n\t\t\t\t\t\t\t\t\t<table class=\"w-fit min-w-(--thread-content-width)\" data-start=\"935\" data-end=\"1501\"><thead data-start=\"935\" data-end=\"1015\"><tr data-start=\"935\" data-end=\"1015\"><th data-start=\"935\" data-end=\"959\" data-col-size=\"sm\">Esp\u00e8ce<\/th><th data-start=\"959\" data-end=\"979\" data-col-size=\"sm\">Type<\/th><th data-start=\"979\" data-end=\"1015\" data-col-size=\"sm\">P\u00e9riode de chasse<\/th><\/tr><\/thead><tbody data-start=\"1097\" data-end=\"1501\"><tr data-start=\"1097\" data-end=\"1177\"><td data-start=\"1097\" data-end=\"1121\" data-col-size=\"sm\">Cerf \u00e9laphe<\/td><td data-start=\"1121\" data-end=\"1141\" data-col-size=\"sm\">Biche<\/td><td data-start=\"1141\" data-end=\"1177\" data-col-size=\"sm\">1er octobre \u2013 15 janvier<\/td><\/tr><tr data-start=\"1178\" data-end=\"1258\"><td data-start=\"1178\" data-end=\"1202\" data-col-size=\"sm\">\u00a0<\/td><td data-start=\"1202\" data-end=\"1222\" data-col-size=\"sm\">Faon<\/td><td data-start=\"1222\" data-end=\"1258\" data-col-size=\"sm\">1er octobre \u2013 28 f\u00e9vrier<\/td><\/tr><tr data-start=\"1259\" data-end=\"1339\"><td data-start=\"1259\" data-end=\"1283\" data-col-size=\"sm\">Daim<\/td><td data-start=\"1283\" data-end=\"1303\" data-col-size=\"sm\">Biche<\/td><td data-start=\"1303\" data-end=\"1339\" data-col-size=\"sm\">1er octobre \u2013 15 janvier<\/td><\/tr><tr data-start=\"1340\" data-end=\"1420\"><td data-start=\"1340\" data-end=\"1364\" data-col-size=\"sm\">\u00a0<\/td><td data-start=\"1364\" data-end=\"1384\" data-col-size=\"sm\">Faon<\/td><td data-start=\"1384\" data-end=\"1420\" data-col-size=\"sm\">1er octobre \u2013 28 f\u00e9vrier<\/td><\/tr><tr data-start=\"1421\" data-end=\"1501\"><td data-start=\"1421\" data-end=\"1445\" data-col-size=\"sm\">Chevreuil<\/td><td data-start=\"1445\" data-end=\"1465\" data-col-size=\"sm\">Chevrette\/jeune<\/td><td data-start=\"1465\" data-end=\"1501\" data-col-size=\"sm\">1er octobre \u2013 15 janvier<\/td><\/tr><\/tbody><\/table><p><br \/><br \/><\/p>\t\t\t\t\t\t\t\t<\/div>\n\t\t\t\t<\/div>\n\t\t\t\t<div class=\"elementor-element elementor-element-1925f28 elementor-widget elementor-widget-naturobutton\" data-id=\"1925f28\" data-element_type=\"widget\" data-widget_type=\"naturobutton.default\">\n\t\t\t\t<div class=\"elementor-widget-container\">\n\t\t\t\t\t<!-- Button --><div class=\"btn-wrapper\"><a class=\"vs-btn style-1\" href=\"https:\/\/hunt-armenti.pl\/kontakt\/\"><span><i class=\"fal fa-paw\"><\/i><\/span> Contactez-nous<\/a><\/div><!-- End Button -->\t\t\t\t<\/div>\n\t\t\t\t<\/div>\n\t\t\t\t\t<\/div>\n\t\t<\/div>\n\t\t\t\t\t<\/div>\n\t\t<\/section>\n\t\t\t\t\t<\/div>\n\t\t<\/div>\n\t\t\t\t\t<\/div>\n\t\t<\/section>\n\t\t\t\t<\/div>\n\t\t","protected":false},"excerpt":{"rendered":"<p>Gibier non troph\u00e9e \u2013 l\u2019essence de la chasse de r\u00e9gulation La chasse au gibier non troph\u00e9e joue un r\u00f4le fondamental dans la gestion durable des populations fauniques en Pologne. Son objectif principal est de r\u00e9guler les effectifs et de pr\u00e9server une structure \u00e9quilibr\u00e9e en \u00e2ge et en sexe. Il s\u2019agit aussi d\u2019une forme de chasse&#8230;<\/p>\n","protected":false},"author":1,"featured_media":0,"parent":0,"menu_order":0,"comment_status":"closed","ping_status":"closed","template":"template-builder.php","meta":{"footnotes":""},"class_list":["post-9795","page","type-page","status-publish","hentry"],"jetpack_sharing_enabled":true,"_links":{"self":[{"href":"https:\/\/hunt-armenti.pl\/fr\/wp-json\/wp\/v2\/pages\/9795","targetHints":{"allow":["GET"]}}],"collection":[{"href":"https:\/\/hunt-armenti.pl\/fr\/wp-json\/wp\/v2\/pages"}],"about":[{"href":"https:\/\/hunt-armenti.pl\/fr\/wp-json\/wp\/v2\/types\/page"}],"author":[{"embeddable":true,"href":"https:\/\/hunt-armenti.pl\/fr\/wp-json\/wp\/v2\/users\/1"}],"replies":[{"embeddable":true,"href":"https:\/\/hunt-armenti.pl\/fr\/wp-json\/wp\/v2\/comments?post=9795"}],"version-history":[{"count":3,"href":"https:\/\/hunt-armenti.pl\/fr\/wp-json\/wp\/v2\/pages\/9795\/revisions"}],"predecessor-version":[{"id":9852,"href":"https:\/\/hunt-armenti.pl\/fr\/wp-json\/wp\/v2\/pages\/9795\/revisions\/9852"}],"wp:attachment":[{"href":"https:\/\/hunt-armenti.pl\/fr\/wp-json\/wp\/v2\/media?parent=9795"}],"curies":[{"name":"wp","href":"https:\/\/api.w.org\/{rel}","templated":true}]}}