{"id":9794,"date":"2025-07-02T17:39:42","date_gmt":"2025-07-02T15:39:42","guid":{"rendered":"https:\/\/hunt-armenti.pl\/oferta\/"},"modified":"2025-07-04T17:18:41","modified_gmt":"2025-07-04T15:18:41","slug":"oferta","status":"publish","type":"page","link":"https:\/\/hunt-armenti.pl\/fr\/oferta\/","title":{"rendered":"Oferta"},"content":{"rendered":"\t\t<div data-elementor-type=\"wp-page\" data-elementor-id=\"9794\" class=\"elementor elementor-9794\" data-elementor-post-type=\"page\">\n\t\t\t\t\t\t<section class=\"elementor-section elementor-top-section elementor-element elementor-element-1d587f3 elementor-section-full_width elementor-section-stretched elementor-section-height-default elementor-section-height-default\" data-id=\"1d587f3\" data-element_type=\"section\" data-settings=\"{&quot;stretch_section&quot;:&quot;section-stretched&quot;}\">\n\t\t\t\t\t\t<div class=\"elementor-container elementor-column-gap-no\">\n\t\t\t\t\t<div class=\"elementor-column elementor-col-100 elementor-top-column elementor-element elementor-element-1aa76f7\" data-id=\"1aa76f7\" data-element_type=\"column\">\n\t\t\t<div class=\"elementor-widget-wrap elementor-element-populated\">\n\t\t\t\t\t\t<div class=\"elementor-element elementor-element-62153cc elementor-widget elementor-widget-naturosectiontitle\" data-id=\"62153cc\" data-element_type=\"widget\" data-widget_type=\"naturosectiontitle.default\">\n\t\t\t\t<div class=\"elementor-widget-container\">\n\t\t\t\t\t<div class=\"section-title\" ><h4 class=\"sec-title1 subtitle-selector\">Processus de collaboration<\/h4><div class=\"sec_line\"><img decoding=\"async\" src=\"https:\/\/wordpress.vecurosoft.com\/huntar\/wp-content\/uploads\/2021\/11\/about-line-1.png\" alt=\"about line 1\"  class=\"mb-4\" \/><\/div><h2 class=\"sec-title2 text-title2 mt-1 title-selector\">Comment se d\u00e9roule une chasse avec nous?<\/h2><\/div>\t\t\t\t<\/div>\n\t\t\t\t<\/div>\n\t\t\t\t<div class=\"elementor-element elementor-element-be8e878 elementor-widget elementor-widget-naturofeatures\" data-id=\"be8e878\" data-element_type=\"widget\" data-widget_type=\"naturofeatures.default\">\n\t\t\t\t<div class=\"elementor-widget-container\">\n\t\t\t\t\t<!------------------------------- Features Area start -------------------------------><div class=\"vs-feature-wrapper\"><div class=\"container fature-border\"><div class=\"row features-slider-1\"><div class=\"col-lg-4\"><div class=\"feature-box overflow-hidden mb-30\"><div class=\"feature-icon float-sm-start\"><i class=\"flaticon-left-and-right-arrows\"><\/i><\/div><div class=\"feature-content mt-10\"><h5 class=\"features_title title-color fw-medium mb-10\"><a href=\"#\"> 1. Choisissez votre destination<\/a><\/h5><p>S\u00e9lectionnez une r\u00e9gion de chasse et le type de gibier qui vous int\u00e9resse: un grand cerf majestueux pendant le bram? Un brocard solide? Ou peut-\u00eatre une chasse collective pleine d&#039;action? Faites-nous part de vos pr\u00e9f\u00e9rences \u2014 nous nous occupons du reste.<\/p><\/div><\/div><\/div><div class=\"col-lg-4\"><div class=\"feature-box overflow-hidden mb-30\"><div class=\"feature-icon float-sm-start\"><i class=\"flaticon-appointment\"><\/i><\/div><div class=\"feature-content mt-10\"><h5 class=\"features_title title-color fw-medium mb-10\"><a href=\"#\">2. R\u00e9servez vos dates<\/a><\/h5><p>Prenez contact avec nous, convenons des d\u00e9tails et bloquez la p\u00e9riode id\u00e9ale. Nous ajustons tout selon vos besoins.<\/p><\/div><\/div><\/div><div class=\"col-lg-4\"><div class=\"feature-box overflow-hidden mb-30\"><div class=\"feature-icon float-sm-start\"><i class=\"flaticon-adventure\"><\/i><\/div><div class=\"feature-content mt-10\"><h5 class=\"features_title title-color fw-medium mb-10\"><a href=\"#\">3. Lancez votre aventure<\/a><\/h5><p>Rendez-vous sur place, rencontrez votre guide local, d\u00e9couvrez le territoire\u2026 et que la chasse commence!<\/p><\/div><\/div><\/div><div class=\"col-lg-4\"><div class=\"feature-box overflow-hidden mb-30\"><div class=\"feature-icon float-sm-start\"><i class=\"flaticon-handshake\"><\/i><\/div><div class=\"feature-content mt-10\"><h5 class=\"features_title title-color fw-medium mb-10\"><a href=\"#\">4. Repartez avec un troph\u00e9e<\/a><\/h5><p>Profitez d\u2019une exp\u00e9dition parfaitement orchestr\u00e9e et repartez avec un troph\u00e9e de chasse qui t\u00e9moignera de cette aventure unique pendant des ann\u00e9es.<\/p><\/div><\/div><\/div><\/div><!--\/.row and vs-acrousel active--><\/div><!--\/.container--><\/div>\t\t\t\t<\/div>\n\t\t\t\t<\/div>\n\t\t\t\t\t<\/div>\n\t\t<\/div>\n\t\t\t\t\t<\/div>\n\t\t<\/section>\n\t\t\t\t<section class=\"elementor-section elementor-top-section elementor-element elementor-element-9005930 elementor-section-full_width elementor-section-stretched elementor-section-height-default elementor-section-height-default\" data-id=\"9005930\" data-element_type=\"section\" data-settings=\"{&quot;stretch_section&quot;:&quot;section-stretched&quot;}\">\n\t\t\t\t\t\t<div class=\"elementor-container elementor-column-gap-no\">\n\t\t\t\t\t<div class=\"elementor-column elementor-col-100 elementor-top-column elementor-element elementor-element-f629189\" data-id=\"f629189\" data-element_type=\"column\">\n\t\t\t<div class=\"elementor-widget-wrap elementor-element-populated\">\n\t\t\t\t\t\t<section class=\"elementor-section elementor-inner-section elementor-element elementor-element-6dd7d01 elementor-section-full_width elementor-section-height-default elementor-section-height-default\" data-id=\"6dd7d01\" data-element_type=\"section\">\n\t\t\t\t\t\t<div class=\"elementor-container elementor-column-gap-no\">\n\t\t\t\t\t<div class=\"elementor-column elementor-col-100 elementor-inner-column elementor-element elementor-element-4dba77a\" data-id=\"4dba77a\" data-element_type=\"column\">\n\t\t\t<div class=\"elementor-widget-wrap elementor-element-populated\">\n\t\t\t\t\t\t<div class=\"elementor-element elementor-element-7b5e84b elementor-widget elementor-widget-naturosectiontitle\" data-id=\"7b5e84b\" data-element_type=\"widget\" data-widget_type=\"naturosectiontitle.default\">\n\t\t\t\t<div class=\"elementor-widget-container\">\n\t\t\t\t\t<div class=\"section-title\" ><h4 class=\"sec-title1 subtitle-selector\">Que proposons-nous?<\/h4><div class=\"sec_line\"><img decoding=\"async\" src=\"https:\/\/wordpress.vecurosoft.com\/huntar\/wp-content\/uploads\/2021\/11\/about-line-1.png\" alt=\"about line 1\"  class=\"mb-4\" \/><\/div><h2 class=\"sec-title2 text-title2 mt-1 title-selector\">Chasse avec \u00e9l\u00e9gance et exp\u00e9rience<\/h2><\/div>\t\t\t\t<\/div>\n\t\t\t\t<\/div>\n\t\t\t\t\t<\/div>\n\t\t<\/div>\n\t\t\t\t\t<\/div>\n\t\t<\/section>\n\t\t\t\t<section class=\"elementor-section elementor-inner-section elementor-element elementor-element-79dba49 elementor-section-full_width elementor-section-height-default elementor-section-height-default\" data-id=\"79dba49\" data-element_type=\"section\">\n\t\t\t\t\t\t<div class=\"elementor-container elementor-column-gap-no\">\n\t\t\t\t\t<div class=\"elementor-column elementor-col-100 elementor-inner-column elementor-element elementor-element-8e87771\" data-id=\"8e87771\" data-element_type=\"column\" data-settings=\"{&quot;animation&quot;:&quot;none&quot;}\">\n\t\t\t<div class=\"elementor-widget-wrap elementor-element-populated\">\n\t\t\t\t\t\t<div class=\"elementor-element elementor-element-b082de8 elementor-widget elementor-widget-naturoserviceslider\" data-id=\"b082de8\" data-element_type=\"widget\" data-widget_type=\"naturoserviceslider.default\">\n\t\t\t\t<div class=\"elementor-widget-container\">\n\t\t\t\t\t<!-----------------------Start Service Slider Area-----------------------><div class=\"vs-services\"><div class=\"container\"><div class=\"position-relative\"><div class=\"services-arrow-box\"><button data-slick-prev=\"#sbox1\" class=\"icon-btn style2 services-arrow d-none d-xl-inline-block\"><i class=\"fal fa-arrow-left\"><\/i><\/button><button data-slick-next=\"#sbox1\" class=\"icon-btn style2 services-arrow d-none d-xl-inline-block\"><i class=\"fal fa-arrow-right\"><\/i><\/button><\/div><div class=\"row align-items-center vs-service-slider1\" id=\"sbox1\"><div class=\"col-lg-4 col-md-6\"><div class=\"vs-services-box mb-30\"><div class=\"vs-services-thumb text-center\"><img decoding=\"async\" src=\"https:\/\/hunt-armenti.pl\/wp-content\/uploads\/2025\/06\/Projekt-bez-nazwy-2025-06-26T203354.618.png\" alt=\"Projekt bez nazwy 2025 06 26T203354.618\"  \/><\/div><div class=\"vs-services-content\"><h4 class=\"sec-title1 title-color fw-bold mb-15\"><a href=\"https:\/\/hunt-armenti.pl\/fr\/polowanie-na-sarny-kozly\/\">1. Chasse au brocard \u2013 Pr\u00e9cision, passion et troph\u00e9e<\/a><\/h4><p>La chasse au brocard est l'une des plus recherch\u00e9es durant la saison printemps-\u00e9t\u00e9. C\u2019est l\u2019occasion id\u00e9ale de r\u00e9colter de beaux troph\u00e9es et de vivre des moments inoubliables \u00e0 l\u2019approche, notamment pendant le rut, lorsque l\u2019observation et le tir d\u2019approche requi\u00e8rent une v\u00e9ritable ma\u00eetrise cyn\u00e9g\u00e9tique.<\/p><a href=\"https:\/\/hunt-armenti.pl\/fr\/polowanie-na-sarny-kozly\/\" class=\"link-btn\">Read More<i class=\"fal fa-long-arrow-right\"><\/i><\/a><\/div><\/div><\/div><div class=\"col-lg-4 col-md-6\"><div class=\"vs-services-box mb-30\"><div class=\"vs-services-thumb text-center\"><img decoding=\"async\" src=\"https:\/\/hunt-armenti.pl\/wp-content\/uploads\/2025\/07\/Projekt-bez-nazwy-2025-07-02T192034.616.png\" alt=\"Projekt bez nazwy 2025 07 02T192034.616\"  \/><\/div><div class=\"vs-services-content\"><h4 class=\"sec-title1 title-color fw-bold mb-15\"><a href=\"https:\/\/hunt-armenti.pl\/fr\/polowanie-na-jelenie-byki\/\">2. Chasse au cerf \u00e9laphe \u2013 L\u2019apog\u00e9e de l\u2019\u00e9motion<\/a><\/h4><p>La chasse au cerf \u00e9laphe (le m\u00e2le) est une forme de chasse prestigieuse, particuli\u00e8rement attendue par les passionn\u00e9s. Le point culminant de la saison est le brame \u2014 un spectacle naturel saisissant, o\u00f9 les grands m\u00e2les rivalisent pour les biches. Nous proposons des territoires soigneusement g\u00e9r\u00e9s avec des populations de cervid\u00e9s stables.<\/p><a href=\"https:\/\/hunt-armenti.pl\/fr\/polowanie-na-jelenie-byki\/\" class=\"link-btn\">Read More<i class=\"fal fa-long-arrow-right\"><\/i><\/a><\/div><\/div><\/div><div class=\"col-lg-4 col-md-6\"><div class=\"vs-services-box mb-30\"><div class=\"vs-services-thumb text-center\"><img decoding=\"async\" src=\"https:\/\/hunt-armenti.pl\/wp-content\/uploads\/2025\/07\/Projekt-bez-nazwy-2025-07-02T192113.534.png\" alt=\"Projekt bez nazwy 2025 07 02T192113.534\"  \/><\/div><div class=\"vs-services-content\"><h4 class=\"sec-title1 title-color fw-bold mb-15\"><a href=\"https:\/\/hunt-armenti.pl\/fr\/polowanie-na-dziki\/\">3. Chasse au sanglier \u2013 Toute l\u2019ann\u00e9e, de jour comme de nuit<\/a><\/h4><p>Le sanglier est chassable toute l\u2019ann\u00e9e et reste un gibier pris\u00e9. Nous offrons des sorties \u00e0 l\u2019approche ou \u00e0 l\u2019aff\u00fbt, ainsi que des chasses nocturnes dynamiques avec jumelles thermiques ou vision nocturne (conform\u00e9ment \u00e0 la l\u00e9gislation).<\/p><a href=\"https:\/\/hunt-armenti.pl\/fr\/polowanie-na-dziki\/\" class=\"link-btn\">Read More<i class=\"fal fa-long-arrow-right\"><\/i><\/a><\/div><\/div><\/div><div class=\"col-lg-4 col-md-6\"><div class=\"vs-services-box mb-30\"><div class=\"vs-services-thumb text-center\"><img decoding=\"async\" src=\"https:\/\/hunt-armenti.pl\/wp-content\/uploads\/2025\/07\/Projekt-bez-nazwy-2025-07-02T192146.580.png\" alt=\"Projekt bez nazwy 2025 07 02T192146.580\"  \/><\/div><div class=\"vs-services-content\"><h4 class=\"sec-title1 title-color fw-bold mb-15\"><a href=\"https:\/\/hunt-armenti.pl\/fr\/polowania-zbiorowe\/\">4. Chasse collective \u2013 Tradition, adr\u00e9naline et esprit de groupe<\/a><\/h4><p>Nous organisons des battues professionnelles, principalement sur le gibier \u00e0 poil et le sanglier. Cette forme de chasse dynamique demande coordination et exp\u00e9rience, tout en offrant une excellente opportunit\u00e9 de convivialit\u00e9 et de tableaux vari\u00e9s. S\u00e9curit\u00e9, organisation rigoureuse et encadrement expert garantis.<\/p><a href=\"https:\/\/hunt-armenti.pl\/fr\/polowania-zbiorowe\/\" class=\"link-btn\">Read More<i class=\"fal fa-long-arrow-right\"><\/i><\/a><\/div><\/div><\/div><div class=\"col-lg-4 col-md-6\"><div class=\"vs-services-box mb-30\"><div class=\"vs-services-thumb text-center\"><img decoding=\"async\" src=\"https:\/\/hunt-armenti.pl\/wp-content\/uploads\/2025\/07\/Projekt-bez-nazwy-2025-07-02T192305.537.png\" alt=\"Projekt bez nazwy 2025 07 02T192305.537\"  \/><\/div><div class=\"vs-services-content\"><h4 class=\"sec-title1 title-color fw-bold mb-15\"><a href=\"https:\/\/hunt-armenti.pl\/fr\/polowania-na-zwierzyne-nietrofealna\/\">5. Chasse de gestion \u2013 \u00c9quilibre et responsabilit\u00e9<\/a><\/h4><p>Les chasses de gestion concernent le gibier non-troph\u00e9e : biches, chevrettes, faons. Elles sont destin\u00e9es aux chasseurs conscients du r\u00f4le de la r\u00e9gulation dans la gestion des populations. Souvent plus accessibles, elles n\u2019en sont pas moins intenses et contribuent directement \u00e0 l\u2019\u00e9quilibre naturel.<\/p><a href=\"https:\/\/hunt-armenti.pl\/fr\/polowania-na-zwierzyne-nietrofealna\/\" class=\"link-btn\">Read More<i class=\"fal fa-long-arrow-right\"><\/i><\/a><\/div><\/div><\/div><\/div><\/div><\/div><\/div>\t\t\t\t<\/div>\n\t\t\t\t<\/div>\n\t\t\t\t\t<\/div>\n\t\t<\/div>\n\t\t\t\t\t<\/div>\n\t\t<\/section>\n\t\t\t\t\t<\/div>\n\t\t<\/div>\n\t\t\t\t\t<\/div>\n\t\t<\/section>\n\t\t\t\t<\/div>\n\t\t","protected":false},"excerpt":{"rendered":"<p>Processus de collaboration Comment se d\u00e9roule une chasse avec nous? 1. Choisissez votre destination S\u00e9lectionnez une r\u00e9gion de chasse et le type de gibier qui vous int\u00e9resse: un grand cerf majestueux pendant le bram? Un brocard solide? Ou peut-\u00eatre une chasse collective pleine d&#039;action? Faites-nous part de vos pr\u00e9f\u00e9rences \u2014 nous nous occupons du reste&#8230;.<\/p>\n","protected":false},"author":1,"featured_media":0,"parent":0,"menu_order":0,"comment_status":"closed","ping_status":"closed","template":"","meta":{"footnotes":""},"class_list":["post-9794","page","type-page","status-publish","hentry"],"jetpack_sharing_enabled":true,"_links":{"self":[{"href":"https:\/\/hunt-armenti.pl\/fr\/wp-json\/wp\/v2\/pages\/9794","targetHints":{"allow":["GET"]}}],"collection":[{"href":"https:\/\/hunt-armenti.pl\/fr\/wp-json\/wp\/v2\/pages"}],"about":[{"href":"https:\/\/hunt-armenti.pl\/fr\/wp-json\/wp\/v2\/types\/page"}],"author":[{"embeddable":true,"href":"https:\/\/hunt-armenti.pl\/fr\/wp-json\/wp\/v2\/users\/1"}],"replies":[{"embeddable":true,"href":"https:\/\/hunt-armenti.pl\/fr\/wp-json\/wp\/v2\/comments?post=9794"}],"version-history":[{"count":6,"href":"https:\/\/hunt-armenti.pl\/fr\/wp-json\/wp\/v2\/pages\/9794\/revisions"}],"predecessor-version":[{"id":10690,"href":"https:\/\/hunt-armenti.pl\/fr\/wp-json\/wp\/v2\/pages\/9794\/revisions\/10690"}],"wp:attachment":[{"href":"https:\/\/hunt-armenti.pl\/fr\/wp-json\/wp\/v2\/media?parent=9794"}],"curies":[{"name":"wp","href":"https:\/\/api.w.org\/{rel}","templated":true}]}}