{"id":9551,"date":"2021-11-23T08:28:23","date_gmt":"2021-11-23T07:28:23","guid":{"rendered":"https:\/\/hunt-armenti.pl\/polowanie-na-sarny-kozly\/"},"modified":"2025-07-04T17:05:32","modified_gmt":"2025-07-04T15:05:32","slug":"polowanie-na-sarny-kozly","status":"publish","type":"page","link":"https:\/\/hunt-armenti.pl\/fi\/polowanie-na-sarny-kozly\/","title":{"rendered":"Polowanie na Sarny \u2013 Koz\u0142y"},"content":{"rendered":"\t\t<div data-elementor-type=\"wp-page\" data-elementor-id=\"9551\" class=\"elementor elementor-9551\" data-elementor-post-type=\"page\">\n\t\t\t\t\t\t<section class=\"elementor-section elementor-top-section elementor-element elementor-element-5bed227 elementor-section-full_width elementor-section-height-default elementor-section-height-default\" data-id=\"5bed227\" data-element_type=\"section\">\n\t\t\t\t\t\t<div class=\"elementor-container elementor-column-gap-no\">\n\t\t\t\t\t<div class=\"elementor-column elementor-col-100 elementor-top-column elementor-element elementor-element-0ae4ee7\" data-id=\"0ae4ee7\" data-element_type=\"column\">\n\t\t\t<div class=\"elementor-widget-wrap elementor-element-populated\">\n\t\t\t\t\t\t<section class=\"elementor-section elementor-inner-section elementor-element elementor-element-72d2379 elementor-section-boxed elementor-section-height-default elementor-section-height-default\" data-id=\"72d2379\" data-element_type=\"section\">\n\t\t\t\t\t\t<div class=\"elementor-container elementor-column-gap-no\">\n\t\t\t\t\t<div class=\"elementor-column elementor-col-100 elementor-inner-column elementor-element elementor-element-28a4398\" data-id=\"28a4398\" data-element_type=\"column\">\n\t\t\t<div class=\"elementor-widget-wrap elementor-element-populated\">\n\t\t\t\t\t\t<div class=\"elementor-element elementor-element-69db11f elementor-widget elementor-widget-naturomegahover\" data-id=\"69db11f\" data-element_type=\"widget\" data-widget_type=\"naturomegahover.default\">\n\t\t\t\t<div class=\"elementor-widget-container\">\n\t\t\t\t\t<div class=\"mega-img-box\"><div class=\"img-1\"><div class=\"mega-hover\"><img decoding=\"async\" src=\"https:\/\/hunt-armenti.pl\/wp-content\/uploads\/2025\/07\/roe-deer-8840146_1280-1.jpg\" alt=\"roe deer 8840146_1280 1\"  class=\"w-100\" \/><\/div><\/div><\/div>\t\t\t\t<\/div>\n\t\t\t\t<\/div>\n\t\t\t\t\t<\/div>\n\t\t<\/div>\n\t\t\t\t\t<\/div>\n\t\t<\/section>\n\t\t\t\t\t<\/div>\n\t\t<\/div>\n\t\t\t\t\t<\/div>\n\t\t<\/section>\n\t\t\t\t<section class=\"elementor-section elementor-top-section elementor-element elementor-element-78be942 elementor-section-full_width elementor-section-height-default elementor-section-height-default\" data-id=\"78be942\" data-element_type=\"section\">\n\t\t\t\t\t\t<div class=\"elementor-container elementor-column-gap-default\">\n\t\t\t\t\t<div class=\"elementor-column elementor-col-100 elementor-top-column elementor-element elementor-element-b19da3f\" data-id=\"b19da3f\" data-element_type=\"column\">\n\t\t\t<div class=\"elementor-widget-wrap elementor-element-populated\">\n\t\t\t\t\t\t<section class=\"elementor-section elementor-inner-section elementor-element elementor-element-af42c91 elementor-section-boxed elementor-section-height-default elementor-section-height-default\" data-id=\"af42c91\" data-element_type=\"section\">\n\t\t\t\t\t\t<div class=\"elementor-container elementor-column-gap-no\">\n\t\t\t\t\t<div class=\"elementor-column elementor-col-100 elementor-inner-column elementor-element elementor-element-b23600a\" data-id=\"b23600a\" data-element_type=\"column\">\n\t\t\t<div class=\"elementor-widget-wrap elementor-element-populated\">\n\t\t\t\t\t\t<div class=\"elementor-element elementor-element-0d84262 elementor-widget elementor-widget-heading\" data-id=\"0d84262\" data-element_type=\"widget\" data-widget_type=\"heading.default\">\n\t\t\t\t<div class=\"elementor-widget-container\">\n\t\t\t\t\t<h2 class=\"elementor-heading-title elementor-size-default\">Mets\u00e4stys mets\u00e4kauriin pukkeihin \u2013 tarkkuutta, haastetta ja tyydytyst\u00e4<\/h2>\t\t\t\t<\/div>\n\t\t\t\t<\/div>\n\t\t\t\t<div class=\"elementor-element elementor-element-1a26fd4 elementor-widget elementor-widget-text-editor\" data-id=\"1a26fd4\" data-element_type=\"widget\" data-widget_type=\"text-editor.default\">\n\t\t\t\t<div class=\"elementor-widget-container\">\n\t\t\t\t\t\t\t\t\t<p class=\"mb-55\">Mets\u00e4kauriin pukin mets\u00e4stys on klassinen jahtimuoto, joka yhdist\u00e4\u00e4 hienostuneisuuden, tarkkuuden ja dynaamisen mets\u00e4styskokemuksen. Se on t\u00e4ydellinen valinta mets\u00e4st\u00e4jille, jotka arvostavat aktiivista j\u00e4ljityst\u00e4, valikointia ja tavoittelevat n\u00e4ytt\u00e4v\u00e4\u00e4 sarvitrofeeta.<\/p>\t\t\t\t\t\t\t\t<\/div>\n\t\t\t\t<\/div>\n\t\t\t\t<div class=\"elementor-element elementor-element-b566854 elementor-widget elementor-widget-heading\" data-id=\"b566854\" data-element_type=\"widget\" data-widget_type=\"heading.default\">\n\t\t\t\t<div class=\"elementor-widget-container\">\n\t\t\t\t\t<h2 class=\"elementor-heading-title elementor-size-default\"> Mets\u00e4kauris \u2013 ketter\u00e4 ja valpas saalisel\u00e4in<\/h2>\t\t\t\t<\/div>\n\t\t\t\t<\/div>\n\t\t\t\t<div class=\"elementor-element elementor-element-b41bce3 elementor-widget elementor-widget-text-editor\" data-id=\"b41bce3\" data-element_type=\"widget\" data-widget_type=\"text-editor.default\">\n\t\t\t\t<div class=\"elementor-widget-container\">\n\t\t\t\t\t\t\t\t\t<p>Mets\u00e4kauris (Capreolus capreolus) on pieni, notkea ja eritt\u00e4in valpas nis\u00e4k\u00e4s, joka el\u00e4\u00e4 Puolan metsiss\u00e4, pelloilla ja puustoisilla alueilla. Urokset eli pukit kantavat siroa, mutta koristeellista sarvea, joka kehittyy vuoden aikana ja toimii merkkin\u00e4 mets\u00e4styksellisest\u00e4 onnistumisesta.<\/p>\t\t\t\t\t\t\t\t<\/div>\n\t\t\t\t<\/div>\n\t\t\t\t<div class=\"elementor-element elementor-element-2729be4 elementor-widget elementor-widget-heading\" data-id=\"2729be4\" data-element_type=\"widget\" data-widget_type=\"heading.default\">\n\t\t\t\t<div class=\"elementor-widget-container\">\n\t\t\t\t\t<h2 class=\"elementor-heading-title elementor-size-default\">Mets\u00e4styskausi \u2013 kauriin pukki\n<\/h2>\t\t\t\t<\/div>\n\t\t\t\t<\/div>\n\t\t\t\t<div class=\"elementor-element elementor-element-d73c608 elementor-widget elementor-widget-text-editor\" data-id=\"d73c608\" data-element_type=\"widget\" data-widget_type=\"text-editor.default\">\n\t\t\t\t<div class=\"elementor-widget-container\">\n\t\t\t\t\t\t\t\t\t<div class=\"_tableContainer_80l1q_1\"><div class=\"_tableWrapper_80l1q_14 group flex w-fit flex-col-reverse\" tabindex=\"-1\"><table class=\"w-fit min-w-(--thread-content-width)\" data-start=\"743\" data-end=\"920\"><thead data-start=\"743\" data-end=\"801\"><tr data-start=\"743\" data-end=\"801\"><th data-start=\"743\" data-end=\"767\" data-col-size=\"sm\">Laji \/ tyyppi<\/th><th data-start=\"767\" data-end=\"801\" data-col-size=\"sm\">Mets\u00e4stysaika<\/th><\/tr><\/thead><tbody data-start=\"861\" data-end=\"920\"><tr data-start=\"861\" data-end=\"920\"><td data-start=\"861\" data-end=\"886\" data-col-size=\"sm\">Mets\u00e4kauris (pukki)<\/td><td data-start=\"886\" data-end=\"920\" data-col-size=\"sm\">11. toukokuuta \u2013 30. syyskuuta<\/td><\/tr><\/tbody><\/table><div class=\"sticky end-(--thread-content-margin) h-0 self-end select-none\"><div class=\"absolute end-0 flex items-end\">\u00a0<\/div><\/div><\/div><\/div><p data-start=\"922\" data-end=\"1056\">T\u00e4m\u00e4 kausi mahdollistaa kev\u00e4t- ja kes\u00e4jahdit, jolloin pukit ovat aktiivisia ja helpommin havaittavissa laiduntaessaan tai lev\u00e4tess\u00e4\u00e4n.<\/p>\t\t\t\t\t\t\t\t<\/div>\n\t\t\t\t<\/div>\n\t\t\t\t<div class=\"elementor-element elementor-element-9717b8c elementor-widget elementor-widget-heading\" data-id=\"9717b8c\" data-element_type=\"widget\" data-widget_type=\"heading.default\">\n\t\t\t\t<div class=\"elementor-widget-container\">\n\t\t\t\t\t<h2 class=\"elementor-heading-title elementor-size-default\"> Mets\u00e4stystavat<\/h2>\t\t\t\t<\/div>\n\t\t\t\t<\/div>\n\t\t\t\t<div class=\"elementor-element elementor-element-984cd5b elementor-widget elementor-widget-text-editor\" data-id=\"984cd5b\" data-element_type=\"widget\" data-widget_type=\"text-editor.default\">\n\t\t\t\t<div class=\"elementor-widget-container\">\n\t\t\t\t\t\t\t\t\t<ul><li data-start=\"1090\" data-end=\"1198\"><p data-start=\"1092\" data-end=\"1198\"><strong data-start=\"1092\" data-end=\"1112\">Hiivint\u00e4 (stalk)<\/strong> \u2013 suosituin tapa, joka antaa mahdollisuuden aktiiviseen j\u00e4ljitykseen ja tarkkailuun<\/p><\/li><li data-start=\"1199\" data-end=\"1320\"><p data-start=\"1201\" data-end=\"1320\"><strong data-start=\"1201\" data-end=\"1234\">Passimets\u00e4stys (torni\/ambona)<\/strong> \u2013 erityisen tehokas iltah\u00e4m\u00e4r\u00e4ss\u00e4, jolloin tarvitaan tarkkaa ja harkittua laukausta<\/p><\/li><\/ul>\t\t\t\t\t\t\t\t<\/div>\n\t\t\t\t<\/div>\n\t\t\t\t<div class=\"elementor-element elementor-element-7ac5bee elementor-widget elementor-widget-heading\" data-id=\"7ac5bee\" data-element_type=\"widget\" data-widget_type=\"heading.default\">\n\t\t\t\t<div class=\"elementor-widget-container\">\n\t\t\t\t\t<h2 class=\"elementor-heading-title elementor-size-default\">Kenelle sopii?<\/h2>\t\t\t\t<\/div>\n\t\t\t\t<\/div>\n\t\t\t\t<div class=\"elementor-element elementor-element-d971d47 elementor-widget elementor-widget-text-editor\" data-id=\"d971d47\" data-element_type=\"widget\" data-widget_type=\"text-editor.default\">\n\t\t\t\t<div class=\"elementor-widget-container\">\n\t\t\t\t\t\t\t\t\t<p data-start=\"1354\" data-end=\"1383\">Pukkijahti sopii erityisesti:<\/p><ul data-start=\"1385\" data-end=\"1645\"><li data-start=\"1385\" data-end=\"1450\"><p data-start=\"1387\" data-end=\"1450\">Mets\u00e4st\u00e4jille, jotka tavoittelevat <strong data-start=\"1422\" data-end=\"1448\">erityist\u00e4 trofeesarvea<\/strong><\/p><\/li><li data-start=\"1451\" data-end=\"1500\"><p data-start=\"1453\" data-end=\"1500\">Aktiivista ja haastavaa mets\u00e4styst\u00e4 etsiville<\/p><\/li><li data-start=\"1501\" data-end=\"1552\"><p data-start=\"1503\" data-end=\"1552\">Luontoa ja el\u00e4inten k\u00e4ytt\u00e4ytymist\u00e4 arvostaville<\/p><\/li><li data-start=\"1553\" data-end=\"1645\"><p data-start=\"1555\" data-end=\"1645\">Niille, jotka haluavat yhdist\u00e4\u00e4 mets\u00e4styksen Puolan <strong data-start=\"1607\" data-end=\"1631\">maisemien ja luonnon<\/strong> tutkimiseen<\/p><\/li><\/ul>\t\t\t\t\t\t\t\t<\/div>\n\t\t\t\t<\/div>\n\t\t\t\t<div class=\"elementor-element elementor-element-790507b elementor-widget elementor-widget-heading\" data-id=\"790507b\" data-element_type=\"widget\" data-widget_type=\"heading.default\">\n\t\t\t\t<div class=\"elementor-widget-container\">\n\t\t\t\t\t<h2 class=\"elementor-heading-title elementor-size-default\">Mit\u00e4 tarjoamme?<\/h2>\t\t\t\t<\/div>\n\t\t\t\t<\/div>\n\t\t\t\t<div class=\"elementor-element elementor-element-a3e9280 elementor-widget elementor-widget-text-editor\" data-id=\"a3e9280\" data-element_type=\"widget\" data-widget_type=\"text-editor.default\">\n\t\t\t\t<div class=\"elementor-widget-container\">\n\t\t\t\t\t\t\t\t\t<ul><li data-start=\"1679\" data-end=\"1741\"><p data-start=\"1681\" data-end=\"1741\">P\u00e4\u00e4syn mets\u00e4stysalueille, joilla on <strong data-start=\"1717\" data-end=\"1739\">runsas kauriskanta<\/strong><\/p><\/li><li data-start=\"1742\" data-end=\"1787\"><p data-start=\"1744\" data-end=\"1787\">Kokeneet paikallisoppaat ja asiantuntijat<\/p><\/li><li data-start=\"1788\" data-end=\"1815\"><p data-start=\"1790\" data-end=\"1815\">Majoitus ja kuljetukset<\/p><\/li><li data-start=\"1816\" data-end=\"1858\"><p data-start=\"1818\" data-end=\"1858\">Trofeen <strong data-start=\"1826\" data-end=\"1856\">arviointi ja dokumentointi<\/strong><\/p><\/li><li data-start=\"1859\" data-end=\"1919\"><p data-start=\"1861\" data-end=\"1919\">Sarvien preparointi ja <strong data-start=\"1884\" data-end=\"1917\">vientimahdollisuus ulkomaille<\/strong><\/p><\/li><\/ul>\t\t\t\t\t\t\t\t<\/div>\n\t\t\t\t<\/div>\n\t\t\t\t<div class=\"elementor-element elementor-element-e4b9859 elementor-widget elementor-widget-naturobutton\" data-id=\"e4b9859\" data-element_type=\"widget\" data-widget_type=\"naturobutton.default\">\n\t\t\t\t<div class=\"elementor-widget-container\">\n\t\t\t\t\t<!-- Button --><div class=\"btn-wrapper\"><a class=\"vs-btn style-1\" href=\"https:\/\/hunt-armenti.pl\/fi\/kontakt\/\"><span><i class=\"fal fa-paw\"><\/i><\/span> Ota yhteytt\u00e4 ja varaa ainutlaatuinen mets\u00e4kaurisjahti!<\/a><\/div><!-- End Button -->\t\t\t\t<\/div>\n\t\t\t\t<\/div>\n\t\t\t\t\t<\/div>\n\t\t<\/div>\n\t\t\t\t\t<\/div>\n\t\t<\/section>\n\t\t\t\t\t<\/div>\n\t\t<\/div>\n\t\t\t\t\t<\/div>\n\t\t<\/section>\n\t\t\t\t<\/div>\n\t\t","protected":false},"excerpt":{"rendered":"<p>Mets\u00e4stys mets\u00e4kauriin pukkeihin \u2013 tarkkuutta, haastetta ja tyydytyst\u00e4 Mets\u00e4kauriin pukin mets\u00e4stys on klassinen jahtimuoto, joka yhdist\u00e4\u00e4 hienostuneisuuden, tarkkuuden ja dynaamisen mets\u00e4styskokemuksen. Se on t\u00e4ydellinen valinta mets\u00e4st\u00e4jille, jotka arvostavat aktiivista j\u00e4ljityst\u00e4, valikointia ja tavoittelevat n\u00e4ytt\u00e4v\u00e4\u00e4 sarvitrofeeta. Mets\u00e4kauris \u2013 ketter\u00e4 ja valpas saalisel\u00e4in Mets\u00e4kauris (Capreolus capreolus) on pieni, notkea ja eritt\u00e4in valpas nis\u00e4k\u00e4s, joka el\u00e4\u00e4 Puolan metsiss\u00e4,&#8230;<\/p>\n","protected":false},"author":1,"featured_media":0,"parent":0,"menu_order":0,"comment_status":"closed","ping_status":"closed","template":"template-builder.php","meta":{"footnotes":""},"class_list":["post-9551","page","type-page","status-publish","hentry"],"jetpack_sharing_enabled":true,"_links":{"self":[{"href":"https:\/\/hunt-armenti.pl\/fi\/wp-json\/wp\/v2\/pages\/9551","targetHints":{"allow":["GET"]}}],"collection":[{"href":"https:\/\/hunt-armenti.pl\/fi\/wp-json\/wp\/v2\/pages"}],"about":[{"href":"https:\/\/hunt-armenti.pl\/fi\/wp-json\/wp\/v2\/types\/page"}],"author":[{"embeddable":true,"href":"https:\/\/hunt-armenti.pl\/fi\/wp-json\/wp\/v2\/users\/1"}],"replies":[{"embeddable":true,"href":"https:\/\/hunt-armenti.pl\/fi\/wp-json\/wp\/v2\/comments?post=9551"}],"version-history":[{"count":6,"href":"https:\/\/hunt-armenti.pl\/fi\/wp-json\/wp\/v2\/pages\/9551\/revisions"}],"predecessor-version":[{"id":10566,"href":"https:\/\/hunt-armenti.pl\/fi\/wp-json\/wp\/v2\/pages\/9551\/revisions\/10566"}],"wp:attachment":[{"href":"https:\/\/hunt-armenti.pl\/fi\/wp-json\/wp\/v2\/media?parent=9551"}],"curies":[{"name":"wp","href":"https:\/\/api.w.org\/{rel}","templated":true}]}}