{"id":9550,"date":"2025-07-02T19:27:23","date_gmt":"2025-07-02T17:27:23","guid":{"rendered":"https:\/\/hunt-armenti.pl\/polowanie-na-jelenie-byki\/"},"modified":"2025-07-04T17:05:26","modified_gmt":"2025-07-04T15:05:26","slug":"polowanie-na-jelenie-byki","status":"publish","type":"page","link":"https:\/\/hunt-armenti.pl\/fi\/polowanie-na-jelenie-byki\/","title":{"rendered":"Polowanie na Jelenie \u2013 Byki"},"content":{"rendered":"\t\t<div data-elementor-type=\"wp-page\" data-elementor-id=\"9550\" class=\"elementor elementor-9550\" data-elementor-post-type=\"page\">\n\t\t\t\t\t\t<section class=\"elementor-section elementor-top-section elementor-element elementor-element-5bed227 elementor-section-full_width elementor-section-height-default elementor-section-height-default\" data-id=\"5bed227\" data-element_type=\"section\">\n\t\t\t\t\t\t<div class=\"elementor-container elementor-column-gap-no\">\n\t\t\t\t\t<div class=\"elementor-column elementor-col-100 elementor-top-column elementor-element elementor-element-0ae4ee7\" data-id=\"0ae4ee7\" data-element_type=\"column\">\n\t\t\t<div class=\"elementor-widget-wrap elementor-element-populated\">\n\t\t\t\t\t\t<section class=\"elementor-section elementor-inner-section elementor-element elementor-element-72d2379 elementor-section-boxed elementor-section-height-default elementor-section-height-default\" data-id=\"72d2379\" data-element_type=\"section\">\n\t\t\t\t\t\t<div class=\"elementor-container elementor-column-gap-no\">\n\t\t\t\t\t<div class=\"elementor-column elementor-col-100 elementor-inner-column elementor-element elementor-element-28a4398\" data-id=\"28a4398\" data-element_type=\"column\">\n\t\t\t<div class=\"elementor-widget-wrap elementor-element-populated\">\n\t\t\t\t\t\t<div class=\"elementor-element elementor-element-69db11f elementor-widget elementor-widget-naturomegahover\" data-id=\"69db11f\" data-element_type=\"widget\" data-widget_type=\"naturomegahover.default\">\n\t\t\t\t<div class=\"elementor-widget-container\">\n\t\t\t\t\t<div class=\"mega-img-box\"><div class=\"img-1\"><div class=\"mega-hover\"><img decoding=\"async\" src=\"https:\/\/hunt-armenti.pl\/wp-content\/uploads\/2025\/07\/reindeer-1323000_1920.jpg\" alt=\"reindeer 1323000_1920\"  class=\"w-100\" \/><\/div><\/div><\/div>\t\t\t\t<\/div>\n\t\t\t\t<\/div>\n\t\t\t\t\t<\/div>\n\t\t<\/div>\n\t\t\t\t\t<\/div>\n\t\t<\/section>\n\t\t\t\t\t<\/div>\n\t\t<\/div>\n\t\t\t\t\t<\/div>\n\t\t<\/section>\n\t\t\t\t<section class=\"elementor-section elementor-top-section elementor-element elementor-element-ead7340 elementor-section-full_width elementor-section-height-default elementor-section-height-default\" data-id=\"ead7340\" data-element_type=\"section\">\n\t\t\t\t\t\t<div class=\"elementor-container elementor-column-gap-default\">\n\t\t\t\t\t<div class=\"elementor-column elementor-col-100 elementor-top-column elementor-element elementor-element-736f966\" data-id=\"736f966\" data-element_type=\"column\">\n\t\t\t<div class=\"elementor-widget-wrap elementor-element-populated\">\n\t\t\t\t\t\t<section class=\"elementor-section elementor-inner-section elementor-element elementor-element-5aba318 elementor-section-boxed elementor-section-height-default elementor-section-height-default\" data-id=\"5aba318\" data-element_type=\"section\">\n\t\t\t\t\t\t<div class=\"elementor-container elementor-column-gap-no\">\n\t\t\t\t\t<div class=\"elementor-column elementor-col-100 elementor-inner-column elementor-element elementor-element-8ec48b4\" data-id=\"8ec48b4\" data-element_type=\"column\">\n\t\t\t<div class=\"elementor-widget-wrap elementor-element-populated\">\n\t\t\t\t\t\t<div class=\"elementor-element elementor-element-2b06d3f elementor-widget elementor-widget-heading\" data-id=\"2b06d3f\" data-element_type=\"widget\" data-widget_type=\"heading.default\">\n\t\t\t\t<div class=\"elementor-widget-container\">\n\t\t\t\t\t<h2 class=\"elementor-heading-title elementor-size-default\">Hirvijahti \u2013 mets\u00e4styskauden huipentuma<\/h2>\t\t\t\t<\/div>\n\t\t\t\t<\/div>\n\t\t\t\t<div class=\"elementor-element elementor-element-69eebd9 elementor-widget elementor-widget-text-editor\" data-id=\"69eebd9\" data-element_type=\"widget\" data-widget_type=\"text-editor.default\">\n\t\t\t\t<div class=\"elementor-widget-container\">\n\t\t\t\t\t\t\t\t\t<p class=\"mb-55\">Hirvijahti, erityisesti jalohirvien (Cervus elaphus) urosten mets\u00e4stys, on yksi Puolan arvostetuimmista ja odotetuimmista mets\u00e4stysmuodoista. Erityisen j\u00e4nnitt\u00e4v\u00e4 aika on syksyinen <strong data-start=\"226\" data-end=\"249\">kiima-aika \u2013 rykim\u00e4<\/strong>, jolloin valtavat sonnit mittelev\u00e4t voimiaan ja unohtavat kaiken muun, my\u00f6s ihmisen l\u00e4sn\u00e4olon. Se on ainutlaatuinen hetki n\u00e4hd\u00e4 ja kuulla <strong data-start=\"388\" data-end=\"418\">mets\u00e4n todellinen kuningas<\/strong>.<\/p>\t\t\t\t\t\t\t\t<\/div>\n\t\t\t\t<\/div>\n\t\t\t\t<div class=\"elementor-element elementor-element-751fae6 elementor-widget elementor-widget-heading\" data-id=\"751fae6\" data-element_type=\"widget\" data-widget_type=\"heading.default\">\n\t\t\t\t<div class=\"elementor-widget-container\">\n\t\t\t\t\t<h2 class=\"elementor-heading-title elementor-size-default\">Hirvisonni \u2013 Puolan metsien ylpeys<\/h2>\t\t\t\t<\/div>\n\t\t\t\t<\/div>\n\t\t\t\t<div class=\"elementor-element elementor-element-2eeb5a6 elementor-widget elementor-widget-text-editor\" data-id=\"2eeb5a6\" data-element_type=\"widget\" data-widget_type=\"text-editor.default\">\n\t\t\t\t<div class=\"elementor-widget-container\">\n\t\t\t\t\t\t\t\t\t<p>Jalohirvi on suurin sorkkael\u00e4in Puolassa. Aikuiset sonnit voivat painaa jopa 250 kg ja niiden komea sarvikruunu tekee niist\u00e4 halutun trofeen. Sarven laatu ja pisteytys riippuvat yksil\u00f6n i\u00e4st\u00e4, perim\u00e4st\u00e4 ja elinymp\u00e4rist\u00f6st\u00e4 \u2013 parhaat saattavat ylt\u00e4\u00e4 pronssi-, hopea- tai kultamitaliluokkaan.<\/p>\t\t\t\t\t\t\t\t<\/div>\n\t\t\t\t<\/div>\n\t\t\t\t<div class=\"elementor-element elementor-element-09b52aa elementor-widget elementor-widget-heading\" data-id=\"09b52aa\" data-element_type=\"widget\" data-widget_type=\"heading.default\">\n\t\t\t\t<div class=\"elementor-widget-container\">\n\t\t\t\t\t<h2 class=\"elementor-heading-title elementor-size-default\"> Mets\u00e4stysaika<\/h2>\t\t\t\t<\/div>\n\t\t\t\t<\/div>\n\t\t\t\t<div class=\"elementor-element elementor-element-d2f3e9e elementor-widget elementor-widget-text-editor\" data-id=\"d2f3e9e\" data-element_type=\"widget\" data-widget_type=\"text-editor.default\">\n\t\t\t\t<div class=\"elementor-widget-container\">\n\t\t\t\t\t\t\t\t\t<div class=\"_tableContainer_80l1q_1\"><div class=\"_tableWrapper_80l1q_14 group flex w-fit flex-col-reverse\" tabindex=\"-1\"><table class=\"w-fit min-w-(--thread-content-width)\" data-start=\"796\" data-end=\"958\"><thead data-start=\"796\" data-end=\"849\"><tr data-start=\"796\" data-end=\"849\"><th data-start=\"796\" data-end=\"817\" data-col-size=\"sm\">Laji \/ tyyppi<\/th><th data-start=\"817\" data-end=\"849\" data-col-size=\"sm\">Aika<\/th><\/tr><\/thead><tbody data-start=\"904\" data-end=\"958\"><tr data-start=\"904\" data-end=\"958\"><td data-start=\"904\" data-end=\"925\" data-col-size=\"sm\">Jalohirvi (sonni)<\/td><td data-start=\"925\" data-end=\"958\" data-col-size=\"sm\">21. elokuuta \u2013 28. helmikuuta<\/td><\/tr><\/tbody><\/table><div class=\"sticky end-(--thread-content-margin) h-0 self-end select-none\"><div class=\"absolute end-0 flex items-end\">\u00a0<\/div><\/div><\/div><\/div><p data-start=\"960\" data-end=\"1062\">Paras aika: <strong data-start=\"972\" data-end=\"983\">syyskuu<\/strong> \u2013 rykim\u00e4n huippu, jolloin sonnit ovat \u00e4\u00e4nekk\u00e4it\u00e4 ja helpommin j\u00e4ljitett\u00e4viss\u00e4.<\/p>\t\t\t\t\t\t\t\t<\/div>\n\t\t\t\t<\/div>\n\t\t\t\t<div class=\"elementor-element elementor-element-c3991c3 elementor-widget elementor-widget-heading\" data-id=\"c3991c3\" data-element_type=\"widget\" data-widget_type=\"heading.default\">\n\t\t\t\t<div class=\"elementor-widget-container\">\n\t\t\t\t\t<h2 class=\"elementor-heading-title elementor-size-default\">Mets\u00e4stysmuodot<\/h2>\t\t\t\t<\/div>\n\t\t\t\t<\/div>\n\t\t\t\t<div class=\"elementor-element elementor-element-a5c2316 elementor-widget elementor-widget-text-editor\" data-id=\"a5c2316\" data-element_type=\"widget\" data-widget_type=\"text-editor.default\">\n\t\t\t\t<div class=\"elementor-widget-container\">\n\t\t\t\t\t\t\t\t\t<ul><li data-start=\"1097\" data-end=\"1181\"><p data-start=\"1099\" data-end=\"1181\"><strong data-start=\"1099\" data-end=\"1124\">Hiivint\u00e4jahti (stalk)<\/strong> \u2013 vaatii kokemusta, j\u00e4ljitystaitoa ja k\u00e4rsiv\u00e4llisyytt\u00e4<\/p><\/li><li data-start=\"1182\" data-end=\"1276\"><p data-start=\"1184\" data-end=\"1276\"><strong data-start=\"1184\" data-end=\"1217\">Passimets\u00e4stys (torni\/ambona)<\/strong> \u2013 tehokas rykim\u00e4n aikaan, kun sonnit liikkuvat niityill\u00e4<\/p><\/li><li data-start=\"1277\" data-end=\"1359\"><p data-start=\"1279\" data-end=\"1359\"><strong data-start=\"1279\" data-end=\"1299\">Houkuttelupyynti<\/strong> \u2013 erikoisvalmisteisten houkuttimien k\u00e4ytt\u00f6 rykim\u00e4n aikana<\/p><\/li><li data-start=\"1360\" data-end=\"1457\"><p data-start=\"1362\" data-end=\"1457\"><strong data-start=\"1362\" data-end=\"1380\">Talvimets\u00e4stys<\/strong> \u2013 sesongin ulkopuolella, kun el\u00e4imet liikkuvat talvisilla suojapaikoillaan<\/p><\/li><\/ul>\t\t\t\t\t\t\t\t<\/div>\n\t\t\t\t<\/div>\n\t\t\t\t<div class=\"elementor-element elementor-element-b33df1a elementor-widget elementor-widget-heading\" data-id=\"b33df1a\" data-element_type=\"widget\" data-widget_type=\"heading.default\">\n\t\t\t\t<div class=\"elementor-widget-container\">\n\t\t\t\t\t<h2 class=\"elementor-heading-title elementor-size-default\">Kenelle?<\/h2>\t\t\t\t<\/div>\n\t\t\t\t<\/div>\n\t\t\t\t<div class=\"elementor-element elementor-element-32aef24 elementor-widget elementor-widget-text-editor\" data-id=\"32aef24\" data-element_type=\"widget\" data-widget_type=\"text-editor.default\">\n\t\t\t\t<div class=\"elementor-widget-container\">\n\t\t\t\t\t\t\t\t\t<p data-start=\"1485\" data-end=\"1509\">Hirvijahti on suunnattu:<\/p><ul data-start=\"1511\" data-end=\"1814\"><li data-start=\"1511\" data-end=\"1580\"><p data-start=\"1513\" data-end=\"1580\">Kokenut mets\u00e4st\u00e4jille, jotka unelmoivat <strong data-start=\"1553\" data-end=\"1578\">mitalitason trofeesta<\/strong><\/p><\/li><li data-start=\"1581\" data-end=\"1650\"><p data-start=\"1583\" data-end=\"1650\">Luonnonyst\u00e4ville, jotka haluavat kokea <strong data-start=\"1622\" data-end=\"1648\">rykiv\u00e4n hirven l\u00e4helt\u00e4<\/strong><\/p><\/li><li data-start=\"1651\" data-end=\"1729\"><p data-start=\"1653\" data-end=\"1729\">Asiakkaille, jotka etsiv\u00e4t <strong data-start=\"1680\" data-end=\"1727\">arvokasta, yksil\u00f6llist\u00e4 mets\u00e4stysseikkailua<\/strong><\/p><\/li><li data-start=\"1730\" data-end=\"1814\"><p data-start=\"1732\" data-end=\"1814\">Niille, jotka haluavat <strong data-start=\"1755\" data-end=\"1812\">t\u00e4yden palvelun: mets\u00e4stys, trofeen k\u00e4sittely, vienti<\/strong><\/p><\/li><\/ul>\t\t\t\t\t\t\t\t<\/div>\n\t\t\t\t<\/div>\n\t\t\t\t<div class=\"elementor-element elementor-element-cd7fc29 elementor-widget elementor-widget-heading\" data-id=\"cd7fc29\" data-element_type=\"widget\" data-widget_type=\"heading.default\">\n\t\t\t\t<div class=\"elementor-widget-container\">\n\t\t\t\t\t<h2 class=\"elementor-heading-title elementor-size-default\">Trofeet ja arviointi\n<\/h2>\t\t\t\t<\/div>\n\t\t\t\t<\/div>\n\t\t\t\t<div class=\"elementor-element elementor-element-3039cd9 elementor-widget elementor-widget-text-editor\" data-id=\"3039cd9\" data-element_type=\"widget\" data-widget_type=\"text-editor.default\">\n\t\t\t\t<div class=\"elementor-widget-container\">\n\t\t\t\t\t\t\t\t\t<p data-start=\"1854\" data-end=\"1908\">Saadut sarvet arvioidaan painon ja muodon perusteella:<\/p><ul data-start=\"1910\" data-end=\"2036\"><li data-start=\"1910\" data-end=\"1951\"><p data-start=\"1912\" data-end=\"1951\">Ammattimainen arviointi ja asiakirjat<\/p><\/li><li data-start=\"1952\" data-end=\"1995\"><p data-start=\"1954\" data-end=\"1995\">Kallon tai rintamedaljongin preparointi<\/p><\/li><li data-start=\"1996\" data-end=\"2036\"><p data-start=\"1998\" data-end=\"2036\">Apua trofeen <strong data-start=\"2011\" data-end=\"2034\">vientiin ulkomaille<\/strong><\/p><\/li><\/ul>\t\t\t\t\t\t\t\t<\/div>\n\t\t\t\t<\/div>\n\t\t\t\t<div class=\"elementor-element elementor-element-fb5724a elementor-widget elementor-widget-heading\" data-id=\"fb5724a\" data-element_type=\"widget\" data-widget_type=\"heading.default\">\n\t\t\t\t<div class=\"elementor-widget-container\">\n\t\t\t\t\t<h2 class=\"elementor-heading-title elementor-size-default\">Tarjoamme:<\/h2>\t\t\t\t<\/div>\n\t\t\t\t<\/div>\n\t\t\t\t<div class=\"elementor-element elementor-element-1b044ab elementor-widget elementor-widget-text-editor\" data-id=\"1b044ab\" data-element_type=\"widget\" data-widget_type=\"text-editor.default\">\n\t\t\t\t<div class=\"elementor-widget-container\">\n\t\t\t\t\t\t\t\t\t<ul><li data-start=\"2065\" data-end=\"2120\"><p data-start=\"2067\" data-end=\"2120\">Huolellisesti valitut alueet vahvalla hirvikannalla<\/p><\/li><li data-start=\"2121\" data-end=\"2164\"><p data-start=\"2123\" data-end=\"2164\">Kokeneet paikallisoppaat ja mets\u00e4st\u00e4j\u00e4t<\/p><\/li><li data-start=\"2165\" data-end=\"2198\"><p data-start=\"2167\" data-end=\"2198\">Mukava majoitus ja t\u00e4ysihoito<\/p><\/li><li data-start=\"2199\" data-end=\"2244\"><p data-start=\"2201\" data-end=\"2244\">Kuljetukset mets\u00e4stysalueelle ja takaisin<\/p><\/li><li data-start=\"2245\" data-end=\"2307\"><p data-start=\"2247\" data-end=\"2307\">Trofeen dokumentointi, k\u00e4sittely, pakkaus ja vientivalmius<\/p><\/li><\/ul>\t\t\t\t\t\t\t\t<\/div>\n\t\t\t\t<\/div>\n\t\t\t\t<div class=\"elementor-element elementor-element-4207617 elementor-widget elementor-widget-naturobutton\" data-id=\"4207617\" data-element_type=\"widget\" data-widget_type=\"naturobutton.default\">\n\t\t\t\t<div class=\"elementor-widget-container\">\n\t\t\t\t\t<!-- Button --><div class=\"btn-wrapper\"><a class=\"vs-btn style-1\" href=\"https:\/\/hunt-armenti.pl\/fi\/kontakt\/\"><span><i class=\"fal fa-paw\"><\/i><\/span> Ota yhteytt\u00e4 \u2013 suunnitellaan yhdess\u00e4 unohtumaton hirvijahti!<\/a><\/div><!-- End Button -->\t\t\t\t<\/div>\n\t\t\t\t<\/div>\n\t\t\t\t\t<\/div>\n\t\t<\/div>\n\t\t\t\t\t<\/div>\n\t\t<\/section>\n\t\t\t\t\t<\/div>\n\t\t<\/div>\n\t\t\t\t\t<\/div>\n\t\t<\/section>\n\t\t\t\t<\/div>\n\t\t","protected":false},"excerpt":{"rendered":"<p>Hirvijahti \u2013 mets\u00e4styskauden huipentuma Hirvijahti, erityisesti jalohirvien (Cervus elaphus) urosten mets\u00e4stys, on yksi Puolan arvostetuimmista ja odotetuimmista mets\u00e4stysmuodoista. Erityisen j\u00e4nnitt\u00e4v\u00e4 aika on syksyinen kiima-aika \u2013 rykim\u00e4, jolloin valtavat sonnit mittelev\u00e4t voimiaan ja unohtavat kaiken muun, my\u00f6s ihmisen l\u00e4sn\u00e4olon. Se on ainutlaatuinen hetki n\u00e4hd\u00e4 ja kuulla mets\u00e4n todellinen kuningas. Hirvisonni \u2013 Puolan metsien ylpeys Jalohirvi on&#8230;<\/p>\n","protected":false},"author":1,"featured_media":0,"parent":0,"menu_order":0,"comment_status":"closed","ping_status":"closed","template":"template-builder.php","meta":{"footnotes":""},"class_list":["post-9550","page","type-page","status-publish","hentry"],"jetpack_sharing_enabled":true,"_links":{"self":[{"href":"https:\/\/hunt-armenti.pl\/fi\/wp-json\/wp\/v2\/pages\/9550","targetHints":{"allow":["GET"]}}],"collection":[{"href":"https:\/\/hunt-armenti.pl\/fi\/wp-json\/wp\/v2\/pages"}],"about":[{"href":"https:\/\/hunt-armenti.pl\/fi\/wp-json\/wp\/v2\/types\/page"}],"author":[{"embeddable":true,"href":"https:\/\/hunt-armenti.pl\/fi\/wp-json\/wp\/v2\/users\/1"}],"replies":[{"embeddable":true,"href":"https:\/\/hunt-armenti.pl\/fi\/wp-json\/wp\/v2\/comments?post=9550"}],"version-history":[{"count":6,"href":"https:\/\/hunt-armenti.pl\/fi\/wp-json\/wp\/v2\/pages\/9550\/revisions"}],"predecessor-version":[{"id":10563,"href":"https:\/\/hunt-armenti.pl\/fi\/wp-json\/wp\/v2\/pages\/9550\/revisions\/10563"}],"wp:attachment":[{"href":"https:\/\/hunt-armenti.pl\/fi\/wp-json\/wp\/v2\/media?parent=9550"}],"curies":[{"name":"wp","href":"https:\/\/api.w.org\/{rel}","templated":true}]}}