{"id":9549,"date":"2025-07-02T19:27:47","date_gmt":"2025-07-02T17:27:47","guid":{"rendered":"https:\/\/hunt-armenti.pl\/polowanie-na-dziki\/"},"modified":"2025-07-04T17:05:15","modified_gmt":"2025-07-04T15:05:15","slug":"polowanie-na-dziki","status":"publish","type":"page","link":"https:\/\/hunt-armenti.pl\/fi\/polowanie-na-dziki\/","title":{"rendered":"Polowanie na dziki"},"content":{"rendered":"\t\t<div data-elementor-type=\"wp-page\" data-elementor-id=\"9549\" class=\"elementor elementor-9549\" data-elementor-post-type=\"page\">\n\t\t\t\t\t\t<section class=\"elementor-section elementor-top-section elementor-element elementor-element-5bed227 elementor-section-full_width elementor-section-height-default elementor-section-height-default\" data-id=\"5bed227\" data-element_type=\"section\">\n\t\t\t\t\t\t<div class=\"elementor-container elementor-column-gap-no\">\n\t\t\t\t\t<div class=\"elementor-column elementor-col-100 elementor-top-column elementor-element elementor-element-0ae4ee7\" data-id=\"0ae4ee7\" data-element_type=\"column\">\n\t\t\t<div class=\"elementor-widget-wrap elementor-element-populated\">\n\t\t\t\t\t\t<section class=\"elementor-section elementor-inner-section elementor-element elementor-element-72d2379 elementor-section-boxed elementor-section-height-default elementor-section-height-default\" data-id=\"72d2379\" data-element_type=\"section\">\n\t\t\t\t\t\t<div class=\"elementor-container elementor-column-gap-no\">\n\t\t\t\t\t<div class=\"elementor-column elementor-col-100 elementor-inner-column elementor-element elementor-element-28a4398\" data-id=\"28a4398\" data-element_type=\"column\">\n\t\t\t<div class=\"elementor-widget-wrap elementor-element-populated\">\n\t\t\t\t\t\t<div class=\"elementor-element elementor-element-69db11f elementor-widget elementor-widget-naturomegahover\" data-id=\"69db11f\" data-element_type=\"widget\" data-widget_type=\"naturomegahover.default\">\n\t\t\t\t<div class=\"elementor-widget-container\">\n\t\t\t\t\t<div class=\"mega-img-box\"><div class=\"img-1\"><div class=\"mega-hover\"><img decoding=\"async\" src=\"https:\/\/hunt-armenti.pl\/wp-content\/uploads\/2025\/07\/animal-6909689-scaled-e1751484039256.jpg\" alt=\"animal 6909689 scaled e1751484039256\"  class=\"w-100\" \/><\/div><\/div><\/div>\t\t\t\t<\/div>\n\t\t\t\t<\/div>\n\t\t\t\t\t<\/div>\n\t\t<\/div>\n\t\t\t\t\t<\/div>\n\t\t<\/section>\n\t\t\t\t\t<\/div>\n\t\t<\/div>\n\t\t\t\t\t<\/div>\n\t\t<\/section>\n\t\t\t\t<section class=\"elementor-section elementor-top-section elementor-element elementor-element-384c29e elementor-section-full_width elementor-section-height-default elementor-section-height-default\" data-id=\"384c29e\" data-element_type=\"section\">\n\t\t\t\t\t\t<div class=\"elementor-container elementor-column-gap-default\">\n\t\t\t\t\t<div class=\"elementor-column elementor-col-100 elementor-top-column elementor-element elementor-element-da01854\" data-id=\"da01854\" data-element_type=\"column\">\n\t\t\t<div class=\"elementor-widget-wrap elementor-element-populated\">\n\t\t\t\t\t\t<section class=\"elementor-section elementor-inner-section elementor-element elementor-element-ed5d161 elementor-section-boxed elementor-section-height-default elementor-section-height-default\" data-id=\"ed5d161\" data-element_type=\"section\">\n\t\t\t\t\t\t<div class=\"elementor-container elementor-column-gap-no\">\n\t\t\t\t\t<div class=\"elementor-column elementor-col-100 elementor-inner-column elementor-element elementor-element-ae2b833\" data-id=\"ae2b833\" data-element_type=\"column\">\n\t\t\t<div class=\"elementor-widget-wrap elementor-element-populated\">\n\t\t\t\t\t\t<div class=\"elementor-element elementor-element-84c4eb8 elementor-widget elementor-widget-heading\" data-id=\"84c4eb8\" data-element_type=\"widget\" data-widget_type=\"heading.default\">\n\t\t\t\t<div class=\"elementor-widget-container\">\n\t\t\t\t\t<h2 class=\"elementor-heading-title elementor-size-default\">Villisikajahti \u2013 ymp\u00e4rivuotinen seikkailu Puolan metsiss\u00e4<\/h2>\t\t\t\t<\/div>\n\t\t\t\t<\/div>\n\t\t\t\t<div class=\"elementor-element elementor-element-f2ffe1b elementor-widget elementor-widget-text-editor\" data-id=\"f2ffe1b\" data-element_type=\"widget\" data-widget_type=\"text-editor.default\">\n\t\t\t\t<div class=\"elementor-widget-container\">\n\t\t\t\t\t\t\t\t\t<p class=\"mb-55\">Villisikajahti on yksi j\u00e4nnitt\u00e4vimmist\u00e4 ja arvaamattomimmista mets\u00e4stysmuodoista. Mahdollisuus mets\u00e4st\u00e4\u00e4 ymp\u00e4ri vuoden tekee villisiasta eritt\u00e4in houkuttelevan kohteen niin aloitteleville kuin kokeneille mets\u00e4st\u00e4jille. Y\u00f6lliset passit, \u00e4\u00e4nett\u00f6m\u00e4t hiivinn\u00e4t ja nopeat tempoiset ajojahdit tekev\u00e4t t\u00e4st\u00e4 mets\u00e4styksest\u00e4 el\u00e4myksen, joka sykkii adrenaliinia.<\/p>\t\t\t\t\t\t\t\t<\/div>\n\t\t\t\t<\/div>\n\t\t\t\t<div class=\"elementor-element elementor-element-0fe3a90 elementor-widget elementor-widget-heading\" data-id=\"0fe3a90\" data-element_type=\"widget\" data-widget_type=\"heading.default\">\n\t\t\t\t<div class=\"elementor-widget-container\">\n\t\t\t\t\t<h2 class=\"elementor-heading-title elementor-size-default\">Villisika \u2013 lajin kuvaus<\/h2>\t\t\t\t<\/div>\n\t\t\t\t<\/div>\n\t\t\t\t<div class=\"elementor-element elementor-element-f0df1c1 elementor-widget elementor-widget-text-editor\" data-id=\"f0df1c1\" data-element_type=\"widget\" data-widget_type=\"text-editor.default\">\n\t\t\t\t<div class=\"elementor-widget-container\">\n\t\t\t\t\t\t\t\t\t<p>Villisika (Sus scrofa) on \u00e4lyk\u00e4s, tarkkaavainen ja varuillaan oleva el\u00e4in. Se esiintyy laajasti koko Puolassa \u2013 metsiss\u00e4, pelloilla ja sekamaisemissa. El\u00e4imet liikkuvat laumoissa, mutta suurimmat yksil\u00f6t \u2013 karjut \u2013 kulkevat usein yksin. Aikuiset voivat painaa jopa 150\u2013200 kg. J\u00e4ljitt\u00e4minen ja onnistunut l\u00e4hestyminen vaativat kokemusta, k\u00e4rsiv\u00e4llisyytt\u00e4 ja osaamista.<\/p>\t\t\t\t\t\t\t\t<\/div>\n\t\t\t\t<\/div>\n\t\t\t\t<div class=\"elementor-element elementor-element-5443f35 elementor-widget elementor-widget-heading\" data-id=\"5443f35\" data-element_type=\"widget\" data-widget_type=\"heading.default\">\n\t\t\t\t<div class=\"elementor-widget-container\">\n\t\t\t\t\t<h2 class=\"elementor-heading-title elementor-size-default\"> Mets\u00e4stysaika<\/h2>\t\t\t\t<\/div>\n\t\t\t\t<\/div>\n\t\t\t\t<div class=\"elementor-element elementor-element-3997d53 elementor-widget elementor-widget-text-editor\" data-id=\"3997d53\" data-element_type=\"widget\" data-widget_type=\"text-editor.default\">\n\t\t\t\t<div class=\"elementor-widget-container\">\n\t\t\t\t\t\t\t\t\t<table><thead><tr><th>Sukupuoli \/ ik\u00e4<\/th><th>Aika<\/th><\/tr><\/thead><tbody><tr><td>Villisika (kaikki yksil\u00f6t)<\/td><td><strong>Koko vuosi<\/strong><\/td><\/tr><\/tbody><\/table><p>\u00a0<\/p>\t\t\t\t\t\t\t\t<\/div>\n\t\t\t\t<\/div>\n\t\t\t\t<div class=\"elementor-element elementor-element-892c99c elementor-widget elementor-widget-heading\" data-id=\"892c99c\" data-element_type=\"widget\" data-widget_type=\"heading.default\">\n\t\t\t\t<div class=\"elementor-widget-container\">\n\t\t\t\t\t<h2 class=\"elementor-heading-title elementor-size-default\">Mets\u00e4stysmuodot<\/h2>\t\t\t\t<\/div>\n\t\t\t\t<\/div>\n\t\t\t\t<div class=\"elementor-element elementor-element-584945d elementor-widget elementor-widget-text-editor\" data-id=\"584945d\" data-element_type=\"widget\" data-widget_type=\"text-editor.default\">\n\t\t\t\t<div class=\"elementor-widget-container\">\n\t\t\t\t\t\t\t\t\t<ul><li data-start=\"1027\" data-end=\"1105\"><p data-start=\"1029\" data-end=\"1105\"><strong data-start=\"1029\" data-end=\"1055\">Passimets\u00e4stys (torni)<\/strong> \u2013 mahdollistaa rauhallisen ja tarkan laukauksen<\/p><\/li><li data-start=\"1106\" data-end=\"1204\"><p data-start=\"1108\" data-end=\"1204\"><strong data-start=\"1108\" data-end=\"1120\">Hiivint\u00e4<\/strong> \u2013 suositellaan kokeneille mets\u00e4st\u00e4jille, jotka kaipaavat tiivist\u00e4 luontokontaktia<\/p><\/li><li data-start=\"1205\" data-end=\"1281\"><p data-start=\"1207\" data-end=\"1281\"><strong data-start=\"1207\" data-end=\"1218\">Y\u00f6jahti<\/strong> \u2013 termovisio-\/pime\u00e4n\u00e4k\u00f6laitteilla (lains\u00e4\u00e4d\u00e4nn\u00f6n mukaisesti)<\/p><\/li><li data-start=\"1282\" data-end=\"1337\"><p data-start=\"1284\" data-end=\"1337\"><strong data-start=\"1284\" data-end=\"1296\">Ajojahti<\/strong> \u2013 nopeatempoinen, erinomainen ryhmille<\/p><\/li><\/ul>\t\t\t\t\t\t\t\t<\/div>\n\t\t\t\t<\/div>\n\t\t\t\t<div class=\"elementor-element elementor-element-47f9eb2 elementor-widget elementor-widget-heading\" data-id=\"47f9eb2\" data-element_type=\"widget\" data-widget_type=\"heading.default\">\n\t\t\t\t<div class=\"elementor-widget-container\">\n\t\t\t\t\t<h2 class=\"elementor-heading-title elementor-size-default\">Kenelle sopii?<\/h2>\t\t\t\t<\/div>\n\t\t\t\t<\/div>\n\t\t\t\t<div class=\"elementor-element elementor-element-ff965fc elementor-widget elementor-widget-text-editor\" data-id=\"ff965fc\" data-element_type=\"widget\" data-widget_type=\"text-editor.default\">\n\t\t\t\t<div class=\"elementor-widget-container\">\n\t\t\t\t\t\t\t\t\t<p data-start=\"1371\" data-end=\"1409\">Villisikajahti on t\u00e4ydellinen valinta:<\/p><ul data-start=\"1411\" data-end=\"1669\"><li data-start=\"1411\" data-end=\"1466\"><p data-start=\"1413\" data-end=\"1466\">Mets\u00e4st\u00e4jille, jotka haluavat jahdata vuoden ymp\u00e4ri<\/p><\/li><li data-start=\"1467\" data-end=\"1526\"><p data-start=\"1469\" data-end=\"1526\">Y\u00f6jahtien yst\u00e4ville ja niille, jotka etsiv\u00e4t j\u00e4nnityst\u00e4<\/p><\/li><li data-start=\"1527\" data-end=\"1580\"><p data-start=\"1529\" data-end=\"1580\">Aktiivista ja intensiivist\u00e4 mets\u00e4styst\u00e4 hakeville<\/p><\/li><li data-start=\"1581\" data-end=\"1669\"><p data-start=\"1583\" data-end=\"1669\">Ryhmille, jotka suunnittelevat yhteisi\u00e4 mets\u00e4styskokemuksia monipuolisella riistalla<\/p><\/li><\/ul>\t\t\t\t\t\t\t\t<\/div>\n\t\t\t\t<\/div>\n\t\t\t\t<div class=\"elementor-element elementor-element-2820bb2 elementor-widget elementor-widget-heading\" data-id=\"2820bb2\" data-element_type=\"widget\" data-widget_type=\"heading.default\">\n\t\t\t\t<div class=\"elementor-widget-container\">\n\t\t\t\t\t<h2 class=\"elementor-heading-title elementor-size-default\">Mit\u00e4 tarjoamme?\n<\/h2>\t\t\t\t<\/div>\n\t\t\t\t<\/div>\n\t\t\t\t<div class=\"elementor-element elementor-element-568e390 elementor-widget elementor-widget-text-editor\" data-id=\"568e390\" data-element_type=\"widget\" data-widget_type=\"text-editor.default\">\n\t\t\t\t<div class=\"elementor-widget-container\">\n\t\t\t\t\t\t\t\t\t<ul><li data-start=\"1703\" data-end=\"1765\"><p data-start=\"1705\" data-end=\"1765\">Mets\u00e4stys parhailla alueilla, joissa runsas villisikakanta<\/p><\/li><li data-start=\"1766\" data-end=\"1817\"><p data-start=\"1768\" data-end=\"1817\">Ammattitaitoiset oppaat, jotka tuntevat maaston<\/p><\/li><li data-start=\"1818\" data-end=\"1894\"><p data-start=\"1820\" data-end=\"1894\">Mahdollisuus k\u00e4ytt\u00e4\u00e4 termovisio- ja pime\u00e4n\u00e4k\u00f6laitteita (lain puitteissa)<\/p><\/li><li data-start=\"1895\" data-end=\"1948\"><p data-start=\"1897\" data-end=\"1948\">Majoitus, ruokailut ja kuljetus mets\u00e4stysalueelle<\/p><\/li><li data-start=\"1949\" data-end=\"2017\"><p data-start=\"1951\" data-end=\"2017\">Saaliin k\u00e4sittely, dokumentointi ja trofeiden vientimahdollisuus<\/p><\/li><\/ul>\t\t\t\t\t\t\t\t<\/div>\n\t\t\t\t<\/div>\n\t\t\t\t<div class=\"elementor-element elementor-element-58be148 elementor-widget elementor-widget-naturobutton\" data-id=\"58be148\" data-element_type=\"widget\" data-widget_type=\"naturobutton.default\">\n\t\t\t\t<div class=\"elementor-widget-container\">\n\t\t\t\t\t<!-- Button --><div class=\"btn-wrapper\"><a class=\"vs-btn style-1\" href=\"https:\/\/hunt-armenti.pl\/fi\/kontakt\/\"><span><i class=\"fal fa-paw\"><\/i><\/span>  Ota yhteytt\u00e4 ja aloita villisikaseikkailusi!<\/a><\/div><!-- End Button -->\t\t\t\t<\/div>\n\t\t\t\t<\/div>\n\t\t\t\t\t<\/div>\n\t\t<\/div>\n\t\t\t\t\t<\/div>\n\t\t<\/section>\n\t\t\t\t\t<\/div>\n\t\t<\/div>\n\t\t\t\t\t<\/div>\n\t\t<\/section>\n\t\t\t\t<\/div>\n\t\t","protected":false},"excerpt":{"rendered":"<p>Villisikajahti \u2013 ymp\u00e4rivuotinen seikkailu Puolan metsiss\u00e4 Villisikajahti on yksi j\u00e4nnitt\u00e4vimmist\u00e4 ja arvaamattomimmista mets\u00e4stysmuodoista. Mahdollisuus mets\u00e4st\u00e4\u00e4 ymp\u00e4ri vuoden tekee villisiasta eritt\u00e4in houkuttelevan kohteen niin aloitteleville kuin kokeneille mets\u00e4st\u00e4jille. Y\u00f6lliset passit, \u00e4\u00e4nett\u00f6m\u00e4t hiivinn\u00e4t ja nopeat tempoiset ajojahdit tekev\u00e4t t\u00e4st\u00e4 mets\u00e4styksest\u00e4 el\u00e4myksen, joka sykkii adrenaliinia. Villisika \u2013 lajin kuvaus Villisika (Sus scrofa) on \u00e4lyk\u00e4s, tarkkaavainen ja varuillaan oleva&#8230;<\/p>\n","protected":false},"author":1,"featured_media":0,"parent":0,"menu_order":0,"comment_status":"closed","ping_status":"closed","template":"template-builder.php","meta":{"footnotes":""},"class_list":["post-9549","page","type-page","status-publish","hentry"],"jetpack_sharing_enabled":true,"_links":{"self":[{"href":"https:\/\/hunt-armenti.pl\/fi\/wp-json\/wp\/v2\/pages\/9549","targetHints":{"allow":["GET"]}}],"collection":[{"href":"https:\/\/hunt-armenti.pl\/fi\/wp-json\/wp\/v2\/pages"}],"about":[{"href":"https:\/\/hunt-armenti.pl\/fi\/wp-json\/wp\/v2\/types\/page"}],"author":[{"embeddable":true,"href":"https:\/\/hunt-armenti.pl\/fi\/wp-json\/wp\/v2\/users\/1"}],"replies":[{"embeddable":true,"href":"https:\/\/hunt-armenti.pl\/fi\/wp-json\/wp\/v2\/comments?post=9549"}],"version-history":[{"count":6,"href":"https:\/\/hunt-armenti.pl\/fi\/wp-json\/wp\/v2\/pages\/9549\/revisions"}],"predecessor-version":[{"id":10560,"href":"https:\/\/hunt-armenti.pl\/fi\/wp-json\/wp\/v2\/pages\/9549\/revisions\/10560"}],"wp:attachment":[{"href":"https:\/\/hunt-armenti.pl\/fi\/wp-json\/wp\/v2\/media?parent=9549"}],"curies":[{"name":"wp","href":"https:\/\/api.w.org\/{rel}","templated":true}]}}