{"id":9548,"date":"2025-07-02T19:28:03","date_gmt":"2025-07-02T17:28:03","guid":{"rendered":"https:\/\/hunt-armenti.pl\/polowania-zbiorowe\/"},"modified":"2025-07-04T17:05:02","modified_gmt":"2025-07-04T15:05:02","slug":"polowania-zbiorowe","status":"publish","type":"page","link":"https:\/\/hunt-armenti.pl\/fi\/polowania-zbiorowe\/","title":{"rendered":"Polowania zbiorowe"},"content":{"rendered":"\t\t<div data-elementor-type=\"wp-page\" data-elementor-id=\"9548\" class=\"elementor elementor-9548\" data-elementor-post-type=\"page\">\n\t\t\t\t\t\t<section class=\"elementor-section elementor-top-section elementor-element elementor-element-5bed227 elementor-section-full_width elementor-section-height-default elementor-section-height-default\" data-id=\"5bed227\" data-element_type=\"section\">\n\t\t\t\t\t\t<div class=\"elementor-container elementor-column-gap-no\">\n\t\t\t\t\t<div class=\"elementor-column elementor-col-100 elementor-top-column elementor-element elementor-element-0ae4ee7\" data-id=\"0ae4ee7\" data-element_type=\"column\">\n\t\t\t<div class=\"elementor-widget-wrap elementor-element-populated\">\n\t\t\t\t\t\t<section class=\"elementor-section elementor-inner-section elementor-element elementor-element-72d2379 elementor-section-boxed elementor-section-height-default elementor-section-height-default\" data-id=\"72d2379\" data-element_type=\"section\">\n\t\t\t\t\t\t<div class=\"elementor-container elementor-column-gap-no\">\n\t\t\t\t\t<div class=\"elementor-column elementor-col-100 elementor-inner-column elementor-element elementor-element-28a4398\" data-id=\"28a4398\" data-element_type=\"column\">\n\t\t\t<div class=\"elementor-widget-wrap elementor-element-populated\">\n\t\t\t\t\t\t<div class=\"elementor-element elementor-element-69db11f elementor-widget elementor-widget-naturomegahover\" data-id=\"69db11f\" data-element_type=\"widget\" data-widget_type=\"naturomegahover.default\">\n\t\t\t\t<div class=\"elementor-widget-container\">\n\t\t\t\t\t<div class=\"mega-img-box\"><div class=\"img-1\"><div class=\"mega-hover\"><img decoding=\"async\" src=\"https:\/\/hunt-armenti.pl\/wp-content\/uploads\/2025\/07\/hunt-6789253-scaled-e1751483721207.jpg\" alt=\"hunt 6789253 scaled e1751483721207\"  class=\"w-100\" \/><\/div><\/div><\/div>\t\t\t\t<\/div>\n\t\t\t\t<\/div>\n\t\t\t\t\t<\/div>\n\t\t<\/div>\n\t\t\t\t\t<\/div>\n\t\t<\/section>\n\t\t\t\t\t<\/div>\n\t\t<\/div>\n\t\t\t\t\t<\/div>\n\t\t<\/section>\n\t\t\t\t<section class=\"elementor-section elementor-top-section elementor-element elementor-element-0b10f67 elementor-section-full_width elementor-section-height-default elementor-section-height-default\" data-id=\"0b10f67\" data-element_type=\"section\">\n\t\t\t\t\t\t<div class=\"elementor-container elementor-column-gap-default\">\n\t\t\t\t\t<div class=\"elementor-column elementor-col-100 elementor-top-column elementor-element elementor-element-6fa4b72\" data-id=\"6fa4b72\" data-element_type=\"column\">\n\t\t\t<div class=\"elementor-widget-wrap elementor-element-populated\">\n\t\t\t\t\t\t<section class=\"elementor-section elementor-inner-section elementor-element elementor-element-40a2bb2 elementor-section-boxed elementor-section-height-default elementor-section-height-default\" data-id=\"40a2bb2\" data-element_type=\"section\">\n\t\t\t\t\t\t<div class=\"elementor-container elementor-column-gap-no\">\n\t\t\t\t\t<div class=\"elementor-column elementor-col-100 elementor-inner-column elementor-element elementor-element-0b5cef0\" data-id=\"0b5cef0\" data-element_type=\"column\">\n\t\t\t<div class=\"elementor-widget-wrap elementor-element-populated\">\n\t\t\t\t\t\t<div class=\"elementor-element elementor-element-fff9f56 elementor-widget elementor-widget-heading\" data-id=\"fff9f56\" data-element_type=\"widget\" data-widget_type=\"heading.default\">\n\t\t\t\t<div class=\"elementor-widget-container\">\n\t\t\t\t\t<h2 class=\"elementor-heading-title elementor-size-default\">Ajojahdit \u2013 perinteit\u00e4, j\u00e4nnityst\u00e4 ja mets\u00e4st\u00e4jien yhteis\u00f6llisyytt\u00e4<\/h2>\t\t\t\t<\/div>\n\t\t\t\t<\/div>\n\t\t\t\t<div class=\"elementor-element elementor-element-27c5a9a elementor-widget elementor-widget-text-editor\" data-id=\"27c5a9a\" data-element_type=\"widget\" data-widget_type=\"text-editor.default\">\n\t\t\t\t<div class=\"elementor-widget-container\">\n\t\t\t\t\t\t\t\t\t<p class=\"mb-55\">Ajojahdit ovat yksi n\u00e4ytt\u00e4vimmist\u00e4 ja tunteita her\u00e4tt\u00e4vimmist\u00e4 mets\u00e4stysmuodoista. Ne ovat olennainen osa puolalaista mets\u00e4styskulttuuria \u2013 yhdist\u00e4en rakkauden luontoon, mets\u00e4st\u00e4jien toveruuden sek\u00e4 tarkasti suunnitellun mets\u00e4stystapahtuman.<\/p>\t\t\t\t\t\t\t\t<\/div>\n\t\t\t\t<\/div>\n\t\t\t\t<div class=\"elementor-element elementor-element-82ab3eb elementor-widget elementor-widget-heading\" data-id=\"82ab3eb\" data-element_type=\"widget\" data-widget_type=\"heading.default\">\n\t\t\t\t<div class=\"elementor-widget-container\">\n\t\t\t\t\t<h2 class=\"elementor-heading-title elementor-size-default\">Miten ajojahdit toimivat?<\/h2>\t\t\t\t<\/div>\n\t\t\t\t<\/div>\n\t\t\t\t<div class=\"elementor-element elementor-element-e907449 elementor-widget elementor-widget-text-editor\" data-id=\"e907449\" data-element_type=\"widget\" data-widget_type=\"text-editor.default\">\n\t\t\t\t<div class=\"elementor-widget-container\">\n\t\t\t\t\t\t\t\t\t<p>Ajojahti toteutetaan ryhm\u00e4ss\u00e4, yleens\u00e4 6\u201320 mets\u00e4st\u00e4j\u00e4\u00e4 sijoitetaan nimettyihin paikkoihin. Ajomiehet ja\/tai ajokoirat ajavat riistaa liikkeelle, suuntaamalla sen kohti passimiehi\u00e4. Kyseess\u00e4 on mets\u00e4styksen yhteis\u00f6llinen, mutta tarkkaa koordinointia vaativa muoto.<\/p>\t\t\t\t\t\t\t\t<\/div>\n\t\t\t\t<\/div>\n\t\t\t\t<div class=\"elementor-element elementor-element-49f7984 elementor-widget elementor-widget-heading\" data-id=\"49f7984\" data-element_type=\"widget\" data-widget_type=\"heading.default\">\n\t\t\t\t<div class=\"elementor-widget-container\">\n\t\t\t\t\t<h2 class=\"elementor-heading-title elementor-size-default\">Mit\u00e4 riistaa voi mets\u00e4st\u00e4\u00e4?<\/h2>\t\t\t\t<\/div>\n\t\t\t\t<\/div>\n\t\t\t\t<div class=\"elementor-element elementor-element-f89a44b elementor-widget elementor-widget-text-editor\" data-id=\"f89a44b\" data-element_type=\"widget\" data-widget_type=\"text-editor.default\">\n\t\t\t\t<div class=\"elementor-widget-container\">\n\t\t\t\t\t\t\t\t\t<p data-start=\"662\" data-end=\"690\">Saaliiksi voidaan saada mm.:<\/p><ul data-start=\"692\" data-end=\"836\"><li data-start=\"692\" data-end=\"709\"><p data-start=\"694\" data-end=\"709\"><strong data-start=\"694\" data-end=\"709\">Villisikoja<\/strong><\/p><\/li><li data-start=\"710\" data-end=\"777\"><p data-start=\"712\" data-end=\"777\"><strong data-start=\"712\" data-end=\"738\">Hirvi- ja daamipeuroja<\/strong> \u2013 sek\u00e4 sonneja ett\u00e4 naaraita ja vasoja<\/p><\/li><li data-start=\"778\" data-end=\"818\"><p data-start=\"780\" data-end=\"818\"><strong data-start=\"780\" data-end=\"797\">Mets\u00e4kauriita<\/strong> \u2013 naaraita ja vasoja<\/p><\/li><li data-start=\"819\" data-end=\"836\"><p data-start=\"821\" data-end=\"836\"><strong data-start=\"821\" data-end=\"836\">Petoel\u00e4imi\u00e4<\/strong><\/p><\/li><\/ul><p data-start=\"838\" data-end=\"909\">Mets\u00e4stett\u00e4v\u00e4t lajit riippuvat vuosittain hyv\u00e4ksytyst\u00e4 kaatokiinti\u00f6st\u00e4.<\/p>\t\t\t\t\t\t\t\t<\/div>\n\t\t\t\t<\/div>\n\t\t\t\t<div class=\"elementor-element elementor-element-9f426fe elementor-widget elementor-widget-heading\" data-id=\"9f426fe\" data-element_type=\"widget\" data-widget_type=\"heading.default\">\n\t\t\t\t<div class=\"elementor-widget-container\">\n\t\t\t\t\t<h2 class=\"elementor-heading-title elementor-size-default\">Milloin j\u00e4rjestet\u00e4\u00e4n?<\/h2>\t\t\t\t<\/div>\n\t\t\t\t<\/div>\n\t\t\t\t<div class=\"elementor-element elementor-element-c5e839a elementor-widget elementor-widget-text-editor\" data-id=\"c5e839a\" data-element_type=\"widget\" data-widget_type=\"text-editor.default\">\n\t\t\t\t<div class=\"elementor-widget-container\">\n\t\t\t\t\t\t\t\t\t<p>Ajojahdit j\u00e4rjestet\u00e4\u00e4n Puolassa tyypillisesti <strong data-start=\"992\" data-end=\"1018\">lokakuusta tammikuuhun<\/strong>. T\u00e4m\u00e4 ajankohta on suotuisa sek\u00e4 s\u00e4\u00e4olosuhteiden ett\u00e4 riistan aktiivisuuden kannalta. Aikataulut m\u00e4\u00e4ritell\u00e4\u00e4n tarkasti mets\u00e4styslains\u00e4\u00e4d\u00e4nn\u00f6n ja kannanhoitosuunnitelmien mukaisesti.<\/p>\t\t\t\t\t\t\t\t<\/div>\n\t\t\t\t<\/div>\n\t\t\t\t<div class=\"elementor-element elementor-element-e714cf2 elementor-widget elementor-widget-heading\" data-id=\"e714cf2\" data-element_type=\"widget\" data-widget_type=\"heading.default\">\n\t\t\t\t<div class=\"elementor-widget-container\">\n\t\t\t\t\t<h2 class=\"elementor-heading-title elementor-size-default\">Kenelle?<\/h2>\t\t\t\t<\/div>\n\t\t\t\t<\/div>\n\t\t\t\t<div class=\"elementor-element elementor-element-84a485e elementor-widget elementor-widget-text-editor\" data-id=\"84a485e\" data-element_type=\"widget\" data-widget_type=\"text-editor.default\">\n\t\t\t\t<div class=\"elementor-widget-container\">\n\t\t\t\t\t\t\t\t\t<p data-start=\"1224\" data-end=\"1251\">Ajojahti sopii erityisesti:<\/p><ul data-start=\"1253\" data-end=\"1551\"><li data-start=\"1253\" data-end=\"1332\"><p data-start=\"1255\" data-end=\"1332\">Kokenneille mets\u00e4st\u00e4jille, jotka arvostavat yhteis\u00f6llisyytt\u00e4 ja jahtihenke\u00e4<\/p><\/li><li data-start=\"1333\" data-end=\"1432\"><p data-start=\"1335\" data-end=\"1432\">Yst\u00e4v\u00e4porukoille ja mets\u00e4styskerhoille, jotka haluavat jakaa ainutlaatuisen mets\u00e4styskokemuksen<\/p><\/li><li data-start=\"1433\" data-end=\"1481\"><p data-start=\"1435\" data-end=\"1481\">Riistaa ja toimintaa etsiville mets\u00e4st\u00e4jille<\/p><\/li><li data-start=\"1482\" data-end=\"1551\"><p data-start=\"1484\" data-end=\"1551\">Asiakkaille, jotka arvostavat t\u00e4yden palvelun mets\u00e4stystapahtumaa<\/p><\/li><\/ul>\t\t\t\t\t\t\t\t<\/div>\n\t\t\t\t<\/div>\n\t\t\t\t<div class=\"elementor-element elementor-element-fd162cf elementor-widget elementor-widget-heading\" data-id=\"fd162cf\" data-element_type=\"widget\" data-widget_type=\"heading.default\">\n\t\t\t\t<div class=\"elementor-widget-container\">\n\t\t\t\t\t<h2 class=\"elementor-heading-title elementor-size-default\">Miten j\u00e4rjestet\u00e4\u00e4n?<\/h2>\t\t\t\t<\/div>\n\t\t\t\t<\/div>\n\t\t\t\t<div class=\"elementor-element elementor-element-5c2a826 elementor-widget elementor-widget-text-editor\" data-id=\"5c2a826\" data-element_type=\"widget\" data-widget_type=\"text-editor.default\">\n\t\t\t\t<div class=\"elementor-widget-container\">\n\t\t\t\t\t\t\t\t\t<p data-start=\"1586\" data-end=\"1633\">Ammattilaisten suunnittelema ajojahti sis\u00e4lt\u00e4\u00e4:<\/p><ul data-start=\"1635\" data-end=\"1792\"><li data-start=\"1635\" data-end=\"1683\"><p data-start=\"1637\" data-end=\"1683\">Reittisuunnittelu ja turvallinen asemoiminen<\/p><\/li><li data-start=\"1684\" data-end=\"1720\"><p data-start=\"1686\" data-end=\"1720\">Kokeneet vet\u00e4j\u00e4t ja henkil\u00f6kunta<\/p><\/li><li data-start=\"1721\" data-end=\"1753\"><p data-start=\"1723\" data-end=\"1753\">T\u00e4ysi turvallisuusprotokolla<\/p><\/li><li data-start=\"1754\" data-end=\"1792\"><p data-start=\"1756\" data-end=\"1792\">Saalistilastointi ja dokumentointi<\/p><\/li><\/ul><p data-start=\"1794\" data-end=\"1808\"><strong data-start=\"1794\" data-end=\"1808\">Tarjoamme:<\/strong><\/p><ul><li data-start=\"1810\" data-end=\"1975\">Rekister\u00f6inti ja perehdytys<\/li><li data-start=\"1810\" data-end=\"1975\">Mets\u00e4stykset eettisesti ja lain mukaan<\/li><li data-start=\"1810\" data-end=\"1975\">Ammattitaitoiset vet\u00e4j\u00e4t, ajajat ja koirat<\/li><li data-start=\"1810\" data-end=\"1975\">Trofeiden k\u00e4sittely ja kuljetuspalvelut<\/li><\/ul>\t\t\t\t\t\t\t\t<\/div>\n\t\t\t\t<\/div>\n\t\t\t\t<div class=\"elementor-element elementor-element-b3ecc45 elementor-widget elementor-widget-heading\" data-id=\"b3ecc45\" data-element_type=\"widget\" data-widget_type=\"heading.default\">\n\t\t\t\t<div class=\"elementor-widget-container\">\n\t\t\t\t\t<h2 class=\"elementor-heading-title elementor-size-default\">Seremonia &amp; perinteet<\/h2>\t\t\t\t<\/div>\n\t\t\t\t<\/div>\n\t\t\t\t<div class=\"elementor-element elementor-element-33e6683 elementor-widget elementor-widget-text-editor\" data-id=\"33e6683\" data-element_type=\"widget\" data-widget_type=\"text-editor.default\">\n\t\t\t\t<div class=\"elementor-widget-container\">\n\t\t\t\t\t\t\t\t\t<p>Puolalaisessa ajojahdissa vaalitaan mets\u00e4styskulttuuria \u2013 <strong data-start=\"2070\" data-end=\"2090\">pokot-seremoniat<\/strong>, <strong data-start=\"2092\" data-end=\"2122\">mets\u00e4styshornien signaalit<\/strong> ja etiketti kuuluvat oleellisesti p\u00e4iv\u00e4\u00e4n. T\u00e4m\u00e4 ei ole vain saalistamista \u2013 se on <strong data-start=\"2205\" data-end=\"2258\">sielukas, yhteis\u00f6llinen kokemus luonnon syd\u00e4mess\u00e4<\/strong>.<\/p>\t\t\t\t\t\t\t\t<\/div>\n\t\t\t\t<\/div>\n\t\t\t\t<div class=\"elementor-element elementor-element-9ac7d3c elementor-widget elementor-widget-naturobutton\" data-id=\"9ac7d3c\" data-element_type=\"widget\" data-widget_type=\"naturobutton.default\">\n\t\t\t\t<div class=\"elementor-widget-container\">\n\t\t\t\t\t<!-- Button --><div class=\"btn-wrapper\"><a class=\"vs-btn style-1\" href=\"https:\/\/hunt-armenti.pl\/fi\/kontakt\/\"><span><i class=\"fal fa-paw\"><\/i><\/span> Ota yhteytt\u00e4 ja varaa paikkasi ajojahtiin!<\/a><\/div><!-- End Button -->\t\t\t\t<\/div>\n\t\t\t\t<\/div>\n\t\t\t\t\t<\/div>\n\t\t<\/div>\n\t\t\t\t\t<\/div>\n\t\t<\/section>\n\t\t\t\t\t<\/div>\n\t\t<\/div>\n\t\t\t\t\t<\/div>\n\t\t<\/section>\n\t\t\t\t<\/div>\n\t\t","protected":false},"excerpt":{"rendered":"<p>Ajojahdit \u2013 perinteit\u00e4, j\u00e4nnityst\u00e4 ja mets\u00e4st\u00e4jien yhteis\u00f6llisyytt\u00e4 Ajojahdit ovat yksi n\u00e4ytt\u00e4vimmist\u00e4 ja tunteita her\u00e4tt\u00e4vimmist\u00e4 mets\u00e4stysmuodoista. Ne ovat olennainen osa puolalaista mets\u00e4styskulttuuria \u2013 yhdist\u00e4en rakkauden luontoon, mets\u00e4st\u00e4jien toveruuden sek\u00e4 tarkasti suunnitellun mets\u00e4stystapahtuman. Miten ajojahdit toimivat? Ajojahti toteutetaan ryhm\u00e4ss\u00e4, yleens\u00e4 6\u201320 mets\u00e4st\u00e4j\u00e4\u00e4 sijoitetaan nimettyihin paikkoihin. Ajomiehet ja\/tai ajokoirat ajavat riistaa liikkeelle, suuntaamalla sen kohti passimiehi\u00e4. Kyseess\u00e4 on&#8230;<\/p>\n","protected":false},"author":1,"featured_media":0,"parent":0,"menu_order":0,"comment_status":"closed","ping_status":"closed","template":"template-builder.php","meta":{"footnotes":""},"class_list":["post-9548","page","type-page","status-publish","hentry"],"jetpack_sharing_enabled":true,"_links":{"self":[{"href":"https:\/\/hunt-armenti.pl\/fi\/wp-json\/wp\/v2\/pages\/9548","targetHints":{"allow":["GET"]}}],"collection":[{"href":"https:\/\/hunt-armenti.pl\/fi\/wp-json\/wp\/v2\/pages"}],"about":[{"href":"https:\/\/hunt-armenti.pl\/fi\/wp-json\/wp\/v2\/types\/page"}],"author":[{"embeddable":true,"href":"https:\/\/hunt-armenti.pl\/fi\/wp-json\/wp\/v2\/users\/1"}],"replies":[{"embeddable":true,"href":"https:\/\/hunt-armenti.pl\/fi\/wp-json\/wp\/v2\/comments?post=9548"}],"version-history":[{"count":6,"href":"https:\/\/hunt-armenti.pl\/fi\/wp-json\/wp\/v2\/pages\/9548\/revisions"}],"predecessor-version":[{"id":10557,"href":"https:\/\/hunt-armenti.pl\/fi\/wp-json\/wp\/v2\/pages\/9548\/revisions\/10557"}],"wp:attachment":[{"href":"https:\/\/hunt-armenti.pl\/fi\/wp-json\/wp\/v2\/media?parent=9548"}],"curies":[{"name":"wp","href":"https:\/\/api.w.org\/{rel}","templated":true}]}}