{"id":9546,"date":"2025-07-02T19:28:19","date_gmt":"2025-07-02T17:28:19","guid":{"rendered":"https:\/\/hunt-armenti.pl\/polowania-na-zwierzyne-nietrofealna\/"},"modified":"2025-07-04T17:04:55","modified_gmt":"2025-07-04T15:04:55","slug":"polowania-na-zwierzyne-nietrofealna","status":"publish","type":"page","link":"https:\/\/hunt-armenti.pl\/fi\/polowania-na-zwierzyne-nietrofealna\/","title":{"rendered":"Polowania na zwierzyn\u0119 nietrofealn\u0105"},"content":{"rendered":"\t\t<div data-elementor-type=\"wp-page\" data-elementor-id=\"9546\" class=\"elementor elementor-9546\" data-elementor-post-type=\"page\">\n\t\t\t\t\t\t<section class=\"elementor-section elementor-top-section elementor-element elementor-element-5bed227 elementor-section-full_width elementor-section-height-default elementor-section-height-default\" data-id=\"5bed227\" data-element_type=\"section\">\n\t\t\t\t\t\t<div class=\"elementor-container elementor-column-gap-no\">\n\t\t\t\t\t<div class=\"elementor-column elementor-col-100 elementor-top-column elementor-element elementor-element-0ae4ee7\" data-id=\"0ae4ee7\" data-element_type=\"column\">\n\t\t\t<div class=\"elementor-widget-wrap elementor-element-populated\">\n\t\t\t\t\t\t<section class=\"elementor-section elementor-inner-section elementor-element elementor-element-72d2379 elementor-section-boxed elementor-section-height-default elementor-section-height-default\" data-id=\"72d2379\" data-element_type=\"section\">\n\t\t\t\t\t\t<div class=\"elementor-container elementor-column-gap-no\">\n\t\t\t\t\t<div class=\"elementor-column elementor-col-100 elementor-inner-column elementor-element elementor-element-28a4398\" data-id=\"28a4398\" data-element_type=\"column\">\n\t\t\t<div class=\"elementor-widget-wrap elementor-element-populated\">\n\t\t\t\t\t\t<div class=\"elementor-element elementor-element-69db11f elementor-widget elementor-widget-naturomegahover\" data-id=\"69db11f\" data-element_type=\"widget\" data-widget_type=\"naturomegahover.default\">\n\t\t\t\t<div class=\"elementor-widget-container\">\n\t\t\t\t\t<div class=\"mega-img-box\"><div class=\"img-1\"><div class=\"mega-hover\"><img decoding=\"async\" src=\"https:\/\/hunt-armenti.pl\/wp-content\/uploads\/2025\/07\/deer-3842134-scaled-e1751483503385.jpg\" alt=\"deer 3842134 scaled e1751483503385\"  class=\"w-100\" \/><\/div><\/div><\/div>\t\t\t\t<\/div>\n\t\t\t\t<\/div>\n\t\t\t\t\t<\/div>\n\t\t<\/div>\n\t\t\t\t\t<\/div>\n\t\t<\/section>\n\t\t\t\t<section class=\"elementor-section elementor-inner-section elementor-element elementor-element-77283f5 elementor-section-boxed elementor-section-height-default elementor-section-height-default\" data-id=\"77283f5\" data-element_type=\"section\">\n\t\t\t\t\t\t<div class=\"elementor-container elementor-column-gap-no\">\n\t\t\t\t\t<div class=\"elementor-column elementor-col-100 elementor-inner-column elementor-element elementor-element-4c7cff8\" data-id=\"4c7cff8\" data-element_type=\"column\">\n\t\t\t<div class=\"elementor-widget-wrap elementor-element-populated\">\n\t\t\t\t\t\t<div class=\"elementor-element elementor-element-92a47bb elementor-widget elementor-widget-heading\" data-id=\"92a47bb\" data-element_type=\"widget\" data-widget_type=\"heading.default\">\n\t\t\t\t<div class=\"elementor-widget-container\">\n\t\t\t\t\t<h2 class=\"elementor-heading-title elementor-size-default\">Ei-trofeesaali \u2013 valikoivan mets\u00e4styksen ydin ja merkitys\n<\/h2>\t\t\t\t<\/div>\n\t\t\t\t<\/div>\n\t\t\t\t<div class=\"elementor-element elementor-element-94beb1a elementor-widget elementor-widget-text-editor\" data-id=\"94beb1a\" data-element_type=\"widget\" data-widget_type=\"text-editor.default\">\n\t\t\t\t<div class=\"elementor-widget-container\">\n\t\t\t\t\t\t\t\t\t<p class=\"mb-55\">Ei-trofeesaaliin kohdistuva mets\u00e4stys on t\u00e4rke\u00e4 osa mets\u00e4stystaloutta Puolassa. Sen p\u00e4\u00e4tavoitteena on sorkkael\u00e4inkantojen m\u00e4\u00e4r\u00e4n s\u00e4\u00e4tely sek\u00e4 ik\u00e4- ja sukupuolirakenteen tasapainottaminen. Samalla se on aktiivinen ja vastuullinen mets\u00e4stysmuoto, jota erityisesti kokeneet mets\u00e4st\u00e4j\u00e4t arvostavat valinnan ja kannanhoidon n\u00e4k\u00f6kulmasta.<\/p>\t\t\t\t\t\t\t\t<\/div>\n\t\t\t\t<\/div>\n\t\t\t\t<div class=\"elementor-element elementor-element-b3c220b elementor-widget elementor-widget-heading\" data-id=\"b3c220b\" data-element_type=\"widget\" data-widget_type=\"heading.default\">\n\t\t\t\t<div class=\"elementor-widget-container\">\n\t\t\t\t\t<h2 class=\"elementor-heading-title elementor-size-default\">Mit\u00e4 tarkoittaa ei-trofeesaali?<\/h2>\t\t\t\t<\/div>\n\t\t\t\t<\/div>\n\t\t\t\t<div class=\"elementor-element elementor-element-75ef763 elementor-widget elementor-widget-text-editor\" data-id=\"75ef763\" data-element_type=\"widget\" data-widget_type=\"text-editor.default\">\n\t\t\t\t<div class=\"elementor-widget-container\">\n\t\t\t\t\t\t\t\t\t<p data-start=\"439\" data-end=\"607\">Ei-trofeesaali tarkoittaa yksil\u00f6it\u00e4, joilla ei ole mets\u00e4stystrofeearvoa \u2013 eli ne eiv\u00e4t ole mets\u00e4styskohteena sarvien vuoksi. Puolassa t\u00e4llaiseksi katsotaan erityisesti:<\/p><ul data-start=\"609\" data-end=\"699\"><li data-start=\"609\" data-end=\"624\"><p data-start=\"611\" data-end=\"624\">Hirvilehm\u00e4t<\/p><\/li><li data-start=\"625\" data-end=\"640\"><p data-start=\"627\" data-end=\"640\">Daimilehm\u00e4t<\/p><\/li><li data-start=\"641\" data-end=\"674\"><p data-start=\"643\" data-end=\"674\">Naaras- ja vasa- mets\u00e4kauriit<\/p><\/li><li data-start=\"675\" data-end=\"699\"><p data-start=\"677\" data-end=\"699\">Hirvi- ja daimivasat<\/p><\/li><\/ul>\t\t\t\t\t\t\t\t<\/div>\n\t\t\t\t<\/div>\n\t\t\t\t<div class=\"elementor-element elementor-element-ccad222 elementor-widget elementor-widget-heading\" data-id=\"ccad222\" data-element_type=\"widget\" data-widget_type=\"heading.default\">\n\t\t\t\t<div class=\"elementor-widget-container\">\n\t\t\t\t\t<h2 class=\"elementor-heading-title elementor-size-default\">Mets\u00e4styskaudet ei-trofeesaaliin kohdalla:<\/h2>\t\t\t\t<\/div>\n\t\t\t\t<\/div>\n\t\t\t\t<div class=\"elementor-element elementor-element-451a939 elementor-widget elementor-widget-text-editor\" data-id=\"451a939\" data-element_type=\"widget\" data-widget_type=\"text-editor.default\">\n\t\t\t\t<div class=\"elementor-widget-container\">\n\t\t\t\t\t\t\t\t\t<table class=\"w-fit min-w-(--thread-content-width)\" data-start=\"754\" data-end=\"1352\"><thead data-start=\"754\" data-end=\"836\"><tr data-start=\"754\" data-end=\"836\"><th data-start=\"754\" data-end=\"777\" data-col-size=\"sm\"><strong data-start=\"756\" data-end=\"764\">Laji<\/strong><\/th><th data-start=\"777\" data-end=\"801\" data-col-size=\"sm\"><strong data-start=\"779\" data-end=\"795\">Yksil\u00f6tyyppi<\/strong><\/th><th data-start=\"801\" data-end=\"836\" data-col-size=\"sm\"><strong data-start=\"803\" data-end=\"820\">Mets\u00e4stysaika<\/strong><\/th><\/tr><\/thead><tbody data-start=\"921\" data-end=\"1352\"><tr data-start=\"921\" data-end=\"1012\"><td data-start=\"921\" data-end=\"950\" data-col-size=\"sm\">Hirvi (Cervus elaphus)<\/td><td data-start=\"950\" data-end=\"977\" data-col-size=\"sm\">Lehm\u00e4t<\/td><td data-start=\"977\" data-end=\"1012\" data-col-size=\"sm\">1.10 \u2013 15.01<\/td><\/tr><tr data-start=\"1013\" data-end=\"1097\"><td data-start=\"1013\" data-end=\"1036\" data-col-size=\"sm\">\u00a0<\/td><td data-start=\"1036\" data-end=\"1062\" data-col-size=\"sm\">Vasat<\/td><td data-start=\"1062\" data-end=\"1097\" data-col-size=\"sm\">1.10 \u2013 28.02<\/td><\/tr><tr data-start=\"1098\" data-end=\"1182\"><td data-start=\"1098\" data-end=\"1121\" data-col-size=\"sm\">Daimi (Dama dama)<\/td><td data-start=\"1121\" data-end=\"1147\" data-col-size=\"sm\">Lehm\u00e4t<\/td><td data-start=\"1147\" data-end=\"1182\" data-col-size=\"sm\">1.10 \u2013 15.01<\/td><\/tr><tr data-start=\"1183\" data-end=\"1267\"><td data-start=\"1183\" data-end=\"1206\" data-col-size=\"sm\">\u00a0<\/td><td data-start=\"1206\" data-end=\"1232\" data-col-size=\"sm\">Vasat<\/td><td data-col-size=\"sm\" data-start=\"1232\" data-end=\"1267\">1.10 \u2013 28.02<\/td><\/tr><tr data-start=\"1268\" data-end=\"1352\"><td data-start=\"1268\" data-end=\"1291\" data-col-size=\"sm\">Mets\u00e4kauris<\/td><td data-start=\"1291\" data-end=\"1317\" data-col-size=\"sm\">Naaraat ja vasat<\/td><td data-start=\"1317\" data-end=\"1352\" data-col-size=\"sm\">1.10 \u2013 15.01<\/td><\/tr><\/tbody><\/table><p><br \/><br \/><\/p>\t\t\t\t\t\t\t\t<\/div>\n\t\t\t\t<\/div>\n\t\t\t\t<div class=\"elementor-element elementor-element-1925f28 elementor-widget elementor-widget-naturobutton\" data-id=\"1925f28\" data-element_type=\"widget\" data-widget_type=\"naturobutton.default\">\n\t\t\t\t<div class=\"elementor-widget-container\">\n\t\t\t\t\t<!-- Button --><div class=\"btn-wrapper\"><a class=\"vs-btn style-1\" href=\"https:\/\/hunt-armenti.pl\/fi\/kontakt\/\"><span><i class=\"fal fa-paw\"><\/i><\/span> Ota yhteytt\u00e4 ja kysy lis\u00e4\u00e4!<\/a><\/div><!-- End Button -->\t\t\t\t<\/div>\n\t\t\t\t<\/div>\n\t\t\t\t\t<\/div>\n\t\t<\/div>\n\t\t\t\t\t<\/div>\n\t\t<\/section>\n\t\t\t\t\t<\/div>\n\t\t<\/div>\n\t\t\t\t\t<\/div>\n\t\t<\/section>\n\t\t\t\t<\/div>\n\t\t","protected":false},"excerpt":{"rendered":"<p>Ei-trofeesaali \u2013 valikoivan mets\u00e4styksen ydin ja merkitys Ei-trofeesaaliin kohdistuva mets\u00e4stys on t\u00e4rke\u00e4 osa mets\u00e4stystaloutta Puolassa. Sen p\u00e4\u00e4tavoitteena on sorkkael\u00e4inkantojen m\u00e4\u00e4r\u00e4n s\u00e4\u00e4tely sek\u00e4 ik\u00e4- ja sukupuolirakenteen tasapainottaminen. Samalla se on aktiivinen ja vastuullinen mets\u00e4stysmuoto, jota erityisesti kokeneet mets\u00e4st\u00e4j\u00e4t arvostavat valinnan ja kannanhoidon n\u00e4k\u00f6kulmasta. Mit\u00e4 tarkoittaa ei-trofeesaali? Ei-trofeesaali tarkoittaa yksil\u00f6it\u00e4, joilla ei ole mets\u00e4stystrofeearvoa \u2013 eli ne&#8230;<\/p>\n","protected":false},"author":1,"featured_media":0,"parent":0,"menu_order":0,"comment_status":"closed","ping_status":"closed","template":"template-builder.php","meta":{"footnotes":""},"class_list":["post-9546","page","type-page","status-publish","hentry"],"jetpack_sharing_enabled":true,"_links":{"self":[{"href":"https:\/\/hunt-armenti.pl\/fi\/wp-json\/wp\/v2\/pages\/9546","targetHints":{"allow":["GET"]}}],"collection":[{"href":"https:\/\/hunt-armenti.pl\/fi\/wp-json\/wp\/v2\/pages"}],"about":[{"href":"https:\/\/hunt-armenti.pl\/fi\/wp-json\/wp\/v2\/types\/page"}],"author":[{"embeddable":true,"href":"https:\/\/hunt-armenti.pl\/fi\/wp-json\/wp\/v2\/users\/1"}],"replies":[{"embeddable":true,"href":"https:\/\/hunt-armenti.pl\/fi\/wp-json\/wp\/v2\/comments?post=9546"}],"version-history":[{"count":6,"href":"https:\/\/hunt-armenti.pl\/fi\/wp-json\/wp\/v2\/pages\/9546\/revisions"}],"predecessor-version":[{"id":10554,"href":"https:\/\/hunt-armenti.pl\/fi\/wp-json\/wp\/v2\/pages\/9546\/revisions\/10554"}],"wp:attachment":[{"href":"https:\/\/hunt-armenti.pl\/fi\/wp-json\/wp\/v2\/media?parent=9546"}],"curies":[{"name":"wp","href":"https:\/\/api.w.org\/{rel}","templated":true}]}}