{"id":9544,"date":"2025-07-02T17:39:42","date_gmt":"2025-07-02T15:39:42","guid":{"rendered":"https:\/\/hunt-armenti.pl\/oferta\/"},"modified":"2025-07-04T17:04:42","modified_gmt":"2025-07-04T15:04:42","slug":"oferta","status":"publish","type":"page","link":"https:\/\/hunt-armenti.pl\/fi\/oferta\/","title":{"rendered":"Oferta"},"content":{"rendered":"\t\t<div data-elementor-type=\"wp-page\" data-elementor-id=\"9544\" class=\"elementor elementor-9544\" data-elementor-post-type=\"page\">\n\t\t\t\t\t\t<section class=\"elementor-section elementor-top-section elementor-element elementor-element-ba0f9c3 elementor-section-full_width elementor-section-stretched elementor-section-height-default elementor-section-height-default\" data-id=\"ba0f9c3\" data-element_type=\"section\" data-settings=\"{&quot;stretch_section&quot;:&quot;section-stretched&quot;}\">\n\t\t\t\t\t\t<div class=\"elementor-container elementor-column-gap-no\">\n\t\t\t\t\t<div class=\"elementor-column elementor-col-100 elementor-top-column elementor-element elementor-element-4cf2c95\" data-id=\"4cf2c95\" data-element_type=\"column\">\n\t\t\t<div class=\"elementor-widget-wrap elementor-element-populated\">\n\t\t\t\t\t\t<div class=\"elementor-element elementor-element-878b48e elementor-widget elementor-widget-naturosectiontitle\" data-id=\"878b48e\" data-element_type=\"widget\" data-widget_type=\"naturosectiontitle.default\">\n\t\t\t\t<div class=\"elementor-widget-container\">\n\t\t\t\t\t<div class=\"section-title\" ><h4 class=\"sec-title1 subtitle-selector\">Yhteisty\u00f6prosessi<\/h4><div class=\"sec_line\"><img decoding=\"async\" src=\"https:\/\/wordpress.vecurosoft.com\/huntar\/wp-content\/uploads\/2021\/11\/about-line-1.png\" alt=\"about line 1\"  class=\"mb-4\" \/><\/div><h2 class=\"sec-title2 text-title2 mt-1 title-selector\">Milt\u00e4 mets\u00e4stys kanssamme n\u00e4ytt\u00e4\u00e4?<\/h2><\/div>\t\t\t\t<\/div>\n\t\t\t\t<\/div>\n\t\t\t\t<div class=\"elementor-element elementor-element-2577b5d elementor-widget elementor-widget-naturofeatures\" data-id=\"2577b5d\" data-element_type=\"widget\" data-widget_type=\"naturofeatures.default\">\n\t\t\t\t<div class=\"elementor-widget-container\">\n\t\t\t\t\t<!------------------------------- Features Area start -------------------------------><div class=\"vs-feature-wrapper\"><div class=\"container fature-border\"><div class=\"row features-slider-1\"><div class=\"col-lg-4\"><div class=\"feature-box overflow-hidden mb-30\"><div class=\"feature-icon float-sm-start\"><i class=\"flaticon-left-and-right-arrows\"><\/i><\/div><div class=\"feature-content mt-10\"><h5 class=\"features_title title-color fw-medium mb-10\"><a href=\"#\">1. Valitse kohde<\/a><\/h5><p>Valitse haluamasi alue ja mets\u00e4styksen tyyppi. Kiinnostaako hirvijahdit? Ehk\u00e4 vahvasarviset pukit? Tai kenties yhteisjahti? Kerro meille toiveesi \u2013 me hoidamme loput.<\/p><\/div><\/div><\/div><div class=\"col-lg-4\"><div class=\"feature-box overflow-hidden mb-30\"><div class=\"feature-icon float-sm-start\"><i class=\"flaticon-appointment\"><\/i><\/div><div class=\"feature-content mt-10\"><h5 class=\"features_title title-color fw-medium mb-10\"><a href=\"#\">2. Varaa ajankohta<\/a><\/h5><p>Ota meihin yhteytt\u00e4, sovi yksityiskohdista ja varaa sinulle sopiva aika. R\u00e4\u00e4t\u00e4l\u00f6imme kaiken tarpeidesi mukaan.<\/p><\/div><\/div><\/div><div class=\"col-lg-4\"><div class=\"feature-box overflow-hidden mb-30\"><div class=\"feature-icon float-sm-start\"><i class=\"flaticon-adventure\"><\/i><\/div><div class=\"feature-content mt-10\"><h5 class=\"features_title title-color fw-medium mb-10\"><a href=\"#\">3. Aloita seikkailu<\/a><\/h5><p>Saavu paikalle, tapaa paikallinen opas, tutustu maastoon ja aloita unohtumaton mets\u00e4stysseikkailu.<\/p><\/div><\/div><\/div><div class=\"col-lg-4\"><div class=\"feature-box overflow-hidden mb-30\"><div class=\"feature-icon float-sm-start\"><i class=\"flaticon-handshake\"><\/i><\/div><div class=\"feature-content mt-10\"><h5 class=\"features_title title-color fw-medium mb-10\"><a href=\"#\">4. Palaa kotiin trofeen kanssa<\/a><\/h5><p>Nauti ammattimaisesti j\u00e4rjestetyst\u00e4 jahdista ja palaa kotiin trofeen kanssa, joka muistuttaa sinua t\u00e4st\u00e4 kokemuksesta vuosien ajan.<\/p><\/div><\/div><\/div><\/div><!--\/.row and vs-acrousel active--><\/div><!--\/.container--><\/div>\t\t\t\t<\/div>\n\t\t\t\t<\/div>\n\t\t\t\t\t<\/div>\n\t\t<\/div>\n\t\t\t\t\t<\/div>\n\t\t<\/section>\n\t\t\t\t<section class=\"elementor-section elementor-top-section elementor-element elementor-element-48914e1 elementor-section-full_width elementor-section-stretched elementor-section-height-default elementor-section-height-default\" data-id=\"48914e1\" data-element_type=\"section\" data-settings=\"{&quot;stretch_section&quot;:&quot;section-stretched&quot;}\">\n\t\t\t\t\t\t<div class=\"elementor-container elementor-column-gap-no\">\n\t\t\t\t\t<div class=\"elementor-column elementor-col-100 elementor-top-column elementor-element elementor-element-1c3f70a\" data-id=\"1c3f70a\" data-element_type=\"column\">\n\t\t\t<div class=\"elementor-widget-wrap elementor-element-populated\">\n\t\t\t\t\t\t<section class=\"elementor-section elementor-inner-section elementor-element elementor-element-7312644 elementor-section-full_width elementor-section-height-default elementor-section-height-default\" data-id=\"7312644\" data-element_type=\"section\">\n\t\t\t\t\t\t<div class=\"elementor-container elementor-column-gap-no\">\n\t\t\t\t\t<div class=\"elementor-column elementor-col-100 elementor-inner-column elementor-element elementor-element-e125351\" data-id=\"e125351\" data-element_type=\"column\">\n\t\t\t<div class=\"elementor-widget-wrap elementor-element-populated\">\n\t\t\t\t\t\t<div class=\"elementor-element elementor-element-81e9442 elementor-widget elementor-widget-naturosectiontitle\" data-id=\"81e9442\" data-element_type=\"widget\" data-widget_type=\"naturosectiontitle.default\">\n\t\t\t\t<div class=\"elementor-widget-container\">\n\t\t\t\t\t<div class=\"section-title\" ><h4 class=\"sec-title1 subtitle-selector\">Mit\u00e4 tarjoamme?<\/h4><div class=\"sec_line\"><img decoding=\"async\" src=\"https:\/\/wordpress.vecurosoft.com\/huntar\/wp-content\/uploads\/2021\/11\/about-line-1.png\" alt=\"about line 1\"  class=\"mb-4\" \/><\/div><h2 class=\"sec-title2 text-title2 mt-1 title-selector\">Mets\u00e4styst\u00e4 tyylill\u00e4 ja kokemuksella<\/h2><\/div>\t\t\t\t<\/div>\n\t\t\t\t<\/div>\n\t\t\t\t\t<\/div>\n\t\t<\/div>\n\t\t\t\t\t<\/div>\n\t\t<\/section>\n\t\t\t\t<section class=\"elementor-section elementor-inner-section elementor-element elementor-element-3756bca elementor-section-full_width elementor-section-height-default elementor-section-height-default\" data-id=\"3756bca\" data-element_type=\"section\">\n\t\t\t\t\t\t<div class=\"elementor-container elementor-column-gap-no\">\n\t\t\t\t\t<div class=\"elementor-column elementor-col-100 elementor-inner-column elementor-element elementor-element-0243236\" data-id=\"0243236\" data-element_type=\"column\" data-settings=\"{&quot;animation&quot;:&quot;none&quot;}\">\n\t\t\t<div class=\"elementor-widget-wrap elementor-element-populated\">\n\t\t\t\t\t\t<div class=\"elementor-element elementor-element-86cc0f6 elementor-widget elementor-widget-naturoserviceslider\" data-id=\"86cc0f6\" data-element_type=\"widget\" data-widget_type=\"naturoserviceslider.default\">\n\t\t\t\t<div class=\"elementor-widget-container\">\n\t\t\t\t\t<!-----------------------Start Service Slider Area-----------------------><div class=\"vs-services\"><div class=\"container\"><div class=\"position-relative\"><div class=\"services-arrow-box\"><button data-slick-prev=\"#sbox1\" class=\"icon-btn style2 services-arrow d-none d-xl-inline-block\"><i class=\"fal fa-arrow-left\"><\/i><\/button><button data-slick-next=\"#sbox1\" class=\"icon-btn style2 services-arrow d-none d-xl-inline-block\"><i class=\"fal fa-arrow-right\"><\/i><\/button><\/div><div class=\"row align-items-center vs-service-slider1\" id=\"sbox1\"><div class=\"col-lg-4 col-md-6\"><div class=\"vs-services-box mb-30\"><div class=\"vs-services-thumb text-center\"><img decoding=\"async\" src=\"https:\/\/hunt-armenti.pl\/wp-content\/uploads\/2025\/06\/Projekt-bez-nazwy-2025-06-26T203354.618.png\" alt=\"Projekt bez nazwy 2025 06 26T203354.618\"  \/><\/div><div class=\"vs-services-content\"><h4 class=\"sec-title1 title-color fw-bold mb-15\"><a href=\"https:\/\/hunt-armenti.pl\/fi\/polowanie-na-sarny-kozly\/\">1. Mets\u00e4stys mets\u00e4kauriin pukkeihin<\/a><\/h4><p>Kev\u00e4t- ja kes\u00e4kauden halutuimpiin jahtimuotoihin kuuluu mets\u00e4kauriin pukkijahti. T\u00e4m\u00e4 on loistava tilaisuus hankkia arvokkaita trofeita ja kokea unohtumattomia hetki\u00e4 jahdissa \u2013 erityisesti kiima-aikana, jolloin el\u00e4inten havainnointi ja hiivint\u00e4 vaativat mets\u00e4st\u00e4j\u00e4lt\u00e4 erityist\u00e4 taitoa ja k\u00e4rsiv\u00e4llisyytt\u00e4.<\/p><a href=\"https:\/\/hunt-armenti.pl\/fi\/polowanie-na-sarny-kozly\/\" class=\"link-btn\">Read More<i class=\"fal fa-long-arrow-right\"><\/i><\/a><\/div><\/div><\/div><div class=\"col-lg-4 col-md-6\"><div class=\"vs-services-box mb-30\"><div class=\"vs-services-thumb text-center\"><img decoding=\"async\" src=\"https:\/\/hunt-armenti.pl\/wp-content\/uploads\/2025\/07\/Projekt-bez-nazwy-2025-07-02T192034.616.png\" alt=\"Projekt bez nazwy 2025 07 02T192034.616\"  \/><\/div><div class=\"vs-services-content\"><h4 class=\"sec-title1 title-color fw-bold mb-15\"><a href=\"https:\/\/hunt-armenti.pl\/fi\/polowanie-na-jelenie-byki\/\">2. Mets\u00e4stys jalohirviin \u2013 sonnit<\/a><\/h4><p>Jalohirvisonni on yksi arvostetuimmista riistalajeista, ja syksyinen rykim\u00e4 on jahtikauden kohokohta. Se tarjoaa unohtumattomia kokemuksia sek\u00e4 mahdollisuuden komean trofeen hankintaan. Tarjoamme p\u00e4\u00e4syn valikoituihin mets\u00e4stysalueisiin, joissa hirvikanta on vahva ja hyvin hoidettu.<\/p><a href=\"https:\/\/hunt-armenti.pl\/fi\/polowanie-na-jelenie-byki\/\" class=\"link-btn\">Read More<i class=\"fal fa-long-arrow-right\"><\/i><\/a><\/div><\/div><\/div><div class=\"col-lg-4 col-md-6\"><div class=\"vs-services-box mb-30\"><div class=\"vs-services-thumb text-center\"><img decoding=\"async\" src=\"https:\/\/hunt-armenti.pl\/wp-content\/uploads\/2025\/07\/Projekt-bez-nazwy-2025-07-02T192113.534.png\" alt=\"Projekt bez nazwy 2025 07 02T192113.534\"  \/><\/div><div class=\"vs-services-content\"><h4 class=\"sec-title1 title-color fw-bold mb-15\"><a href=\"https:\/\/hunt-armenti.pl\/fi\/polowanie-na-dziki\/\">3. Mets\u00e4stys villisikoihin<\/a><\/h4><p>Villisikajahdit ovat ymp\u00e4ri vuoden suosittuja jahtimuotoja. Tarjoamme sek\u00e4 yksitt\u00e4isi\u00e4 hiivint\u00e4- ja kytt\u00e4ysjahtoja ett\u00e4 intensiivisi\u00e4 y\u00f6jahteja l\u00e4mp\u00f6kameroiden ja pime\u00e4n\u00e4k\u00f6laitteiden avulla (s\u00e4\u00e4d\u00f6sten mukaisesti).<\/p><a href=\"https:\/\/hunt-armenti.pl\/fi\/polowanie-na-dziki\/\" class=\"link-btn\">Read More<i class=\"fal fa-long-arrow-right\"><\/i><\/a><\/div><\/div><\/div><div class=\"col-lg-4 col-md-6\"><div class=\"vs-services-box mb-30\"><div class=\"vs-services-thumb text-center\"><img decoding=\"async\" src=\"https:\/\/hunt-armenti.pl\/wp-content\/uploads\/2025\/07\/Projekt-bez-nazwy-2025-07-02T192146.580.png\" alt=\"Projekt bez nazwy 2025 07 02T192146.580\"  \/><\/div><div class=\"vs-services-content\"><h4 class=\"sec-title1 title-color fw-bold mb-15\"><a href=\"https:\/\/hunt-armenti.pl\/fi\/polowania-zbiorowe\/\">4. Ajojahdit \/ yhteisjahdit<\/a><\/h4><p>J\u00e4rjest\u00e4mme ammattitaitoisesti suunniteltuja yhteisjahteja, p\u00e4\u00e4asiassa sorkkael\u00e4imille ja villisioille. T\u00e4m\u00e4 on nopeatempoinen ja sosiaalinen jahtimuoto, joka edellytt\u00e4\u00e4 yhteisty\u00f6t\u00e4 ja kokemusta. Se on erinomainen tapa kokea jahtiyhteis\u00f6n henki ja mahdollistaa useamman el\u00e4imen kaadon lyhyess\u00e4 ajassa. Takuuvarmasti turvallista ja tehokasta \u2013 kokeneen tiimin tukemana.<\/p><a href=\"https:\/\/hunt-armenti.pl\/fi\/polowania-zbiorowe\/\" class=\"link-btn\">Read More<i class=\"fal fa-long-arrow-right\"><\/i><\/a><\/div><\/div><\/div><div class=\"col-lg-4 col-md-6\"><div class=\"vs-services-box mb-30\"><div class=\"vs-services-thumb text-center\"><img decoding=\"async\" src=\"https:\/\/hunt-armenti.pl\/wp-content\/uploads\/2025\/07\/Projekt-bez-nazwy-2025-07-02T192305.537.png\" alt=\"Projekt bez nazwy 2025 07 02T192305.537\"  \/><\/div><div class=\"vs-services-content\"><h4 class=\"sec-title1 title-color fw-bold mb-15\"><a href=\"https:\/\/hunt-armenti.pl\/fi\/polowania-na-zwierzyne-nietrofealna\/\">5. Mets\u00e4stys ei-trofeearvoiseen riistaan<\/a><\/h4><p>Ei-trofeearvoisten el\u00e4inten mets\u00e4stys \u2013 kuten hirvinaaraiden, mets\u00e4kauriin naaras- ja vasayksil\u00f6iden \u2013 tarjoaa mets\u00e4st\u00e4j\u00e4lle mahdollisuuden kokea valikoivan mets\u00e4styksen j\u00e4nnitys ja vaikuttaa kannanhoitoon. T\u00e4m\u00e4 jahtimuoto yhdist\u00e4\u00e4 usein houkuttelevan hinnan ja tehokkaan mets\u00e4stysrytmin.<\/p><a href=\"https:\/\/hunt-armenti.pl\/fi\/polowania-na-zwierzyne-nietrofealna\/\" class=\"link-btn\">Read More<i class=\"fal fa-long-arrow-right\"><\/i><\/a><\/div><\/div><\/div><\/div><\/div><\/div><\/div>\t\t\t\t<\/div>\n\t\t\t\t<\/div>\n\t\t\t\t\t<\/div>\n\t\t<\/div>\n\t\t\t\t\t<\/div>\n\t\t<\/section>\n\t\t\t\t\t<\/div>\n\t\t<\/div>\n\t\t\t\t\t<\/div>\n\t\t<\/section>\n\t\t\t\t<\/div>\n\t\t","protected":false},"excerpt":{"rendered":"<p>Yhteisty\u00f6prosessi Milt\u00e4 mets\u00e4stys kanssamme n\u00e4ytt\u00e4\u00e4? 1. Valitse kohde Valitse haluamasi alue ja mets\u00e4styksen tyyppi. Kiinnostaako hirvijahdit? Ehk\u00e4 vahvasarviset pukit? Tai kenties yhteisjahti? Kerro meille toiveesi \u2013 me hoidamme loput. 2. Varaa ajankohta Ota meihin yhteytt\u00e4, sovi yksityiskohdista ja varaa sinulle sopiva aika. R\u00e4\u00e4t\u00e4l\u00f6imme kaiken tarpeidesi mukaan. 3. Aloita seikkailu Saavu paikalle, tapaa paikallinen opas, tutustu&#8230;<\/p>\n","protected":false},"author":1,"featured_media":0,"parent":0,"menu_order":0,"comment_status":"closed","ping_status":"closed","template":"","meta":{"footnotes":""},"class_list":["post-9544","page","type-page","status-publish","hentry"],"jetpack_sharing_enabled":true,"_links":{"self":[{"href":"https:\/\/hunt-armenti.pl\/fi\/wp-json\/wp\/v2\/pages\/9544","targetHints":{"allow":["GET"]}}],"collection":[{"href":"https:\/\/hunt-armenti.pl\/fi\/wp-json\/wp\/v2\/pages"}],"about":[{"href":"https:\/\/hunt-armenti.pl\/fi\/wp-json\/wp\/v2\/types\/page"}],"author":[{"embeddable":true,"href":"https:\/\/hunt-armenti.pl\/fi\/wp-json\/wp\/v2\/users\/1"}],"replies":[{"embeddable":true,"href":"https:\/\/hunt-armenti.pl\/fi\/wp-json\/wp\/v2\/comments?post=9544"}],"version-history":[{"count":6,"href":"https:\/\/hunt-armenti.pl\/fi\/wp-json\/wp\/v2\/pages\/9544\/revisions"}],"predecessor-version":[{"id":10551,"href":"https:\/\/hunt-armenti.pl\/fi\/wp-json\/wp\/v2\/pages\/9544\/revisions\/10551"}],"wp:attachment":[{"href":"https:\/\/hunt-armenti.pl\/fi\/wp-json\/wp\/v2\/media?parent=9544"}],"curies":[{"name":"wp","href":"https:\/\/api.w.org\/{rel}","templated":true}]}}