{"id":9542,"date":"2021-12-13T09:23:05","date_gmt":"2021-12-13T08:23:05","guid":{"rendered":"https:\/\/hunt-armenti.pl\/o-nas\/"},"modified":"2025-07-04T19:49:39","modified_gmt":"2025-07-04T17:49:39","slug":"o-nas","status":"publish","type":"page","link":"https:\/\/hunt-armenti.pl\/fi\/o-nas\/","title":{"rendered":"O nas"},"content":{"rendered":"\t\t<div data-elementor-type=\"wp-page\" data-elementor-id=\"9542\" class=\"elementor elementor-9542\" data-elementor-post-type=\"page\">\n\t\t\t\t\t\t<section class=\"elementor-section elementor-top-section elementor-element elementor-element-93a1b17 elementor-section-full_width elementor-section-stretched elementor-section-height-default elementor-section-height-default\" data-id=\"93a1b17\" data-element_type=\"section\" data-settings=\"{&quot;stretch_section&quot;:&quot;section-stretched&quot;}\">\n\t\t\t\t\t\t<div class=\"elementor-container elementor-column-gap-no\">\n\t\t\t\t\t<div class=\"elementor-column elementor-col-100 elementor-top-column elementor-element elementor-element-5cc3d81\" data-id=\"5cc3d81\" data-element_type=\"column\">\n\t\t\t<div class=\"elementor-widget-wrap elementor-element-populated\">\n\t\t\t\t\t\t<section class=\"elementor-section elementor-inner-section elementor-element elementor-element-8de8568 elementor-section-boxed elementor-section-height-default elementor-section-height-default\" data-id=\"8de8568\" data-element_type=\"section\">\n\t\t\t\t\t\t<div class=\"elementor-container elementor-column-gap-no\">\n\t\t\t\t\t<div class=\"elementor-column elementor-col-50 elementor-inner-column elementor-element elementor-element-3121d3c\" data-id=\"3121d3c\" data-element_type=\"column\">\n\t\t\t<div class=\"elementor-widget-wrap elementor-element-populated\">\n\t\t\t\t\t\t<div class=\"elementor-element elementor-element-761f479 elementor-widget elementor-widget-image\" data-id=\"761f479\" data-element_type=\"widget\" data-widget_type=\"image.default\">\n\t\t\t\t<div class=\"elementor-widget-container\">\n\t\t\t\t\t\t\t\t\t\t\t\t\t\t\t<img fetchpriority=\"high\" decoding=\"async\" width=\"631\" height=\"647\" src=\"https:\/\/hunt-armenti.pl\/wp-content\/uploads\/2023\/09\/about-img-1.png\" class=\"attachment-full size-full wp-image-3727\" alt=\"about-img-1\" srcset=\"https:\/\/hunt-armenti.pl\/wp-content\/uploads\/2023\/09\/about-img-1.png 631w, https:\/\/hunt-armenti.pl\/wp-content\/uploads\/2023\/09\/about-img-1-293x300.png 293w\" sizes=\"(max-width: 631px) 100vw, 631px\" \/>\t\t\t\t\t\t\t\t\t\t\t\t\t\t\t<\/div>\n\t\t\t\t<\/div>\n\t\t\t\t\t<\/div>\n\t\t<\/div>\n\t\t\t\t<div class=\"elementor-column elementor-col-50 elementor-inner-column elementor-element elementor-element-96c103a\" data-id=\"96c103a\" data-element_type=\"column\">\n\t\t\t<div class=\"elementor-widget-wrap elementor-element-populated\">\n\t\t\t\t\t\t<div class=\"elementor-element elementor-element-1dd123f style-2 elementor-widget elementor-widget-naturosectiontitle\" data-id=\"1dd123f\" data-element_type=\"widget\" data-widget_type=\"naturosectiontitle.default\">\n\t\t\t\t<div class=\"elementor-widget-container\">\n\t\t\t\t\t<div class=\"section-title\" ><h4 class=\"sec-title1 subtitle-selector\">Keit\u00e4 olemme? \u2013 Tietoa meist\u00e4<\/h4><div class=\"sec_line\"><img decoding=\"async\" src=\"https:\/\/wordpress.vecurosoft.com\/huntar\/wp-content\/uploads\/2021\/11\/about-line-1.png\" alt=\"about line 1\"  class=\"mb-4\" \/><\/div><h2 class=\"sec-title2 text-title2 mt-1 title-selector\">Kanssamme koet mets\u00e4styksen todellisen olemuksen<\/h2><p class=\"desc\">Olemme Puolan Mets\u00e4stystoimisto \u2013 erikoistumme laillisten, eettisten ja t\u00e4ysin turvallisten mets\u00e4stysretkien j\u00e4rjest\u00e4miseen Puolassa. Missiomme on yhdist\u00e4\u00e4 luontorakkaus huippuluokan ammattimaiseen palveluun. Palvelemme mets\u00e4st\u00e4ji\u00e4 kaikkialta maailmasta, tarjoten kattavan tuen ja unohtumattomia el\u00e4myksi\u00e4 villin luonnon syd\u00e4mess\u00e4.<\/p><\/div>\t\t\t\t<\/div>\n\t\t\t\t<\/div>\n\t\t\t\t<div class=\"elementor-element elementor-element-7220d7f elementor-widget elementor-widget-text-editor\" data-id=\"7220d7f\" data-element_type=\"widget\" data-widget_type=\"text-editor.default\">\n\t\t\t\t<div class=\"elementor-widget-container\">\n\t\t\t\t\t\t\t\t\t<div class=\"list-style1 layout2\"><ul><li data-start=\"0\" data-end=\"146\"><p data-start=\"2\" data-end=\"146\"><strong data-start=\"2\" data-end=\"21\" data-is-only-node=\"\">Kokenut opastus<\/strong> \u2013 k\u00e4yt\u00f6ss\u00e4mme ovat kokeneet oppaat, tarkoin valitut mets\u00e4stysalueet ja 100 % laillinen toiminta huippuluokan j\u00e4rjestelyin.<\/p><\/li><li data-start=\"147\" data-end=\"296\"><p data-start=\"149\" data-end=\"296\"><strong data-start=\"149\" data-end=\"176\" data-is-only-node=\"\">Mets\u00e4stys el\u00e4m\u00e4ntyylin\u00e4<\/strong> \u2013 meille mets\u00e4stys ei ole vain urheilua, vaan kulttuuria, etiikkaa ja vuosisatojen perinne, jota vaalimme joka p\u00e4iv\u00e4.<\/p><\/li><li data-start=\"297\" data-end=\"431\"><p data-start=\"299\" data-end=\"431\"><strong data-start=\"299\" data-end=\"326\" data-is-only-node=\"\">Turvallisuus etusijalla<\/strong> \u2013 tarjoamme asianmukaiset varusteet, vakuutuksen ja ammattitaitoisen oppaan tuen jokaisessa vaiheessa.<\/p><\/li><li data-start=\"432\" data-end=\"561\" data-is-last-node=\"\"><p data-start=\"434\" data-end=\"561\" data-is-last-node=\"\"><strong data-start=\"434\" data-end=\"461\" data-is-only-node=\"\">Luontopassion jakaminen<\/strong> \u2013 rakastamme villi\u00e4 luontoa ja haluamme jakaa sen intohimon ihmisten kanssa, jotka tuntevat samoin.<\/p><\/li><\/ul><\/div>\t\t\t\t\t\t\t\t<\/div>\n\t\t\t\t<\/div>\n\t\t\t\t<div class=\"elementor-element elementor-element-b51dc7b elementor-widget__width-auto elementor-widget elementor-widget-naturobutton\" data-id=\"b51dc7b\" data-element_type=\"widget\" data-widget_type=\"naturobutton.default\">\n\t\t\t\t<div class=\"elementor-widget-container\">\n\t\t\t\t\t<!-- Button --><div class=\"btn-wrapper\"><a class=\"vs-btn style-1\" href=\"https:\/\/hunt-armenti.pl\/fi\/kontakt\/\"><span><i class=\"fal fa-paw\"><\/i><\/span> Valloita seikkailu<\/a><\/div><!-- End Button -->\t\t\t\t<\/div>\n\t\t\t\t<\/div>\n\t\t\t\t<div class=\"elementor-element elementor-element-f03bc06 elementor-widget__width-auto elementor-widget elementor-widget-html\" data-id=\"f03bc06\" data-element_type=\"widget\" data-widget_type=\"html.default\">\n\t\t\t\t<div class=\"elementor-widget-container\">\n\t\t\t\t\t<div class=\"call-media\"><div class=\"media-icon\"><i class=\"fas fa-phone-alt\"><\/i><\/div><div class=\"media-body\"><span class=\"media-label\">Soita nyt!<\/span><p class=\"media-info\"><a href=\"tel:+48720820470\" class=\"text-inherit\">+48 720 820 470<\/a><\/p> <\/div><\/div>\t\t\t\t<\/div>\n\t\t\t\t<\/div>\n\t\t\t\t\t<\/div>\n\t\t<\/div>\n\t\t\t\t\t<\/div>\n\t\t<\/section>\n\t\t\t\t\t<\/div>\n\t\t<\/div>\n\t\t\t\t\t<\/div>\n\t\t<\/section>\n\t\t\t\t<section class=\"elementor-section elementor-top-section elementor-element elementor-element-25972ea elementor-section-full_width elementor-section-height-default elementor-section-height-default\" data-id=\"25972ea\" data-element_type=\"section\">\n\t\t\t\t\t\t<div class=\"elementor-container elementor-column-gap-no\">\n\t\t\t\t\t<div class=\"elementor-column elementor-col-100 elementor-top-column elementor-element elementor-element-4e448dd\" data-id=\"4e448dd\" data-element_type=\"column\">\n\t\t\t<div class=\"elementor-widget-wrap elementor-element-populated\">\n\t\t\t\t\t\t<section class=\"elementor-section elementor-inner-section elementor-element elementor-element-837c41d elementor-section-boxed elementor-section-height-default elementor-section-height-default\" data-id=\"837c41d\" data-element_type=\"section\">\n\t\t\t\t\t\t<div class=\"elementor-container elementor-column-gap-no\">\n\t\t\t\t\t<div class=\"elementor-column elementor-col-100 elementor-inner-column elementor-element elementor-element-729d5d7\" data-id=\"729d5d7\" data-element_type=\"column\">\n\t\t\t<div class=\"elementor-widget-wrap elementor-element-populated\">\n\t\t\t\t\t\t<div class=\"elementor-element elementor-element-0f167ff elementor-widget elementor-widget-naturosectiontitle\" data-id=\"0f167ff\" data-element_type=\"widget\" data-widget_type=\"naturosectiontitle.default\">\n\t\t\t\t<div class=\"elementor-widget-container\">\n\t\t\t\t\t<div class=\"section-title\" ><h4 class=\"sec-title1 subtitle-selector\">Omistaja<\/h4><div class=\"sec_line\"><img decoding=\"async\" src=\"https:\/\/wordpress.vecurosoft.com\/huntar\/wp-content\/uploads\/2021\/11\/about-line-1.png\" alt=\"about line 1\"  class=\"mb-4\" \/><\/div><h2 class=\"sec-title2 text-title2 mt-1 title-selector\">Toimistonomistaja<\/h2><\/div>\t\t\t\t<\/div>\n\t\t\t\t<\/div>\n\t\t\t\t\t<\/div>\n\t\t<\/div>\n\t\t\t\t\t<\/div>\n\t\t<\/section>\n\t\t\t\t\t<\/div>\n\t\t<\/div>\n\t\t\t\t\t<\/div>\n\t\t<\/section>\n\t\t\t\t<section class=\"elementor-section elementor-top-section elementor-element elementor-element-01c1eef elementor-section-boxed elementor-section-height-default elementor-section-height-default\" data-id=\"01c1eef\" data-element_type=\"section\">\n\t\t\t\t\t\t<div class=\"elementor-container elementor-column-gap-default\">\n\t\t\t\t\t<div class=\"elementor-column elementor-col-100 elementor-top-column elementor-element elementor-element-8fe7190\" data-id=\"8fe7190\" data-element_type=\"column\">\n\t\t\t<div class=\"elementor-widget-wrap elementor-element-populated\">\n\t\t\t\t\t\t<section class=\"elementor-section elementor-inner-section elementor-element elementor-element-716c227 elementor-section-full_width elementor-section-height-default elementor-section-height-default\" data-id=\"716c227\" data-element_type=\"section\">\n\t\t\t\t\t\t<div class=\"elementor-container elementor-column-gap-no\">\n\t\t\t\t\t<div class=\"elementor-column elementor-col-100 elementor-inner-column elementor-element elementor-element-3ebd57b\" data-id=\"3ebd57b\" data-element_type=\"column\">\n\t\t\t<div class=\"elementor-widget-wrap elementor-element-populated\">\n\t\t\t\t\t\t<div class=\"elementor-element elementor-element-a4156dd elementor-widget elementor-widget-naturoteammemberinfo\" data-id=\"a4156dd\" data-element_type=\"widget\" data-widget_type=\"naturoteammemberinfo.default\">\n\t\t\t\t<div class=\"elementor-widget-container\">\n\t\t\t\t\t<!-----------------------Start Team Member Info Area-----------------------><section class=\"vs-team-wrapper team-details\"><div class=\"container\"><div class=\"row gx-0 mb-5 align-items-center\"><div class=\"col-lg-5\"><div class=\"team-img\"><img decoding=\"async\" src=\"https:\/\/hunt-armenti.pl\/wp-content\/uploads\/2025\/07\/20240705_213824-scaled-e1751460289153.jpg\" alt=\"20240705_213824 scaled e1751460289153\"  class=\"w-100\" \/><\/div><\/div><div class=\"col-lg-7\"><div class=\"team-info\"><span class=\"degi text-theme\">Oppaasi mets\u00e4styksen maailmaan<\/span><h2 class=\"name mb-3\">Micha\u0142 Szczepaniak<\/h2><p class=\"desc fs-md\">Olen ollut mets\u00e4styksen parissa lapsuudesta l\u00e4htien \u2013 se ei ole pelkk\u00e4 intohimo, vaan ennen kaikkea perhetraditio, jota vaalimme ja siirr\u00e4mme sukupolvelta toiselle. Kasvoin riistamailla, oppien kunnioittamaan luontoa ja noudattamaan eettisen mets\u00e4styksen periaatteita.\n\nJohtaessani mets\u00e4stystoimistoa yhdist\u00e4n vuosien kokemuksen ammattitaitoiseen ja tarkasti suunniteltuun j\u00e4rjest\u00e4miseen. Haluan, ett\u00e4 jokainen mets\u00e4st\u00e4j\u00e4 \u2013 taitotasosta riippumatta \u2013 voi luottaa mukavuuteen, turvallisuuteen ja tukeen koko matkan ajan aina suunnittelusta retken toteutukseen.\n\nTeht\u00e4v\u00e4n\u00e4ni on luoda ainutlaatuisia mets\u00e4styskokemuksia, jotka j\u00e4\u00e4v\u00e4t mieleen pitk\u00e4ksi aikaa, ja samalla edist\u00e4\u00e4 tietoista ja vastuullista mets\u00e4styst\u00e4.<\/p><div class=\"row\"><div class=\"col-md-7 col-lg-9 col-xxl-8\"><table class=\"team-info-table mt-sm-2\"><tbody><tr><td><i class=\"fal fa-folder\"><\/i><strong>Department:<\/strong><\/td><td>Profesjonalny My\u015bliwy<\/td><\/tr><tr><td><i class=\"fal fa-layer-group\"><\/i><strong>Experience:<\/strong><\/td><td>15 lat<\/td><\/tr><tr><td><i class=\"fal fa-envelope\"><\/i><strong>Email:<\/strong><\/td><td><a class=\"text-reset\" href=\"mailto:michal@huntarmenti.pl\">michal@hunt-armenti.pl<\/a><\/td><\/tr><tr><td><i class=\"fal fa-phone\"><\/i><strong>Phone:<\/strong><\/td><td><a class=\"text-reset\" href=\"tel:+48720820470\">+48 720 820 470<\/a><\/td><\/tr><\/tbody><\/table><\/div><\/div><div class=\"team-socials\"><h3 class=\"h6 title\">Member Links:<\/h3><div class=\"vs-social-group\"><a href=\"https:\/\/www.facebook.com\/share\/19GdQ9sx72\/\"><svg aria-hidden=\"true\" class=\"e-font-icon-svg e-fab-facebook-square\" viewBox=\"0 0 448 512\" xmlns=\"http:\/\/www.w3.org\/2000\/svg\"><path d=\"M400 32H48A48 48 0 0 0 0 80v352a48 48 0 0 0 48 48h137.25V327.69h-63V256h63v-54.64c0-62.15 37-96.48 93.67-96.48 27.14 0 55.52 4.84 55.52 4.84v61h-31.27c-30.81 0-40.42 19.12-40.42 38.73V256h68.78l-11 71.69h-57.78V480H400a48 48 0 0 0 48-48V80a48 48 0 0 0-48-48z\"><\/path><\/svg><\/a><a href=\"http:\/\/wa.me\/+48698333711\"><svg aria-hidden=\"true\" class=\"e-font-icon-svg e-fab-whatsapp-square\" viewBox=\"0 0 448 512\" xmlns=\"http:\/\/www.w3.org\/2000\/svg\"><path d=\"M224 122.8c-72.7 0-131.8 59.1-131.9 131.8 0 24.9 7 49.2 20.2 70.1l3.1 5-13.3 48.6 49.9-13.1 4.8 2.9c20.2 12 43.4 18.4 67.1 18.4h.1c72.6 0 133.3-59.1 133.3-131.8 0-35.2-15.2-68.3-40.1-93.2-25-25-58-38.7-93.2-38.7zm77.5 188.4c-3.3 9.3-19.1 17.7-26.7 18.8-12.6 1.9-22.4.9-47.5-9.9-39.7-17.2-65.7-57.2-67.7-59.8-2-2.6-16.2-21.5-16.2-41s10.2-29.1 13.9-33.1c3.6-4 7.9-5 10.6-5 2.6 0 5.3 0 7.6.1 2.4.1 5.7-.9 8.9 6.8 3.3 7.9 11.2 27.4 12.2 29.4s1.7 4.3.3 6.9c-7.6 15.2-15.7 14.6-11.6 21.6 15.3 26.3 30.6 35.4 53.9 47.1 4 2 6.3 1.7 8.6-1 2.3-2.6 9.9-11.6 12.5-15.5 2.6-4 5.3-3.3 8.9-2 3.6 1.3 23.1 10.9 27.1 12.9s6.6 3 7.6 4.6c.9 1.9.9 9.9-2.4 19.1zM400 32H48C21.5 32 0 53.5 0 80v352c0 26.5 21.5 48 48 48h352c26.5 0 48-21.5 48-48V80c0-26.5-21.5-48-48-48zM223.9 413.2c-26.6 0-52.7-6.7-75.8-19.3L64 416l22.5-82.2c-13.9-24-21.2-51.3-21.2-79.3C65.4 167.1 136.5 96 223.9 96c42.4 0 82.2 16.5 112.2 46.5 29.9 30 47.9 69.8 47.9 112.2 0 87.4-72.7 158.5-160.1 158.5z\"><\/path><\/svg><\/a><\/div><\/div><\/div><\/div><\/div><\/div><\/section><!-----------------------End Team Member Info Area----------------------->\t\t\t\t<\/div>\n\t\t\t\t<\/div>\n\t\t\t\t\t<\/div>\n\t\t<\/div>\n\t\t\t\t\t<\/div>\n\t\t<\/section>\n\t\t\t\t\t<\/div>\n\t\t<\/div>\n\t\t\t\t\t<\/div>\n\t\t<\/section>\n\t\t\t\t<\/div>\n\t\t","protected":false},"excerpt":{"rendered":"<p>Keit\u00e4 olemme? \u2013 Tietoa meist\u00e4 Kanssamme koet mets\u00e4styksen todellisen olemuksen Olemme Puolan Mets\u00e4stystoimisto \u2013 erikoistumme laillisten, eettisten ja t\u00e4ysin turvallisten mets\u00e4stysretkien j\u00e4rjest\u00e4miseen Puolassa. Missiomme on yhdist\u00e4\u00e4 luontorakkaus huippuluokan ammattimaiseen palveluun. Palvelemme mets\u00e4st\u00e4ji\u00e4 kaikkialta maailmasta, tarjoten kattavan tuen ja unohtumattomia el\u00e4myksi\u00e4 villin luonnon syd\u00e4mess\u00e4. Kokenut opastus \u2013 k\u00e4yt\u00f6ss\u00e4mme ovat kokeneet oppaat, tarkoin valitut mets\u00e4stysalueet ja 100&#8230;<\/p>\n","protected":false},"author":1,"featured_media":0,"parent":0,"menu_order":0,"comment_status":"closed","ping_status":"closed","template":"template-builder.php","meta":{"footnotes":""},"class_list":["post-9542","page","type-page","status-publish","hentry"],"jetpack_sharing_enabled":true,"_links":{"self":[{"href":"https:\/\/hunt-armenti.pl\/fi\/wp-json\/wp\/v2\/pages\/9542","targetHints":{"allow":["GET"]}}],"collection":[{"href":"https:\/\/hunt-armenti.pl\/fi\/wp-json\/wp\/v2\/pages"}],"about":[{"href":"https:\/\/hunt-armenti.pl\/fi\/wp-json\/wp\/v2\/types\/page"}],"author":[{"embeddable":true,"href":"https:\/\/hunt-armenti.pl\/fi\/wp-json\/wp\/v2\/users\/1"}],"replies":[{"embeddable":true,"href":"https:\/\/hunt-armenti.pl\/fi\/wp-json\/wp\/v2\/comments?post=9542"}],"version-history":[{"count":9,"href":"https:\/\/hunt-armenti.pl\/fi\/wp-json\/wp\/v2\/pages\/9542\/revisions"}],"predecessor-version":[{"id":10732,"href":"https:\/\/hunt-armenti.pl\/fi\/wp-json\/wp\/v2\/pages\/9542\/revisions\/10732"}],"wp:attachment":[{"href":"https:\/\/hunt-armenti.pl\/fi\/wp-json\/wp\/v2\/media?parent=9542"}],"curies":[{"name":"wp","href":"https:\/\/api.w.org\/{rel}","templated":true}]}}