{"id":9923,"date":"2025-07-02T19:27:23","date_gmt":"2025-07-02T17:27:23","guid":{"rendered":"https:\/\/hunt-armenti.pl\/polowanie-na-jelenie-byki\/"},"modified":"2025-07-04T17:11:54","modified_gmt":"2025-07-04T15:11:54","slug":"polowanie-na-jelenie-byki","status":"publish","type":"page","link":"https:\/\/hunt-armenti.pl\/es\/polowanie-na-jelenie-byki\/","title":{"rendered":"Polowanie na Jelenie \u2013 Byki"},"content":{"rendered":"\t\t<div data-elementor-type=\"wp-page\" data-elementor-id=\"9923\" class=\"elementor elementor-9923\" data-elementor-post-type=\"page\">\n\t\t\t\t\t\t<section class=\"elementor-section elementor-top-section elementor-element elementor-element-5bed227 elementor-section-full_width elementor-section-height-default elementor-section-height-default\" data-id=\"5bed227\" data-element_type=\"section\">\n\t\t\t\t\t\t<div class=\"elementor-container elementor-column-gap-no\">\n\t\t\t\t\t<div class=\"elementor-column elementor-col-100 elementor-top-column elementor-element elementor-element-0ae4ee7\" data-id=\"0ae4ee7\" data-element_type=\"column\">\n\t\t\t<div class=\"elementor-widget-wrap elementor-element-populated\">\n\t\t\t\t\t\t<section class=\"elementor-section elementor-inner-section elementor-element elementor-element-72d2379 elementor-section-boxed elementor-section-height-default elementor-section-height-default\" data-id=\"72d2379\" data-element_type=\"section\">\n\t\t\t\t\t\t<div class=\"elementor-container elementor-column-gap-no\">\n\t\t\t\t\t<div class=\"elementor-column elementor-col-100 elementor-inner-column elementor-element elementor-element-28a4398\" data-id=\"28a4398\" data-element_type=\"column\">\n\t\t\t<div class=\"elementor-widget-wrap elementor-element-populated\">\n\t\t\t\t\t\t<div class=\"elementor-element elementor-element-69db11f elementor-widget elementor-widget-naturomegahover\" data-id=\"69db11f\" data-element_type=\"widget\" data-widget_type=\"naturomegahover.default\">\n\t\t\t\t<div class=\"elementor-widget-container\">\n\t\t\t\t\t<div class=\"mega-img-box\"><div class=\"img-1\"><div class=\"mega-hover\"><img decoding=\"async\" src=\"https:\/\/hunt-armenti.pl\/wp-content\/uploads\/2025\/07\/reindeer-1323000_1920.jpg\" alt=\"reindeer 1323000_1920\"  class=\"w-100\" \/><\/div><\/div><\/div>\t\t\t\t<\/div>\n\t\t\t\t<\/div>\n\t\t\t\t\t<\/div>\n\t\t<\/div>\n\t\t\t\t\t<\/div>\n\t\t<\/section>\n\t\t\t\t\t<\/div>\n\t\t<\/div>\n\t\t\t\t\t<\/div>\n\t\t<\/section>\n\t\t\t\t<section class=\"elementor-section elementor-top-section elementor-element elementor-element-ead7340 elementor-section-full_width elementor-section-height-default elementor-section-height-default\" data-id=\"ead7340\" data-element_type=\"section\">\n\t\t\t\t\t\t<div class=\"elementor-container elementor-column-gap-default\">\n\t\t\t\t\t<div class=\"elementor-column elementor-col-100 elementor-top-column elementor-element elementor-element-736f966\" data-id=\"736f966\" data-element_type=\"column\">\n\t\t\t<div class=\"elementor-widget-wrap elementor-element-populated\">\n\t\t\t\t\t\t<section class=\"elementor-section elementor-inner-section elementor-element elementor-element-5aba318 elementor-section-boxed elementor-section-height-default elementor-section-height-default\" data-id=\"5aba318\" data-element_type=\"section\">\n\t\t\t\t\t\t<div class=\"elementor-container elementor-column-gap-no\">\n\t\t\t\t\t<div class=\"elementor-column elementor-col-100 elementor-inner-column elementor-element elementor-element-8ec48b4\" data-id=\"8ec48b4\" data-element_type=\"column\">\n\t\t\t<div class=\"elementor-widget-wrap elementor-element-populated\">\n\t\t\t\t\t\t<div class=\"elementor-element elementor-element-2b06d3f elementor-widget elementor-widget-heading\" data-id=\"2b06d3f\" data-element_type=\"widget\" data-widget_type=\"heading.default\">\n\t\t\t\t<div class=\"elementor-widget-container\">\n\t\t\t\t\t<h2 class=\"elementor-heading-title elementor-size-default\">Caza del ciervo \u2013 el punto culminante del calendario cineg\u00e9tico<\/h2>\t\t\t\t<\/div>\n\t\t\t\t<\/div>\n\t\t\t\t<div class=\"elementor-element elementor-element-69eebd9 elementor-widget elementor-widget-text-editor\" data-id=\"69eebd9\" data-element_type=\"widget\" data-widget_type=\"text-editor.default\">\n\t\t\t\t<div class=\"elementor-widget-container\">\n\t\t\t\t\t\t\t\t\t<p class=\"mb-55\">La caza del ciervo rojo macho es una de las formas m\u00e1s prestigiosas y esperadas de la caza mayor en Polonia. En el coraz\u00f3n de esta experiencia se encuentra la berrea: un espect\u00e1culo oto\u00f1al donde los imponentes venados compiten por las hembras sin prestar atenci\u00f3n a la presencia humana. Es el momento perfecto para o\u00edr y ver al aut\u00e9ntico rey del bosque en toda su grandeza.<\/p>\t\t\t\t\t\t\t\t<\/div>\n\t\t\t\t<\/div>\n\t\t\t\t<div class=\"elementor-element elementor-element-751fae6 elementor-widget elementor-widget-heading\" data-id=\"751fae6\" data-element_type=\"widget\" data-widget_type=\"heading.default\">\n\t\t\t\t<div class=\"elementor-widget-container\">\n\t\t\t\t\t<h2 class=\"elementor-heading-title elementor-size-default\">El ciervo \u2013 orgullo de los bosques polacos<\/h2>\t\t\t\t<\/div>\n\t\t\t\t<\/div>\n\t\t\t\t<div class=\"elementor-element elementor-element-2eeb5a6 elementor-widget elementor-widget-text-editor\" data-id=\"2eeb5a6\" data-element_type=\"widget\" data-widget_type=\"text-editor.default\">\n\t\t\t\t<div class=\"elementor-widget-container\">\n\t\t\t\t\t\t\t\t\t<p>El ciervo rojo (<em data-start=\"508\" data-end=\"524\">Cervus elaphus<\/em>) es el c\u00e9rvido m\u00e1s grande que habita en los montes polacos. Los machos adultos pueden alcanzar hasta 250 kg y lucen unas impresionantes cuernas, cuyo valor trofe\u00edstico (bronce, plata o incluso oro) depende de la edad, gen\u00e9tica y calidad del h\u00e1bitat.<\/p>\t\t\t\t\t\t\t\t<\/div>\n\t\t\t\t<\/div>\n\t\t\t\t<div class=\"elementor-element elementor-element-09b52aa elementor-widget elementor-widget-heading\" data-id=\"09b52aa\" data-element_type=\"widget\" data-widget_type=\"heading.default\">\n\t\t\t\t<div class=\"elementor-widget-container\">\n\t\t\t\t\t<h2 class=\"elementor-heading-title elementor-size-default\">Temporada de caza del ciervo macho\n<\/h2>\t\t\t\t<\/div>\n\t\t\t\t<\/div>\n\t\t\t\t<div class=\"elementor-element elementor-element-d2f3e9e elementor-widget elementor-widget-text-editor\" data-id=\"d2f3e9e\" data-element_type=\"widget\" data-widget_type=\"text-editor.default\">\n\t\t\t\t<div class=\"elementor-widget-container\">\n\t\t\t\t\t\t\t\t\t<div class=\"_tableContainer_80l1q_1\"><div class=\"_tableWrapper_80l1q_14 group flex w-fit flex-col-reverse\" tabindex=\"-1\"><table class=\"w-fit min-w-(--thread-content-width)\" data-start=\"821\" data-end=\"976\"><thead data-start=\"821\" data-end=\"872\"><tr data-start=\"821\" data-end=\"872\"><th data-start=\"821\" data-end=\"838\" data-col-size=\"sm\">Especie \/ Tipo<\/th><th data-start=\"838\" data-end=\"872\" data-col-size=\"sm\">Temporada de caza<\/th><\/tr><\/thead><tbody data-start=\"925\" data-end=\"976\"><tr data-start=\"925\" data-end=\"976\"><td data-start=\"925\" data-end=\"942\" data-col-size=\"sm\">Ciervo (macho)<\/td><td data-start=\"942\" data-end=\"976\" data-col-size=\"sm\">21 de agosto \u2013 28 de febrero<\/td><\/tr><\/tbody><\/table><div class=\"sticky end-(--thread-content-margin) h-0 self-end select-none\"><div class=\"absolute end-0 flex items-end\">\u00a0<\/div><\/div><\/div><\/div><p data-start=\"978\" data-end=\"1130\"><strong data-start=\"978\" data-end=\"1012\">El mejor momento es septiembre<\/strong>, durante la berrea, cuando los machos est\u00e1n m\u00e1s activos y es m\u00e1s f\u00e1cil localizarlos gracias a sus poderosos bramidos.<\/p>\t\t\t\t\t\t\t\t<\/div>\n\t\t\t\t<\/div>\n\t\t\t\t<div class=\"elementor-element elementor-element-c3991c3 elementor-widget elementor-widget-heading\" data-id=\"c3991c3\" data-element_type=\"widget\" data-widget_type=\"heading.default\">\n\t\t\t\t<div class=\"elementor-widget-container\">\n\t\t\t\t\t<h2 class=\"elementor-heading-title elementor-size-default\">Modalidades de caza<\/h2>\t\t\t\t<\/div>\n\t\t\t\t<\/div>\n\t\t\t\t<div class=\"elementor-element elementor-element-a5c2316 elementor-widget elementor-widget-text-editor\" data-id=\"a5c2316\" data-element_type=\"widget\" data-widget_type=\"text-editor.default\">\n\t\t\t\t<div class=\"elementor-widget-container\">\n\t\t\t\t\t\t\t\t\t<ul><li data-start=\"1162\" data-end=\"1307\"><p data-start=\"1164\" data-end=\"1307\"><strong data-start=\"1164\" data-end=\"1175\">Rececho<\/strong> \u2013 la forma m\u00e1s emocionante y t\u00e9cnica, que requiere habilidades de rastreo, paciencia y conocimiento del comportamiento del animal<\/p><\/li><li data-start=\"1308\" data-end=\"1422\"><p data-start=\"1310\" data-end=\"1422\"><strong data-start=\"1310\" data-end=\"1348\">Espera en puesto elevado (torreta)<\/strong> \u2013 muy efectiva en la berrea, cuando los machos cruzan claros y praderas<\/p><\/li><li data-start=\"1423\" data-end=\"1497\"><p data-start=\"1425\" data-end=\"1497\"><strong data-start=\"1425\" data-end=\"1443\">Caza a reclamo<\/strong> \u2013 con uso de reclamos espec\u00edficos durante la berrea<\/p><\/li><li data-start=\"1498\" data-end=\"1597\"><p data-start=\"1500\" data-end=\"1597\"><strong data-start=\"1500\" data-end=\"1517\">Caza invernal<\/strong> \u2013 fuera del celo, centrada en los h\u00e1bitos de alimentaci\u00f3n y refugio de invierno<\/p><\/li><\/ul>\t\t\t\t\t\t\t\t<\/div>\n\t\t\t\t<\/div>\n\t\t\t\t<div class=\"elementor-element elementor-element-b33df1a elementor-widget elementor-widget-heading\" data-id=\"b33df1a\" data-element_type=\"widget\" data-widget_type=\"heading.default\">\n\t\t\t\t<div class=\"elementor-widget-container\">\n\t\t\t\t\t<h2 class=\"elementor-heading-title elementor-size-default\">\u00bfPara qui\u00e9n?<\/h2>\t\t\t\t<\/div>\n\t\t\t\t<\/div>\n\t\t\t\t<div class=\"elementor-element elementor-element-32aef24 elementor-widget elementor-widget-text-editor\" data-id=\"32aef24\" data-element_type=\"widget\" data-widget_type=\"text-editor.default\">\n\t\t\t\t<div class=\"elementor-widget-container\">\n\t\t\t\t\t\t\t\t\t<p data-start=\"1622\" data-end=\"1652\">Recomendamos esta modalidad a:<\/p><ul data-start=\"1653\" data-end=\"1961\"><li data-start=\"1653\" data-end=\"1717\"><p data-start=\"1655\" data-end=\"1717\">Cazadores experimentados que sue\u00f1an con un trofeo medallable<\/p><\/li><li data-start=\"1718\" data-end=\"1783\"><p data-start=\"1720\" data-end=\"1783\">Amantes de la naturaleza deseosos de vivir la berrea de cerca<\/p><\/li><li data-start=\"1784\" data-end=\"1871\"><p data-start=\"1786\" data-end=\"1871\">Clientes que buscan una experiencia de caza individual, exclusiva y bien organizada<\/p><\/li><li data-start=\"1872\" data-end=\"1961\"><p data-start=\"1874\" data-end=\"1961\">Quienes valoran el servicio integral desde el rastreo hasta la preparaci\u00f3n del trofeo<\/p><\/li><\/ul>\t\t\t\t\t\t\t\t<\/div>\n\t\t\t\t<\/div>\n\t\t\t\t<div class=\"elementor-element elementor-element-cd7fc29 elementor-widget elementor-widget-heading\" data-id=\"cd7fc29\" data-element_type=\"widget\" data-widget_type=\"heading.default\">\n\t\t\t\t<div class=\"elementor-widget-container\">\n\t\t\t\t\t<h2 class=\"elementor-heading-title elementor-size-default\">Trofeos y evaluaci\u00f3n\n\n<\/h2>\t\t\t\t<\/div>\n\t\t\t\t<\/div>\n\t\t\t\t<div class=\"elementor-element elementor-element-3039cd9 elementor-widget elementor-widget-text-editor\" data-id=\"3039cd9\" data-element_type=\"widget\" data-widget_type=\"text-editor.default\">\n\t\t\t\t<div class=\"elementor-widget-container\">\n\t\t\t\t\t\t\t\t\t<p data-start=\"1994\" data-end=\"2072\">Los trofeos son pesados y evaluados conforme a criterios oficiales. Ofrecemos:<\/p><ul data-start=\"2073\" data-end=\"2231\"><li data-start=\"2073\" data-end=\"2126\"><p data-start=\"2075\" data-end=\"2126\">Valoraci\u00f3n profesional y documentaci\u00f3n del trofeo<\/p><\/li><li data-start=\"2127\" data-end=\"2173\"><p data-start=\"2129\" data-end=\"2173\">Preparaci\u00f3n del cr\u00e1neo o montaje en escudo<\/p><\/li><li data-start=\"2174\" data-end=\"2231\"><p data-start=\"2176\" data-end=\"2231\">Asistencia en la exportaci\u00f3n del trofeo al extranjero<\/p><\/li><\/ul>\t\t\t\t\t\t\t\t<\/div>\n\t\t\t\t<\/div>\n\t\t\t\t<div class=\"elementor-element elementor-element-fb5724a elementor-widget elementor-widget-heading\" data-id=\"fb5724a\" data-element_type=\"widget\" data-widget_type=\"heading.default\">\n\t\t\t\t<div class=\"elementor-widget-container\">\n\t\t\t\t\t<h2 class=\"elementor-heading-title elementor-size-default\">Nuestro servicio incluye:\n\n<\/h2>\t\t\t\t<\/div>\n\t\t\t\t<\/div>\n\t\t\t\t<div class=\"elementor-element elementor-element-1b044ab elementor-widget elementor-widget-text-editor\" data-id=\"1b044ab\" data-element_type=\"widget\" data-widget_type=\"text-editor.default\">\n\t\t\t\t<div class=\"elementor-widget-container\">\n\t\t\t\t\t\t\t\t\t<ul><li data-start=\"2269\" data-end=\"2354\"><p data-start=\"2271\" data-end=\"2354\">Cacer\u00edas en \u00e1reas rigurosamente seleccionadas con poblaciones estables de ciervos<\/p><\/li><li data-start=\"2355\" data-end=\"2387\"><p data-start=\"2357\" data-end=\"2387\">Gu\u00edas locales experimentados<\/p><\/li><li data-start=\"2388\" data-end=\"2429\"><p data-start=\"2390\" data-end=\"2429\">Alojamiento c\u00f3modo y pensi\u00f3n completa<\/p><\/li><li data-start=\"2430\" data-end=\"2468\"><p data-start=\"2432\" data-end=\"2468\">Transporte de ida y vuelta al coto<\/p><\/li><li data-start=\"2469\" data-end=\"2551\"><p data-start=\"2471\" data-end=\"2551\">Gesti\u00f3n completa del trofeo: documentaci\u00f3n, preparaci\u00f3n, embalaje, exportaci\u00f3n<\/p><\/li><\/ul>\t\t\t\t\t\t\t\t<\/div>\n\t\t\t\t<\/div>\n\t\t\t\t<div class=\"elementor-element elementor-element-4207617 elementor-widget elementor-widget-naturobutton\" data-id=\"4207617\" data-element_type=\"widget\" data-widget_type=\"naturobutton.default\">\n\t\t\t\t<div class=\"elementor-widget-container\">\n\t\t\t\t\t<!-- Button --><div class=\"btn-wrapper\"><a class=\"vs-btn style-1\" href=\"https:\/\/hunt-armenti.pl\/es\/kontakt\/\"><span><i class=\"fal fa-paw\"><\/i><\/span> Cont\u00e1ctanos para vivir una experiencia \u00fanica.<\/a><\/div><!-- End Button -->\t\t\t\t<\/div>\n\t\t\t\t<\/div>\n\t\t\t\t\t<\/div>\n\t\t<\/div>\n\t\t\t\t\t<\/div>\n\t\t<\/section>\n\t\t\t\t\t<\/div>\n\t\t<\/div>\n\t\t\t\t\t<\/div>\n\t\t<\/section>\n\t\t\t\t<\/div>\n\t\t","protected":false},"excerpt":{"rendered":"<p>Caza del ciervo \u2013 el punto culminante del calendario cineg\u00e9tico La caza del ciervo rojo macho es una de las formas m\u00e1s prestigiosas y esperadas de la caza mayor en Polonia. En el coraz\u00f3n de esta experiencia se encuentra la berrea: un espect\u00e1culo oto\u00f1al donde los imponentes venados compiten por las hembras sin prestar atenci\u00f3n&#8230;<\/p>\n","protected":false},"author":1,"featured_media":0,"parent":0,"menu_order":0,"comment_status":"closed","ping_status":"closed","template":"template-builder.php","meta":{"footnotes":""},"class_list":["post-9923","page","type-page","status-publish","hentry"],"jetpack_sharing_enabled":true,"_links":{"self":[{"href":"https:\/\/hunt-armenti.pl\/es\/wp-json\/wp\/v2\/pages\/9923","targetHints":{"allow":["GET"]}}],"collection":[{"href":"https:\/\/hunt-armenti.pl\/es\/wp-json\/wp\/v2\/pages"}],"about":[{"href":"https:\/\/hunt-armenti.pl\/es\/wp-json\/wp\/v2\/types\/page"}],"author":[{"embeddable":true,"href":"https:\/\/hunt-armenti.pl\/es\/wp-json\/wp\/v2\/users\/1"}],"replies":[{"embeddable":true,"href":"https:\/\/hunt-armenti.pl\/es\/wp-json\/wp\/v2\/comments?post=9923"}],"version-history":[{"count":6,"href":"https:\/\/hunt-armenti.pl\/es\/wp-json\/wp\/v2\/pages\/9923\/revisions"}],"predecessor-version":[{"id":10621,"href":"https:\/\/hunt-armenti.pl\/es\/wp-json\/wp\/v2\/pages\/9923\/revisions\/10621"}],"wp:attachment":[{"href":"https:\/\/hunt-armenti.pl\/es\/wp-json\/wp\/v2\/media?parent=9923"}],"curies":[{"name":"wp","href":"https:\/\/api.w.org\/{rel}","templated":true}]}}