{"id":9919,"date":"2025-07-02T19:28:19","date_gmt":"2025-07-02T17:28:19","guid":{"rendered":"https:\/\/hunt-armenti.pl\/polowania-na-zwierzyne-nietrofealna\/"},"modified":"2025-07-04T17:11:33","modified_gmt":"2025-07-04T15:11:33","slug":"polowania-na-zwierzyne-nietrofealna","status":"publish","type":"page","link":"https:\/\/hunt-armenti.pl\/es\/polowania-na-zwierzyne-nietrofealna\/","title":{"rendered":"Polowania na zwierzyn\u0119 nietrofealn\u0105"},"content":{"rendered":"\t\t<div data-elementor-type=\"wp-page\" data-elementor-id=\"9919\" class=\"elementor elementor-9919\" data-elementor-post-type=\"page\">\n\t\t\t\t\t\t<section class=\"elementor-section elementor-top-section elementor-element elementor-element-5bed227 elementor-section-full_width elementor-section-height-default elementor-section-height-default\" data-id=\"5bed227\" data-element_type=\"section\">\n\t\t\t\t\t\t<div class=\"elementor-container elementor-column-gap-no\">\n\t\t\t\t\t<div class=\"elementor-column elementor-col-100 elementor-top-column elementor-element elementor-element-0ae4ee7\" data-id=\"0ae4ee7\" data-element_type=\"column\">\n\t\t\t<div class=\"elementor-widget-wrap elementor-element-populated\">\n\t\t\t\t\t\t<section class=\"elementor-section elementor-inner-section elementor-element elementor-element-72d2379 elementor-section-boxed elementor-section-height-default elementor-section-height-default\" data-id=\"72d2379\" data-element_type=\"section\">\n\t\t\t\t\t\t<div class=\"elementor-container elementor-column-gap-no\">\n\t\t\t\t\t<div class=\"elementor-column elementor-col-100 elementor-inner-column elementor-element elementor-element-28a4398\" data-id=\"28a4398\" data-element_type=\"column\">\n\t\t\t<div class=\"elementor-widget-wrap elementor-element-populated\">\n\t\t\t\t\t\t<div class=\"elementor-element elementor-element-69db11f elementor-widget elementor-widget-naturomegahover\" data-id=\"69db11f\" data-element_type=\"widget\" data-widget_type=\"naturomegahover.default\">\n\t\t\t\t<div class=\"elementor-widget-container\">\n\t\t\t\t\t<div class=\"mega-img-box\"><div class=\"img-1\"><div class=\"mega-hover\"><img decoding=\"async\" src=\"https:\/\/hunt-armenti.pl\/wp-content\/uploads\/2025\/07\/deer-3842134-scaled-e1751483503385.jpg\" alt=\"deer 3842134 scaled e1751483503385\"  class=\"w-100\" \/><\/div><\/div><\/div>\t\t\t\t<\/div>\n\t\t\t\t<\/div>\n\t\t\t\t\t<\/div>\n\t\t<\/div>\n\t\t\t\t\t<\/div>\n\t\t<\/section>\n\t\t\t\t<section class=\"elementor-section elementor-inner-section elementor-element elementor-element-77283f5 elementor-section-boxed elementor-section-height-default elementor-section-height-default\" data-id=\"77283f5\" data-element_type=\"section\">\n\t\t\t\t\t\t<div class=\"elementor-container elementor-column-gap-no\">\n\t\t\t\t\t<div class=\"elementor-column elementor-col-100 elementor-inner-column elementor-element elementor-element-4c7cff8\" data-id=\"4c7cff8\" data-element_type=\"column\">\n\t\t\t<div class=\"elementor-widget-wrap elementor-element-populated\">\n\t\t\t\t\t\t<div class=\"elementor-element elementor-element-92a47bb elementor-widget elementor-widget-heading\" data-id=\"92a47bb\" data-element_type=\"widget\" data-widget_type=\"heading.default\">\n\t\t\t\t<div class=\"elementor-widget-container\">\n\t\t\t\t\t<h2 class=\"elementor-heading-title elementor-size-default\">Caza de animales no trofeales \u2013 el valor de la selecci\u00f3n en la gesti\u00f3n cineg\u00e9tica<\/h2>\t\t\t\t<\/div>\n\t\t\t\t<\/div>\n\t\t\t\t<div class=\"elementor-element elementor-element-94beb1a elementor-widget elementor-widget-text-editor\" data-id=\"94beb1a\" data-element_type=\"widget\" data-widget_type=\"text-editor.default\">\n\t\t\t\t<div class=\"elementor-widget-container\">\n\t\t\t\t\t\t\t\t\t<p class=\"mb-55\">La caza de animales no trofeales representa un pilar esencial de la gesti\u00f3n sostenible de la fauna en Polonia. Su objetivo principal es regular la densidad de poblaci\u00f3n y mantener una estructura adecuada de edad y sexo entre las especies. Esta modalidad constituye tambi\u00e9n una excelente oportunidad de caza activa, especialmente valorada por cazadores experimentados que comprenden la importancia de las acciones selectivas.<\/p>\t\t\t\t\t\t\t\t<\/div>\n\t\t\t\t<\/div>\n\t\t\t\t<div class=\"elementor-element elementor-element-b3c220b elementor-widget elementor-widget-heading\" data-id=\"b3c220b\" data-element_type=\"widget\" data-widget_type=\"heading.default\">\n\t\t\t\t<div class=\"elementor-widget-container\">\n\t\t\t\t\t<h2 class=\"elementor-heading-title elementor-size-default\">\u00bfQu\u00e9 se considera fauna no trofeal?<\/h2>\t\t\t\t<\/div>\n\t\t\t\t<\/div>\n\t\t\t\t<div class=\"elementor-element elementor-element-75ef763 elementor-widget elementor-widget-text-editor\" data-id=\"75ef763\" data-element_type=\"widget\" data-widget_type=\"text-editor.default\">\n\t\t\t\t<div class=\"elementor-widget-container\">\n\t\t\t\t\t\t\t\t\t<p data-start=\"559\" data-end=\"738\">Los animales no trofeales son aquellos individuos que no presentan valor como trofeo, es decir, no se abaten por su cornamenta. En el contexto polaco, esto incluye principalmente:<\/p><ul data-start=\"740\" data-end=\"841\"><li data-start=\"740\" data-end=\"766\"><p data-start=\"742\" data-end=\"766\">Hembras de ciervo rojo<\/p><\/li><li data-start=\"767\" data-end=\"786\"><p data-start=\"769\" data-end=\"786\">Hembras de gamo<\/p><\/li><li data-start=\"787\" data-end=\"814\"><p data-start=\"789\" data-end=\"814\">Corzas y cr\u00edas de corzo<\/p><\/li><li data-start=\"815\" data-end=\"841\"><p data-start=\"817\" data-end=\"841\">Cr\u00edas de ciervo y gamo<\/p><\/li><\/ul>\t\t\t\t\t\t\t\t<\/div>\n\t\t\t\t<\/div>\n\t\t\t\t<div class=\"elementor-element elementor-element-ccad222 elementor-widget elementor-widget-heading\" data-id=\"ccad222\" data-element_type=\"widget\" data-widget_type=\"heading.default\">\n\t\t\t\t<div class=\"elementor-widget-container\">\n\t\t\t\t\t<h2 class=\"elementor-heading-title elementor-size-default\">Temporadas de caza para especies no trofeales<\/h2>\t\t\t\t<\/div>\n\t\t\t\t<\/div>\n\t\t\t\t<div class=\"elementor-element elementor-element-451a939 elementor-widget elementor-widget-text-editor\" data-id=\"451a939\" data-element_type=\"widget\" data-widget_type=\"text-editor.default\">\n\t\t\t\t<div class=\"elementor-widget-container\">\n\t\t\t\t\t\t\t\t\t<div class=\"_tableContainer_80l1q_1\"><div class=\"_tableWrapper_80l1q_14 group flex w-fit flex-col-reverse\" tabindex=\"-1\"><table class=\"w-fit min-w-(--thread-content-width)\" data-start=\"899\" data-end=\"1451\"><thead data-start=\"899\" data-end=\"977\"><tr data-start=\"899\" data-end=\"977\"><th data-start=\"899\" data-end=\"921\" data-col-size=\"sm\">Especie<\/th><th data-start=\"921\" data-end=\"940\" data-col-size=\"sm\">Tipo de ejemplar<\/th><th data-start=\"940\" data-end=\"977\" data-col-size=\"sm\">Temporada de caza<\/th><\/tr><\/thead><tbody data-start=\"1057\" data-end=\"1451\"><tr data-start=\"1057\" data-end=\"1135\"><td data-start=\"1057\" data-end=\"1079\" data-col-size=\"sm\">Ciervo rojo<\/td><td data-start=\"1079\" data-end=\"1098\" data-col-size=\"sm\">Hembra<\/td><td data-start=\"1098\" data-end=\"1135\" data-col-size=\"sm\">1 de octubre \u2013 15 de enero<\/td><\/tr><tr data-start=\"1136\" data-end=\"1214\"><td data-start=\"1136\" data-end=\"1158\" data-col-size=\"sm\">\u00a0<\/td><td data-start=\"1158\" data-end=\"1177\" data-col-size=\"sm\">Cr\u00eda<\/td><td data-start=\"1177\" data-end=\"1214\" data-col-size=\"sm\">1 de octubre \u2013 28 de febrero<\/td><\/tr><tr data-start=\"1215\" data-end=\"1293\"><td data-start=\"1215\" data-end=\"1237\" data-col-size=\"sm\">Gamo<\/td><td data-start=\"1237\" data-end=\"1256\" data-col-size=\"sm\">Hembra<\/td><td data-start=\"1256\" data-end=\"1293\" data-col-size=\"sm\">1 de octubre \u2013 15 de enero<\/td><\/tr><tr data-start=\"1294\" data-end=\"1372\"><td data-start=\"1294\" data-end=\"1316\" data-col-size=\"sm\">\u00a0<\/td><td data-start=\"1316\" data-end=\"1335\" data-col-size=\"sm\">Cr\u00eda<\/td><td data-start=\"1335\" data-end=\"1372\" data-col-size=\"sm\">1 de octubre \u2013 28 de febrero<\/td><\/tr><tr data-start=\"1373\" data-end=\"1451\"><td data-start=\"1373\" data-end=\"1395\" data-col-size=\"sm\">Corzo<\/td><td data-start=\"1395\" data-end=\"1414\" data-col-size=\"sm\">Corza y cr\u00eda<\/td><td data-start=\"1414\" data-end=\"1451\" data-col-size=\"sm\">1 de octubre \u2013 15 de enero<\/td><\/tr><\/tbody><\/table><div class=\"sticky end-(--thread-content-margin) h-0 self-end select-none\"><div class=\"absolute end-0 flex items-end\">\u00a0<\/div><\/div><\/div><\/div><hr data-start=\"1453\" data-end=\"1456\" \/><p data-start=\"1458\" data-end=\"1655\">La caza selectiva no solo responde a criterios de sostenibilidad, sino que tambi\u00e9n ofrece una experiencia intensa y gratificante para el cazador comprometido con la \u00e9tica y el equilibrio ecol\u00f3gico.<\/p>\t\t\t\t\t\t\t\t<\/div>\n\t\t\t\t<\/div>\n\t\t\t\t<div class=\"elementor-element elementor-element-1925f28 elementor-widget elementor-widget-naturobutton\" data-id=\"1925f28\" data-element_type=\"widget\" data-widget_type=\"naturobutton.default\">\n\t\t\t\t<div class=\"elementor-widget-container\">\n\t\t\t\t\t<!-- Button --><div class=\"btn-wrapper\"><a class=\"vs-btn style-1\" href=\"https:\/\/hunt-armenti.pl\/es\/kontakt\/\"><span><i class=\"fal fa-paw\"><\/i><\/span> Cont\u00e1ctenos<\/a><\/div><!-- End Button -->\t\t\t\t<\/div>\n\t\t\t\t<\/div>\n\t\t\t\t\t<\/div>\n\t\t<\/div>\n\t\t\t\t\t<\/div>\n\t\t<\/section>\n\t\t\t\t\t<\/div>\n\t\t<\/div>\n\t\t\t\t\t<\/div>\n\t\t<\/section>\n\t\t\t\t<\/div>\n\t\t","protected":false},"excerpt":{"rendered":"<p>Caza de animales no trofeales \u2013 el valor de la selecci\u00f3n en la gesti\u00f3n cineg\u00e9tica La caza de animales no trofeales representa un pilar esencial de la gesti\u00f3n sostenible de la fauna en Polonia. Su objetivo principal es regular la densidad de poblaci\u00f3n y mantener una estructura adecuada de edad y sexo entre las especies&#8230;.<\/p>\n","protected":false},"author":1,"featured_media":0,"parent":0,"menu_order":0,"comment_status":"closed","ping_status":"closed","template":"template-builder.php","meta":{"footnotes":""},"class_list":["post-9919","page","type-page","status-publish","hentry"],"jetpack_sharing_enabled":true,"_links":{"self":[{"href":"https:\/\/hunt-armenti.pl\/es\/wp-json\/wp\/v2\/pages\/9919","targetHints":{"allow":["GET"]}}],"collection":[{"href":"https:\/\/hunt-armenti.pl\/es\/wp-json\/wp\/v2\/pages"}],"about":[{"href":"https:\/\/hunt-armenti.pl\/es\/wp-json\/wp\/v2\/types\/page"}],"author":[{"embeddable":true,"href":"https:\/\/hunt-armenti.pl\/es\/wp-json\/wp\/v2\/users\/1"}],"replies":[{"embeddable":true,"href":"https:\/\/hunt-armenti.pl\/es\/wp-json\/wp\/v2\/comments?post=9919"}],"version-history":[{"count":6,"href":"https:\/\/hunt-armenti.pl\/es\/wp-json\/wp\/v2\/pages\/9919\/revisions"}],"predecessor-version":[{"id":10612,"href":"https:\/\/hunt-armenti.pl\/es\/wp-json\/wp\/v2\/pages\/9919\/revisions\/10612"}],"wp:attachment":[{"href":"https:\/\/hunt-armenti.pl\/es\/wp-json\/wp\/v2\/media?parent=9919"}],"curies":[{"name":"wp","href":"https:\/\/api.w.org\/{rel}","templated":true}]}}