{"id":9917,"date":"2025-07-02T17:39:42","date_gmt":"2025-07-02T15:39:42","guid":{"rendered":"https:\/\/hunt-armenti.pl\/oferta\/"},"modified":"2025-07-04T17:11:15","modified_gmt":"2025-07-04T15:11:15","slug":"oferta","status":"publish","type":"page","link":"https:\/\/hunt-armenti.pl\/es\/oferta\/","title":{"rendered":"Oferta"},"content":{"rendered":"\t\t<div data-elementor-type=\"wp-page\" data-elementor-id=\"9917\" class=\"elementor elementor-9917\" data-elementor-post-type=\"page\">\n\t\t\t\t\t\t<section class=\"elementor-section elementor-top-section elementor-element elementor-element-3c6aa2a elementor-section-full_width elementor-section-stretched elementor-section-height-default elementor-section-height-default\" data-id=\"3c6aa2a\" data-element_type=\"section\" data-settings=\"{&quot;stretch_section&quot;:&quot;section-stretched&quot;}\">\n\t\t\t\t\t\t<div class=\"elementor-container elementor-column-gap-no\">\n\t\t\t\t\t<div class=\"elementor-column elementor-col-100 elementor-top-column elementor-element elementor-element-ee7ce6d\" data-id=\"ee7ce6d\" data-element_type=\"column\">\n\t\t\t<div class=\"elementor-widget-wrap elementor-element-populated\">\n\t\t\t\t\t\t<div class=\"elementor-element elementor-element-a5d80ee elementor-widget elementor-widget-naturosectiontitle\" data-id=\"a5d80ee\" data-element_type=\"widget\" data-widget_type=\"naturosectiontitle.default\">\n\t\t\t\t<div class=\"elementor-widget-container\">\n\t\t\t\t\t<div class=\"section-title\" ><h4 class=\"sec-title1 subtitle-selector\">Proceso de colaboraci\u00f3n<\/h4><div class=\"sec_line\"><img decoding=\"async\" src=\"https:\/\/wordpress.vecurosoft.com\/huntar\/wp-content\/uploads\/2021\/11\/about-line-1.png\" alt=\"about line 1\"  class=\"mb-4\" \/><\/div><h2 class=\"sec-title2 text-title2 mt-1 title-selector\">\u00bfC\u00f3mo es una cacer\u00eda con nosotros?<\/h2><\/div>\t\t\t\t<\/div>\n\t\t\t\t<\/div>\n\t\t\t\t<div class=\"elementor-element elementor-element-8c3dc78 elementor-widget elementor-widget-naturofeatures\" data-id=\"8c3dc78\" data-element_type=\"widget\" data-widget_type=\"naturofeatures.default\">\n\t\t\t\t<div class=\"elementor-widget-container\">\n\t\t\t\t\t<!------------------------------- Features Area start -------------------------------><div class=\"vs-feature-wrapper\"><div class=\"container fature-border\"><div class=\"row features-slider-1\"><div class=\"col-lg-4\"><div class=\"feature-box overflow-hidden mb-30\"><div class=\"feature-icon float-sm-start\"><i class=\"flaticon-left-and-right-arrows\"><\/i><\/div><div class=\"feature-content mt-10\"><h5 class=\"features_title title-color fw-medium mb-10\"><a href=\"#\">1. Elige tu destino<\/a><\/h5><p>Selecciona la regi\u00f3n y el tipo de cacer\u00eda que deseas realizar. \u00bfTe interesa un rececho de ciervos trofeo? \u00bfPrefieres corzos imponentes? \u00bfO quiz\u00e1 una monter\u00eda colectiva? T\u00fa decidas \u2014nosotros nos encargamos de todo lo dem\u00e1s.<\/p><\/div><\/div><\/div><div class=\"col-lg-4\"><div class=\"feature-box overflow-hidden mb-30\"><div class=\"feature-icon float-sm-start\"><i class=\"flaticon-appointment\"><\/i><\/div><div class=\"feature-content mt-10\"><h5 class=\"features_title title-color fw-medium mb-10\"><a href=\"#\">2. Reserva tu fecha<\/a><\/h5><p>Ponte en contacto con nosotros, acuerda los detalles y fija una fecha conveniente. Adaptamos cada elemento de la cacer\u00eda a tus necesidades.<\/p><\/div><\/div><\/div><div class=\"col-lg-4\"><div class=\"feature-box overflow-hidden mb-30\"><div class=\"feature-icon float-sm-start\"><i class=\"flaticon-adventure\"><\/i><\/div><div class=\"feature-content mt-10\"><h5 class=\"features_title title-color fw-medium mb-10\"><a href=\"#\">3. Comienza la aventura<\/a><\/h5><p>Llega al lugar, conoce a tu gu\u00eda local, familiar\u00edzate con el terreno y da inicio a una experiencia cineg\u00e9tica inolvidable.<\/p><\/div><\/div><\/div><div class=\"col-lg-4\"><div class=\"feature-box overflow-hidden mb-30\"><div class=\"feature-icon float-sm-start\"><i class=\"flaticon-handshake\"><\/i><\/div><div class=\"feature-content mt-10\"><h5 class=\"features_title title-color fw-medium mb-10\"><a href=\"#\">4. Regresa con el trofeo<\/a><\/h5><p>Disfruta de una expedici\u00f3n perfectamente organizada y vuelve a casa con un trofeo que recordar\u00e1 esta aventura durante muchos a\u00f1os.<\/p><\/div><\/div><\/div><\/div><!--\/.row and vs-acrousel active--><\/div><!--\/.container--><\/div>\t\t\t\t<\/div>\n\t\t\t\t<\/div>\n\t\t\t\t\t<\/div>\n\t\t<\/div>\n\t\t\t\t\t<\/div>\n\t\t<\/section>\n\t\t\t\t<section class=\"elementor-section elementor-top-section elementor-element elementor-element-30f8ee2 elementor-section-full_width elementor-section-stretched elementor-section-height-default elementor-section-height-default\" data-id=\"30f8ee2\" data-element_type=\"section\" data-settings=\"{&quot;stretch_section&quot;:&quot;section-stretched&quot;}\">\n\t\t\t\t\t\t<div class=\"elementor-container elementor-column-gap-no\">\n\t\t\t\t\t<div class=\"elementor-column elementor-col-100 elementor-top-column elementor-element elementor-element-fc7aae2\" data-id=\"fc7aae2\" data-element_type=\"column\">\n\t\t\t<div class=\"elementor-widget-wrap elementor-element-populated\">\n\t\t\t\t\t\t<section class=\"elementor-section elementor-inner-section elementor-element elementor-element-8a2ba28 elementor-section-full_width elementor-section-height-default elementor-section-height-default\" data-id=\"8a2ba28\" data-element_type=\"section\">\n\t\t\t\t\t\t<div class=\"elementor-container elementor-column-gap-no\">\n\t\t\t\t\t<div class=\"elementor-column elementor-col-100 elementor-inner-column elementor-element elementor-element-4a923c7\" data-id=\"4a923c7\" data-element_type=\"column\">\n\t\t\t<div class=\"elementor-widget-wrap elementor-element-populated\">\n\t\t\t\t\t\t<div class=\"elementor-element elementor-element-9a24d8b elementor-widget elementor-widget-naturosectiontitle\" data-id=\"9a24d8b\" data-element_type=\"widget\" data-widget_type=\"naturosectiontitle.default\">\n\t\t\t\t<div class=\"elementor-widget-container\">\n\t\t\t\t\t<div class=\"section-title\" ><h4 class=\"sec-title1 subtitle-selector\">\u00bfQu\u00e9 ofrecemos?<\/h4><div class=\"sec_line\"><img decoding=\"async\" src=\"https:\/\/wordpress.vecurosoft.com\/huntar\/wp-content\/uploads\/2021\/11\/about-line-1.png\" alt=\"about line 1\"  class=\"mb-4\" \/><\/div><h2 class=\"sec-title2 text-title2 mt-1 title-selector\">Caza con clase y experiencia<\/h2><\/div>\t\t\t\t<\/div>\n\t\t\t\t<\/div>\n\t\t\t\t\t<\/div>\n\t\t<\/div>\n\t\t\t\t\t<\/div>\n\t\t<\/section>\n\t\t\t\t<section class=\"elementor-section elementor-inner-section elementor-element elementor-element-c0f8162 elementor-section-full_width elementor-section-height-default elementor-section-height-default\" data-id=\"c0f8162\" data-element_type=\"section\">\n\t\t\t\t\t\t<div class=\"elementor-container elementor-column-gap-no\">\n\t\t\t\t\t<div class=\"elementor-column elementor-col-100 elementor-inner-column elementor-element elementor-element-ef1f2f6\" data-id=\"ef1f2f6\" data-element_type=\"column\" data-settings=\"{&quot;animation&quot;:&quot;none&quot;}\">\n\t\t\t<div class=\"elementor-widget-wrap elementor-element-populated\">\n\t\t\t\t\t\t<div class=\"elementor-element elementor-element-e97e3d8 elementor-widget elementor-widget-naturoserviceslider\" data-id=\"e97e3d8\" data-element_type=\"widget\" data-widget_type=\"naturoserviceslider.default\">\n\t\t\t\t<div class=\"elementor-widget-container\">\n\t\t\t\t\t<!-----------------------Start Service Slider Area-----------------------><div class=\"vs-services\"><div class=\"container\"><div class=\"position-relative\"><div class=\"services-arrow-box\"><button data-slick-prev=\"#sbox1\" class=\"icon-btn style2 services-arrow d-none d-xl-inline-block\"><i class=\"fal fa-arrow-left\"><\/i><\/button><button data-slick-next=\"#sbox1\" class=\"icon-btn style2 services-arrow d-none d-xl-inline-block\"><i class=\"fal fa-arrow-right\"><\/i><\/button><\/div><div class=\"row align-items-center vs-service-slider1\" id=\"sbox1\"><div class=\"col-lg-4 col-md-6\"><div class=\"vs-services-box mb-30\"><div class=\"vs-services-thumb text-center\"><img decoding=\"async\" src=\"https:\/\/hunt-armenti.pl\/wp-content\/uploads\/2025\/06\/Projekt-bez-nazwy-2025-06-26T203354.618.png\" alt=\"Projekt bez nazwy 2025 06 26T203354.618\"  \/><\/div><div class=\"vs-services-content\"><h4 class=\"sec-title1 title-color fw-bold mb-15\"><a href=\"https:\/\/hunt-armenti.pl\/es\/polowanie-na-sarny-kozly\/\">1. Caza de corzos \u2013 Machos<\/a><\/h4><p>Las cacer\u00edas de corzos macho son una de las modalidades m\u00e1s valoradas durante la temporada primavera-verano. Representan una excelente oportunidad para obtener trofeos valiosos y vivir momentos \u00fanicos en el terreno de caza, especialmente durante el celo, cuando la observaci\u00f3n y el rececho requieren verdadero arte venatorio.<\/p><a href=\"https:\/\/hunt-armenti.pl\/es\/polowanie-na-sarny-kozly\/\" class=\"link-btn\">Read More<i class=\"fal fa-long-arrow-right\"><\/i><\/a><\/div><\/div><\/div><div class=\"col-lg-4 col-md-6\"><div class=\"vs-services-box mb-30\"><div class=\"vs-services-thumb text-center\"><img decoding=\"async\" src=\"https:\/\/hunt-armenti.pl\/wp-content\/uploads\/2025\/07\/Projekt-bez-nazwy-2025-07-02T192034.616.png\" alt=\"Projekt bez nazwy 2025 07 02T192034.616\"  \/><\/div><div class=\"vs-services-content\"><h4 class=\"sec-title1 title-color fw-bold mb-15\"><a href=\"https:\/\/hunt-armenti.pl\/es\/polowanie-na-jelenie-byki\/\">2. Caza de ciervos \u2013 Venados<\/a><\/h4><p>La caza de venados de ciervo rojo es una de las formas m\u00e1s prestigiosas de caza mayor. El momento culminante de la temporada es la berrea, que ofrece emociones inolvidables y la posibilidad de hacerse con un gran trofeo. Ofrecemos acceso a terrenos cuidadosamente gestionados con poblaciones estables y bien estructuradas de ciervos.<\/p><a href=\"https:\/\/hunt-armenti.pl\/es\/polowanie-na-jelenie-byki\/\" class=\"link-btn\">Read More<i class=\"fal fa-long-arrow-right\"><\/i><\/a><\/div><\/div><\/div><div class=\"col-lg-4 col-md-6\"><div class=\"vs-services-box mb-30\"><div class=\"vs-services-thumb text-center\"><img decoding=\"async\" src=\"https:\/\/hunt-armenti.pl\/wp-content\/uploads\/2025\/07\/Projekt-bez-nazwy-2025-07-02T192113.534.png\" alt=\"Projekt bez nazwy 2025 07 02T192113.534\"  \/><\/div><div class=\"vs-services-content\"><h4 class=\"sec-title1 title-color fw-bold mb-15\"><a href=\"https:\/\/hunt-armenti.pl\/es\/polowanie-na-dziki\/\">3. Caza de jabal\u00edes<\/a><\/h4><p>Las cacer\u00edas de jabal\u00edes se realizan durante todo el a\u00f1o y gozan de gran popularidad entre los cazadores. Proponemos tanto recechos y esperas individuales como batidas nocturnas intensas, con el uso de visores t\u00e9rmicos o de visi\u00f3n nocturna (seg\u00fan la normativa vigente).<\/p><a href=\"https:\/\/hunt-armenti.pl\/es\/polowanie-na-dziki\/\" class=\"link-btn\">Read More<i class=\"fal fa-long-arrow-right\"><\/i><\/a><\/div><\/div><\/div><div class=\"col-lg-4 col-md-6\"><div class=\"vs-services-box mb-30\"><div class=\"vs-services-thumb text-center\"><img decoding=\"async\" src=\"https:\/\/hunt-armenti.pl\/wp-content\/uploads\/2025\/07\/Projekt-bez-nazwy-2025-07-02T192146.580.png\" alt=\"Projekt bez nazwy 2025 07 02T192146.580\"  \/><\/div><div class=\"vs-services-content\"><h4 class=\"sec-title1 title-color fw-bold mb-15\"><a href=\"https:\/\/hunt-armenti.pl\/es\/polowania-zbiorowe\/\">4. Caza en batida<\/a><\/h4><p>Organizamos batidas profesionales, principalmente sobre caza mayor (ciervos, jabal\u00edes). Esta modalidad din\u00e1mica exige trabajo en equipo y experiencia, siendo una gran ocasi\u00f3n para compartir la afici\u00f3n y obtener varios ejemplares en un corto periodo. Garantizamos una organizaci\u00f3n eficiente, seguridad total y el acompa\u00f1amiento de un equipo experimentado.<\/p><a href=\"https:\/\/hunt-armenti.pl\/es\/polowania-zbiorowe\/\" class=\"link-btn\">Read More<i class=\"fal fa-long-arrow-right\"><\/i><\/a><\/div><\/div><\/div><div class=\"col-lg-4 col-md-6\"><div class=\"vs-services-box mb-30\"><div class=\"vs-services-thumb text-center\"><img decoding=\"async\" src=\"https:\/\/hunt-armenti.pl\/wp-content\/uploads\/2025\/07\/Projekt-bez-nazwy-2025-07-02T192305.537.png\" alt=\"Projekt bez nazwy 2025 07 02T192305.537\"  \/><\/div><div class=\"vs-services-content\"><h4 class=\"sec-title1 title-color fw-bold mb-15\"><a href=\"https:\/\/hunt-armenti.pl\/es\/polowania-na-zwierzyne-nietrofealna\/\">5. Caza de animales no trofeables<\/a><\/h4><p>La caza de hembras de ciervo, corza o cr\u00edas es fundamental en la gesti\u00f3n selectiva de las poblaciones de fauna silvestre. Es una excelente opci\u00f3n para cazadores interesados en emociones aut\u00e9nticas y pr\u00e1cticas sostenibles de caza. Esta modalidad combina precios atractivos con una experiencia cineg\u00e9tica intensa.<\/p><a href=\"https:\/\/hunt-armenti.pl\/es\/polowania-na-zwierzyne-nietrofealna\/\" class=\"link-btn\">Read More<i class=\"fal fa-long-arrow-right\"><\/i><\/a><\/div><\/div><\/div><\/div><\/div><\/div><\/div>\t\t\t\t<\/div>\n\t\t\t\t<\/div>\n\t\t\t\t\t<\/div>\n\t\t<\/div>\n\t\t\t\t\t<\/div>\n\t\t<\/section>\n\t\t\t\t\t<\/div>\n\t\t<\/div>\n\t\t\t\t\t<\/div>\n\t\t<\/section>\n\t\t\t\t<\/div>\n\t\t","protected":false},"excerpt":{"rendered":"<p>Proceso de colaboraci\u00f3n \u00bfC\u00f3mo es una cacer\u00eda con nosotros? 1. Elige tu destino Selecciona la regi\u00f3n y el tipo de cacer\u00eda que deseas realizar. \u00bfTe interesa un rececho de ciervos trofeo? \u00bfPrefieres corzos imponentes? \u00bfO quiz\u00e1 una monter\u00eda colectiva? T\u00fa decidas \u2014nosotros nos encargamos de todo lo dem\u00e1s. 2. Reserva tu fecha Ponte en contacto&#8230;<\/p>\n","protected":false},"author":1,"featured_media":0,"parent":0,"menu_order":0,"comment_status":"closed","ping_status":"closed","template":"","meta":{"footnotes":""},"class_list":["post-9917","page","type-page","status-publish","hentry"],"jetpack_sharing_enabled":true,"_links":{"self":[{"href":"https:\/\/hunt-armenti.pl\/es\/wp-json\/wp\/v2\/pages\/9917","targetHints":{"allow":["GET"]}}],"collection":[{"href":"https:\/\/hunt-armenti.pl\/es\/wp-json\/wp\/v2\/pages"}],"about":[{"href":"https:\/\/hunt-armenti.pl\/es\/wp-json\/wp\/v2\/types\/page"}],"author":[{"embeddable":true,"href":"https:\/\/hunt-armenti.pl\/es\/wp-json\/wp\/v2\/users\/1"}],"replies":[{"embeddable":true,"href":"https:\/\/hunt-armenti.pl\/es\/wp-json\/wp\/v2\/comments?post=9917"}],"version-history":[{"count":6,"href":"https:\/\/hunt-armenti.pl\/es\/wp-json\/wp\/v2\/pages\/9917\/revisions"}],"predecessor-version":[{"id":10609,"href":"https:\/\/hunt-armenti.pl\/es\/wp-json\/wp\/v2\/pages\/9917\/revisions\/10609"}],"wp:attachment":[{"href":"https:\/\/hunt-armenti.pl\/es\/wp-json\/wp\/v2\/media?parent=9917"}],"curies":[{"name":"wp","href":"https:\/\/api.w.org\/{rel}","templated":true}]}}