{"id":9916,"date":"2021-12-13T09:23:05","date_gmt":"2021-12-13T08:23:05","guid":{"rendered":"https:\/\/hunt-armenti.pl\/o-nas\/"},"modified":"2025-07-04T19:53:32","modified_gmt":"2025-07-04T17:53:32","slug":"o-nas","status":"publish","type":"page","link":"https:\/\/hunt-armenti.pl\/es\/o-nas\/","title":{"rendered":"O nas"},"content":{"rendered":"\t\t<div data-elementor-type=\"wp-page\" data-elementor-id=\"9916\" class=\"elementor elementor-9916\" data-elementor-post-type=\"page\">\n\t\t\t\t\t\t<section class=\"elementor-section elementor-top-section elementor-element elementor-element-765c4ff elementor-section-full_width elementor-section-stretched elementor-section-height-default elementor-section-height-default\" data-id=\"765c4ff\" data-element_type=\"section\" data-settings=\"{&quot;stretch_section&quot;:&quot;section-stretched&quot;}\">\n\t\t\t\t\t\t<div class=\"elementor-container elementor-column-gap-no\">\n\t\t\t\t\t<div class=\"elementor-column elementor-col-100 elementor-top-column elementor-element elementor-element-b8ea213\" data-id=\"b8ea213\" data-element_type=\"column\">\n\t\t\t<div class=\"elementor-widget-wrap elementor-element-populated\">\n\t\t\t\t\t\t<section class=\"elementor-section elementor-inner-section elementor-element elementor-element-e5ad745 elementor-section-boxed elementor-section-height-default elementor-section-height-default\" data-id=\"e5ad745\" data-element_type=\"section\">\n\t\t\t\t\t\t<div class=\"elementor-container elementor-column-gap-no\">\n\t\t\t\t\t<div class=\"elementor-column elementor-col-50 elementor-inner-column elementor-element elementor-element-8d2671a\" data-id=\"8d2671a\" data-element_type=\"column\">\n\t\t\t<div class=\"elementor-widget-wrap elementor-element-populated\">\n\t\t\t\t\t\t<div class=\"elementor-element elementor-element-6357ac1 elementor-widget elementor-widget-image\" data-id=\"6357ac1\" data-element_type=\"widget\" data-widget_type=\"image.default\">\n\t\t\t\t<div class=\"elementor-widget-container\">\n\t\t\t\t\t\t\t\t\t\t\t\t\t\t\t<img fetchpriority=\"high\" decoding=\"async\" width=\"631\" height=\"647\" src=\"https:\/\/hunt-armenti.pl\/wp-content\/uploads\/2023\/09\/about-img-1.png\" class=\"attachment-full size-full wp-image-3727\" alt=\"about-img-1\" srcset=\"https:\/\/hunt-armenti.pl\/wp-content\/uploads\/2023\/09\/about-img-1.png 631w, https:\/\/hunt-armenti.pl\/wp-content\/uploads\/2023\/09\/about-img-1-293x300.png 293w\" sizes=\"(max-width: 631px) 100vw, 631px\" \/>\t\t\t\t\t\t\t\t\t\t\t\t\t\t\t<\/div>\n\t\t\t\t<\/div>\n\t\t\t\t\t<\/div>\n\t\t<\/div>\n\t\t\t\t<div class=\"elementor-column elementor-col-50 elementor-inner-column elementor-element elementor-element-6020ed1\" data-id=\"6020ed1\" data-element_type=\"column\">\n\t\t\t<div class=\"elementor-widget-wrap elementor-element-populated\">\n\t\t\t\t\t\t<div class=\"elementor-element elementor-element-96bd2d2 style-2 elementor-widget elementor-widget-naturosectiontitle\" data-id=\"96bd2d2\" data-element_type=\"widget\" data-widget_type=\"naturosectiontitle.default\">\n\t\t\t\t<div class=\"elementor-widget-container\">\n\t\t\t\t\t<div class=\"section-title\" ><h4 class=\"sec-title1 subtitle-selector\">\u00bfQui\u00e9nes somos? \u2013 Sobre nosotros<\/h4><div class=\"sec_line\"><img decoding=\"async\" src=\"https:\/\/wordpress.vecurosoft.com\/huntar\/wp-content\/uploads\/2021\/11\/about-line-1.png\" alt=\"about line 1\"  class=\"mb-4\" \/><\/div><h2 class=\"sec-title2 text-title2 mt-1 title-selector\">Con nosotros descubrir\u00e1s el verdadero rostro de la caza.<\/h2><p class=\"desc\">Somos una Oficina de Caza Polaca \u2013 nos especializamos en la organizaci\u00f3n de expediciones cineg\u00e9ticas legales, \u00e9ticas y completamente seguras en territorio polaco. Nuestra misi\u00f3n es combinar la pasi\u00f3n por la naturaleza con un servicio profesional al m\u00e1s alto nivel. Atendemos a cazadores de todo el mundo, ofreciendo un acompa\u00f1amiento integral y emociones inolvidables en el coraz\u00f3n de la naturaleza salvaje.<\/p><\/div>\t\t\t\t<\/div>\n\t\t\t\t<\/div>\n\t\t\t\t<div class=\"elementor-element elementor-element-06efa3e elementor-widget elementor-widget-text-editor\" data-id=\"06efa3e\" data-element_type=\"widget\" data-widget_type=\"text-editor.default\">\n\t\t\t\t<div class=\"elementor-widget-container\">\n\t\t\t\t\t\t\t\t\t<div class=\"list-style1 layout2\"><ul><li>Gu\u00edas experimentados, terrenos seleccionados, plena legalidad y una organizaci\u00f3n de alto nivel.<\/li><li>La caza no es solo un deporte: es cultura, \u00e9tica y una tradici\u00f3n centenaria que cultivamos cada d\u00eda.<\/li><li>Tu seguridad es nuestra prioridad: proporcionamos el equipo adecuado, seguro y acompa\u00f1amiento profesional durante toda la jornada.<\/li><li>Amamos la naturaleza salvaje y queremos compartir esta pasi\u00f3n con quienes la sienten de la misma manera.<\/li><\/ul><\/div>\t\t\t\t\t\t\t\t<\/div>\n\t\t\t\t<\/div>\n\t\t\t\t<div class=\"elementor-element elementor-element-35453f4 elementor-widget__width-auto elementor-widget elementor-widget-naturobutton\" data-id=\"35453f4\" data-element_type=\"widget\" data-widget_type=\"naturobutton.default\">\n\t\t\t\t<div class=\"elementor-widget-container\">\n\t\t\t\t\t<!-- Button --><div class=\"btn-wrapper\"><a class=\"vs-btn style-1\" href=\"https:\/\/hunt-armenti.pl\/es\/kontakt\/\"><span><i class=\"fal fa-paw\"><\/i><\/span> Reservar una cacer\u00eda<\/a><\/div><!-- End Button -->\t\t\t\t<\/div>\n\t\t\t\t<\/div>\n\t\t\t\t<div class=\"elementor-element elementor-element-aff15f3 elementor-widget__width-auto elementor-widget elementor-widget-html\" data-id=\"aff15f3\" data-element_type=\"widget\" data-widget_type=\"html.default\">\n\t\t\t\t<div class=\"elementor-widget-container\">\n\t\t\t\t\t<div class=\"call-media\"><div class=\"media-icon\"><i class=\"fas fa-phone-alt\"><\/i><\/div><div class=\"media-body\"><span class=\"media-label\">Ilama ahora!<\/span><p class=\"media-info\"><a href=\"tel:+48720820470\" class=\"text-inherit\">+48 720 820 470<\/a><\/p> <\/div><\/div>\t\t\t\t<\/div>\n\t\t\t\t<\/div>\n\t\t\t\t\t<\/div>\n\t\t<\/div>\n\t\t\t\t\t<\/div>\n\t\t<\/section>\n\t\t\t\t\t<\/div>\n\t\t<\/div>\n\t\t\t\t\t<\/div>\n\t\t<\/section>\n\t\t\t\t<section class=\"elementor-section elementor-top-section elementor-element elementor-element-5c8ba50 elementor-section-full_width elementor-section-stretched elementor-section-height-default elementor-section-height-default\" data-id=\"5c8ba50\" data-element_type=\"section\" data-settings=\"{&quot;stretch_section&quot;:&quot;section-stretched&quot;}\">\n\t\t\t\t\t\t<div class=\"elementor-container elementor-column-gap-no\">\n\t\t\t\t\t<div class=\"elementor-column elementor-col-100 elementor-top-column elementor-element elementor-element-7e211ea\" data-id=\"7e211ea\" data-element_type=\"column\">\n\t\t\t<div class=\"elementor-widget-wrap elementor-element-populated\">\n\t\t\t\t\t\t<section class=\"elementor-section elementor-inner-section elementor-element elementor-element-8109cb4 elementor-section-boxed elementor-section-height-default elementor-section-height-default\" data-id=\"8109cb4\" data-element_type=\"section\">\n\t\t\t\t\t\t<div class=\"elementor-container elementor-column-gap-no\">\n\t\t\t\t\t<div class=\"elementor-column elementor-col-100 elementor-inner-column elementor-element elementor-element-65c22f3\" data-id=\"65c22f3\" data-element_type=\"column\">\n\t\t\t<div class=\"elementor-widget-wrap elementor-element-populated\">\n\t\t\t\t\t\t<div class=\"elementor-element elementor-element-b45f74a elementor-widget elementor-widget-naturosectiontitle\" data-id=\"b45f74a\" data-element_type=\"widget\" data-widget_type=\"naturosectiontitle.default\">\n\t\t\t\t<div class=\"elementor-widget-container\">\n\t\t\t\t\t<div class=\"section-title\" ><h4 class=\"sec-title1 subtitle-selector\">Due\u00f1o<\/h4><div class=\"sec_line\"><img decoding=\"async\" src=\"https:\/\/wordpress.vecurosoft.com\/huntar\/wp-content\/uploads\/2021\/11\/about-line-1.png\" alt=\"about line 1\"  class=\"mb-4\" \/><\/div><h2 class=\"sec-title2 text-title2 mt-1 title-selector\">Due\u00f1o de la oficina<\/h2><\/div>\t\t\t\t<\/div>\n\t\t\t\t<\/div>\n\t\t\t\t\t<\/div>\n\t\t<\/div>\n\t\t\t\t\t<\/div>\n\t\t<\/section>\n\t\t\t\t\t<\/div>\n\t\t<\/div>\n\t\t\t\t\t<\/div>\n\t\t<\/section>\n\t\t\t\t<section class=\"elementor-section elementor-top-section elementor-element elementor-element-2f2be7f elementor-section-stretched elementor-section-boxed elementor-section-height-default elementor-section-height-default\" data-id=\"2f2be7f\" data-element_type=\"section\" data-settings=\"{&quot;stretch_section&quot;:&quot;section-stretched&quot;}\">\n\t\t\t\t\t\t<div class=\"elementor-container elementor-column-gap-default\">\n\t\t\t\t\t<div class=\"elementor-column elementor-col-100 elementor-top-column elementor-element elementor-element-3ce1ef4\" data-id=\"3ce1ef4\" data-element_type=\"column\">\n\t\t\t<div class=\"elementor-widget-wrap elementor-element-populated\">\n\t\t\t\t\t\t<section class=\"elementor-section elementor-inner-section elementor-element elementor-element-6651c47 elementor-section-full_width elementor-section-height-default elementor-section-height-default\" data-id=\"6651c47\" data-element_type=\"section\">\n\t\t\t\t\t\t<div class=\"elementor-container elementor-column-gap-no\">\n\t\t\t\t\t<div class=\"elementor-column elementor-col-100 elementor-inner-column elementor-element elementor-element-d833546\" data-id=\"d833546\" data-element_type=\"column\">\n\t\t\t<div class=\"elementor-widget-wrap elementor-element-populated\">\n\t\t\t\t\t\t<div class=\"elementor-element elementor-element-ecece0a elementor-widget elementor-widget-naturoteammemberinfo\" data-id=\"ecece0a\" data-element_type=\"widget\" data-widget_type=\"naturoteammemberinfo.default\">\n\t\t\t\t<div class=\"elementor-widget-container\">\n\t\t\t\t\t<!-----------------------Start Team Member Info Area-----------------------><section class=\"vs-team-wrapper team-details\"><div class=\"container\"><div class=\"row gx-0 mb-5 align-items-center\"><div class=\"col-lg-5\"><div class=\"team-img\"><img decoding=\"async\" src=\"https:\/\/hunt-armenti.pl\/wp-content\/uploads\/2025\/07\/20240705_213824-scaled-e1751460289153.jpg\" alt=\"20240705_213824 scaled e1751460289153\"  class=\"w-100\" \/><\/div><\/div><div class=\"col-lg-7\"><div class=\"team-info\"><span class=\"degi text-theme\">Tu gu\u00eda para el mundo de la caza<\/span><h2 class=\"name mb-3\">Micha\u0142 Szczepaniak<\/h2><p class=\"desc fs-md\">Desde ni\u00f1o estoy vinculado con la caza \u2013 no es solo una pasi\u00f3n, sino ante todo una tradici\u00f3n familiar que cultivamos y transmitimos de generaci\u00f3n en generaci\u00f3n. Crec\u00ed rodeado de cotos, aprendiendo el respeto por la naturaleza y los principios de una caza \u00e9tica.\n\nAl dirigir una oficina de caza, combino a\u00f1os de experiencia con un enfoque profesional en la organizaci\u00f3n de jornadas de caza. Me importa que cada cazador, sin importar su nivel de experiencia, pueda contar con comodidad, total seguridad y apoyo en cada etapa \u2013 desde la planificaci\u00f3n hasta la realizaci\u00f3n de la expedici\u00f3n.\n\nMi misi\u00f3n es crear experiencias cineg\u00e9ticas \u00fanicas, que permanezcan en la memoria por mucho tiempo, y al mismo tiempo promover una caza consciente y responsable.<\/p><div class=\"row\"><div class=\"col-md-7 col-lg-9 col-xxl-8\"><table class=\"team-info-table mt-sm-2\"><tbody><tr><td><i class=\"fal fa-folder\"><\/i><strong>Department:<\/strong><\/td><td>Profesjonalny My\u015bliwy<\/td><\/tr><tr><td><i class=\"fal fa-layer-group\"><\/i><strong>Experience:<\/strong><\/td><td>15 lat<\/td><\/tr><tr><td><i class=\"fal fa-envelope\"><\/i><strong>Email:<\/strong><\/td><td><a class=\"text-reset\" href=\"mailto:michal@huntarmenti.pl\">michal@hunt-armenti.pl<\/a><\/td><\/tr><tr><td><i class=\"fal fa-phone\"><\/i><strong>Phone:<\/strong><\/td><td><a class=\"text-reset\" href=\"tel:+48720820470\">+48 720 820 470<\/a><\/td><\/tr><\/tbody><\/table><\/div><\/div><div class=\"team-socials\"><h3 class=\"h6 title\">Member Links:<\/h3><div class=\"vs-social-group\"><a href=\"https:\/\/www.facebook.com\/share\/19GdQ9sx72\/\"><svg aria-hidden=\"true\" class=\"e-font-icon-svg e-fab-facebook-square\" viewBox=\"0 0 448 512\" xmlns=\"http:\/\/www.w3.org\/2000\/svg\"><path d=\"M400 32H48A48 48 0 0 0 0 80v352a48 48 0 0 0 48 48h137.25V327.69h-63V256h63v-54.64c0-62.15 37-96.48 93.67-96.48 27.14 0 55.52 4.84 55.52 4.84v61h-31.27c-30.81 0-40.42 19.12-40.42 38.73V256h68.78l-11 71.69h-57.78V480H400a48 48 0 0 0 48-48V80a48 48 0 0 0-48-48z\"><\/path><\/svg><\/a><a href=\"http:\/\/wa.me\/+48698333711\"><svg aria-hidden=\"true\" class=\"e-font-icon-svg e-fab-whatsapp-square\" viewBox=\"0 0 448 512\" xmlns=\"http:\/\/www.w3.org\/2000\/svg\"><path d=\"M224 122.8c-72.7 0-131.8 59.1-131.9 131.8 0 24.9 7 49.2 20.2 70.1l3.1 5-13.3 48.6 49.9-13.1 4.8 2.9c20.2 12 43.4 18.4 67.1 18.4h.1c72.6 0 133.3-59.1 133.3-131.8 0-35.2-15.2-68.3-40.1-93.2-25-25-58-38.7-93.2-38.7zm77.5 188.4c-3.3 9.3-19.1 17.7-26.7 18.8-12.6 1.9-22.4.9-47.5-9.9-39.7-17.2-65.7-57.2-67.7-59.8-2-2.6-16.2-21.5-16.2-41s10.2-29.1 13.9-33.1c3.6-4 7.9-5 10.6-5 2.6 0 5.3 0 7.6.1 2.4.1 5.7-.9 8.9 6.8 3.3 7.9 11.2 27.4 12.2 29.4s1.7 4.3.3 6.9c-7.6 15.2-15.7 14.6-11.6 21.6 15.3 26.3 30.6 35.4 53.9 47.1 4 2 6.3 1.7 8.6-1 2.3-2.6 9.9-11.6 12.5-15.5 2.6-4 5.3-3.3 8.9-2 3.6 1.3 23.1 10.9 27.1 12.9s6.6 3 7.6 4.6c.9 1.9.9 9.9-2.4 19.1zM400 32H48C21.5 32 0 53.5 0 80v352c0 26.5 21.5 48 48 48h352c26.5 0 48-21.5 48-48V80c0-26.5-21.5-48-48-48zM223.9 413.2c-26.6 0-52.7-6.7-75.8-19.3L64 416l22.5-82.2c-13.9-24-21.2-51.3-21.2-79.3C65.4 167.1 136.5 96 223.9 96c42.4 0 82.2 16.5 112.2 46.5 29.9 30 47.9 69.8 47.9 112.2 0 87.4-72.7 158.5-160.1 158.5z\"><\/path><\/svg><\/a><\/div><\/div><\/div><\/div><\/div><\/div><\/section><!-----------------------End Team Member Info Area----------------------->\t\t\t\t<\/div>\n\t\t\t\t<\/div>\n\t\t\t\t\t<\/div>\n\t\t<\/div>\n\t\t\t\t\t<\/div>\n\t\t<\/section>\n\t\t\t\t\t<\/div>\n\t\t<\/div>\n\t\t\t\t\t<\/div>\n\t\t<\/section>\n\t\t\t\t<\/div>\n\t\t","protected":false},"excerpt":{"rendered":"<p>\u00bfQui\u00e9nes somos? \u2013 Sobre nosotros Con nosotros descubrir\u00e1s el verdadero rostro de la caza. Somos una Oficina de Caza Polaca \u2013 nos especializamos en la organizaci\u00f3n de expediciones cineg\u00e9ticas legales, \u00e9ticas y completamente seguras en territorio polaco. Nuestra misi\u00f3n es combinar la pasi\u00f3n por la naturaleza con un servicio profesional al m\u00e1s alto nivel. Atendemos&#8230;<\/p>\n","protected":false},"author":1,"featured_media":0,"parent":0,"menu_order":0,"comment_status":"closed","ping_status":"closed","template":"template-builder.php","meta":{"footnotes":""},"class_list":["post-9916","page","type-page","status-publish","hentry"],"jetpack_sharing_enabled":true,"_links":{"self":[{"href":"https:\/\/hunt-armenti.pl\/es\/wp-json\/wp\/v2\/pages\/9916","targetHints":{"allow":["GET"]}}],"collection":[{"href":"https:\/\/hunt-armenti.pl\/es\/wp-json\/wp\/v2\/pages"}],"about":[{"href":"https:\/\/hunt-armenti.pl\/es\/wp-json\/wp\/v2\/types\/page"}],"author":[{"embeddable":true,"href":"https:\/\/hunt-armenti.pl\/es\/wp-json\/wp\/v2\/users\/1"}],"replies":[{"embeddable":true,"href":"https:\/\/hunt-armenti.pl\/es\/wp-json\/wp\/v2\/comments?post=9916"}],"version-history":[{"count":9,"href":"https:\/\/hunt-armenti.pl\/es\/wp-json\/wp\/v2\/pages\/9916\/revisions"}],"predecessor-version":[{"id":10757,"href":"https:\/\/hunt-armenti.pl\/es\/wp-json\/wp\/v2\/pages\/9916\/revisions\/10757"}],"wp:attachment":[{"href":"https:\/\/hunt-armenti.pl\/es\/wp-json\/wp\/v2\/media?parent=9916"}],"curies":[{"name":"wp","href":"https:\/\/api.w.org\/{rel}","templated":true}]}}