{"id":9044,"date":"2025-07-02T14:55:48","date_gmt":"2025-07-02T12:55:48","guid":{"rendered":"https:\/\/hunt-armenti.pl\/wspolpraca-z-kolami\/"},"modified":"2025-07-04T17:02:49","modified_gmt":"2025-07-04T15:02:49","slug":"wspolpraca-z-kolami","status":"publish","type":"page","link":"https:\/\/hunt-armenti.pl\/en\/wspolpraca-z-kolami\/","title":{"rendered":"Wsp\u00f3\u0142praca z ko\u0142ami"},"content":{"rendered":"\t\t<div data-elementor-type=\"wp-page\" data-elementor-id=\"9044\" class=\"elementor elementor-9044\" data-elementor-post-type=\"page\">\n\t\t\t\t\t\t<section class=\"elementor-section elementor-top-section elementor-element elementor-element-c9e0e87 elementor-section-full_width elementor-section-stretched elementor-section-height-default elementor-section-height-default\" data-id=\"c9e0e87\" data-element_type=\"section\" data-settings=\"{&quot;stretch_section&quot;:&quot;section-stretched&quot;}\">\n\t\t\t\t\t\t<div class=\"elementor-container elementor-column-gap-no\">\n\t\t\t\t\t<div class=\"elementor-column elementor-col-100 elementor-top-column elementor-element elementor-element-2ab0d4d\" data-id=\"2ab0d4d\" data-element_type=\"column\">\n\t\t\t<div class=\"elementor-widget-wrap elementor-element-populated\">\n\t\t\t\t\t\t<section class=\"elementor-section elementor-inner-section elementor-element elementor-element-dbffc27 elementor-section-content-middle elementor-section-boxed elementor-section-height-default elementor-section-height-default\" data-id=\"dbffc27\" data-element_type=\"section\">\n\t\t\t\t\t\t<div class=\"elementor-container elementor-column-gap-no\">\n\t\t\t\t\t<div class=\"elementor-column elementor-col-50 elementor-inner-column elementor-element elementor-element-d8092b9\" data-id=\"d8092b9\" data-element_type=\"column\">\n\t\t\t<div class=\"elementor-widget-wrap elementor-element-populated\">\n\t\t\t\t\t\t<div class=\"elementor-element elementor-element-06ca3b4 style-2 elementor-widget elementor-widget-naturosectiontitle\" data-id=\"06ca3b4\" data-element_type=\"widget\" data-widget_type=\"naturosectiontitle.default\">\n\t\t\t\t<div class=\"elementor-widget-container\">\n\t\t\t\t\t<div class=\"section-title\" ><h4 class=\"sec-title1 subtitle-selector\">Partnership Opportunities<\/h4><div class=\"sec_line\"><img decoding=\"async\" src=\"https:\/\/wordpress.vecurosoft.com\/huntar\/wp-content\/uploads\/2021\/11\/about-line-1.png\" alt=\"about line 1\"  class=\"mb-4\" \/><\/div><h2 class=\"sec-title2 text-title2 mt-1 title-selector\">Let\u2019s organize top-tier hunts together<\/h2><p class=\"desc\">We warmly invite interested hunting clubs and landowners to contact our agency to discuss collaboration possibilities. We offer professional organization of hunts with responsible hunters who prioritize safety and strictly follow ethical hunting principles.\n\nTogether, we can carry out hunts at the highest level, ensuring comfort, full safety, and mutual respect for nature for all participants.\nWe\u2019re open to long-term partnerships based on trust, shared values, and sustainable game management.<\/p><\/div>\t\t\t\t<\/div>\n\t\t\t\t<\/div>\n\t\t\t\t<div class=\"elementor-element elementor-element-7f78310 elementor-widget__width-auto elementor-widget elementor-widget-naturobutton\" data-id=\"7f78310\" data-element_type=\"widget\" data-widget_type=\"naturobutton.default\">\n\t\t\t\t<div class=\"elementor-widget-container\">\n\t\t\t\t\t<!-- Button --><div class=\"btn-wrapper\"><a class=\"vs-btn style-1\" href=\"https:\/\/hunt-armenti.pl\/en\/kontakt\/\"><span><i class=\"fal fa-paw\"><\/i><\/span> Start a Partnership<\/a><\/div><!-- End Button -->\t\t\t\t<\/div>\n\t\t\t\t<\/div>\n\t\t\t\t<div class=\"elementor-element elementor-element-0123c70 elementor-widget__width-auto elementor-widget elementor-widget-html\" data-id=\"0123c70\" data-element_type=\"widget\" data-widget_type=\"html.default\">\n\t\t\t\t<div class=\"elementor-widget-container\">\n\t\t\t\t\t<div class=\"call-media\"><div class=\"media-icon\"><i class=\"fas fa-phone-alt\"><\/i><\/div><div class=\"media-body\"><span class=\"media-label\">CALL NOW!<\/span><p class=\"media-info\"><a href=\"tel:+48720820470\" class=\"text-inherit\">+48 720 820 470<\/a><\/p> <\/div><\/div>\t\t\t\t<\/div>\n\t\t\t\t<\/div>\n\t\t\t\t\t<\/div>\n\t\t<\/div>\n\t\t\t\t<div class=\"elementor-column elementor-col-50 elementor-inner-column elementor-element elementor-element-dd6fa25\" data-id=\"dd6fa25\" data-element_type=\"column\">\n\t\t\t<div class=\"elementor-widget-wrap elementor-element-populated\">\n\t\t\t\t\t\t<div class=\"elementor-element elementor-element-769e650 elementor-widget elementor-widget-image\" data-id=\"769e650\" data-element_type=\"widget\" data-widget_type=\"image.default\">\n\t\t\t\t<div class=\"elementor-widget-container\">\n\t\t\t\t\t\t\t\t\t\t\t\t\t\t\t<img decoding=\"async\" src=\"https:\/\/hunt-armenti.pl\/wp-content\/uploads\/elementor\/thumbs\/pexels-tima-miroshnichenko-6204608-scaled-r86cyoxw7i4xr68kzfmhmcxpxq5z6zr94ky98rebn4.jpg\" title=\"pexels-tima-miroshnichenko-6204608\" alt=\"pexels-tima-miroshnichenko-6204608\" loading=\"lazy\" \/>\t\t\t\t\t\t\t\t\t\t\t\t\t\t\t<\/div>\n\t\t\t\t<\/div>\n\t\t\t\t\t<\/div>\n\t\t<\/div>\n\t\t\t\t\t<\/div>\n\t\t<\/section>\n\t\t\t\t\t<\/div>\n\t\t<\/div>\n\t\t\t\t\t<\/div>\n\t\t<\/section>\n\t\t\t\t<\/div>\n\t\t","protected":false},"excerpt":{"rendered":"<p>Partnership Opportunities Let\u2019s organize top-tier hunts together We warmly invite interested hunting clubs and landowners to contact our agency to discuss collaboration possibilities. We offer professional organization of hunts with responsible hunters who prioritize safety and strictly follow ethical hunting principles. Together, we can carry out hunts at the highest level, ensuring comfort, full safety,&#8230;<\/p>\n","protected":false},"author":1,"featured_media":0,"parent":0,"menu_order":0,"comment_status":"closed","ping_status":"closed","template":"","meta":{"footnotes":""},"class_list":["post-9044","page","type-page","status-publish","hentry"],"jetpack_sharing_enabled":true,"_links":{"self":[{"href":"https:\/\/hunt-armenti.pl\/en\/wp-json\/wp\/v2\/pages\/9044","targetHints":{"allow":["GET"]}}],"collection":[{"href":"https:\/\/hunt-armenti.pl\/en\/wp-json\/wp\/v2\/pages"}],"about":[{"href":"https:\/\/hunt-armenti.pl\/en\/wp-json\/wp\/v2\/types\/page"}],"author":[{"embeddable":true,"href":"https:\/\/hunt-armenti.pl\/en\/wp-json\/wp\/v2\/users\/1"}],"replies":[{"embeddable":true,"href":"https:\/\/hunt-armenti.pl\/en\/wp-json\/wp\/v2\/comments?post=9044"}],"version-history":[{"count":6,"href":"https:\/\/hunt-armenti.pl\/en\/wp-json\/wp\/v2\/pages\/9044\/revisions"}],"predecessor-version":[{"id":10542,"href":"https:\/\/hunt-armenti.pl\/en\/wp-json\/wp\/v2\/pages\/9044\/revisions\/10542"}],"wp:attachment":[{"href":"https:\/\/hunt-armenti.pl\/en\/wp-json\/wp\/v2\/media?parent=9044"}],"curies":[{"name":"wp","href":"https:\/\/api.w.org\/{rel}","templated":true}]}}