{"id":9248,"date":"2021-11-23T08:28:23","date_gmt":"2021-11-23T07:28:23","guid":{"rendered":"https:\/\/hunt-armenti.pl\/polowanie-na-sarny-kozly\/"},"modified":"2025-07-04T17:07:19","modified_gmt":"2025-07-04T15:07:19","slug":"polowanie-na-sarny-kozly","status":"publish","type":"page","link":"https:\/\/hunt-armenti.pl\/de\/polowanie-na-sarny-kozly\/","title":{"rendered":"Polowanie na Sarny \u2013 Koz\u0142y"},"content":{"rendered":"\t\t<div data-elementor-type=\"wp-page\" data-elementor-id=\"9248\" class=\"elementor elementor-9248\" data-elementor-post-type=\"page\">\n\t\t\t\t\t\t<section class=\"elementor-section elementor-top-section elementor-element elementor-element-5bed227 elementor-section-full_width elementor-section-height-default elementor-section-height-default\" data-id=\"5bed227\" data-element_type=\"section\">\n\t\t\t\t\t\t<div class=\"elementor-container elementor-column-gap-no\">\n\t\t\t\t\t<div class=\"elementor-column elementor-col-100 elementor-top-column elementor-element elementor-element-0ae4ee7\" data-id=\"0ae4ee7\" data-element_type=\"column\">\n\t\t\t<div class=\"elementor-widget-wrap elementor-element-populated\">\n\t\t\t\t\t\t<section class=\"elementor-section elementor-inner-section elementor-element elementor-element-72d2379 elementor-section-boxed elementor-section-height-default elementor-section-height-default\" data-id=\"72d2379\" data-element_type=\"section\">\n\t\t\t\t\t\t<div class=\"elementor-container elementor-column-gap-no\">\n\t\t\t\t\t<div class=\"elementor-column elementor-col-100 elementor-inner-column elementor-element elementor-element-28a4398\" data-id=\"28a4398\" data-element_type=\"column\">\n\t\t\t<div class=\"elementor-widget-wrap elementor-element-populated\">\n\t\t\t\t\t\t<div class=\"elementor-element elementor-element-69db11f elementor-widget elementor-widget-naturomegahover\" data-id=\"69db11f\" data-element_type=\"widget\" data-widget_type=\"naturomegahover.default\">\n\t\t\t\t<div class=\"elementor-widget-container\">\n\t\t\t\t\t<div class=\"mega-img-box\"><div class=\"img-1\"><div class=\"mega-hover\"><img decoding=\"async\" src=\"https:\/\/hunt-armenti.pl\/wp-content\/uploads\/2025\/07\/roe-deer-8840146_1280-1.jpg\" alt=\"roe deer 8840146_1280 1\"  class=\"w-100\" \/><\/div><\/div><\/div>\t\t\t\t<\/div>\n\t\t\t\t<\/div>\n\t\t\t\t\t<\/div>\n\t\t<\/div>\n\t\t\t\t\t<\/div>\n\t\t<\/section>\n\t\t\t\t\t<\/div>\n\t\t<\/div>\n\t\t\t\t\t<\/div>\n\t\t<\/section>\n\t\t\t\t<section class=\"elementor-section elementor-top-section elementor-element elementor-element-78be942 elementor-section-full_width elementor-section-height-default elementor-section-height-default\" data-id=\"78be942\" data-element_type=\"section\">\n\t\t\t\t\t\t<div class=\"elementor-container elementor-column-gap-default\">\n\t\t\t\t\t<div class=\"elementor-column elementor-col-100 elementor-top-column elementor-element elementor-element-b19da3f\" data-id=\"b19da3f\" data-element_type=\"column\">\n\t\t\t<div class=\"elementor-widget-wrap elementor-element-populated\">\n\t\t\t\t\t\t<section class=\"elementor-section elementor-inner-section elementor-element elementor-element-af42c91 elementor-section-boxed elementor-section-height-default elementor-section-height-default\" data-id=\"af42c91\" data-element_type=\"section\">\n\t\t\t\t\t\t<div class=\"elementor-container elementor-column-gap-no\">\n\t\t\t\t\t<div class=\"elementor-column elementor-col-100 elementor-inner-column elementor-element elementor-element-b23600a\" data-id=\"b23600a\" data-element_type=\"column\">\n\t\t\t<div class=\"elementor-widget-wrap elementor-element-populated\">\n\t\t\t\t\t\t<div class=\"elementor-element elementor-element-0d84262 elementor-widget elementor-widget-heading\" data-id=\"0d84262\" data-element_type=\"widget\" data-widget_type=\"heading.default\">\n\t\t\t\t<div class=\"elementor-widget-container\">\n\t\t\t\t\t<h2 class=\"elementor-heading-title elementor-size-default\">Bockjagd \u2013 Pr\u00e4zision, Herausforderung und Jagdfreude<\/h2>\t\t\t\t<\/div>\n\t\t\t\t<\/div>\n\t\t\t\t<div class=\"elementor-element elementor-element-1a26fd4 elementor-widget elementor-widget-text-editor\" data-id=\"1a26fd4\" data-element_type=\"widget\" data-widget_type=\"text-editor.default\">\n\t\t\t\t<div class=\"elementor-widget-container\">\n\t\t\t\t\t\t\t\t\t<p class=\"mb-55\">Die Jagd auf Rehb\u00f6cke ist ein echter Klassiker \u2013 sie vereint Eleganz, Pr\u00e4zision und dynamische Jagdbedingungen. Eine perfekte Wahl f\u00fcr J\u00e4ger, die die aktive Pirsch, das Wildverhalten und die selektive Abschusspraxis zu sch\u00e4tzen wissen \u2013 mit dem Ziel, ein beeindruckendes Geh\u00f6rn als Troph\u00e4e zu erbeuten.<\/p>\t\t\t\t\t\t\t\t<\/div>\n\t\t\t\t<\/div>\n\t\t\t\t<div class=\"elementor-element elementor-element-b566854 elementor-widget elementor-widget-heading\" data-id=\"b566854\" data-element_type=\"widget\" data-widget_type=\"heading.default\">\n\t\t\t\t<div class=\"elementor-widget-container\">\n\t\t\t\t\t<h2 class=\"elementor-heading-title elementor-size-default\">Charakteristik des Rehbocks<\/h2>\t\t\t\t<\/div>\n\t\t\t\t<\/div>\n\t\t\t\t<div class=\"elementor-element elementor-element-b41bce3 elementor-widget elementor-widget-text-editor\" data-id=\"b41bce3\" data-element_type=\"widget\" data-widget_type=\"text-editor.default\">\n\t\t\t\t<div class=\"elementor-widget-container\">\n\t\t\t\t\t\t\t\t\t<p>Das Europ\u00e4ische Reh (<em data-start=\"604\" data-end=\"625\">Capreolus capreolus<\/em>) ist ein kleines, wendiges und \u00e4u\u00dferst wachsames Wildtier, das in polnischen W\u00e4ldern, Feldern und Feldgeh\u00f6lzen lebt. Die B\u00f6cke \u2013 m\u00e4nnliche Rehe \u2013 zeichnen sich durch ihr zierliches, aber auff\u00e4lliges Geh\u00f6rn aus, das sich im Laufe des Jahres entwickelt und als Symbol f\u00fcr jagdlichen Erfolg gilt.<\/p>\t\t\t\t\t\t\t\t<\/div>\n\t\t\t\t<\/div>\n\t\t\t\t<div class=\"elementor-element elementor-element-2729be4 elementor-widget elementor-widget-heading\" data-id=\"2729be4\" data-element_type=\"widget\" data-widget_type=\"heading.default\">\n\t\t\t\t<div class=\"elementor-widget-container\">\n\t\t\t\t\t<h2 class=\"elementor-heading-title elementor-size-default\">Jagdsaison f\u00fcr Rehb\u00f6cke<\/h2>\t\t\t\t<\/div>\n\t\t\t\t<\/div>\n\t\t\t\t<div class=\"elementor-element elementor-element-d73c608 elementor-widget elementor-widget-text-editor\" data-id=\"d73c608\" data-element_type=\"widget\" data-widget_type=\"text-editor.default\">\n\t\t\t\t<div class=\"elementor-widget-container\">\n\t\t\t\t\t\t\t\t\t<div class=\"_tableContainer_80l1q_1\"><div class=\"_tableWrapper_80l1q_14 group flex w-fit flex-col-reverse\" tabindex=\"-1\"><table class=\"w-fit min-w-(--thread-content-width)\" data-start=\"959\" data-end=\"1117\"><thead data-start=\"959\" data-end=\"1011\"><tr data-start=\"959\" data-end=\"1011\"><th data-start=\"959\" data-end=\"982\" data-col-size=\"sm\">Wildart \/ Geschlecht<\/th><th data-start=\"982\" data-end=\"1011\" data-col-size=\"sm\">Jagdzeitraum<\/th><\/tr><\/thead><tbody data-start=\"1065\" data-end=\"1117\"><tr data-start=\"1065\" data-end=\"1117\"><td data-start=\"1065\" data-end=\"1088\" data-col-size=\"sm\">Reh (Bock)<\/td><td data-start=\"1088\" data-end=\"1117\" data-col-size=\"sm\">11. Mai \u2013 30. September<\/td><\/tr><\/tbody><\/table><div class=\"sticky end-(--thread-content-margin) h-0 self-end select-none\"><div class=\"absolute end-0 flex items-end\">\u00a0<\/div><\/div><\/div><\/div><p data-start=\"1119\" data-end=\"1252\">Die Saison erm\u00f6glicht die Jagd im Fr\u00fchjahr und Sommer, wenn die B\u00f6cke aktiv sind und sich beim \u00c4sen oder Ruhen gut beobachten lassen.<\/p>\t\t\t\t\t\t\t\t<\/div>\n\t\t\t\t<\/div>\n\t\t\t\t<div class=\"elementor-element elementor-element-9717b8c elementor-widget elementor-widget-heading\" data-id=\"9717b8c\" data-element_type=\"widget\" data-widget_type=\"heading.default\">\n\t\t\t\t<div class=\"elementor-widget-container\">\n\t\t\t\t\t<h2 class=\"elementor-heading-title elementor-size-default\">Jagdart<\/h2>\t\t\t\t<\/div>\n\t\t\t\t<\/div>\n\t\t\t\t<div class=\"elementor-element elementor-element-984cd5b elementor-widget elementor-widget-text-editor\" data-id=\"984cd5b\" data-element_type=\"widget\" data-widget_type=\"text-editor.default\">\n\t\t\t\t<div class=\"elementor-widget-container\">\n\t\t\t\t\t\t\t\t\t<ul><li data-start=\"1276\" data-end=\"1387\"><p data-start=\"1278\" data-end=\"1387\"><strong data-start=\"1278\" data-end=\"1292\">Pirschjagd<\/strong> \u2013 die beliebteste Methode, bei der das aktive Anpirschen und Beobachten im Vordergrund steht<\/p><\/li><li data-start=\"1388\" data-end=\"1499\"><p data-start=\"1390\" data-end=\"1499\"><strong data-start=\"1390\" data-end=\"1415\">Ansitzjagd (Hochsitz)<\/strong> \u2013 besonders effektiv in den Abendstunden, wenn es auf einen pr\u00e4zisen Schuss ankommt<\/p><\/li><\/ul>\t\t\t\t\t\t\t\t<\/div>\n\t\t\t\t<\/div>\n\t\t\t\t<div class=\"elementor-element elementor-element-7ac5bee elementor-widget elementor-widget-heading\" data-id=\"7ac5bee\" data-element_type=\"widget\" data-widget_type=\"heading.default\">\n\t\t\t\t<div class=\"elementor-widget-container\">\n\t\t\t\t\t<h2 class=\"elementor-heading-title elementor-size-default\">F\u00fcr wen geeignet?<\/h2>\t\t\t\t<\/div>\n\t\t\t\t<\/div>\n\t\t\t\t<div class=\"elementor-element elementor-element-d971d47 elementor-widget elementor-widget-text-editor\" data-id=\"d971d47\" data-element_type=\"widget\" data-widget_type=\"text-editor.default\">\n\t\t\t\t<div class=\"elementor-widget-container\">\n\t\t\t\t\t\t\t\t\t<p data-start=\"1533\" data-end=\"1560\">Die Bockjagd ist ideal f\u00fcr:<\/p><ul data-start=\"1561\" data-end=\"1860\"><li data-start=\"1561\" data-end=\"1629\"><p data-start=\"1563\" data-end=\"1629\">J\u00e4ger, die eine einzigartige Troph\u00e4e mit Geh\u00f6rn erlangen m\u00f6chten<\/p><\/li><li data-start=\"1630\" data-end=\"1700\"><p data-start=\"1632\" data-end=\"1700\">Naturfreunde, die anspruchsvolle, bewegungsintensive Jagd sch\u00e4tzen<\/p><\/li><li data-start=\"1701\" data-end=\"1773\"><p data-start=\"1703\" data-end=\"1773\">Kunden, die Tierverhalten deuten k\u00f6nnen und Wert auf Naturn\u00e4he legen<\/p><\/li><li data-start=\"1774\" data-end=\"1860\"><p data-start=\"1776\" data-end=\"1860\">Alle, die Jagd mit der Entdeckung polnischer Natur und Landschaften verbinden wollen<\/p><\/li><\/ul>\t\t\t\t\t\t\t\t<\/div>\n\t\t\t\t<\/div>\n\t\t\t\t<div class=\"elementor-element elementor-element-790507b elementor-widget elementor-widget-heading\" data-id=\"790507b\" data-element_type=\"widget\" data-widget_type=\"heading.default\">\n\t\t\t\t<div class=\"elementor-widget-container\">\n\t\t\t\t\t<h2 class=\"elementor-heading-title elementor-size-default\">Was bieten wir?<\/h2>\t\t\t\t<\/div>\n\t\t\t\t<\/div>\n\t\t\t\t<div class=\"elementor-element elementor-element-a3e9280 elementor-widget elementor-widget-text-editor\" data-id=\"a3e9280\" data-element_type=\"widget\" data-widget_type=\"text-editor.default\">\n\t\t\t\t<div class=\"elementor-widget-container\">\n\t\t\t\t\t\t\t\t\t<ul><li style=\"font-weight: 400;\" aria-level=\"1\"><span style=\"font-weight: 400;\">Dost\u0119p do \u0142owisk o wysokiej populacji saren<\/span><\/li><li style=\"font-weight: 400;\" aria-level=\"1\"><span style=\"font-weight: 400;\">Do\u015bwiadczonych przewodnik\u00f3w i lokalnych ekspert\u00f3w<\/span><\/li><li style=\"font-weight: 400;\" aria-level=\"1\"><span style=\"font-weight: 400;\">Zakwaterowanie i transport<\/span><\/li><li style=\"font-weight: 400;\" aria-level=\"1\"><span style=\"font-weight: 400;\">Pomoc w ocenie i dokumentacji trofeum<\/span><\/li><li style=\"font-weight: 400;\" aria-level=\"1\"><span style=\"font-weight: 400;\">Opcj\u0119 preparacji i eksportu trofeum<\/span><\/li><\/ul>\t\t\t\t\t\t\t\t<\/div>\n\t\t\t\t<\/div>\n\t\t\t\t<div class=\"elementor-element elementor-element-e4b9859 elementor-widget elementor-widget-naturobutton\" data-id=\"e4b9859\" data-element_type=\"widget\" data-widget_type=\"naturobutton.default\">\n\t\t\t\t<div class=\"elementor-widget-container\">\n\t\t\t\t\t<!-- Button --><div class=\"btn-wrapper\"><a class=\"vs-btn style-1\" href=\"https:\/\/hunt-armenti.pl\/de\/kontakt\/\"><span><i class=\"fal fa-paw\"><\/i><\/span> Kontaktieren Sie uns<\/a><\/div><!-- End Button -->\t\t\t\t<\/div>\n\t\t\t\t<\/div>\n\t\t\t\t\t<\/div>\n\t\t<\/div>\n\t\t\t\t\t<\/div>\n\t\t<\/section>\n\t\t\t\t\t<\/div>\n\t\t<\/div>\n\t\t\t\t\t<\/div>\n\t\t<\/section>\n\t\t\t\t<\/div>\n\t\t","protected":false},"excerpt":{"rendered":"<p>Bockjagd \u2013 Pr\u00e4zision, Herausforderung und Jagdfreude Die Jagd auf Rehb\u00f6cke ist ein echter Klassiker \u2013 sie vereint Eleganz, Pr\u00e4zision und dynamische Jagdbedingungen. Eine perfekte Wahl f\u00fcr J\u00e4ger, die die aktive Pirsch, das Wildverhalten und die selektive Abschusspraxis zu sch\u00e4tzen wissen \u2013 mit dem Ziel, ein beeindruckendes Geh\u00f6rn als Troph\u00e4e zu erbeuten. Charakteristik des Rehbocks Das&#8230;<\/p>\n","protected":false},"author":1,"featured_media":0,"parent":0,"menu_order":0,"comment_status":"closed","ping_status":"closed","template":"template-builder.php","meta":{"footnotes":""},"class_list":["post-9248","page","type-page","status-publish","hentry"],"jetpack_sharing_enabled":true,"_links":{"self":[{"href":"https:\/\/hunt-armenti.pl\/de\/wp-json\/wp\/v2\/pages\/9248","targetHints":{"allow":["GET"]}}],"collection":[{"href":"https:\/\/hunt-armenti.pl\/de\/wp-json\/wp\/v2\/pages"}],"about":[{"href":"https:\/\/hunt-armenti.pl\/de\/wp-json\/wp\/v2\/types\/page"}],"author":[{"embeddable":true,"href":"https:\/\/hunt-armenti.pl\/de\/wp-json\/wp\/v2\/users\/1"}],"replies":[{"embeddable":true,"href":"https:\/\/hunt-armenti.pl\/de\/wp-json\/wp\/v2\/comments?post=9248"}],"version-history":[{"count":6,"href":"https:\/\/hunt-armenti.pl\/de\/wp-json\/wp\/v2\/pages\/9248\/revisions"}],"predecessor-version":[{"id":10587,"href":"https:\/\/hunt-armenti.pl\/de\/wp-json\/wp\/v2\/pages\/9248\/revisions\/10587"}],"wp:attachment":[{"href":"https:\/\/hunt-armenti.pl\/de\/wp-json\/wp\/v2\/media?parent=9248"}],"curies":[{"name":"wp","href":"https:\/\/api.w.org\/{rel}","templated":true}]}}