{"id":9247,"date":"2025-07-02T19:27:23","date_gmt":"2025-07-02T17:27:23","guid":{"rendered":"https:\/\/hunt-armenti.pl\/polowanie-na-jelenie-byki\/"},"modified":"2025-07-04T17:07:13","modified_gmt":"2025-07-04T15:07:13","slug":"polowanie-na-jelenie-byki","status":"publish","type":"page","link":"https:\/\/hunt-armenti.pl\/de\/polowanie-na-jelenie-byki\/","title":{"rendered":"Polowanie na Jelenie \u2013 Byki"},"content":{"rendered":"\t\t<div data-elementor-type=\"wp-page\" data-elementor-id=\"9247\" class=\"elementor elementor-9247\" data-elementor-post-type=\"page\">\n\t\t\t\t\t\t<section class=\"elementor-section elementor-top-section elementor-element elementor-element-5bed227 elementor-section-full_width elementor-section-height-default elementor-section-height-default\" data-id=\"5bed227\" data-element_type=\"section\">\n\t\t\t\t\t\t<div class=\"elementor-container elementor-column-gap-no\">\n\t\t\t\t\t<div class=\"elementor-column elementor-col-100 elementor-top-column elementor-element elementor-element-0ae4ee7\" data-id=\"0ae4ee7\" data-element_type=\"column\">\n\t\t\t<div class=\"elementor-widget-wrap elementor-element-populated\">\n\t\t\t\t\t\t<section class=\"elementor-section elementor-inner-section elementor-element elementor-element-72d2379 elementor-section-boxed elementor-section-height-default elementor-section-height-default\" data-id=\"72d2379\" data-element_type=\"section\">\n\t\t\t\t\t\t<div class=\"elementor-container elementor-column-gap-no\">\n\t\t\t\t\t<div class=\"elementor-column elementor-col-100 elementor-inner-column elementor-element elementor-element-28a4398\" data-id=\"28a4398\" data-element_type=\"column\">\n\t\t\t<div class=\"elementor-widget-wrap elementor-element-populated\">\n\t\t\t\t\t\t<div class=\"elementor-element elementor-element-69db11f elementor-widget elementor-widget-naturomegahover\" data-id=\"69db11f\" data-element_type=\"widget\" data-widget_type=\"naturomegahover.default\">\n\t\t\t\t<div class=\"elementor-widget-container\">\n\t\t\t\t\t<div class=\"mega-img-box\"><div class=\"img-1\"><div class=\"mega-hover\"><img decoding=\"async\" src=\"https:\/\/hunt-armenti.pl\/wp-content\/uploads\/2025\/07\/reindeer-1323000_1920.jpg\" alt=\"reindeer 1323000_1920\"  class=\"w-100\" \/><\/div><\/div><\/div>\t\t\t\t<\/div>\n\t\t\t\t<\/div>\n\t\t\t\t\t<\/div>\n\t\t<\/div>\n\t\t\t\t\t<\/div>\n\t\t<\/section>\n\t\t\t\t\t<\/div>\n\t\t<\/div>\n\t\t\t\t\t<\/div>\n\t\t<\/section>\n\t\t\t\t<section class=\"elementor-section elementor-top-section elementor-element elementor-element-ead7340 elementor-section-full_width elementor-section-height-default elementor-section-height-default\" data-id=\"ead7340\" data-element_type=\"section\">\n\t\t\t\t\t\t<div class=\"elementor-container elementor-column-gap-default\">\n\t\t\t\t\t<div class=\"elementor-column elementor-col-100 elementor-top-column elementor-element elementor-element-736f966\" data-id=\"736f966\" data-element_type=\"column\">\n\t\t\t<div class=\"elementor-widget-wrap elementor-element-populated\">\n\t\t\t\t\t\t<section class=\"elementor-section elementor-inner-section elementor-element elementor-element-5aba318 elementor-section-boxed elementor-section-height-default elementor-section-height-default\" data-id=\"5aba318\" data-element_type=\"section\">\n\t\t\t\t\t\t<div class=\"elementor-container elementor-column-gap-no\">\n\t\t\t\t\t<div class=\"elementor-column elementor-col-100 elementor-inner-column elementor-element elementor-element-8ec48b4\" data-id=\"8ec48b4\" data-element_type=\"column\">\n\t\t\t<div class=\"elementor-widget-wrap elementor-element-populated\">\n\t\t\t\t\t\t<div class=\"elementor-element elementor-element-2b06d3f elementor-widget elementor-widget-heading\" data-id=\"2b06d3f\" data-element_type=\"widget\" data-widget_type=\"heading.default\">\n\t\t\t\t<div class=\"elementor-widget-container\">\n\t\t\t\t\t<h2 class=\"elementor-heading-title elementor-size-default\">Hirschjagd \u2013 der emotionale H\u00f6hepunkt im Jagdkalender<\/h2>\t\t\t\t<\/div>\n\t\t\t\t<\/div>\n\t\t\t\t<div class=\"elementor-element elementor-element-69eebd9 elementor-widget elementor-widget-text-editor\" data-id=\"69eebd9\" data-element_type=\"widget\" data-widget_type=\"text-editor.default\">\n\t\t\t\t<div class=\"elementor-widget-container\">\n\t\t\t\t\t\t\t\t\t<p class=\"mb-55\">Die Jagd auf kapitale Rothirschhirsche z\u00e4hlt zu den prestigetr\u00e4chtigsten und am sehnlichsten erwarteten Jagderlebnissen in Polen. Besonders das Brunftgeschehen im Herbst \u2013 wenn m\u00e4chtige Hirsche um die Aufmerksamkeit der Kahlwildrudel k\u00e4mpfen \u2013 fasziniert mit purer Naturgewalt. In dieser Zeit kann man den \u201eK\u00f6nig des Waldes\u201c nicht nur h\u00f6ren, sondern auch in seiner vollen Pracht erleben.<\/p>\t\t\t\t\t\t\t\t<\/div>\n\t\t\t\t<\/div>\n\t\t\t\t<div class=\"elementor-element elementor-element-751fae6 elementor-widget elementor-widget-heading\" data-id=\"751fae6\" data-element_type=\"widget\" data-widget_type=\"heading.default\">\n\t\t\t\t<div class=\"elementor-widget-container\">\n\t\t\t\t\t<h2 class=\"elementor-heading-title elementor-size-default\">Der Rothirsch \u2013 Stolz der polnischen W\u00e4lder<\/h2>\t\t\t\t<\/div>\n\t\t\t\t<\/div>\n\t\t\t\t<div class=\"elementor-element elementor-element-2eeb5a6 elementor-widget elementor-widget-text-editor\" data-id=\"2eeb5a6\" data-element_type=\"widget\" data-widget_type=\"text-editor.default\">\n\t\t\t\t<div class=\"elementor-widget-container\">\n\t\t\t\t\t\t\t\t\t<p>Der Rothirsch (<em data-start=\"708\" data-end=\"724\">Cervus elaphus<\/em>) ist das gr\u00f6\u00dfte St\u00fcck Schalenwild in Polen. Alte Hirsche erreichen ein Gewicht von bis zu 250 kg und imponieren mit m\u00e4chtigen Geweihen, die \u2013 je nach Alter, Genetik und Lebensraum \u2013 Medaillenqualit\u00e4t (Bronze, Silber, Gold) erreichen k\u00f6nnen.<\/p>\t\t\t\t\t\t\t\t<\/div>\n\t\t\t\t<\/div>\n\t\t\t\t<div class=\"elementor-element elementor-element-09b52aa elementor-widget elementor-widget-heading\" data-id=\"09b52aa\" data-element_type=\"widget\" data-widget_type=\"heading.default\">\n\t\t\t\t<div class=\"elementor-widget-container\">\n\t\t\t\t\t<h2 class=\"elementor-heading-title elementor-size-default\">Jagdzeiten f\u00fcr Rothirschhirsche<\/h2>\t\t\t\t<\/div>\n\t\t\t\t<\/div>\n\t\t\t\t<div class=\"elementor-element elementor-element-d2f3e9e elementor-widget elementor-widget-text-editor\" data-id=\"d2f3e9e\" data-element_type=\"widget\" data-widget_type=\"text-editor.default\">\n\t\t\t\t<div class=\"elementor-widget-container\">\n\t\t\t\t\t\t\t\t\t<div class=\"_tableContainer_80l1q_1\"><div class=\"_tableWrapper_80l1q_14 group flex w-fit flex-col-reverse\" tabindex=\"-1\"><table class=\"w-fit min-w-(--thread-content-width)\" data-start=\"1013\" data-end=\"1166\"><thead data-start=\"1013\" data-end=\"1063\"><tr data-start=\"1013\" data-end=\"1063\"><th data-start=\"1013\" data-end=\"1036\" data-col-size=\"sm\">Wildart \/ Geschlecht<\/th><th data-start=\"1036\" data-end=\"1063\" data-col-size=\"sm\">Jagdzeitraum<\/th><\/tr><\/thead><tbody data-start=\"1115\" data-end=\"1166\"><tr data-start=\"1115\" data-end=\"1166\"><td data-start=\"1115\" data-end=\"1138\" data-col-size=\"sm\">Rothirsch (Hirsch)<\/td><td data-col-size=\"sm\" data-start=\"1138\" data-end=\"1166\">21. August \u2013 28. Februar<\/td><\/tr><\/tbody><\/table><div class=\"sticky end-(--thread-content-margin) h-0 self-end select-none\"><div class=\"absolute end-0 flex items-end\">\u00a0<\/div><\/div><\/div><\/div><p data-start=\"1168\" data-end=\"1331\">Die <strong data-start=\"1172\" data-end=\"1203\">beste Zeit ist im September<\/strong>, zur Hochbrunft \u2013 einem einzigartigen Naturspektakel, bei dem Hirsche durch lautes R\u00f6hren auffallen und leichter zu orten sind.<\/p>\t\t\t\t\t\t\t\t<\/div>\n\t\t\t\t<\/div>\n\t\t\t\t<div class=\"elementor-element elementor-element-c3991c3 elementor-widget elementor-widget-heading\" data-id=\"c3991c3\" data-element_type=\"widget\" data-widget_type=\"heading.default\">\n\t\t\t\t<div class=\"elementor-widget-container\">\n\t\t\t\t\t<h2 class=\"elementor-heading-title elementor-size-default\">Jagdm\u00f6glichkeiten<\/h2>\t\t\t\t<\/div>\n\t\t\t\t<\/div>\n\t\t\t\t<div class=\"elementor-element elementor-element-a5c2316 elementor-widget elementor-widget-text-editor\" data-id=\"a5c2316\" data-element_type=\"widget\" data-widget_type=\"text-editor.default\">\n\t\t\t\t<div class=\"elementor-widget-container\">\n\t\t\t\t\t\t\t\t\t<ul><li data-start=\"1365\" data-end=\"1480\"><p data-start=\"1367\" data-end=\"1480\"><strong data-start=\"1367\" data-end=\"1381\">Pirschjagd<\/strong> \u2013 die intensivste und spannendste Form der Hirschjagd, erfordert K\u00f6nnen, Geduld und Wildkenntnis<\/p><\/li><li data-start=\"1481\" data-end=\"1584\"><p data-start=\"1483\" data-end=\"1584\"><strong data-start=\"1483\" data-end=\"1504\">Ansitz (Hochsitz)<\/strong> \u2013 besonders w\u00e4hrend der Brunft, wenn die Hirsche auf offenen Fl\u00e4chen wechseln<\/p><\/li><li data-start=\"1585\" data-end=\"1656\"><p data-start=\"1587\" data-end=\"1656\"><strong data-start=\"1587\" data-end=\"1599\">Lockjagd<\/strong> \u2013 mit professionellem Hirschruf w\u00e4hrend der Brunftzeit<\/p><\/li><li data-start=\"1657\" data-end=\"1743\"><p data-start=\"1659\" data-end=\"1743\"><strong data-start=\"1659\" data-end=\"1673\">Winterjagd<\/strong> \u2013 nach der Brunft, gezielt an bekannten Wechseln und Wintereinst\u00e4nden<\/p><\/li><\/ul>\t\t\t\t\t\t\t\t<\/div>\n\t\t\t\t<\/div>\n\t\t\t\t<div class=\"elementor-element elementor-element-b33df1a elementor-widget elementor-widget-heading\" data-id=\"b33df1a\" data-element_type=\"widget\" data-widget_type=\"heading.default\">\n\t\t\t\t<div class=\"elementor-widget-container\">\n\t\t\t\t\t<h2 class=\"elementor-heading-title elementor-size-default\">F\u00fcr wen geeignet?<\/h2>\t\t\t\t<\/div>\n\t\t\t\t<\/div>\n\t\t\t\t<div class=\"elementor-element elementor-element-32aef24 elementor-widget elementor-widget-text-editor\" data-id=\"32aef24\" data-element_type=\"widget\" data-widget_type=\"text-editor.default\">\n\t\t\t\t<div class=\"elementor-widget-container\">\n\t\t\t\t\t\t\t\t\t<p data-start=\"1777\" data-end=\"1806\">Die Hirschjagd ist ideal f\u00fcr:<\/p><ul data-start=\"1807\" data-end=\"2096\"><li data-start=\"1807\" data-end=\"1866\"><p data-start=\"1809\" data-end=\"1866\">Erfahrene J\u00e4ger, die von einem Medaillentroph\u00e4entr\u00e4umen<\/p><\/li><li data-start=\"1867\" data-end=\"1934\"><p data-start=\"1869\" data-end=\"1934\">Naturliebhaber, die die Brunft aus n\u00e4chster N\u00e4he erleben wollen<\/p><\/li><li data-start=\"1935\" data-end=\"2007\"><p data-start=\"1937\" data-end=\"2007\">Kunden, die eine exklusive und individuell betreute Jagdreise suchen<\/p><\/li><li data-start=\"2008\" data-end=\"2096\"><p data-start=\"2010\" data-end=\"2096\">Jagdreisende, die Komplettservice von der Pirsch bis zur Troph\u00e4envorbereitung w\u00fcnschen<\/p><\/li><\/ul>\t\t\t\t\t\t\t\t<\/div>\n\t\t\t\t<\/div>\n\t\t\t\t<div class=\"elementor-element elementor-element-cd7fc29 elementor-widget elementor-widget-heading\" data-id=\"cd7fc29\" data-element_type=\"widget\" data-widget_type=\"heading.default\">\n\t\t\t\t<div class=\"elementor-widget-container\">\n\t\t\t\t\t<h2 class=\"elementor-heading-title elementor-size-default\">Troph\u00e4en &amp; Bewertung<\/h2>\t\t\t\t<\/div>\n\t\t\t\t<\/div>\n\t\t\t\t<div class=\"elementor-element elementor-element-3039cd9 elementor-widget elementor-widget-text-editor\" data-id=\"3039cd9\" data-element_type=\"widget\" data-widget_type=\"text-editor.default\">\n\t\t\t\t<div class=\"elementor-widget-container\">\n\t\t\t\t\t\t\t\t\t<p data-start=\"2133\" data-end=\"2215\">Erbeutete Geweihe werden gewogen und k\u00f6nnen offiziell bewertet werden. Wir bieten:<\/p><ul data-start=\"2216\" data-end=\"2370\"><li data-start=\"2216\" data-end=\"2272\"><p data-start=\"2218\" data-end=\"2272\"><strong data-start=\"2218\" data-end=\"2270\">Fachgerechte Bewertung und Troph\u00e4endokumentation<\/strong><\/p><\/li><li data-start=\"2273\" data-end=\"2325\"><p data-start=\"2275\" data-end=\"2325\"><strong data-start=\"2275\" data-end=\"2290\">Pr\u00e4paration<\/strong> von Sch\u00e4deln oder Schildmontagen<\/p><\/li><li data-start=\"2326\" data-end=\"2370\"><p data-start=\"2328\" data-end=\"2370\"><strong data-start=\"2328\" data-end=\"2370\">Unterst\u00fctzung beim Export der Troph\u00e4en<\/strong><\/p><\/li><\/ul>\t\t\t\t\t\t\t\t<\/div>\n\t\t\t\t<\/div>\n\t\t\t\t<div class=\"elementor-element elementor-element-fb5724a elementor-widget elementor-widget-heading\" data-id=\"fb5724a\" data-element_type=\"widget\" data-widget_type=\"heading.default\">\n\t\t\t\t<div class=\"elementor-widget-container\">\n\t\t\t\t\t<h2 class=\"elementor-heading-title elementor-size-default\">Unsere Leistungen\n\n<\/h2>\t\t\t\t<\/div>\n\t\t\t\t<\/div>\n\t\t\t\t<div class=\"elementor-element elementor-element-1b044ab elementor-widget elementor-widget-text-editor\" data-id=\"1b044ab\" data-element_type=\"widget\" data-widget_type=\"text-editor.default\">\n\t\t\t\t<div class=\"elementor-widget-container\">\n\t\t\t\t\t\t\t\t\t<ul><li data-start=\"2404\" data-end=\"2479\"><p data-start=\"2406\" data-end=\"2479\">Jagden in sorgf\u00e4ltig ausgew\u00e4hlten Revieren mit starker Hirschpopulation<\/p><\/li><li data-start=\"2480\" data-end=\"2521\"><p data-start=\"2482\" data-end=\"2521\">Erfahrene Jagdf\u00fchrer und Revierkenner<\/p><\/li><li data-start=\"2522\" data-end=\"2573\"><p data-start=\"2524\" data-end=\"2573\">Unterkunft und Vollverpflegung auf hohem Niveau<\/p><\/li><li data-start=\"2574\" data-end=\"2606\"><p data-start=\"2576\" data-end=\"2606\">Transport ins und vom Revier<\/p><\/li><li data-start=\"2607\" data-end=\"2681\"><p data-start=\"2609\" data-end=\"2681\">Vorbereitung der Troph\u00e4en: Bewertung, Pr\u00e4paration, Verpackung und Export<\/p><\/li><\/ul>\t\t\t\t\t\t\t\t<\/div>\n\t\t\t\t<\/div>\n\t\t\t\t<div class=\"elementor-element elementor-element-4207617 elementor-widget elementor-widget-naturobutton\" data-id=\"4207617\" data-element_type=\"widget\" data-widget_type=\"naturobutton.default\">\n\t\t\t\t<div class=\"elementor-widget-container\">\n\t\t\t\t\t<!-- Button --><div class=\"btn-wrapper\"><a class=\"vs-btn style-1\" href=\"https:\/\/hunt-armenti.pl\/de\/kontakt\/\"><span><i class=\"fal fa-paw\"><\/i><\/span> Kontaktieren Sie uns<\/a><\/div><!-- End Button -->\t\t\t\t<\/div>\n\t\t\t\t<\/div>\n\t\t\t\t\t<\/div>\n\t\t<\/div>\n\t\t\t\t\t<\/div>\n\t\t<\/section>\n\t\t\t\t\t<\/div>\n\t\t<\/div>\n\t\t\t\t\t<\/div>\n\t\t<\/section>\n\t\t\t\t<\/div>\n\t\t","protected":false},"excerpt":{"rendered":"<p>Hirschjagd \u2013 der emotionale H\u00f6hepunkt im Jagdkalender Die Jagd auf kapitale Rothirschhirsche z\u00e4hlt zu den prestigetr\u00e4chtigsten und am sehnlichsten erwarteten Jagderlebnissen in Polen. Besonders das Brunftgeschehen im Herbst \u2013 wenn m\u00e4chtige Hirsche um die Aufmerksamkeit der Kahlwildrudel k\u00e4mpfen \u2013 fasziniert mit purer Naturgewalt. In dieser Zeit kann man den \u201eK\u00f6nig des Waldes\u201c nicht nur h\u00f6ren,&#8230;<\/p>\n","protected":false},"author":1,"featured_media":0,"parent":0,"menu_order":0,"comment_status":"closed","ping_status":"closed","template":"template-builder.php","meta":{"footnotes":""},"class_list":["post-9247","page","type-page","status-publish","hentry"],"jetpack_sharing_enabled":true,"_links":{"self":[{"href":"https:\/\/hunt-armenti.pl\/de\/wp-json\/wp\/v2\/pages\/9247","targetHints":{"allow":["GET"]}}],"collection":[{"href":"https:\/\/hunt-armenti.pl\/de\/wp-json\/wp\/v2\/pages"}],"about":[{"href":"https:\/\/hunt-armenti.pl\/de\/wp-json\/wp\/v2\/types\/page"}],"author":[{"embeddable":true,"href":"https:\/\/hunt-armenti.pl\/de\/wp-json\/wp\/v2\/users\/1"}],"replies":[{"embeddable":true,"href":"https:\/\/hunt-armenti.pl\/de\/wp-json\/wp\/v2\/comments?post=9247"}],"version-history":[{"count":6,"href":"https:\/\/hunt-armenti.pl\/de\/wp-json\/wp\/v2\/pages\/9247\/revisions"}],"predecessor-version":[{"id":10584,"href":"https:\/\/hunt-armenti.pl\/de\/wp-json\/wp\/v2\/pages\/9247\/revisions\/10584"}],"wp:attachment":[{"href":"https:\/\/hunt-armenti.pl\/de\/wp-json\/wp\/v2\/media?parent=9247"}],"curies":[{"name":"wp","href":"https:\/\/api.w.org\/{rel}","templated":true}]}}