{"id":9246,"date":"2025-07-02T19:27:47","date_gmt":"2025-07-02T17:27:47","guid":{"rendered":"https:\/\/hunt-armenti.pl\/polowanie-na-dziki\/"},"modified":"2025-07-04T17:07:05","modified_gmt":"2025-07-04T15:07:05","slug":"polowanie-na-dziki","status":"publish","type":"page","link":"https:\/\/hunt-armenti.pl\/de\/polowanie-na-dziki\/","title":{"rendered":"Polowanie na dziki"},"content":{"rendered":"\t\t<div data-elementor-type=\"wp-page\" data-elementor-id=\"9246\" class=\"elementor elementor-9246\" data-elementor-post-type=\"page\">\n\t\t\t\t\t\t<section class=\"elementor-section elementor-top-section elementor-element elementor-element-5bed227 elementor-section-full_width elementor-section-height-default elementor-section-height-default\" data-id=\"5bed227\" data-element_type=\"section\">\n\t\t\t\t\t\t<div class=\"elementor-container elementor-column-gap-no\">\n\t\t\t\t\t<div class=\"elementor-column elementor-col-100 elementor-top-column elementor-element elementor-element-0ae4ee7\" data-id=\"0ae4ee7\" data-element_type=\"column\">\n\t\t\t<div class=\"elementor-widget-wrap elementor-element-populated\">\n\t\t\t\t\t\t<section class=\"elementor-section elementor-inner-section elementor-element elementor-element-72d2379 elementor-section-boxed elementor-section-height-default elementor-section-height-default\" data-id=\"72d2379\" data-element_type=\"section\">\n\t\t\t\t\t\t<div class=\"elementor-container elementor-column-gap-no\">\n\t\t\t\t\t<div class=\"elementor-column elementor-col-100 elementor-inner-column elementor-element elementor-element-28a4398\" data-id=\"28a4398\" data-element_type=\"column\">\n\t\t\t<div class=\"elementor-widget-wrap elementor-element-populated\">\n\t\t\t\t\t\t<div class=\"elementor-element elementor-element-69db11f elementor-widget elementor-widget-naturomegahover\" data-id=\"69db11f\" data-element_type=\"widget\" data-widget_type=\"naturomegahover.default\">\n\t\t\t\t<div class=\"elementor-widget-container\">\n\t\t\t\t\t<div class=\"mega-img-box\"><div class=\"img-1\"><div class=\"mega-hover\"><img decoding=\"async\" src=\"https:\/\/hunt-armenti.pl\/wp-content\/uploads\/2025\/07\/animal-6909689-scaled-e1751484039256.jpg\" alt=\"animal 6909689 scaled e1751484039256\"  class=\"w-100\" \/><\/div><\/div><\/div>\t\t\t\t<\/div>\n\t\t\t\t<\/div>\n\t\t\t\t\t<\/div>\n\t\t<\/div>\n\t\t\t\t\t<\/div>\n\t\t<\/section>\n\t\t\t\t\t<\/div>\n\t\t<\/div>\n\t\t\t\t\t<\/div>\n\t\t<\/section>\n\t\t\t\t<section class=\"elementor-section elementor-top-section elementor-element elementor-element-384c29e elementor-section-full_width elementor-section-height-default elementor-section-height-default\" data-id=\"384c29e\" data-element_type=\"section\">\n\t\t\t\t\t\t<div class=\"elementor-container elementor-column-gap-default\">\n\t\t\t\t\t<div class=\"elementor-column elementor-col-100 elementor-top-column elementor-element elementor-element-da01854\" data-id=\"da01854\" data-element_type=\"column\">\n\t\t\t<div class=\"elementor-widget-wrap elementor-element-populated\">\n\t\t\t\t\t\t<section class=\"elementor-section elementor-inner-section elementor-element elementor-element-ed5d161 elementor-section-boxed elementor-section-height-default elementor-section-height-default\" data-id=\"ed5d161\" data-element_type=\"section\">\n\t\t\t\t\t\t<div class=\"elementor-container elementor-column-gap-no\">\n\t\t\t\t\t<div class=\"elementor-column elementor-col-100 elementor-inner-column elementor-element elementor-element-ae2b833\" data-id=\"ae2b833\" data-element_type=\"column\">\n\t\t\t<div class=\"elementor-widget-wrap elementor-element-populated\">\n\t\t\t\t\t\t<div class=\"elementor-element elementor-element-84c4eb8 elementor-widget elementor-widget-heading\" data-id=\"84c4eb8\" data-element_type=\"widget\" data-widget_type=\"heading.default\">\n\t\t\t\t<div class=\"elementor-widget-container\">\n\t\t\t\t\t<h2 class=\"elementor-heading-title elementor-size-default\">Schwarzwildjagd \u2013 ganzj\u00e4hriges Abenteuer im polnischen Revier<\/h2>\t\t\t\t<\/div>\n\t\t\t\t<\/div>\n\t\t\t\t<div class=\"elementor-element elementor-element-f2ffe1b elementor-widget elementor-widget-text-editor\" data-id=\"f2ffe1b\" data-element_type=\"widget\" data-widget_type=\"text-editor.default\">\n\t\t\t\t<div class=\"elementor-widget-container\">\n\t\t\t\t\t\t\t\t\t<p class=\"mb-55\">Die Jagd auf Schwarzwild z\u00e4hlt zu den spannendsten und zugleich unberechenbarsten Formen der Jagd. Dank der ganzj\u00e4hrigen Jagdzeit ist die Sau ein \u00e4u\u00dferst begehrtes Wild f\u00fcr Einsteiger wie erfahrene Waidm\u00e4nner. Ob n\u00e4chtlicher Ansitz, leiser Pirschgang oder dynamische Dr\u00fcckjagd \u2013 die Schwarzwildjagd bringt Adrenalin, Herausforderung und bleibende Erinnerungen.<\/p>\t\t\t\t\t\t\t\t<\/div>\n\t\t\t\t<\/div>\n\t\t\t\t<div class=\"elementor-element elementor-element-0fe3a90 elementor-widget elementor-widget-heading\" data-id=\"0fe3a90\" data-element_type=\"widget\" data-widget_type=\"heading.default\">\n\t\t\t\t<div class=\"elementor-widget-container\">\n\t\t\t\t\t<h2 class=\"elementor-heading-title elementor-size-default\">Die Wildsau \u2013 ein anspruchsvolles Wild<\/h2>\t\t\t\t<\/div>\n\t\t\t\t<\/div>\n\t\t\t\t<div class=\"elementor-element elementor-element-f0df1c1 elementor-widget elementor-widget-text-editor\" data-id=\"f0df1c1\" data-element_type=\"widget\" data-widget_type=\"text-editor.default\">\n\t\t\t\t<div class=\"elementor-widget-container\">\n\t\t\t\t\t\t\t\t\t<p>Das Wildschwein (<em data-start=\"650\" data-end=\"662\">Sus scrofa<\/em>) ist intelligent, wachsam und extrem vorsichtig. Es kommt landesweit in Polen vor \u2013 in W\u00e4ldern, Feldfluren und Mischlandschaften. Es lebt meist im Familienverband (Rotte), w\u00e4hrend starke Keiler h\u00e4ufig als Einzelg\u00e4nger streifen. Ein alter Keiler kann 150\u2013200 kg erreichen \u2013 sein Angehen erfordert viel Erfahrung, Geduld und Vorbereitung.<\/p>\t\t\t\t\t\t\t\t<\/div>\n\t\t\t\t<\/div>\n\t\t\t\t<div class=\"elementor-element elementor-element-5443f35 elementor-widget elementor-widget-heading\" data-id=\"5443f35\" data-element_type=\"widget\" data-widget_type=\"heading.default\">\n\t\t\t\t<div class=\"elementor-widget-container\">\n\t\t\t\t\t<h2 class=\"elementor-heading-title elementor-size-default\">Jagdzeiten<\/h2>\t\t\t\t<\/div>\n\t\t\t\t<\/div>\n\t\t\t\t<div class=\"elementor-element elementor-element-3997d53 elementor-widget elementor-widget-text-editor\" data-id=\"3997d53\" data-element_type=\"widget\" data-widget_type=\"text-editor.default\">\n\t\t\t\t<div class=\"elementor-widget-container\">\n\t\t\t\t\t\t\t\t\t<table><thead><tr><th>Geschlecht \/ Altersklasse<\/th><th>Jagdzeitraum<\/th><\/tr><\/thead><tbody><tr><td>Schwarzwild (alle St\u00fccke)<\/td><td>Ganzj\u00e4hrig<\/td><\/tr><\/tbody><\/table><p>\u00a0<\/p>\t\t\t\t\t\t\t\t<\/div>\n\t\t\t\t<\/div>\n\t\t\t\t<div class=\"elementor-element elementor-element-892c99c elementor-widget elementor-widget-heading\" data-id=\"892c99c\" data-element_type=\"widget\" data-widget_type=\"heading.default\">\n\t\t\t\t<div class=\"elementor-widget-container\">\n\t\t\t\t\t<h2 class=\"elementor-heading-title elementor-size-default\">Jagdm\u00f6glichkeiten<\/h2>\t\t\t\t<\/div>\n\t\t\t\t<\/div>\n\t\t\t\t<div class=\"elementor-element elementor-element-584945d elementor-widget elementor-widget-text-editor\" data-id=\"584945d\" data-element_type=\"widget\" data-widget_type=\"text-editor.default\">\n\t\t\t\t<div class=\"elementor-widget-container\">\n\t\t\t\t\t\t\t\t\t<ul><li data-start=\"1199\" data-end=\"1278\"><p data-start=\"1201\" data-end=\"1278\"><strong data-start=\"1201\" data-end=\"1228\">Einzelansitz (Hochsitz)<\/strong> \u2013 ruhig und effektiv, ideal f\u00fcr pr\u00e4zise Sch\u00fcsse<\/p><\/li><li data-start=\"1279\" data-end=\"1346\"><p data-start=\"1281\" data-end=\"1346\"><strong data-start=\"1281\" data-end=\"1295\">Pirschjagd<\/strong> \u2013 f\u00fcr erfahrene J\u00e4ger, die N\u00e4he zur Natur suchen<\/p><\/li><li data-start=\"1347\" data-end=\"1422\"><p data-start=\"1349\" data-end=\"1422\"><strong data-start=\"1349\" data-end=\"1362\">Nachtjagd<\/strong> \u2013 mit W\u00e4rmebild- oder Nachtsichtoptik <em data-start=\"1401\" data-end=\"1420\">(gesetzeskonform)<\/em><\/p><\/li><li data-start=\"1423\" data-end=\"1486\"><p data-start=\"1425\" data-end=\"1486\"><strong data-start=\"1425\" data-end=\"1438\">Dr\u00fcckjagd<\/strong> \u2013 intensiv, bewegungsreich, perfekt f\u00fcr Gruppen<\/p><\/li><\/ul>\t\t\t\t\t\t\t\t<\/div>\n\t\t\t\t<\/div>\n\t\t\t\t<div class=\"elementor-element elementor-element-47f9eb2 elementor-widget elementor-widget-heading\" data-id=\"47f9eb2\" data-element_type=\"widget\" data-widget_type=\"heading.default\">\n\t\t\t\t<div class=\"elementor-widget-container\">\n\t\t\t\t\t<h2 class=\"elementor-heading-title elementor-size-default\">F\u00fcr wen geeignet?<\/h2>\t\t\t\t<\/div>\n\t\t\t\t<\/div>\n\t\t\t\t<div class=\"elementor-element elementor-element-ff965fc elementor-widget elementor-widget-text-editor\" data-id=\"ff965fc\" data-element_type=\"widget\" data-widget_type=\"text-editor.default\">\n\t\t\t\t<div class=\"elementor-widget-container\">\n\t\t\t\t\t\t\t\t\t<p data-start=\"1520\" data-end=\"1562\">Schwarzwildjagd eignet sich besonders f\u00fcr:<\/p><ul data-start=\"1563\" data-end=\"1816\"><li data-start=\"1563\" data-end=\"1622\"><p data-start=\"1565\" data-end=\"1622\">J\u00e4ger, die unabh\u00e4ngig von der Saison aktiv sein m\u00f6chten<\/p><\/li><li data-start=\"1623\" data-end=\"1683\"><p data-start=\"1625\" data-end=\"1683\">Liebhaber n\u00e4chtlicher Jagderlebnisse und stiller Ansitze<\/p><\/li><li data-start=\"1684\" data-end=\"1742\"><p data-start=\"1686\" data-end=\"1742\">Kunden, die intensive Jagden und Naturkontakt sch\u00e4tzen<\/p><\/li><li data-start=\"1743\" data-end=\"1816\"><p data-start=\"1745\" data-end=\"1816\">Gruppen, die abwechslungsreiche Strecken bei Gesellschaftsjagden suchen<\/p><\/li><\/ul>\t\t\t\t\t\t\t\t<\/div>\n\t\t\t\t<\/div>\n\t\t\t\t<div class=\"elementor-element elementor-element-2820bb2 elementor-widget elementor-widget-heading\" data-id=\"2820bb2\" data-element_type=\"widget\" data-widget_type=\"heading.default\">\n\t\t\t\t<div class=\"elementor-widget-container\">\n\t\t\t\t\t<h2 class=\"elementor-heading-title elementor-size-default\">Was wir bieten<\/h2>\t\t\t\t<\/div>\n\t\t\t\t<\/div>\n\t\t\t\t<div class=\"elementor-element elementor-element-568e390 elementor-widget elementor-widget-text-editor\" data-id=\"568e390\" data-element_type=\"widget\" data-widget_type=\"text-editor.default\">\n\t\t\t\t<div class=\"elementor-widget-container\">\n\t\t\t\t\t\t\t\t\t<ul><li data-start=\"1847\" data-end=\"1905\"><p data-start=\"1849\" data-end=\"1905\">Reviere mit hohem Schwarzwildbestand und viel Bewegung<\/p><\/li><li data-start=\"1906\" data-end=\"1949\"><p data-start=\"1908\" data-end=\"1949\">Erfahrene Berufsj\u00e4ger und Revierkundige<\/p><\/li><li data-start=\"1950\" data-end=\"2014\"><p data-start=\"1952\" data-end=\"2014\">Erlaubte Ausr\u00fcstung: W\u00e4rmebild \/ Nachtsicht (gem\u00e4\u00df Regelung)<\/p><\/li><li data-start=\"2015\" data-end=\"2063\"><p data-start=\"2017\" data-end=\"2063\">Unterkunft, Verpflegung, Transfer ins Revier<\/p><\/li><li data-start=\"2064\" data-end=\"2132\"><p data-start=\"2066\" data-end=\"2132\">Aufbrechen, Versorgung, Dokumentation, Ausfuhrservice f\u00fcr Troph\u00e4en<\/p><\/li><\/ul>\t\t\t\t\t\t\t\t<\/div>\n\t\t\t\t<\/div>\n\t\t\t\t<div class=\"elementor-element elementor-element-58be148 elementor-widget elementor-widget-naturobutton\" data-id=\"58be148\" data-element_type=\"widget\" data-widget_type=\"naturobutton.default\">\n\t\t\t\t<div class=\"elementor-widget-container\">\n\t\t\t\t\t<!-- Button --><div class=\"btn-wrapper\"><a class=\"vs-btn style-1\" href=\"https:\/\/hunt-armenti.pl\/de\/kontakt\/\"><span><i class=\"fal fa-paw\"><\/i><\/span> Kontaktieren Sie<\/a><\/div><!-- End Button -->\t\t\t\t<\/div>\n\t\t\t\t<\/div>\n\t\t\t\t\t<\/div>\n\t\t<\/div>\n\t\t\t\t\t<\/div>\n\t\t<\/section>\n\t\t\t\t\t<\/div>\n\t\t<\/div>\n\t\t\t\t\t<\/div>\n\t\t<\/section>\n\t\t\t\t<\/div>\n\t\t","protected":false},"excerpt":{"rendered":"<p>Schwarzwildjagd \u2013 ganzj\u00e4hriges Abenteuer im polnischen Revier Die Jagd auf Schwarzwild z\u00e4hlt zu den spannendsten und zugleich unberechenbarsten Formen der Jagd. Dank der ganzj\u00e4hrigen Jagdzeit ist die Sau ein \u00e4u\u00dferst begehrtes Wild f\u00fcr Einsteiger wie erfahrene Waidm\u00e4nner. Ob n\u00e4chtlicher Ansitz, leiser Pirschgang oder dynamische Dr\u00fcckjagd \u2013 die Schwarzwildjagd bringt Adrenalin, Herausforderung und bleibende Erinnerungen. Die&#8230;<\/p>\n","protected":false},"author":1,"featured_media":0,"parent":0,"menu_order":0,"comment_status":"closed","ping_status":"closed","template":"template-builder.php","meta":{"footnotes":""},"class_list":["post-9246","page","type-page","status-publish","hentry"],"jetpack_sharing_enabled":true,"_links":{"self":[{"href":"https:\/\/hunt-armenti.pl\/de\/wp-json\/wp\/v2\/pages\/9246","targetHints":{"allow":["GET"]}}],"collection":[{"href":"https:\/\/hunt-armenti.pl\/de\/wp-json\/wp\/v2\/pages"}],"about":[{"href":"https:\/\/hunt-armenti.pl\/de\/wp-json\/wp\/v2\/types\/page"}],"author":[{"embeddable":true,"href":"https:\/\/hunt-armenti.pl\/de\/wp-json\/wp\/v2\/users\/1"}],"replies":[{"embeddable":true,"href":"https:\/\/hunt-armenti.pl\/de\/wp-json\/wp\/v2\/comments?post=9246"}],"version-history":[{"count":6,"href":"https:\/\/hunt-armenti.pl\/de\/wp-json\/wp\/v2\/pages\/9246\/revisions"}],"predecessor-version":[{"id":10581,"href":"https:\/\/hunt-armenti.pl\/de\/wp-json\/wp\/v2\/pages\/9246\/revisions\/10581"}],"wp:attachment":[{"href":"https:\/\/hunt-armenti.pl\/de\/wp-json\/wp\/v2\/media?parent=9246"}],"curies":[{"name":"wp","href":"https:\/\/api.w.org\/{rel}","templated":true}]}}