{"id":9245,"date":"2025-07-02T19:28:03","date_gmt":"2025-07-02T17:28:03","guid":{"rendered":"https:\/\/hunt-armenti.pl\/polowania-zbiorowe\/"},"modified":"2025-07-04T17:06:57","modified_gmt":"2025-07-04T15:06:57","slug":"polowania-zbiorowe","status":"publish","type":"page","link":"https:\/\/hunt-armenti.pl\/de\/polowania-zbiorowe\/","title":{"rendered":"Polowania zbiorowe"},"content":{"rendered":"\t\t<div data-elementor-type=\"wp-page\" data-elementor-id=\"9245\" class=\"elementor elementor-9245\" data-elementor-post-type=\"page\">\n\t\t\t\t\t\t<section class=\"elementor-section elementor-top-section elementor-element elementor-element-5bed227 elementor-section-full_width elementor-section-height-default elementor-section-height-default\" data-id=\"5bed227\" data-element_type=\"section\">\n\t\t\t\t\t\t<div class=\"elementor-container elementor-column-gap-no\">\n\t\t\t\t\t<div class=\"elementor-column elementor-col-100 elementor-top-column elementor-element elementor-element-0ae4ee7\" data-id=\"0ae4ee7\" data-element_type=\"column\">\n\t\t\t<div class=\"elementor-widget-wrap elementor-element-populated\">\n\t\t\t\t\t\t<section class=\"elementor-section elementor-inner-section elementor-element elementor-element-72d2379 elementor-section-boxed elementor-section-height-default elementor-section-height-default\" data-id=\"72d2379\" data-element_type=\"section\">\n\t\t\t\t\t\t<div class=\"elementor-container elementor-column-gap-no\">\n\t\t\t\t\t<div class=\"elementor-column elementor-col-100 elementor-inner-column elementor-element elementor-element-28a4398\" data-id=\"28a4398\" data-element_type=\"column\">\n\t\t\t<div class=\"elementor-widget-wrap elementor-element-populated\">\n\t\t\t\t\t\t<div class=\"elementor-element elementor-element-69db11f elementor-widget elementor-widget-naturomegahover\" data-id=\"69db11f\" data-element_type=\"widget\" data-widget_type=\"naturomegahover.default\">\n\t\t\t\t<div class=\"elementor-widget-container\">\n\t\t\t\t\t<div class=\"mega-img-box\"><div class=\"img-1\"><div class=\"mega-hover\"><img decoding=\"async\" src=\"https:\/\/hunt-armenti.pl\/wp-content\/uploads\/2025\/07\/hunt-6789253-scaled-e1751483721207.jpg\" alt=\"hunt 6789253 scaled e1751483721207\"  class=\"w-100\" \/><\/div><\/div><\/div>\t\t\t\t<\/div>\n\t\t\t\t<\/div>\n\t\t\t\t\t<\/div>\n\t\t<\/div>\n\t\t\t\t\t<\/div>\n\t\t<\/section>\n\t\t\t\t\t<\/div>\n\t\t<\/div>\n\t\t\t\t\t<\/div>\n\t\t<\/section>\n\t\t\t\t<section class=\"elementor-section elementor-top-section elementor-element elementor-element-0b10f67 elementor-section-full_width elementor-section-height-default elementor-section-height-default\" data-id=\"0b10f67\" data-element_type=\"section\">\n\t\t\t\t\t\t<div class=\"elementor-container elementor-column-gap-default\">\n\t\t\t\t\t<div class=\"elementor-column elementor-col-100 elementor-top-column elementor-element elementor-element-6fa4b72\" data-id=\"6fa4b72\" data-element_type=\"column\">\n\t\t\t<div class=\"elementor-widget-wrap elementor-element-populated\">\n\t\t\t\t\t\t<section class=\"elementor-section elementor-inner-section elementor-element elementor-element-40a2bb2 elementor-section-boxed elementor-section-height-default elementor-section-height-default\" data-id=\"40a2bb2\" data-element_type=\"section\">\n\t\t\t\t\t\t<div class=\"elementor-container elementor-column-gap-no\">\n\t\t\t\t\t<div class=\"elementor-column elementor-col-100 elementor-inner-column elementor-element elementor-element-0b5cef0\" data-id=\"0b5cef0\" data-element_type=\"column\">\n\t\t\t<div class=\"elementor-widget-wrap elementor-element-populated\">\n\t\t\t\t\t\t<div class=\"elementor-element elementor-element-fff9f56 elementor-widget elementor-widget-heading\" data-id=\"fff9f56\" data-element_type=\"widget\" data-widget_type=\"heading.default\">\n\t\t\t\t<div class=\"elementor-widget-container\">\n\t\t\t\t\t<h2 class=\"elementor-heading-title elementor-size-default\">Dr\u00fcckjagden \u2013 Tradition, Spannung und jagdliche Gemeinschaft<\/h2>\t\t\t\t<\/div>\n\t\t\t\t<\/div>\n\t\t\t\t<div class=\"elementor-element elementor-element-27c5a9a elementor-widget elementor-widget-text-editor\" data-id=\"27c5a9a\" data-element_type=\"widget\" data-widget_type=\"text-editor.default\">\n\t\t\t\t<div class=\"elementor-widget-container\">\n\t\t\t\t\t\t\t\t\t<p class=\"mb-55\">Die Dr\u00fcckjagd z\u00e4hlt zu den eindrucksvollsten und aufregendsten Jagdformen. Seit Generationen ist sie ein fester Bestandteil der polnischen Jagdkultur \u2013 sie vereint Naturverbundenheit, Kameradschaft und eine pr\u00e4zise Organisation der Jagdabl\u00e4ufe.<\/p>\t\t\t\t\t\t\t\t<\/div>\n\t\t\t\t<\/div>\n\t\t\t\t<div class=\"elementor-element elementor-element-82ab3eb elementor-widget elementor-widget-heading\" data-id=\"82ab3eb\" data-element_type=\"widget\" data-widget_type=\"heading.default\">\n\t\t\t\t<div class=\"elementor-widget-container\">\n\t\t\t\t\t<h2 class=\"elementor-heading-title elementor-size-default\">Was ist eine Dr\u00fcckjagd?<\/h2>\t\t\t\t<\/div>\n\t\t\t\t<\/div>\n\t\t\t\t<div class=\"elementor-element elementor-element-e907449 elementor-widget elementor-widget-text-editor\" data-id=\"e907449\" data-element_type=\"widget\" data-widget_type=\"text-editor.default\">\n\t\t\t\t<div class=\"elementor-widget-container\">\n\t\t\t\t\t\t\t\t\t<p>Bei einer Dr\u00fcckjagd nimmt eine Gruppe von Waidm\u00e4nnern \u2013 meist zwischen mehreren und einem Dutzend \u2013 an der Jagd teil. Die Sch\u00fctzen werden an festgelegten St\u00e4nden postiert, w\u00e4hrend Treiber und\/oder Jagdhunde das Wild aus den Einst\u00e4nden treiben und es in Richtung der Sch\u00fctzen lenken.<\/p>\t\t\t\t\t\t\t\t<\/div>\n\t\t\t\t<\/div>\n\t\t\t\t<div class=\"elementor-element elementor-element-49f7984 elementor-widget elementor-widget-heading\" data-id=\"49f7984\" data-element_type=\"widget\" data-widget_type=\"heading.default\">\n\t\t\t\t<div class=\"elementor-widget-container\">\n\t\t\t\t\t<h2 class=\"elementor-heading-title elementor-size-default\">Welche Wildarten k\u00f6nnen bejagt werden?<\/h2>\t\t\t\t<\/div>\n\t\t\t\t<\/div>\n\t\t\t\t<div class=\"elementor-element elementor-element-f89a44b elementor-widget elementor-widget-text-editor\" data-id=\"f89a44b\" data-element_type=\"widget\" data-widget_type=\"text-editor.default\">\n\t\t\t\t<div class=\"elementor-widget-container\">\n\t\t\t\t\t\t\t\t\t<p data-start=\"859\" data-end=\"931\">Je nach Abschussplan umfasst die Strecke einer Dr\u00fcckjagd typischerweise:<\/p><ul data-start=\"932\" data-end=\"1099\"><li data-start=\"932\" data-end=\"947\"><p data-start=\"934\" data-end=\"947\">Schwarzwild<\/p><\/li><li data-start=\"948\" data-end=\"1003\"><p data-start=\"950\" data-end=\"1003\">Hirsche (Rothirsch\/Damhirsch) \u2013 m\u00e4nnlich &amp; weiblich<\/p><\/li><li data-start=\"1004\" data-end=\"1031\"><p data-start=\"1006\" data-end=\"1031\">K\u00e4lber (Rot- &amp; Damwild)<\/p><\/li><li data-start=\"1032\" data-end=\"1062\"><p data-start=\"1034\" data-end=\"1062\">Rehwild (Gei\u00dfen und Kitze)<\/p><\/li><li data-start=\"1063\" data-end=\"1099\"><p data-start=\"1065\" data-end=\"1099\">Raubwild (z.\u202fB. Fuchs, Marderhund)<\/p><\/li><\/ul>\t\t\t\t\t\t\t\t<\/div>\n\t\t\t\t<\/div>\n\t\t\t\t<div class=\"elementor-element elementor-element-9f426fe elementor-widget elementor-widget-heading\" data-id=\"9f426fe\" data-element_type=\"widget\" data-widget_type=\"heading.default\">\n\t\t\t\t<div class=\"elementor-widget-container\">\n\t\t\t\t\t<h2 class=\"elementor-heading-title elementor-size-default\">Saison der Dr\u00fcckjagden<\/h2>\t\t\t\t<\/div>\n\t\t\t\t<\/div>\n\t\t\t\t<div class=\"elementor-element elementor-element-c5e839a elementor-widget elementor-widget-text-editor\" data-id=\"c5e839a\" data-element_type=\"widget\" data-widget_type=\"text-editor.default\">\n\t\t\t\t<div class=\"elementor-widget-container\">\n\t\t\t\t\t\t\t\t\t<p>In Polen dauert die Dr\u00fcckjagdsaison in der Regel von Oktober bis Januar \u2013 eine Zeit mit g\u00fcnstiger Witterung und hoher Wildaktivit\u00e4t. Termine und Abschusspl\u00e4ne unterliegen strenger gesetzlicher Regulierung.<\/p>\t\t\t\t\t\t\t\t<\/div>\n\t\t\t\t<\/div>\n\t\t\t\t<div class=\"elementor-element elementor-element-e714cf2 elementor-widget elementor-widget-heading\" data-id=\"e714cf2\" data-element_type=\"widget\" data-widget_type=\"heading.default\">\n\t\t\t\t<div class=\"elementor-widget-container\">\n\t\t\t\t\t<h2 class=\"elementor-heading-title elementor-size-default\">F\u00fcr wen geeignet?<\/h2>\t\t\t\t<\/div>\n\t\t\t\t<\/div>\n\t\t\t\t<div class=\"elementor-element elementor-element-84a485e elementor-widget elementor-widget-text-editor\" data-id=\"84a485e\" data-element_type=\"widget\" data-widget_type=\"text-editor.default\">\n\t\t\t\t<div class=\"elementor-widget-container\">\n\t\t\t\t\t\t\t\t\t<p data-start=\"1377\" data-end=\"1403\">Dr\u00fcckjagden empfehlen wir:<\/p><ul data-start=\"1404\" data-end=\"1736\"><li data-start=\"1404\" data-end=\"1486\"><p data-start=\"1406\" data-end=\"1486\">Erfahrenen J\u00e4gern, die Wert auf Kameradschaft und jagdlichen Sportsgeist legen<\/p><\/li><li data-start=\"1487\" data-end=\"1573\"><p data-start=\"1489\" data-end=\"1573\">Jagdgruppen und Jagdvereinen, die gemeinsam ein Abenteuer in Polen erleben m\u00f6chten<\/p><\/li><li data-start=\"1574\" data-end=\"1656\"><p data-start=\"1576\" data-end=\"1656\">Kunden, die auf Abwechslung im Wildbestand und intensive Jagderlebnisse setzen<\/p><\/li><li data-start=\"1657\" data-end=\"1736\"><p data-start=\"1659\" data-end=\"1736\">G\u00e4sten, die eine organisierte Jagd mit voller Betreuung und Logistik erwarten<\/p><\/li><\/ul>\t\t\t\t\t\t\t\t<\/div>\n\t\t\t\t<\/div>\n\t\t\t\t<div class=\"elementor-element elementor-element-fd162cf elementor-widget elementor-widget-heading\" data-id=\"fd162cf\" data-element_type=\"widget\" data-widget_type=\"heading.default\">\n\t\t\t\t<div class=\"elementor-widget-container\">\n\t\t\t\t\t<h2 class=\"elementor-heading-title elementor-size-default\">Organisation der Jagd<\/h2>\t\t\t\t<\/div>\n\t\t\t\t<\/div>\n\t\t\t\t<div class=\"elementor-element elementor-element-5c2a826 elementor-widget elementor-widget-text-editor\" data-id=\"5c2a826\" data-element_type=\"widget\" data-widget_type=\"text-editor.default\">\n\t\t\t\t<div class=\"elementor-widget-container\">\n\t\t\t\t\t\t\t\t\t<p data-start=\"1774\" data-end=\"1816\">Eine gut organisierte Dr\u00fcckjagd erfordert:<\/p><ul data-start=\"1817\" data-end=\"1975\"><li data-start=\"1817\" data-end=\"1866\"><p data-start=\"1819\" data-end=\"1866\">Sorgf\u00e4ltige Planung der Treiben und Standorte<\/p><\/li><li data-start=\"1867\" data-end=\"1912\"><p data-start=\"1869\" data-end=\"1912\">Erfahrene Jagdleitung und Revierbetreuung<\/p><\/li><li data-start=\"1913\" data-end=\"1945\"><p data-start=\"1915\" data-end=\"1945\">Strikte Sicherheitsma\u00dfnahmen<\/p><\/li><li data-start=\"1946\" data-end=\"1975\"><p data-start=\"1948\" data-end=\"1975\">Dokumentation der Strecke<\/p><\/li><\/ul><p data-start=\"1977\" data-end=\"2029\">Unser Jagdb\u00fcro \u00fcbernimmt die komplette Organisation:<\/p><ul data-start=\"2030\" data-end=\"2225\"><li data-start=\"2030\" data-end=\"2069\"><p data-start=\"2032\" data-end=\"2069\">Anmeldung und Einf\u00fchrung ins Revier<\/p><\/li><li data-start=\"2070\" data-end=\"2112\"><p data-start=\"2072\" data-end=\"2112\">Regelkonforme, ethische Jagdausf\u00fchrung<\/p><\/li><li data-start=\"2113\" data-end=\"2165\"><p data-start=\"2115\" data-end=\"2165\">Erfahrenes Personal (Jagdf\u00fchrer, Treiber, Hunde)<\/p><\/li><li data-start=\"2166\" data-end=\"2225\"><p data-start=\"2168\" data-end=\"2225\">Versorgung des Wildes, Troph\u00e4enaufbereitung und Transport<\/p><\/li><\/ul>\t\t\t\t\t\t\t\t<\/div>\n\t\t\t\t<\/div>\n\t\t\t\t<div class=\"elementor-element elementor-element-b3ecc45 elementor-widget elementor-widget-heading\" data-id=\"b3ecc45\" data-element_type=\"widget\" data-widget_type=\"heading.default\">\n\t\t\t\t<div class=\"elementor-widget-container\">\n\t\t\t\t\t<h2 class=\"elementor-heading-title elementor-size-default\">Jagdetikette &amp; Tradition<\/h2>\t\t\t\t<\/div>\n\t\t\t\t<\/div>\n\t\t\t\t<div class=\"elementor-element elementor-element-33e6683 elementor-widget elementor-widget-text-editor\" data-id=\"33e6683\" data-element_type=\"widget\" data-widget_type=\"text-editor.default\">\n\t\t\t\t<div class=\"elementor-widget-container\">\n\t\t\t\t\t\t\t\t\t<p>Dr\u00fcckjagden in Polen folgen traditionellen Jagdbr\u00e4uchen \u2013 mit <em data-start=\"2328\" data-end=\"2344\">Streckenlegung<\/em>, H\u00f6rnersignalen und jagdlicher Etikette. Es geht nicht nur um Beute, sondern auch um ein tiefes Naturerlebnis und echte Gemeinschaft unter Waidm\u00e4nnern.<\/p>\t\t\t\t\t\t\t\t<\/div>\n\t\t\t\t<\/div>\n\t\t\t\t<div class=\"elementor-element elementor-element-9ac7d3c elementor-widget elementor-widget-naturobutton\" data-id=\"9ac7d3c\" data-element_type=\"widget\" data-widget_type=\"naturobutton.default\">\n\t\t\t\t<div class=\"elementor-widget-container\">\n\t\t\t\t\t<!-- Button --><div class=\"btn-wrapper\"><a class=\"vs-btn style-1\" href=\"https:\/\/hunt-armenti.pl\/de\/kontakt\/\"><span><i class=\"fal fa-paw\"><\/i><\/span> Kontaktieren Sie uns<\/a><\/div><!-- End Button -->\t\t\t\t<\/div>\n\t\t\t\t<\/div>\n\t\t\t\t\t<\/div>\n\t\t<\/div>\n\t\t\t\t\t<\/div>\n\t\t<\/section>\n\t\t\t\t\t<\/div>\n\t\t<\/div>\n\t\t\t\t\t<\/div>\n\t\t<\/section>\n\t\t\t\t<\/div>\n\t\t","protected":false},"excerpt":{"rendered":"<p>Dr\u00fcckjagden \u2013 Tradition, Spannung und jagdliche Gemeinschaft Die Dr\u00fcckjagd z\u00e4hlt zu den eindrucksvollsten und aufregendsten Jagdformen. Seit Generationen ist sie ein fester Bestandteil der polnischen Jagdkultur \u2013 sie vereint Naturverbundenheit, Kameradschaft und eine pr\u00e4zise Organisation der Jagdabl\u00e4ufe. Was ist eine Dr\u00fcckjagd? Bei einer Dr\u00fcckjagd nimmt eine Gruppe von Waidm\u00e4nnern \u2013 meist zwischen mehreren und einem&#8230;<\/p>\n","protected":false},"author":1,"featured_media":0,"parent":0,"menu_order":0,"comment_status":"closed","ping_status":"closed","template":"template-builder.php","meta":{"footnotes":""},"class_list":["post-9245","page","type-page","status-publish","hentry"],"jetpack_sharing_enabled":true,"_links":{"self":[{"href":"https:\/\/hunt-armenti.pl\/de\/wp-json\/wp\/v2\/pages\/9245","targetHints":{"allow":["GET"]}}],"collection":[{"href":"https:\/\/hunt-armenti.pl\/de\/wp-json\/wp\/v2\/pages"}],"about":[{"href":"https:\/\/hunt-armenti.pl\/de\/wp-json\/wp\/v2\/types\/page"}],"author":[{"embeddable":true,"href":"https:\/\/hunt-armenti.pl\/de\/wp-json\/wp\/v2\/users\/1"}],"replies":[{"embeddable":true,"href":"https:\/\/hunt-armenti.pl\/de\/wp-json\/wp\/v2\/comments?post=9245"}],"version-history":[{"count":6,"href":"https:\/\/hunt-armenti.pl\/de\/wp-json\/wp\/v2\/pages\/9245\/revisions"}],"predecessor-version":[{"id":10578,"href":"https:\/\/hunt-armenti.pl\/de\/wp-json\/wp\/v2\/pages\/9245\/revisions\/10578"}],"wp:attachment":[{"href":"https:\/\/hunt-armenti.pl\/de\/wp-json\/wp\/v2\/media?parent=9245"}],"curies":[{"name":"wp","href":"https:\/\/api.w.org\/{rel}","templated":true}]}}