{"id":9242,"date":"2025-07-02T17:39:42","date_gmt":"2025-07-02T15:39:42","guid":{"rendered":"https:\/\/hunt-armenti.pl\/oferta\/"},"modified":"2025-07-04T17:09:16","modified_gmt":"2025-07-04T15:09:16","slug":"oferta","status":"publish","type":"page","link":"https:\/\/hunt-armenti.pl\/de\/oferta\/","title":{"rendered":"Oferta"},"content":{"rendered":"\t\t<div data-elementor-type=\"wp-page\" data-elementor-id=\"9242\" class=\"elementor elementor-9242\" data-elementor-post-type=\"page\">\n\t\t\t\t\t\t<section class=\"elementor-section elementor-top-section elementor-element elementor-element-4a4ee69 elementor-section-full_width elementor-section-stretched elementor-section-height-default elementor-section-height-default\" data-id=\"4a4ee69\" data-element_type=\"section\" data-settings=\"{&quot;stretch_section&quot;:&quot;section-stretched&quot;}\">\n\t\t\t\t\t\t<div class=\"elementor-container elementor-column-gap-no\">\n\t\t\t\t\t<div class=\"elementor-column elementor-col-100 elementor-top-column elementor-element elementor-element-6e8afb3\" data-id=\"6e8afb3\" data-element_type=\"column\">\n\t\t\t<div class=\"elementor-widget-wrap elementor-element-populated\">\n\t\t\t\t\t\t<div class=\"elementor-element elementor-element-a783130 elementor-widget elementor-widget-naturosectiontitle\" data-id=\"a783130\" data-element_type=\"widget\" data-widget_type=\"naturosectiontitle.default\">\n\t\t\t\t<div class=\"elementor-widget-container\">\n\t\t\t\t\t<div class=\"section-title\" ><h4 class=\"sec-title1 subtitle-selector\">Ablauf der Zusammenarbeit<\/h4><div class=\"sec_line\"><img decoding=\"async\" src=\"https:\/\/wordpress.vecurosoft.com\/huntar\/wp-content\/uploads\/2021\/11\/about-line-1.png\" alt=\"about line 1\"  class=\"mb-4\" \/><\/div><h2 class=\"sec-title2 text-title2 mt-1 title-selector\">Wie l\u00e4uft die Jagd mit uns ab?<\/h2><\/div>\t\t\t\t<\/div>\n\t\t\t\t<\/div>\n\t\t\t\t<div class=\"elementor-element elementor-element-9b9506a elementor-widget elementor-widget-naturofeatures\" data-id=\"9b9506a\" data-element_type=\"widget\" data-widget_type=\"naturofeatures.default\">\n\t\t\t\t<div class=\"elementor-widget-container\">\n\t\t\t\t\t<!------------------------------- Features Area start -------------------------------><div class=\"vs-feature-wrapper\"><div class=\"container fature-border\"><div class=\"row features-slider-1\"><div class=\"col-lg-4\"><div class=\"feature-box overflow-hidden mb-30\"><div class=\"feature-icon float-sm-start\"><i class=\"flaticon-left-and-right-arrows\"><\/i><\/div><div class=\"feature-content mt-10\"><h5 class=\"features_title title-color fw-medium mb-10\"><a href=\"#\">1. W\u00e4hle Dein Revier<\/a><\/h5><p>Bestimme die Region und die Art der Jagdreise. Hast Du Interesse an kapitalen Rothirschen? Oder vielleicht an starken Rehb\u00f6cken? Oder doch eine gut organisierte Dr\u00fcckjagd? Wir k\u00fcmmern uns um den Rest.<\/p><\/div><\/div><\/div><div class=\"col-lg-4\"><div class=\"feature-box overflow-hidden mb-30\"><div class=\"feature-icon float-sm-start\"><i class=\"flaticon-appointment\"><\/i><\/div><div class=\"feature-content mt-10\"><h5 class=\"features_title title-color fw-medium mb-10\"><a href=\"#\">2. Termin sichern<\/a><\/h5><p>Nimm Kontakt mit uns auf, besprich die Details und buche Deinen Wunschtermin. Wir passen alles individuell an Deine Erwartungen an.<\/p><\/div><\/div><\/div><div class=\"col-lg-4\"><div class=\"feature-box overflow-hidden mb-30\"><div class=\"feature-icon float-sm-start\"><i class=\"flaticon-adventure\"><\/i><\/div><div class=\"feature-content mt-10\"><h5 class=\"features_title title-color fw-medium mb-10\"><a href=\"#\">3. Abenteuer beginnen<\/a><\/h5><p>Reise ins Jagdgebiet, triff Deinen lokalen Jagdf\u00fchrer, erkunde das Revier und starte Dein unvergessliches Jagdabenteuer.<\/p><\/div><\/div><\/div><div class=\"col-lg-4\"><div class=\"feature-box overflow-hidden mb-30\"><div class=\"feature-icon float-sm-start\"><i class=\"flaticon-handshake\"><\/i><\/div><div class=\"feature-content mt-10\"><h5 class=\"features_title title-color fw-medium mb-10\"><a href=\"#\">4. Mit Troph\u00e4e zur\u00fcckkehren<\/a><\/h5><p>Genie\u00dfe eine professionell organisierte Jagdreise und kehre mit einer Troph\u00e4e zur\u00fcck, die Dir diese Erfahrung ein Leben lang in Erinnerung ruft.<\/p><\/div><\/div><\/div><\/div><!--\/.row and vs-acrousel active--><\/div><!--\/.container--><\/div>\t\t\t\t<\/div>\n\t\t\t\t<\/div>\n\t\t\t\t\t<\/div>\n\t\t<\/div>\n\t\t\t\t\t<\/div>\n\t\t<\/section>\n\t\t\t\t<section class=\"elementor-section elementor-top-section elementor-element elementor-element-e157a1f elementor-section-full_width elementor-section-stretched elementor-section-height-default elementor-section-height-default\" data-id=\"e157a1f\" data-element_type=\"section\" data-settings=\"{&quot;stretch_section&quot;:&quot;section-stretched&quot;}\">\n\t\t\t\t\t\t<div class=\"elementor-container elementor-column-gap-no\">\n\t\t\t\t\t<div class=\"elementor-column elementor-col-100 elementor-top-column elementor-element elementor-element-744c3b2\" data-id=\"744c3b2\" data-element_type=\"column\">\n\t\t\t<div class=\"elementor-widget-wrap elementor-element-populated\">\n\t\t\t\t\t\t<section class=\"elementor-section elementor-inner-section elementor-element elementor-element-85ef922 elementor-section-full_width elementor-section-height-default elementor-section-height-default\" data-id=\"85ef922\" data-element_type=\"section\">\n\t\t\t\t\t\t<div class=\"elementor-container elementor-column-gap-no\">\n\t\t\t\t\t<div class=\"elementor-column elementor-col-100 elementor-inner-column elementor-element elementor-element-e9675e3\" data-id=\"e9675e3\" data-element_type=\"column\">\n\t\t\t<div class=\"elementor-widget-wrap elementor-element-populated\">\n\t\t\t\t\t\t<div class=\"elementor-element elementor-element-a295c79 elementor-widget elementor-widget-naturosectiontitle\" data-id=\"a295c79\" data-element_type=\"widget\" data-widget_type=\"naturosectiontitle.default\">\n\t\t\t\t<div class=\"elementor-widget-container\">\n\t\t\t\t\t<div class=\"section-title\" ><h4 class=\"sec-title1 subtitle-selector\">Was wir anbieten?<\/h4><div class=\"sec_line\"><img decoding=\"async\" src=\"https:\/\/wordpress.vecurosoft.com\/huntar\/wp-content\/uploads\/2021\/11\/about-line-1.png\" alt=\"about line 1\"  class=\"mb-4\" \/><\/div><h2 class=\"sec-title2 text-title2 mt-1 title-selector\">Jagd mit Stil und Erfahrung<\/h2><\/div>\t\t\t\t<\/div>\n\t\t\t\t<\/div>\n\t\t\t\t\t<\/div>\n\t\t<\/div>\n\t\t\t\t\t<\/div>\n\t\t<\/section>\n\t\t\t\t<section class=\"elementor-section elementor-inner-section elementor-element elementor-element-9d7fa9a elementor-section-full_width elementor-section-height-default elementor-section-height-default\" data-id=\"9d7fa9a\" data-element_type=\"section\">\n\t\t\t\t\t\t<div class=\"elementor-container elementor-column-gap-no\">\n\t\t\t\t\t<div class=\"elementor-column elementor-col-100 elementor-inner-column elementor-element elementor-element-2de7942\" data-id=\"2de7942\" data-element_type=\"column\" data-settings=\"{&quot;animation&quot;:&quot;none&quot;}\">\n\t\t\t<div class=\"elementor-widget-wrap elementor-element-populated\">\n\t\t\t\t\t\t<div class=\"elementor-element elementor-element-d7a794c elementor-widget elementor-widget-naturoserviceslider\" data-id=\"d7a794c\" data-element_type=\"widget\" data-widget_type=\"naturoserviceslider.default\">\n\t\t\t\t<div class=\"elementor-widget-container\">\n\t\t\t\t\t<!-----------------------Start Service Slider Area-----------------------><div class=\"vs-services\"><div class=\"container\"><div class=\"position-relative\"><div class=\"services-arrow-box\"><button data-slick-prev=\"#sbox1\" class=\"icon-btn style2 services-arrow d-none d-xl-inline-block\"><i class=\"fal fa-arrow-left\"><\/i><\/button><button data-slick-next=\"#sbox1\" class=\"icon-btn style2 services-arrow d-none d-xl-inline-block\"><i class=\"fal fa-arrow-right\"><\/i><\/button><\/div><div class=\"row align-items-center vs-service-slider1\" id=\"sbox1\"><div class=\"col-lg-4 col-md-6\"><div class=\"vs-services-box mb-30\"><div class=\"vs-services-thumb text-center\"><img decoding=\"async\" src=\"https:\/\/hunt-armenti.pl\/wp-content\/uploads\/2025\/06\/Projekt-bez-nazwy-2025-06-26T203354.618.png\" alt=\"Projekt bez nazwy 2025 06 26T203354.618\"  \/><\/div><div class=\"vs-services-content\"><h4 class=\"sec-title1 title-color fw-bold mb-15\"><a href=\"https:\/\/hunt-armenti.pl\/de\/polowanie-na-sarny-kozly\/\">1. Rehbockjagd \u2013 Pr\u00e4zision, Herausforderung und Jagdfieber<\/a><\/h4><p>Die Jagd auf Rehb\u00f6cke z\u00e4hlt zu den beliebtesten Jagdformen der Fr\u00fchjahrs- und Sommersaison. Sie bietet eine exzellente Gelegenheit, wertvolle Troph\u00e4en zu erbeuten und unvergessliche Jagderlebnisse zu sammeln \u2013 insbesondere w\u00e4hrend der Blattzeit, wenn Pirsch und Beobachtung h\u00f6chste jagdliche Pr\u00e4zision erfordern.<\/p><a href=\"https:\/\/hunt-armenti.pl\/de\/polowanie-na-sarny-kozly\/\" class=\"link-btn\">Read More<i class=\"fal fa-long-arrow-right\"><\/i><\/a><\/div><\/div><\/div><div class=\"col-lg-4 col-md-6\"><div class=\"vs-services-box mb-30\"><div class=\"vs-services-thumb text-center\"><img decoding=\"async\" src=\"https:\/\/hunt-armenti.pl\/wp-content\/uploads\/2025\/07\/Projekt-bez-nazwy-2025-07-02T192034.616.png\" alt=\"Projekt bez nazwy 2025 07 02T192034.616\"  \/><\/div><div class=\"vs-services-content\"><h4 class=\"sec-title1 title-color fw-bold mb-15\"><a href=\"https:\/\/hunt-armenti.pl\/de\/polowanie-na-jelenie-byki\/\">2. Hirschjagd \u2013 Der H\u00f6hepunkt im Jagdkalender<\/a><\/h4><p>Die Jagd auf kapitalen Rotwild-Hirsche ist eine der prestigetr\u00e4chtigsten Formen der Jagd. Der H\u00f6hepunkt ist das Brunftgeschehen im Herbst \u2013 ein Naturspektakel voller Adrenalin, das die Chance bietet, ein imposantes Troph\u00e4entier zu erlegen. Wir bieten Zugang zu bew\u00e4hrten Revieren mit stabilen, nachhaltig bewirtschafteten Hirschbest\u00e4nden.<\/p><a href=\"https:\/\/hunt-armenti.pl\/de\/polowanie-na-jelenie-byki\/\" class=\"link-btn\">Read More<i class=\"fal fa-long-arrow-right\"><\/i><\/a><\/div><\/div><\/div><div class=\"col-lg-4 col-md-6\"><div class=\"vs-services-box mb-30\"><div class=\"vs-services-thumb text-center\"><img decoding=\"async\" src=\"https:\/\/hunt-armenti.pl\/wp-content\/uploads\/2025\/07\/Projekt-bez-nazwy-2025-07-02T192113.534.png\" alt=\"Projekt bez nazwy 2025 07 02T192113.534\"  \/><\/div><div class=\"vs-services-content\"><h4 class=\"sec-title1 title-color fw-bold mb-15\"><a href=\"https:\/\/hunt-armenti.pl\/de\/polowanie-na-dziki\/\">3. Schwarzwildjagd \u2013 Ganzj\u00e4hrig, fordernd, spannend<\/a><\/h4><p>Die Schwarzwildjagd ist das ganze Jahr \u00fcber m\u00f6glich und bei J\u00e4gern durchweg beliebt. Wir organisieren sowohl Einzelansitze und Pirschg\u00e4nge als auch intensive Nachtjagden mit W\u00e4rmebild- oder Nachtsichttechnik \u2013 f\u00fcr spannende und anspruchsvolle Jagdmomente.<\/p><a href=\"https:\/\/hunt-armenti.pl\/de\/polowanie-na-dziki\/\" class=\"link-btn\">Read More<i class=\"fal fa-long-arrow-right\"><\/i><\/a><\/div><\/div><\/div><div class=\"col-lg-4 col-md-6\"><div class=\"vs-services-box mb-30\"><div class=\"vs-services-thumb text-center\"><img decoding=\"async\" src=\"https:\/\/hunt-armenti.pl\/wp-content\/uploads\/2025\/07\/Projekt-bez-nazwy-2025-07-02T192146.580.png\" alt=\"Projekt bez nazwy 2025 07 02T192146.580\"  \/><\/div><div class=\"vs-services-content\"><h4 class=\"sec-title1 title-color fw-bold mb-15\"><a href=\"https:\/\/hunt-armenti.pl\/de\/polowania-zbiorowe\/\">4. Dr\u00fcckjagd \u2013 Teamgeist, Dynamik und Erfolg<\/a><\/h4><p>Wir organisieren professionelle Dr\u00fcckjagden \u2013 haupts\u00e4chlich auf Schalenwild und Schwarzwild. Diese dynamische Jagdform erfordert Erfahrung und Koordination, bietet jedoch gleichzeitig perfekte M\u00f6glichkeiten zur Kameradschaft und hohen Jagderfolg innerhalb kurzer Zeit. Wir garantieren eine sichere, gut strukturierte Durchf\u00fchrung mit erfahrener Begleitung.<\/p><a href=\"https:\/\/hunt-armenti.pl\/de\/polowania-zbiorowe\/\" class=\"link-btn\">Read More<i class=\"fal fa-long-arrow-right\"><\/i><\/a><\/div><\/div><\/div><div class=\"col-lg-4 col-md-6\"><div class=\"vs-services-box mb-30\"><div class=\"vs-services-thumb text-center\"><img decoding=\"async\" src=\"https:\/\/hunt-armenti.pl\/wp-content\/uploads\/2025\/07\/Projekt-bez-nazwy-2025-07-02T192305.537.png\" alt=\"Projekt bez nazwy 2025 07 02T192305.537\"  \/><\/div><div class=\"vs-services-content\"><h4 class=\"sec-title1 title-color fw-bold mb-15\"><a href=\"https:\/\/hunt-armenti.pl\/de\/polowania-na-zwierzyne-nietrofealna\/\">5. Bejagung von nicht-troph\u00e4entragendem Wild \u2013 Ethik &amp; Bestandsregulierung<\/a><\/h4><p>Die selektive Bejagung von nicht-troph\u00e4entragendem Wild wie Hirschk\u00fchen, Rehgei\u00dfen oder K\u00e4lbern ist ideal f\u00fcr J\u00e4ger, die Wert auf Wildbestandsmanagement und nachhaltige Jagd legen. Diese Jagdform verbindet jagdliche Intensit\u00e4t mit attraktiven Konditionen \u2013 eine praxisnahe, verantwortungsbewusste Jagderfahrung.<\/p><a href=\"https:\/\/hunt-armenti.pl\/de\/polowania-na-zwierzyne-nietrofealna\/\" class=\"link-btn\">Read More<i class=\"fal fa-long-arrow-right\"><\/i><\/a><\/div><\/div><\/div><\/div><\/div><\/div><\/div>\t\t\t\t<\/div>\n\t\t\t\t<\/div>\n\t\t\t\t\t<\/div>\n\t\t<\/div>\n\t\t\t\t\t<\/div>\n\t\t<\/section>\n\t\t\t\t\t<\/div>\n\t\t<\/div>\n\t\t\t\t\t<\/div>\n\t\t<\/section>\n\t\t\t\t<\/div>\n\t\t","protected":false},"excerpt":{"rendered":"<p>Ablauf der Zusammenarbeit Wie l\u00e4uft die Jagd mit uns ab? 1. W\u00e4hle Dein Revier Bestimme die Region und die Art der Jagdreise. Hast Du Interesse an kapitalen Rothirschen? Oder vielleicht an starken Rehb\u00f6cken? Oder doch eine gut organisierte Dr\u00fcckjagd? Wir k\u00fcmmern uns um den Rest. 2. Termin sichern Nimm Kontakt mit uns auf, besprich die&#8230;<\/p>\n","protected":false},"author":1,"featured_media":0,"parent":0,"menu_order":0,"comment_status":"closed","ping_status":"closed","template":"","meta":{"footnotes":""},"class_list":["post-9242","page","type-page","status-publish","hentry"],"jetpack_sharing_enabled":true,"_links":{"self":[{"href":"https:\/\/hunt-armenti.pl\/de\/wp-json\/wp\/v2\/pages\/9242","targetHints":{"allow":["GET"]}}],"collection":[{"href":"https:\/\/hunt-armenti.pl\/de\/wp-json\/wp\/v2\/pages"}],"about":[{"href":"https:\/\/hunt-armenti.pl\/de\/wp-json\/wp\/v2\/types\/page"}],"author":[{"embeddable":true,"href":"https:\/\/hunt-armenti.pl\/de\/wp-json\/wp\/v2\/users\/1"}],"replies":[{"embeddable":true,"href":"https:\/\/hunt-armenti.pl\/de\/wp-json\/wp\/v2\/comments?post=9242"}],"version-history":[{"count":9,"href":"https:\/\/hunt-armenti.pl\/de\/wp-json\/wp\/v2\/pages\/9242\/revisions"}],"predecessor-version":[{"id":10600,"href":"https:\/\/hunt-armenti.pl\/de\/wp-json\/wp\/v2\/pages\/9242\/revisions\/10600"}],"wp:attachment":[{"href":"https:\/\/hunt-armenti.pl\/de\/wp-json\/wp\/v2\/media?parent=9242"}],"curies":[{"name":"wp","href":"https:\/\/api.w.org\/{rel}","templated":true}]}}