{"id":9241,"date":"2021-12-13T09:23:05","date_gmt":"2021-12-13T08:23:05","guid":{"rendered":"https:\/\/hunt-armenti.pl\/o-nas\/"},"modified":"2025-07-04T19:51:20","modified_gmt":"2025-07-04T17:51:20","slug":"o-nas","status":"publish","type":"page","link":"https:\/\/hunt-armenti.pl\/de\/o-nas\/","title":{"rendered":"O nas"},"content":{"rendered":"\t\t<div data-elementor-type=\"wp-page\" data-elementor-id=\"9241\" class=\"elementor elementor-9241\" data-elementor-post-type=\"page\">\n\t\t\t\t\t\t<section class=\"elementor-section elementor-top-section elementor-element elementor-element-9216194 elementor-section-full_width elementor-section-stretched elementor-section-height-default elementor-section-height-default\" data-id=\"9216194\" data-element_type=\"section\" data-settings=\"{&quot;stretch_section&quot;:&quot;section-stretched&quot;}\">\n\t\t\t\t\t\t<div class=\"elementor-container elementor-column-gap-no\">\n\t\t\t\t\t<div class=\"elementor-column elementor-col-100 elementor-top-column elementor-element elementor-element-4a5bbdb\" data-id=\"4a5bbdb\" data-element_type=\"column\">\n\t\t\t<div class=\"elementor-widget-wrap elementor-element-populated\">\n\t\t\t\t\t\t<section class=\"elementor-section elementor-inner-section elementor-element elementor-element-c54eb43 elementor-section-boxed elementor-section-height-default elementor-section-height-default\" data-id=\"c54eb43\" data-element_type=\"section\">\n\t\t\t\t\t\t<div class=\"elementor-container elementor-column-gap-no\">\n\t\t\t\t\t<div class=\"elementor-column elementor-col-50 elementor-inner-column elementor-element elementor-element-cd748c8\" data-id=\"cd748c8\" data-element_type=\"column\">\n\t\t\t<div class=\"elementor-widget-wrap elementor-element-populated\">\n\t\t\t\t\t\t<div class=\"elementor-element elementor-element-be39f76 elementor-widget elementor-widget-image\" data-id=\"be39f76\" data-element_type=\"widget\" data-widget_type=\"image.default\">\n\t\t\t\t<div class=\"elementor-widget-container\">\n\t\t\t\t\t\t\t\t\t\t\t\t\t\t\t<img fetchpriority=\"high\" decoding=\"async\" width=\"631\" height=\"647\" src=\"https:\/\/hunt-armenti.pl\/wp-content\/uploads\/2023\/09\/about-img-1.png\" class=\"attachment-full size-full wp-image-3727\" alt=\"about-img-1\" srcset=\"https:\/\/hunt-armenti.pl\/wp-content\/uploads\/2023\/09\/about-img-1.png 631w, https:\/\/hunt-armenti.pl\/wp-content\/uploads\/2023\/09\/about-img-1-293x300.png 293w\" sizes=\"(max-width: 631px) 100vw, 631px\" \/>\t\t\t\t\t\t\t\t\t\t\t\t\t\t\t<\/div>\n\t\t\t\t<\/div>\n\t\t\t\t\t<\/div>\n\t\t<\/div>\n\t\t\t\t<div class=\"elementor-column elementor-col-50 elementor-inner-column elementor-element elementor-element-aed26db\" data-id=\"aed26db\" data-element_type=\"column\">\n\t\t\t<div class=\"elementor-widget-wrap elementor-element-populated\">\n\t\t\t\t\t\t<div class=\"elementor-element elementor-element-b452d94 style-2 elementor-widget elementor-widget-naturosectiontitle\" data-id=\"b452d94\" data-element_type=\"widget\" data-widget_type=\"naturosectiontitle.default\">\n\t\t\t\t<div class=\"elementor-widget-container\">\n\t\t\t\t\t<div class=\"section-title\" ><h4 class=\"sec-title1 subtitle-selector\">Wer wir sind \u2013 \u00dcber uns<\/h4><div class=\"sec_line\"><img decoding=\"async\" src=\"https:\/\/wordpress.vecurosoft.com\/huntar\/wp-content\/uploads\/2021\/11\/about-line-1.png\" alt=\"about line 1\"  class=\"mb-4\" \/><\/div><h2 class=\"sec-title2 text-title2 mt-1 title-selector\">Mit uns entdecken Sie das wahre Gesicht der Jagd.<\/h2><p class=\"desc\">Wir sind ein polnisches Jagdb\u00fcro \u2013 spezialisiert auf die Organisation von legalen, ethischen und absolut sicheren Jagdreisen in Polen.\nUnsere Mission ist es, die Leidenschaft f\u00fcr die Natur mit einem professionellen Service auf h\u00f6chstem Niveau zu verbinden.\nWir betreuen J\u00e4ger aus aller Welt und bieten umfassende Begleitung sowie unvergessliche Erlebnisse im Herzen der unber\u00fchrten Wildnis.<\/p><\/div>\t\t\t\t<\/div>\n\t\t\t\t<\/div>\n\t\t\t\t<div class=\"elementor-element elementor-element-ac72216 elementor-widget elementor-widget-text-editor\" data-id=\"ac72216\" data-element_type=\"widget\" data-widget_type=\"text-editor.default\">\n\t\t\t\t<div class=\"elementor-widget-container\">\n\t\t\t\t\t\t\t\t\t<div class=\"list-style1 layout2\"><ul><li data-start=\"84\" data-end=\"189\"><p data-start=\"87\" data-end=\"189\">Erfahrene Jagdf\u00fchrer, ausgew\u00e4hlte Reviere, volle Legalit\u00e4t und Organisation auf h\u00f6chstem Niveau.<\/p><\/li><li data-start=\"190\" data-end=\"311\"><p data-start=\"193\" data-end=\"311\">Jagd ist nicht nur ein Sport \u2013 sie ist Kultur, Ethik und eine jahrhundertealte Tradition, die wir t\u00e4glich leben.<\/p><\/li><li data-start=\"312\" data-end=\"448\"><p data-start=\"315\" data-end=\"448\">Ihre Sicherheit ist unsere Priorit\u00e4t \u2013 wir sorgen f\u00fcr passende Ausr\u00fcstung, Versicherung und professionelle Betreuung im Revier.<\/p><\/li><li data-start=\"449\" data-end=\"555\"><p data-start=\"452\" data-end=\"555\">Wir lieben die Wildnis \u2013 und m\u00f6chten diese Leidenschaft mit Menschen teilen, die genauso empfinden.<\/p><\/li><\/ul><\/div>\t\t\t\t\t\t\t\t<\/div>\n\t\t\t\t<\/div>\n\t\t\t\t<div class=\"elementor-element elementor-element-6649a4f elementor-widget__width-auto elementor-widget elementor-widget-naturobutton\" data-id=\"6649a4f\" data-element_type=\"widget\" data-widget_type=\"naturobutton.default\">\n\t\t\t\t<div class=\"elementor-widget-container\">\n\t\t\t\t\t<!-- Button --><div class=\"btn-wrapper\"><a class=\"vs-btn style-1\" href=\"https:\/\/hunt-armenti.pl\/de\/kontakt\/\"><span><i class=\"fal fa-paw\"><\/i><\/span> Erlebe Dein Jagdabenteuer<\/a><\/div><!-- End Button -->\t\t\t\t<\/div>\n\t\t\t\t<\/div>\n\t\t\t\t<div class=\"elementor-element elementor-element-6d0b794 elementor-widget__width-auto elementor-widget elementor-widget-html\" data-id=\"6d0b794\" data-element_type=\"widget\" data-widget_type=\"html.default\">\n\t\t\t\t<div class=\"elementor-widget-container\">\n\t\t\t\t\t<div class=\"call-media\"><div class=\"media-icon\"><i class=\"fas fa-phone-alt\"><\/i><\/div><div class=\"media-body\"><span class=\"media-label\">Rufen Sie jetzt an!<\/span><p class=\"media-info\"><a href=\"tel:+48720820470\" class=\"text-inherit\">+48 720 820 470<\/a><\/p> <\/div><\/div>\t\t\t\t<\/div>\n\t\t\t\t<\/div>\n\t\t\t\t\t<\/div>\n\t\t<\/div>\n\t\t\t\t\t<\/div>\n\t\t<\/section>\n\t\t\t\t\t<\/div>\n\t\t<\/div>\n\t\t\t\t\t<\/div>\n\t\t<\/section>\n\t\t\t\t<section class=\"elementor-section elementor-top-section elementor-element elementor-element-31542e9 elementor-section-full_width elementor-section-height-default elementor-section-height-default\" data-id=\"31542e9\" data-element_type=\"section\">\n\t\t\t\t\t\t<div class=\"elementor-container elementor-column-gap-no\">\n\t\t\t\t\t<div class=\"elementor-column elementor-col-100 elementor-top-column elementor-element elementor-element-e2d8bd8\" data-id=\"e2d8bd8\" data-element_type=\"column\">\n\t\t\t<div class=\"elementor-widget-wrap elementor-element-populated\">\n\t\t\t\t\t\t<section class=\"elementor-section elementor-inner-section elementor-element elementor-element-25da7fe elementor-section-boxed elementor-section-height-default elementor-section-height-default\" data-id=\"25da7fe\" data-element_type=\"section\">\n\t\t\t\t\t\t<div class=\"elementor-container elementor-column-gap-no\">\n\t\t\t\t\t<div class=\"elementor-column elementor-col-100 elementor-inner-column elementor-element elementor-element-fb196c7\" data-id=\"fb196c7\" data-element_type=\"column\">\n\t\t\t<div class=\"elementor-widget-wrap elementor-element-populated\">\n\t\t\t\t\t\t<div class=\"elementor-element elementor-element-4f9e6b2 elementor-widget elementor-widget-naturosectiontitle\" data-id=\"4f9e6b2\" data-element_type=\"widget\" data-widget_type=\"naturosectiontitle.default\">\n\t\t\t\t<div class=\"elementor-widget-container\">\n\t\t\t\t\t<div class=\"section-title\" ><h4 class=\"sec-title1 subtitle-selector\">Inhaber<\/h4><div class=\"sec_line\"><img decoding=\"async\" src=\"https:\/\/wordpress.vecurosoft.com\/huntar\/wp-content\/uploads\/2021\/11\/about-line-1.png\" alt=\"about line 1\"  class=\"mb-4\" \/><\/div><h2 class=\"sec-title2 text-title2 mt-1 title-selector\">Inhaber des Jagdb\u00fcros<\/h2><\/div>\t\t\t\t<\/div>\n\t\t\t\t<\/div>\n\t\t\t\t\t<\/div>\n\t\t<\/div>\n\t\t\t\t\t<\/div>\n\t\t<\/section>\n\t\t\t\t\t<\/div>\n\t\t<\/div>\n\t\t\t\t\t<\/div>\n\t\t<\/section>\n\t\t\t\t<section class=\"elementor-section elementor-top-section elementor-element elementor-element-e66d88a elementor-section-boxed elementor-section-height-default elementor-section-height-default\" data-id=\"e66d88a\" data-element_type=\"section\">\n\t\t\t\t\t\t<div class=\"elementor-container elementor-column-gap-default\">\n\t\t\t\t\t<div class=\"elementor-column elementor-col-100 elementor-top-column elementor-element elementor-element-46f515d\" data-id=\"46f515d\" data-element_type=\"column\">\n\t\t\t<div class=\"elementor-widget-wrap elementor-element-populated\">\n\t\t\t\t\t\t<section class=\"elementor-section elementor-inner-section elementor-element elementor-element-c4c414e elementor-section-full_width elementor-section-height-default elementor-section-height-default\" data-id=\"c4c414e\" data-element_type=\"section\">\n\t\t\t\t\t\t<div class=\"elementor-container elementor-column-gap-no\">\n\t\t\t\t\t<div class=\"elementor-column elementor-col-100 elementor-inner-column elementor-element elementor-element-8b5f6b9\" data-id=\"8b5f6b9\" data-element_type=\"column\">\n\t\t\t<div class=\"elementor-widget-wrap elementor-element-populated\">\n\t\t\t\t\t\t<div class=\"elementor-element elementor-element-e2f3135 elementor-widget elementor-widget-naturoteammemberinfo\" data-id=\"e2f3135\" data-element_type=\"widget\" data-widget_type=\"naturoteammemberinfo.default\">\n\t\t\t\t<div class=\"elementor-widget-container\">\n\t\t\t\t\t<!-----------------------Start Team Member Info Area-----------------------><section class=\"vs-team-wrapper team-details\"><div class=\"container\"><div class=\"row gx-0 mb-5 align-items-center\"><div class=\"col-lg-5\"><div class=\"team-img\"><img decoding=\"async\" src=\"https:\/\/hunt-armenti.pl\/wp-content\/uploads\/2025\/07\/20240705_213824-scaled-e1751460289153.jpg\" alt=\"20240705_213824 scaled e1751460289153\"  class=\"w-100\" \/><\/div><\/div><div class=\"col-lg-7\"><div class=\"team-info\"><span class=\"degi text-theme\">Ihr Guide in die Welt der Jagd<\/span><h2 class=\"name mb-3\">Micha\u0142 Szczepaniak<\/h2><p class=\"desc fs-md\">Die Jagd begleitet mich seit meiner Kindheit \u2013 sie ist nicht nur meine Leidenschaft, sondern vor allem eine tief verwurzelte Familientradition, die von Generation zu Generation weitergegeben wird. Ich bin inmitten von Jagdrevieren aufgewachsen und habe fr\u00fch gelernt, die Natur zu respektieren und die Grunds\u00e4tze der waidgerechten Jagd zu sch\u00e4tzen.\n\nMit der Leitung meines Jagdb\u00fcros verbinde ich langj\u00e4hrige Erfahrung mit einem professionellen Anspruch an Organisation und Betreuung. Mir ist es wichtig, dass jeder J\u00e4ger \u2013 unabh\u00e4ngig vom Erfahrungsgrad \u2013 auf h\u00f6chsten Komfort, umfassende Sicherheit und pers\u00f6nliche Unterst\u00fctzung z\u00e4hlen kann \u2013 von der Planung bis zur erfolgreichen Durchf\u00fchrung der Jagdreise.\n\nMeine Mission ist es, einzigartige Jagderlebnisse zu schaffen, die lange in Erinnerung bleiben \u2013 und zugleich ein bewusstes und verantwortungsvolles Jagen zu f\u00f6rdern.<\/p><div class=\"row\"><div class=\"col-md-7 col-lg-9 col-xxl-8\"><table class=\"team-info-table mt-sm-2\"><tbody><tr><td><i class=\"fal fa-folder\"><\/i><strong>Department:<\/strong><\/td><td>Profesjonalny My\u015bliwy<\/td><\/tr><tr><td><i class=\"fal fa-layer-group\"><\/i><strong>Experience:<\/strong><\/td><td>15 lat<\/td><\/tr><tr><td><i class=\"fal fa-envelope\"><\/i><strong>Email:<\/strong><\/td><td><a class=\"text-reset\" href=\"mailto:michal@huntarmenti.pl\">michal@hunt-armenti.pl<\/a><\/td><\/tr><tr><td><i class=\"fal fa-phone\"><\/i><strong>Phone:<\/strong><\/td><td><a class=\"text-reset\" href=\"tel:+48720820470\">+48 720 820 470<\/a><\/td><\/tr><\/tbody><\/table><\/div><\/div><div class=\"team-socials\"><h3 class=\"h6 title\">Member Links:<\/h3><div class=\"vs-social-group\"><a href=\"https:\/\/www.facebook.com\/share\/19GdQ9sx72\/\"><svg aria-hidden=\"true\" class=\"e-font-icon-svg e-fab-facebook-square\" viewBox=\"0 0 448 512\" xmlns=\"http:\/\/www.w3.org\/2000\/svg\"><path d=\"M400 32H48A48 48 0 0 0 0 80v352a48 48 0 0 0 48 48h137.25V327.69h-63V256h63v-54.64c0-62.15 37-96.48 93.67-96.48 27.14 0 55.52 4.84 55.52 4.84v61h-31.27c-30.81 0-40.42 19.12-40.42 38.73V256h68.78l-11 71.69h-57.78V480H400a48 48 0 0 0 48-48V80a48 48 0 0 0-48-48z\"><\/path><\/svg><\/a><a href=\"http:\/\/wa.me\/+48698333711\"><svg aria-hidden=\"true\" class=\"e-font-icon-svg e-fab-whatsapp-square\" viewBox=\"0 0 448 512\" xmlns=\"http:\/\/www.w3.org\/2000\/svg\"><path d=\"M224 122.8c-72.7 0-131.8 59.1-131.9 131.8 0 24.9 7 49.2 20.2 70.1l3.1 5-13.3 48.6 49.9-13.1 4.8 2.9c20.2 12 43.4 18.4 67.1 18.4h.1c72.6 0 133.3-59.1 133.3-131.8 0-35.2-15.2-68.3-40.1-93.2-25-25-58-38.7-93.2-38.7zm77.5 188.4c-3.3 9.3-19.1 17.7-26.7 18.8-12.6 1.9-22.4.9-47.5-9.9-39.7-17.2-65.7-57.2-67.7-59.8-2-2.6-16.2-21.5-16.2-41s10.2-29.1 13.9-33.1c3.6-4 7.9-5 10.6-5 2.6 0 5.3 0 7.6.1 2.4.1 5.7-.9 8.9 6.8 3.3 7.9 11.2 27.4 12.2 29.4s1.7 4.3.3 6.9c-7.6 15.2-15.7 14.6-11.6 21.6 15.3 26.3 30.6 35.4 53.9 47.1 4 2 6.3 1.7 8.6-1 2.3-2.6 9.9-11.6 12.5-15.5 2.6-4 5.3-3.3 8.9-2 3.6 1.3 23.1 10.9 27.1 12.9s6.6 3 7.6 4.6c.9 1.9.9 9.9-2.4 19.1zM400 32H48C21.5 32 0 53.5 0 80v352c0 26.5 21.5 48 48 48h352c26.5 0 48-21.5 48-48V80c0-26.5-21.5-48-48-48zM223.9 413.2c-26.6 0-52.7-6.7-75.8-19.3L64 416l22.5-82.2c-13.9-24-21.2-51.3-21.2-79.3C65.4 167.1 136.5 96 223.9 96c42.4 0 82.2 16.5 112.2 46.5 29.9 30 47.9 69.8 47.9 112.2 0 87.4-72.7 158.5-160.1 158.5z\"><\/path><\/svg><\/a><\/div><\/div><\/div><\/div><\/div><\/div><\/section><!-----------------------End Team Member Info Area----------------------->\t\t\t\t<\/div>\n\t\t\t\t<\/div>\n\t\t\t\t\t<\/div>\n\t\t<\/div>\n\t\t\t\t\t<\/div>\n\t\t<\/section>\n\t\t\t\t\t<\/div>\n\t\t<\/div>\n\t\t\t\t\t<\/div>\n\t\t<\/section>\n\t\t\t\t<\/div>\n\t\t","protected":false},"excerpt":{"rendered":"<p>Wer wir sind \u2013 \u00dcber uns Mit uns entdecken Sie das wahre Gesicht der Jagd. Wir sind ein polnisches Jagdb\u00fcro \u2013 spezialisiert auf die Organisation von legalen, ethischen und absolut sicheren Jagdreisen in Polen. Unsere Mission ist es, die Leidenschaft f\u00fcr die Natur mit einem professionellen Service auf h\u00f6chstem Niveau zu verbinden. Wir betreuen J\u00e4ger&#8230;<\/p>\n","protected":false},"author":1,"featured_media":0,"parent":0,"menu_order":0,"comment_status":"closed","ping_status":"closed","template":"template-builder.php","meta":{"footnotes":""},"class_list":["post-9241","page","type-page","status-publish","hentry"],"jetpack_sharing_enabled":true,"_links":{"self":[{"href":"https:\/\/hunt-armenti.pl\/de\/wp-json\/wp\/v2\/pages\/9241","targetHints":{"allow":["GET"]}}],"collection":[{"href":"https:\/\/hunt-armenti.pl\/de\/wp-json\/wp\/v2\/pages"}],"about":[{"href":"https:\/\/hunt-armenti.pl\/de\/wp-json\/wp\/v2\/types\/page"}],"author":[{"embeddable":true,"href":"https:\/\/hunt-armenti.pl\/de\/wp-json\/wp\/v2\/users\/1"}],"replies":[{"embeddable":true,"href":"https:\/\/hunt-armenti.pl\/de\/wp-json\/wp\/v2\/comments?post=9241"}],"version-history":[{"count":9,"href":"https:\/\/hunt-armenti.pl\/de\/wp-json\/wp\/v2\/pages\/9241\/revisions"}],"predecessor-version":[{"id":10744,"href":"https:\/\/hunt-armenti.pl\/de\/wp-json\/wp\/v2\/pages\/9241\/revisions\/10744"}],"wp:attachment":[{"href":"https:\/\/hunt-armenti.pl\/de\/wp-json\/wp\/v2\/media?parent=9241"}],"curies":[{"name":"wp","href":"https:\/\/api.w.org\/{rel}","templated":true}]}}