{"id":9340,"date":"2021-11-23T08:28:23","date_gmt":"2021-11-23T07:28:23","guid":{"rendered":"https:\/\/hunt-armenti.pl\/polowanie-na-sarny-kozly\/"},"modified":"2025-07-04T16:55:09","modified_gmt":"2025-07-04T14:55:09","slug":"polowanie-na-sarny-kozly","status":"publish","type":"page","link":"https:\/\/hunt-armenti.pl\/da\/polowanie-na-sarny-kozly\/","title":{"rendered":"Polowanie na Sarny \u2013 Koz\u0142y"},"content":{"rendered":"\t\t<div data-elementor-type=\"wp-page\" data-elementor-id=\"9340\" class=\"elementor elementor-9340\" data-elementor-post-type=\"page\">\n\t\t\t\t\t\t<section class=\"elementor-section elementor-top-section elementor-element elementor-element-5bed227 elementor-section-full_width elementor-section-height-default elementor-section-height-default\" data-id=\"5bed227\" data-element_type=\"section\">\n\t\t\t\t\t\t<div class=\"elementor-container elementor-column-gap-no\">\n\t\t\t\t\t<div class=\"elementor-column elementor-col-100 elementor-top-column elementor-element elementor-element-0ae4ee7\" data-id=\"0ae4ee7\" data-element_type=\"column\">\n\t\t\t<div class=\"elementor-widget-wrap elementor-element-populated\">\n\t\t\t\t\t\t<section class=\"elementor-section elementor-inner-section elementor-element elementor-element-72d2379 elementor-section-boxed elementor-section-height-default elementor-section-height-default\" data-id=\"72d2379\" data-element_type=\"section\">\n\t\t\t\t\t\t<div class=\"elementor-container elementor-column-gap-no\">\n\t\t\t\t\t<div class=\"elementor-column elementor-col-100 elementor-inner-column elementor-element elementor-element-28a4398\" data-id=\"28a4398\" data-element_type=\"column\">\n\t\t\t<div class=\"elementor-widget-wrap elementor-element-populated\">\n\t\t\t\t\t\t<div class=\"elementor-element elementor-element-69db11f elementor-widget elementor-widget-naturomegahover\" data-id=\"69db11f\" data-element_type=\"widget\" data-widget_type=\"naturomegahover.default\">\n\t\t\t\t<div class=\"elementor-widget-container\">\n\t\t\t\t\t<div class=\"mega-img-box\"><div class=\"img-1\"><div class=\"mega-hover\"><img decoding=\"async\" src=\"https:\/\/hunt-armenti.pl\/wp-content\/uploads\/2025\/07\/roe-deer-8840146_1280-1.jpg\" alt=\"roe deer 8840146_1280 1\"  class=\"w-100\" \/><\/div><\/div><\/div>\t\t\t\t<\/div>\n\t\t\t\t<\/div>\n\t\t\t\t\t<\/div>\n\t\t<\/div>\n\t\t\t\t\t<\/div>\n\t\t<\/section>\n\t\t\t\t\t<\/div>\n\t\t<\/div>\n\t\t\t\t\t<\/div>\n\t\t<\/section>\n\t\t\t\t<section class=\"elementor-section elementor-top-section elementor-element elementor-element-78be942 elementor-section-full_width elementor-section-height-default elementor-section-height-default\" data-id=\"78be942\" data-element_type=\"section\">\n\t\t\t\t\t\t<div class=\"elementor-container elementor-column-gap-default\">\n\t\t\t\t\t<div class=\"elementor-column elementor-col-100 elementor-top-column elementor-element elementor-element-b19da3f\" data-id=\"b19da3f\" data-element_type=\"column\">\n\t\t\t<div class=\"elementor-widget-wrap elementor-element-populated\">\n\t\t\t\t\t\t<section class=\"elementor-section elementor-inner-section elementor-element elementor-element-af42c91 elementor-section-boxed elementor-section-height-default elementor-section-height-default\" data-id=\"af42c91\" data-element_type=\"section\">\n\t\t\t\t\t\t<div class=\"elementor-container elementor-column-gap-no\">\n\t\t\t\t\t<div class=\"elementor-column elementor-col-100 elementor-inner-column elementor-element elementor-element-b23600a\" data-id=\"b23600a\" data-element_type=\"column\">\n\t\t\t<div class=\"elementor-widget-wrap elementor-element-populated\">\n\t\t\t\t\t\t<div class=\"elementor-element elementor-element-0d84262 elementor-widget elementor-widget-heading\" data-id=\"0d84262\" data-element_type=\"widget\" data-widget_type=\"heading.default\">\n\t\t\t\t<div class=\"elementor-widget-container\">\n\t\t\t\t\t<h2 class=\"elementor-heading-title elementor-size-default\">Bockjagt \u2013 pr\u00e6cision, udfordring og jagtlig tilfredsstillelse<\/h2>\t\t\t\t<\/div>\n\t\t\t\t<\/div>\n\t\t\t\t<div class=\"elementor-element elementor-element-1a26fd4 elementor-widget elementor-widget-text-editor\" data-id=\"1a26fd4\" data-element_type=\"widget\" data-widget_type=\"text-editor.default\">\n\t\t\t\t<div class=\"elementor-widget-container\">\n\t\t\t\t\t\t\t\t\t<p class=\"mb-55\"><strong data-start=\"67\" data-end=\"79\">Bockjagt<\/strong> er en klassisk og h\u00f8jt v\u00e6rdsat jagtform, der kombinerer <strong data-start=\"136\" data-end=\"161\">elegance og pr\u00e6cision<\/strong> med sp\u00e6ndende, udfordrende forhold i det fri. Det er den ideelle mulighed for j\u00e6gere, som s\u00e6tter pris p\u00e5 aktiv jagt, sporing og selektion \u2013 og som dr\u00f8mmer om et smukt og personligt <strong data-start=\"343\" data-end=\"374\">trof\u00e6 i form af bukkeopsats<\/strong>.<\/p>\t\t\t\t\t\t\t\t<\/div>\n\t\t\t\t<\/div>\n\t\t\t\t<div class=\"elementor-element elementor-element-b566854 elementor-widget elementor-widget-heading\" data-id=\"b566854\" data-element_type=\"widget\" data-widget_type=\"heading.default\">\n\t\t\t\t<div class=\"elementor-widget-container\">\n\t\t\t\t\t<h2 class=\"elementor-heading-title elementor-size-default\">Karakteristik af r\u00e5bukken<\/h2>\t\t\t\t<\/div>\n\t\t\t\t<\/div>\n\t\t\t\t<div class=\"elementor-element elementor-element-b41bce3 elementor-widget elementor-widget-text-editor\" data-id=\"b41bce3\" data-element_type=\"widget\" data-widget_type=\"text-editor.default\">\n\t\t\t\t<div class=\"elementor-widget-container\">\n\t\t\t\t\t\t\t\t\t<p><strong data-start=\"416\" data-end=\"449\">R\u00e5dyret (Capreolus capreolus)<\/strong> er en lille, adr\u00e6t og ekstremt vagtsom skovens beboer, der trives b\u00e5de i skove, \u00e5bne marker og lunde. Bukkene (hannerne) udvikler fine og karakteristiske opsatser i l\u00f8bet af s\u00e6sonen, som bliver et synligt symbol p\u00e5 jagtens succes og trof\u00e6v\u00e6rdi.<\/p>\t\t\t\t\t\t\t\t<\/div>\n\t\t\t\t<\/div>\n\t\t\t\t<div class=\"elementor-element elementor-element-2729be4 elementor-widget elementor-widget-heading\" data-id=\"2729be4\" data-element_type=\"widget\" data-widget_type=\"heading.default\">\n\t\t\t\t<div class=\"elementor-widget-container\">\n\t\t\t\t\t<h2 class=\"elementor-heading-title elementor-size-default\">Jagttid for r\u00e5bukke\n<\/h2>\t\t\t\t<\/div>\n\t\t\t\t<\/div>\n\t\t\t\t<div class=\"elementor-element elementor-element-d73c608 elementor-widget elementor-widget-text-editor\" data-id=\"d73c608\" data-element_type=\"widget\" data-widget_type=\"text-editor.default\">\n\t\t\t\t<div class=\"elementor-widget-container\">\n\t\t\t\t\t\t\t\t\t<div class=\"_tableContainer_80l1q_1\"><div class=\"_tableWrapper_80l1q_14 group flex w-fit flex-col-reverse\" tabindex=\"-1\"><table class=\"w-fit min-w-(--thread-content-width)\" data-start=\"729\" data-end=\"866\"><thead data-start=\"729\" data-end=\"774\"><tr data-start=\"729\" data-end=\"774\"><th data-start=\"729\" data-end=\"746\" data-col-size=\"sm\">Vildtart<\/th><th data-start=\"746\" data-end=\"774\" data-col-size=\"sm\">Jagttid<\/th><\/tr><\/thead><tbody data-start=\"821\" data-end=\"866\"><tr data-start=\"821\" data-end=\"866\"><td data-start=\"821\" data-end=\"838\" data-col-size=\"sm\">R\u00e5buk<\/td><td data-start=\"838\" data-end=\"866\" data-col-size=\"sm\">11. maj \u2013 30. september<\/td><\/tr><\/tbody><\/table><div class=\"sticky end-(--thread-content-margin) h-0 self-end select-none\"><div class=\"absolute end-0 flex items-end\">\u00a0<\/div><\/div><\/div><\/div><p data-start=\"868\" data-end=\"1009\">S\u00e6sonen falder sammen med <strong data-start=\"894\" data-end=\"917\">for\u00e5ret og sommeren<\/strong>, hvor dyrene er aktive og nemmere at iagttage \u2013 is\u00e6r omkring <strong data-start=\"979\" data-end=\"991\">brunsten<\/strong> i juli og august.<\/p>\t\t\t\t\t\t\t\t<\/div>\n\t\t\t\t<\/div>\n\t\t\t\t<div class=\"elementor-element elementor-element-9717b8c elementor-widget elementor-widget-heading\" data-id=\"9717b8c\" data-element_type=\"widget\" data-widget_type=\"heading.default\">\n\t\t\t\t<div class=\"elementor-widget-container\">\n\t\t\t\t\t<h2 class=\"elementor-heading-title elementor-size-default\">Jagttyper<\/h2>\t\t\t\t<\/div>\n\t\t\t\t<\/div>\n\t\t\t\t<div class=\"elementor-element elementor-element-984cd5b elementor-widget elementor-widget-text-editor\" data-id=\"984cd5b\" data-element_type=\"widget\" data-widget_type=\"text-editor.default\">\n\t\t\t\t<div class=\"elementor-widget-container\">\n\t\t\t\t\t\t\t\t\t<ul><li data-start=\"1034\" data-end=\"1127\"><p data-start=\"1036\" data-end=\"1127\"><strong data-start=\"1036\" data-end=\"1050\">P\u00fcrschjagt<\/strong> \u2013 den mest popul\u00e6re metode, hvor man selv sniger sig frem og spotter dyret<\/p><\/li><li data-start=\"1128\" data-end=\"1230\"><p data-start=\"1130\" data-end=\"1230\"><strong data-start=\"1130\" data-end=\"1158\">Anstandsjagt (hochstand)<\/strong> \u2013 effektiv is\u00e6r i de sene aftentimer, hvor pr\u00e6cision og ro er afg\u00f8rende<\/p><\/li><\/ul>\t\t\t\t\t\t\t\t<\/div>\n\t\t\t\t<\/div>\n\t\t\t\t<div class=\"elementor-element elementor-element-7ac5bee elementor-widget elementor-widget-heading\" data-id=\"7ac5bee\" data-element_type=\"widget\" data-widget_type=\"heading.default\">\n\t\t\t\t<div class=\"elementor-widget-container\">\n\t\t\t\t\t<h2 class=\"elementor-heading-title elementor-size-default\">For hvem?<\/h2>\t\t\t\t<\/div>\n\t\t\t\t<\/div>\n\t\t\t\t<div class=\"elementor-element elementor-element-d971d47 elementor-widget elementor-widget-text-editor\" data-id=\"d971d47\" data-element_type=\"widget\" data-widget_type=\"text-editor.default\">\n\t\t\t\t<div class=\"elementor-widget-container\">\n\t\t\t\t\t\t\t\t\t<p data-start=\"1255\" data-end=\"1280\">Bockjagten anbefales til:<\/p><ul data-start=\"1282\" data-end=\"1526\"><li data-start=\"1282\" data-end=\"1327\"><p data-start=\"1284\" data-end=\"1327\">J\u00e6gere, der <strong data-start=\"1296\" data-end=\"1325\">dr\u00f8mmer om et unikt trof\u00e6<\/strong><\/p><\/li><li data-start=\"1328\" data-end=\"1389\"><p data-start=\"1330\" data-end=\"1389\">Jagtfolk, som s\u00f8ger <strong data-start=\"1350\" data-end=\"1387\">aktiv, sp\u00e6ndende og selektiv jagt<\/strong><\/p><\/li><li data-start=\"1390\" data-end=\"1459\"><p data-start=\"1392\" data-end=\"1459\">Naturoplevelsess\u00f8gende, som nyder at l\u00e6se vildtets tegn og adf\u00e6rd<\/p><\/li><li data-start=\"1460\" data-end=\"1526\"><p data-start=\"1462\" data-end=\"1526\">G\u00e6ster, der vil <strong data-start=\"1478\" data-end=\"1526\">kombinere jagt med smukke, polske landskaber<\/strong><\/p><\/li><\/ul>\t\t\t\t\t\t\t\t<\/div>\n\t\t\t\t<\/div>\n\t\t\t\t<div class=\"elementor-element elementor-element-790507b elementor-widget elementor-widget-heading\" data-id=\"790507b\" data-element_type=\"widget\" data-widget_type=\"heading.default\">\n\t\t\t\t<div class=\"elementor-widget-container\">\n\t\t\t\t\t<h2 class=\"elementor-heading-title elementor-size-default\">Hvad vi tilbyder<\/h2>\t\t\t\t<\/div>\n\t\t\t\t<\/div>\n\t\t\t\t<div class=\"elementor-element elementor-element-a3e9280 elementor-widget elementor-widget-text-editor\" data-id=\"a3e9280\" data-element_type=\"widget\" data-widget_type=\"text-editor.default\">\n\t\t\t\t<div class=\"elementor-widget-container\">\n\t\t\t\t\t\t\t\t\t<ul><li data-start=\"1558\" data-end=\"1620\"><p data-start=\"1560\" data-end=\"1620\">Adgang til <strong data-start=\"1571\" data-end=\"1618\">udvalgte revirer med st\u00e6rke r\u00e5vildtbestande<\/strong><\/p><\/li><li data-start=\"1621\" data-end=\"1665\"><p data-start=\"1623\" data-end=\"1665\">Lokale, <strong data-start=\"1631\" data-end=\"1663\">erfarne jagtf\u00f8rere og guider<\/strong><\/p><\/li><li data-start=\"1666\" data-end=\"1711\"><p data-start=\"1668\" data-end=\"1711\"><strong data-start=\"1668\" data-end=\"1698\">Indkvartering og transport<\/strong> inkluderet<\/p><\/li><li data-start=\"1712\" data-end=\"1762\"><p data-start=\"1714\" data-end=\"1762\">Hj\u00e6lp med <strong data-start=\"1724\" data-end=\"1760\">trof\u00e6bed\u00f8mmelse og dokumentation<\/strong><\/p><\/li><li data-start=\"1763\" data-end=\"1814\"><p data-start=\"1765\" data-end=\"1814\">Mulighed for <strong data-start=\"1778\" data-end=\"1814\">forberedelse og eksport af trof\u00e6<\/strong><\/p><\/li><\/ul>\t\t\t\t\t\t\t\t<\/div>\n\t\t\t\t<\/div>\n\t\t\t\t<div class=\"elementor-element elementor-element-e4b9859 elementor-widget elementor-widget-naturobutton\" data-id=\"e4b9859\" data-element_type=\"widget\" data-widget_type=\"naturobutton.default\">\n\t\t\t\t<div class=\"elementor-widget-container\">\n\t\t\t\t\t<!-- Button --><div class=\"btn-wrapper\"><a class=\"vs-btn style-1\" href=\"https:\/\/hunt-armenti.pl\/da\/kontakt\/\"><span><i class=\"fal fa-paw\"><\/i><\/span> Kontakt os<\/a><\/div><!-- End Button -->\t\t\t\t<\/div>\n\t\t\t\t<\/div>\n\t\t\t\t\t<\/div>\n\t\t<\/div>\n\t\t\t\t\t<\/div>\n\t\t<\/section>\n\t\t\t\t\t<\/div>\n\t\t<\/div>\n\t\t\t\t\t<\/div>\n\t\t<\/section>\n\t\t\t\t<\/div>\n\t\t","protected":false},"excerpt":{"rendered":"<p>Bockjagt \u2013 pr\u00e6cision, udfordring og jagtlig tilfredsstillelse Bockjagt er en klassisk og h\u00f8jt v\u00e6rdsat jagtform, der kombinerer elegance og pr\u00e6cision med sp\u00e6ndende, udfordrende forhold i det fri. Det er den ideelle mulighed for j\u00e6gere, som s\u00e6tter pris p\u00e5 aktiv jagt, sporing og selektion \u2013 og som dr\u00f8mmer om et smukt og personligt trof\u00e6 i form&#8230;<\/p>\n","protected":false},"author":1,"featured_media":0,"parent":0,"menu_order":0,"comment_status":"closed","ping_status":"closed","template":"template-builder.php","meta":{"footnotes":""},"class_list":["post-9340","page","type-page","status-publish","hentry"],"jetpack_sharing_enabled":true,"_links":{"self":[{"href":"https:\/\/hunt-armenti.pl\/da\/wp-json\/wp\/v2\/pages\/9340","targetHints":{"allow":["GET"]}}],"collection":[{"href":"https:\/\/hunt-armenti.pl\/da\/wp-json\/wp\/v2\/pages"}],"about":[{"href":"https:\/\/hunt-armenti.pl\/da\/wp-json\/wp\/v2\/types\/page"}],"author":[{"embeddable":true,"href":"https:\/\/hunt-armenti.pl\/da\/wp-json\/wp\/v2\/users\/1"}],"replies":[{"embeddable":true,"href":"https:\/\/hunt-armenti.pl\/da\/wp-json\/wp\/v2\/comments?post=9340"}],"version-history":[{"count":6,"href":"https:\/\/hunt-armenti.pl\/da\/wp-json\/wp\/v2\/pages\/9340\/revisions"}],"predecessor-version":[{"id":10478,"href":"https:\/\/hunt-armenti.pl\/da\/wp-json\/wp\/v2\/pages\/9340\/revisions\/10478"}],"wp:attachment":[{"href":"https:\/\/hunt-armenti.pl\/da\/wp-json\/wp\/v2\/media?parent=9340"}],"curies":[{"name":"wp","href":"https:\/\/api.w.org\/{rel}","templated":true}]}}