{"id":9339,"date":"2025-07-02T19:27:23","date_gmt":"2025-07-02T17:27:23","guid":{"rendered":"https:\/\/hunt-armenti.pl\/polowanie-na-jelenie-byki\/"},"modified":"2025-07-04T16:55:03","modified_gmt":"2025-07-04T14:55:03","slug":"polowanie-na-jelenie-byki","status":"publish","type":"page","link":"https:\/\/hunt-armenti.pl\/da\/polowanie-na-jelenie-byki\/","title":{"rendered":"Polowanie na Jelenie \u2013 Byki"},"content":{"rendered":"\t\t<div data-elementor-type=\"wp-page\" data-elementor-id=\"9339\" class=\"elementor elementor-9339\" data-elementor-post-type=\"page\">\n\t\t\t\t\t\t<section class=\"elementor-section elementor-top-section elementor-element elementor-element-5bed227 elementor-section-full_width elementor-section-height-default elementor-section-height-default\" data-id=\"5bed227\" data-element_type=\"section\">\n\t\t\t\t\t\t<div class=\"elementor-container elementor-column-gap-no\">\n\t\t\t\t\t<div class=\"elementor-column elementor-col-100 elementor-top-column elementor-element elementor-element-0ae4ee7\" data-id=\"0ae4ee7\" data-element_type=\"column\">\n\t\t\t<div class=\"elementor-widget-wrap elementor-element-populated\">\n\t\t\t\t\t\t<section class=\"elementor-section elementor-inner-section elementor-element elementor-element-72d2379 elementor-section-boxed elementor-section-height-default elementor-section-height-default\" data-id=\"72d2379\" data-element_type=\"section\">\n\t\t\t\t\t\t<div class=\"elementor-container elementor-column-gap-no\">\n\t\t\t\t\t<div class=\"elementor-column elementor-col-100 elementor-inner-column elementor-element elementor-element-28a4398\" data-id=\"28a4398\" data-element_type=\"column\">\n\t\t\t<div class=\"elementor-widget-wrap elementor-element-populated\">\n\t\t\t\t\t\t<div class=\"elementor-element elementor-element-69db11f elementor-widget elementor-widget-naturomegahover\" data-id=\"69db11f\" data-element_type=\"widget\" data-widget_type=\"naturomegahover.default\">\n\t\t\t\t<div class=\"elementor-widget-container\">\n\t\t\t\t\t<div class=\"mega-img-box\"><div class=\"img-1\"><div class=\"mega-hover\"><img decoding=\"async\" src=\"https:\/\/hunt-armenti.pl\/wp-content\/uploads\/2025\/07\/reindeer-1323000_1920.jpg\" alt=\"reindeer 1323000_1920\"  class=\"w-100\" \/><\/div><\/div><\/div>\t\t\t\t<\/div>\n\t\t\t\t<\/div>\n\t\t\t\t\t<\/div>\n\t\t<\/div>\n\t\t\t\t\t<\/div>\n\t\t<\/section>\n\t\t\t\t\t<\/div>\n\t\t<\/div>\n\t\t\t\t\t<\/div>\n\t\t<\/section>\n\t\t\t\t<section class=\"elementor-section elementor-top-section elementor-element elementor-element-ead7340 elementor-section-full_width elementor-section-height-default elementor-section-height-default\" data-id=\"ead7340\" data-element_type=\"section\">\n\t\t\t\t\t\t<div class=\"elementor-container elementor-column-gap-default\">\n\t\t\t\t\t<div class=\"elementor-column elementor-col-100 elementor-top-column elementor-element elementor-element-736f966\" data-id=\"736f966\" data-element_type=\"column\">\n\t\t\t<div class=\"elementor-widget-wrap elementor-element-populated\">\n\t\t\t\t\t\t<section class=\"elementor-section elementor-inner-section elementor-element elementor-element-5aba318 elementor-section-boxed elementor-section-height-default elementor-section-height-default\" data-id=\"5aba318\" data-element_type=\"section\">\n\t\t\t\t\t\t<div class=\"elementor-container elementor-column-gap-no\">\n\t\t\t\t\t<div class=\"elementor-column elementor-col-100 elementor-inner-column elementor-element elementor-element-8ec48b4\" data-id=\"8ec48b4\" data-element_type=\"column\">\n\t\t\t<div class=\"elementor-widget-wrap elementor-element-populated\">\n\t\t\t\t\t\t<div class=\"elementor-element elementor-element-2b06d3f elementor-widget elementor-widget-heading\" data-id=\"2b06d3f\" data-element_type=\"widget\" data-widget_type=\"heading.default\">\n\t\t\t\t<div class=\"elementor-widget-container\">\n\t\t\t\t\t<h2 class=\"elementor-heading-title elementor-size-default\">Kronhjortejagt \u2013 h\u00f8jdepunktet i den jagtlige kalender<\/h2>\t\t\t\t<\/div>\n\t\t\t\t<\/div>\n\t\t\t\t<div class=\"elementor-element elementor-element-69eebd9 elementor-widget elementor-widget-text-editor\" data-id=\"69eebd9\" data-element_type=\"widget\" data-widget_type=\"text-editor.default\">\n\t\t\t\t<div class=\"elementor-widget-container\">\n\t\t\t\t\t\t\t\t\t<p class=\"mb-55\">Jagten p\u00e5 <strong data-start=\"69\" data-end=\"83\">kronhjorte<\/strong> (Cervus elaphus) er noget af det mest prestigefyldte og emotionelle, man kan opleve i polsk jagttradition. S\u00e6rligt <strong data-start=\"199\" data-end=\"211\">brunsten<\/strong> \u2013 den r\u00e5 og vilde efter\u00e5rstid, hvor de st\u00e6rkeste hjorte k\u00e6mper om hinderne \u2013 er et uforglemmeligt syn og en dr\u00f8m for enhver passioneret j\u00e6ger. Det er her, man m\u00f8der <strong data-start=\"377\" data-end=\"394\">skovens konge<\/strong> i al sin storhed \u2013 b\u00e5de i lyd og syn.<\/p>\t\t\t\t\t\t\t\t<\/div>\n\t\t\t\t<\/div>\n\t\t\t\t<div class=\"elementor-element elementor-element-751fae6 elementor-widget elementor-widget-heading\" data-id=\"751fae6\" data-element_type=\"widget\" data-widget_type=\"heading.default\">\n\t\t\t\t<div class=\"elementor-widget-container\">\n\t\t\t\t\t<h2 class=\"elementor-heading-title elementor-size-default\">Kronhjorten \u2013 skovens stolthed<\/h2>\t\t\t\t<\/div>\n\t\t\t\t<\/div>\n\t\t\t\t<div class=\"elementor-element elementor-element-2eeb5a6 elementor-widget elementor-widget-text-editor\" data-id=\"2eeb5a6\" data-element_type=\"widget\" data-widget_type=\"text-editor.default\">\n\t\t\t\t<div class=\"elementor-widget-container\">\n\t\t\t\t\t\t\t\t\t<p>Kronhjorten er <strong data-start=\"493\" data-end=\"523\">Polens st\u00f8rste hjortevildt<\/strong> og et symbol p\u00e5 styrke og sk\u00f8nhed. En fuldvoksen hjort kan veje op til <strong data-start=\"595\" data-end=\"605\">250 kg<\/strong> og b\u00e6re imponerende trof\u00e6gevirer, som \u2013 afh\u00e6ngig af alder, genetik og habitat \u2013 kan kvalificere til <strong data-start=\"706\" data-end=\"738\">medalje (bronze, s\u00f8lv, guld)<\/strong>.<\/p>\t\t\t\t\t\t\t\t<\/div>\n\t\t\t\t<\/div>\n\t\t\t\t<div class=\"elementor-element elementor-element-09b52aa elementor-widget elementor-widget-heading\" data-id=\"09b52aa\" data-element_type=\"widget\" data-widget_type=\"heading.default\">\n\t\t\t\t<div class=\"elementor-widget-container\">\n\t\t\t\t\t<h2 class=\"elementor-heading-title elementor-size-default\"> Jagttid for kronhjorte<\/h2>\t\t\t\t<\/div>\n\t\t\t\t<\/div>\n\t\t\t\t<div class=\"elementor-element elementor-element-d2f3e9e elementor-widget elementor-widget-text-editor\" data-id=\"d2f3e9e\" data-element_type=\"widget\" data-widget_type=\"text-editor.default\">\n\t\t\t\t<div class=\"elementor-widget-container\">\n\t\t\t\t\t\t\t\t\t<div class=\"_tableContainer_80l1q_1\"><div class=\"_tableWrapper_80l1q_14 group flex w-fit flex-col-reverse\" tabindex=\"-1\"><table class=\"w-fit min-w-(--thread-content-width)\" data-start=\"777\" data-end=\"917\"><thead data-start=\"777\" data-end=\"822\"><tr data-start=\"777\" data-end=\"822\"><th data-start=\"777\" data-end=\"796\" data-col-size=\"sm\">Vildtart<\/th><th data-start=\"796\" data-end=\"822\" data-col-size=\"sm\">Jagttid<\/th><\/tr><\/thead><tbody data-start=\"869\" data-end=\"917\"><tr data-start=\"869\" data-end=\"917\"><td data-start=\"869\" data-end=\"889\" data-col-size=\"sm\">Kronhjort (hjort)<\/td><td data-start=\"889\" data-end=\"917\" data-col-size=\"sm\">21. august \u2013 28. februar<\/td><\/tr><\/tbody><\/table><div class=\"sticky end-(--thread-content-margin) h-0 self-end select-none\"><div class=\"absolute end-0 flex items-end\">\u00a0<\/div><\/div><\/div><\/div><p data-start=\"919\" data-end=\"1069\">Den absolut bedste tid er <strong data-start=\"945\" data-end=\"958\">september<\/strong>, hvor brunstperioden kulminerer. R\u00e5bene runger gennem skovene, og hjortene er aktive og lettere at lokalisere.<\/p>\t\t\t\t\t\t\t\t<\/div>\n\t\t\t\t<\/div>\n\t\t\t\t<div class=\"elementor-element elementor-element-c3991c3 elementor-widget elementor-widget-heading\" data-id=\"c3991c3\" data-element_type=\"widget\" data-widget_type=\"heading.default\">\n\t\t\t\t<div class=\"elementor-widget-container\">\n\t\t\t\t\t<h2 class=\"elementor-heading-title elementor-size-default\">Jagttyper<\/h2>\t\t\t\t<\/div>\n\t\t\t\t<\/div>\n\t\t\t\t<div class=\"elementor-element elementor-element-a5c2316 elementor-widget elementor-widget-text-editor\" data-id=\"a5c2316\" data-element_type=\"widget\" data-widget_type=\"text-editor.default\">\n\t\t\t\t<div class=\"elementor-widget-container\">\n\t\t\t\t\t\t\t\t\t<ul><li data-start=\"1094\" data-end=\"1203\"><p data-start=\"1096\" data-end=\"1203\"><strong data-start=\"1096\" data-end=\"1110\">P\u00fcrschjagt<\/strong> \u2013 intens og kr\u00e6vende jagtform, hvor t\u00e5lmodighed, sporingskunst og dyreindsigt er afg\u00f8rende<\/p><\/li><li data-start=\"1204\" data-end=\"1297\"><p data-start=\"1206\" data-end=\"1297\"><strong data-start=\"1206\" data-end=\"1235\">Anstandsjagt fra hochsitz<\/strong> \u2013 is\u00e6r effektiv i brunsten, n\u00e5r hjortene s\u00f8ger \u00e5bne omr\u00e5der<\/p><\/li><li data-start=\"1298\" data-end=\"1395\"><p data-start=\"1300\" data-end=\"1395\"><strong data-start=\"1300\" data-end=\"1328\">Lokkejagt med brunstkald<\/strong> \u2013 kr\u00e6ver teknik og erfaring, men bel\u00f8nningen kan v\u00e6re formidabel<\/p><\/li><li data-start=\"1396\" data-end=\"1498\"><p data-start=\"1398\" data-end=\"1498\"><strong data-start=\"1398\" data-end=\"1414\">Vinterjagter<\/strong> \u2013 roligere jagt udenfor brunst, med fokus p\u00e5 spor og viden om vinteropholdssteder<\/p><\/li><\/ul>\t\t\t\t\t\t\t\t<\/div>\n\t\t\t\t<\/div>\n\t\t\t\t<div class=\"elementor-element elementor-element-b33df1a elementor-widget elementor-widget-heading\" data-id=\"b33df1a\" data-element_type=\"widget\" data-widget_type=\"heading.default\">\n\t\t\t\t<div class=\"elementor-widget-container\">\n\t\t\t\t\t<h2 class=\"elementor-heading-title elementor-size-default\">Hvem egner jagten sig til?<\/h2>\t\t\t\t<\/div>\n\t\t\t\t<\/div>\n\t\t\t\t<div class=\"elementor-element elementor-element-32aef24 elementor-widget elementor-widget-text-editor\" data-id=\"32aef24\" data-element_type=\"widget\" data-widget_type=\"text-editor.default\">\n\t\t\t\t<div class=\"elementor-widget-container\">\n\t\t\t\t\t\t\t\t\t<p data-start=\"1540\" data-end=\"1574\">Jagten p\u00e5 kronhjort anbefales til:<\/p><ul data-start=\"1576\" data-end=\"1830\"><li data-start=\"1576\" data-end=\"1636\"><p data-start=\"1578\" data-end=\"1636\"><strong data-start=\"1578\" data-end=\"1598\">Ambiti\u00f8se j\u00e6gere<\/strong>, der dr\u00f8mmer om <strong data-start=\"1615\" data-end=\"1634\">et medaljetrof\u00e6<\/strong><\/p><\/li><li data-start=\"1637\" data-end=\"1699\"><p data-start=\"1639\" data-end=\"1699\">Naturentusiaster, der vil opleve <strong data-start=\"1672\" data-end=\"1697\">brunsten p\u00e5 n\u00e6rt hold<\/strong><\/p><\/li><li data-start=\"1700\" data-end=\"1760\"><p data-start=\"1702\" data-end=\"1760\">G\u00e6ster, der \u00f8nsker <strong data-start=\"1721\" data-end=\"1758\">en personlig, eksklusiv jagtrejse<\/strong><\/p><\/li><li data-start=\"1761\" data-end=\"1830\"><p data-start=\"1763\" data-end=\"1830\">J\u00e6gere, som forventer <strong data-start=\"1785\" data-end=\"1828\">fuld service og professionel assistance<\/strong><\/p><\/li><\/ul>\t\t\t\t\t\t\t\t<\/div>\n\t\t\t\t<\/div>\n\t\t\t\t<div class=\"elementor-element elementor-element-cd7fc29 elementor-widget elementor-widget-heading\" data-id=\"cd7fc29\" data-element_type=\"widget\" data-widget_type=\"heading.default\">\n\t\t\t\t<div class=\"elementor-widget-container\">\n\t\t\t\t\t<h2 class=\"elementor-heading-title elementor-size-default\"> Trof\u00e6bed\u00f8mmelse og forarbejdning\n\n<\/h2>\t\t\t\t<\/div>\n\t\t\t\t<\/div>\n\t\t\t\t<div class=\"elementor-element elementor-element-3039cd9 elementor-widget elementor-widget-text-editor\" data-id=\"3039cd9\" data-element_type=\"widget\" data-widget_type=\"text-editor.default\">\n\t\t\t\t<div class=\"elementor-widget-container\">\n\t\t\t\t\t\t\t\t\t<p data-start=\"1878\" data-end=\"1890\">Vi tilbyder:<\/p><ul data-start=\"1892\" data-end=\"2019\"><li data-start=\"1892\" data-end=\"1935\"><p data-start=\"1894\" data-end=\"1935\">Vejning og <strong data-start=\"1905\" data-end=\"1933\">officiel trof\u00e6bed\u00f8mmelse<\/strong><\/p><\/li><li data-start=\"1936\" data-end=\"1988\"><p data-start=\"1938\" data-end=\"1988\"><strong data-start=\"1938\" data-end=\"1986\">Forberedelse af kranie- eller skuldermontage<\/strong><\/p><\/li><li data-start=\"1989\" data-end=\"2019\"><p data-start=\"1991\" data-end=\"2019\"><strong data-start=\"1991\" data-end=\"2017\">Hj\u00e6lp til trof\u00e6eksport<\/strong><\/p><\/li><\/ul>\t\t\t\t\t\t\t\t<\/div>\n\t\t\t\t<\/div>\n\t\t\t\t<div class=\"elementor-element elementor-element-fb5724a elementor-widget elementor-widget-heading\" data-id=\"fb5724a\" data-element_type=\"widget\" data-widget_type=\"heading.default\">\n\t\t\t\t<div class=\"elementor-widget-container\">\n\t\t\t\t\t<h2 class=\"elementor-heading-title elementor-size-default\">Vi s\u00f8rger for:\n\n<\/h2>\t\t\t\t<\/div>\n\t\t\t\t<\/div>\n\t\t\t\t<div class=\"elementor-element elementor-element-1b044ab elementor-widget elementor-widget-text-editor\" data-id=\"1b044ab\" data-element_type=\"widget\" data-widget_type=\"text-editor.default\">\n\t\t\t\t<div class=\"elementor-widget-container\">\n\t\t\t\t\t\t\t\t\t<ul><li data-start=\"2049\" data-end=\"2116\"><p data-start=\"2051\" data-end=\"2116\">Jagter i n\u00f8je udvalgte revirer med <strong data-start=\"2086\" data-end=\"2114\">st\u00e6rke kronvildtbestande<\/strong><\/p><\/li><li data-start=\"2117\" data-end=\"2163\"><p data-start=\"2119\" data-end=\"2163\">Erfarne, <strong data-start=\"2128\" data-end=\"2161\">lokale jagtf\u00f8rere og trackere<\/strong><\/p><\/li><li data-start=\"2164\" data-end=\"2217\"><p data-start=\"2166\" data-end=\"2217\"><strong data-start=\"2166\" data-end=\"2215\">Komfortabel indkvartering og fuld forplejning<\/strong><\/p><\/li><li data-start=\"2218\" data-end=\"2254\"><p data-start=\"2220\" data-end=\"2254\">Transport til og fra jagtomr\u00e5der<\/p><\/li><li data-start=\"2255\" data-end=\"2322\"><p data-start=\"2257\" data-end=\"2322\">Alt omkring <strong data-start=\"2269\" data-end=\"2322\">trophymanagement: dokumentation, pakning, eksport<\/strong><\/p><\/li><\/ul>\t\t\t\t\t\t\t\t<\/div>\n\t\t\t\t<\/div>\n\t\t\t\t<div class=\"elementor-element elementor-element-4207617 elementor-widget elementor-widget-naturobutton\" data-id=\"4207617\" data-element_type=\"widget\" data-widget_type=\"naturobutton.default\">\n\t\t\t\t<div class=\"elementor-widget-container\">\n\t\t\t\t\t<!-- Button --><div class=\"btn-wrapper\"><a class=\"vs-btn style-1\" href=\"https:\/\/hunt-armenti.pl\/da\/kontakt\/\"><span><i class=\"fal fa-paw\"><\/i><\/span>  Kontakt os<\/a><\/div><!-- End Button -->\t\t\t\t<\/div>\n\t\t\t\t<\/div>\n\t\t\t\t\t<\/div>\n\t\t<\/div>\n\t\t\t\t\t<\/div>\n\t\t<\/section>\n\t\t\t\t\t<\/div>\n\t\t<\/div>\n\t\t\t\t\t<\/div>\n\t\t<\/section>\n\t\t\t\t<\/div>\n\t\t","protected":false},"excerpt":{"rendered":"<p>Kronhjortejagt \u2013 h\u00f8jdepunktet i den jagtlige kalender Jagten p\u00e5 kronhjorte (Cervus elaphus) er noget af det mest prestigefyldte og emotionelle, man kan opleve i polsk jagttradition. S\u00e6rligt brunsten \u2013 den r\u00e5 og vilde efter\u00e5rstid, hvor de st\u00e6rkeste hjorte k\u00e6mper om hinderne \u2013 er et uforglemmeligt syn og en dr\u00f8m for enhver passioneret j\u00e6ger. Det er&#8230;<\/p>\n","protected":false},"author":1,"featured_media":0,"parent":0,"menu_order":0,"comment_status":"closed","ping_status":"closed","template":"template-builder.php","meta":{"footnotes":""},"class_list":["post-9339","page","type-page","status-publish","hentry"],"jetpack_sharing_enabled":true,"_links":{"self":[{"href":"https:\/\/hunt-armenti.pl\/da\/wp-json\/wp\/v2\/pages\/9339","targetHints":{"allow":["GET"]}}],"collection":[{"href":"https:\/\/hunt-armenti.pl\/da\/wp-json\/wp\/v2\/pages"}],"about":[{"href":"https:\/\/hunt-armenti.pl\/da\/wp-json\/wp\/v2\/types\/page"}],"author":[{"embeddable":true,"href":"https:\/\/hunt-armenti.pl\/da\/wp-json\/wp\/v2\/users\/1"}],"replies":[{"embeddable":true,"href":"https:\/\/hunt-armenti.pl\/da\/wp-json\/wp\/v2\/comments?post=9339"}],"version-history":[{"count":6,"href":"https:\/\/hunt-armenti.pl\/da\/wp-json\/wp\/v2\/pages\/9339\/revisions"}],"predecessor-version":[{"id":10475,"href":"https:\/\/hunt-armenti.pl\/da\/wp-json\/wp\/v2\/pages\/9339\/revisions\/10475"}],"wp:attachment":[{"href":"https:\/\/hunt-armenti.pl\/da\/wp-json\/wp\/v2\/media?parent=9339"}],"curies":[{"name":"wp","href":"https:\/\/api.w.org\/{rel}","templated":true}]}}