{"id":9338,"date":"2025-07-02T19:27:47","date_gmt":"2025-07-02T17:27:47","guid":{"rendered":"https:\/\/hunt-armenti.pl\/polowanie-na-dziki\/"},"modified":"2025-07-04T16:54:58","modified_gmt":"2025-07-04T14:54:58","slug":"polowanie-na-dziki","status":"publish","type":"page","link":"https:\/\/hunt-armenti.pl\/da\/polowanie-na-dziki\/","title":{"rendered":"Polowanie na dziki"},"content":{"rendered":"\t\t<div data-elementor-type=\"wp-page\" data-elementor-id=\"9338\" class=\"elementor elementor-9338\" data-elementor-post-type=\"page\">\n\t\t\t\t\t\t<section class=\"elementor-section elementor-top-section elementor-element elementor-element-5bed227 elementor-section-full_width elementor-section-height-default elementor-section-height-default\" data-id=\"5bed227\" data-element_type=\"section\">\n\t\t\t\t\t\t<div class=\"elementor-container elementor-column-gap-no\">\n\t\t\t\t\t<div class=\"elementor-column elementor-col-100 elementor-top-column elementor-element elementor-element-0ae4ee7\" data-id=\"0ae4ee7\" data-element_type=\"column\">\n\t\t\t<div class=\"elementor-widget-wrap elementor-element-populated\">\n\t\t\t\t\t\t<section class=\"elementor-section elementor-inner-section elementor-element elementor-element-72d2379 elementor-section-boxed elementor-section-height-default elementor-section-height-default\" data-id=\"72d2379\" data-element_type=\"section\">\n\t\t\t\t\t\t<div class=\"elementor-container elementor-column-gap-no\">\n\t\t\t\t\t<div class=\"elementor-column elementor-col-100 elementor-inner-column elementor-element elementor-element-28a4398\" data-id=\"28a4398\" data-element_type=\"column\">\n\t\t\t<div class=\"elementor-widget-wrap elementor-element-populated\">\n\t\t\t\t\t\t<div class=\"elementor-element elementor-element-69db11f elementor-widget elementor-widget-naturomegahover\" data-id=\"69db11f\" data-element_type=\"widget\" data-widget_type=\"naturomegahover.default\">\n\t\t\t\t<div class=\"elementor-widget-container\">\n\t\t\t\t\t<div class=\"mega-img-box\"><div class=\"img-1\"><div class=\"mega-hover\"><img decoding=\"async\" src=\"https:\/\/hunt-armenti.pl\/wp-content\/uploads\/2025\/07\/animal-6909689-scaled-e1751484039256.jpg\" alt=\"animal 6909689 scaled e1751484039256\"  class=\"w-100\" \/><\/div><\/div><\/div>\t\t\t\t<\/div>\n\t\t\t\t<\/div>\n\t\t\t\t\t<\/div>\n\t\t<\/div>\n\t\t\t\t\t<\/div>\n\t\t<\/section>\n\t\t\t\t\t<\/div>\n\t\t<\/div>\n\t\t\t\t\t<\/div>\n\t\t<\/section>\n\t\t\t\t<section class=\"elementor-section elementor-top-section elementor-element elementor-element-384c29e elementor-section-full_width elementor-section-height-default elementor-section-height-default\" data-id=\"384c29e\" data-element_type=\"section\">\n\t\t\t\t\t\t<div class=\"elementor-container elementor-column-gap-default\">\n\t\t\t\t\t<div class=\"elementor-column elementor-col-100 elementor-top-column elementor-element elementor-element-da01854\" data-id=\"da01854\" data-element_type=\"column\">\n\t\t\t<div class=\"elementor-widget-wrap elementor-element-populated\">\n\t\t\t\t\t\t<section class=\"elementor-section elementor-inner-section elementor-element elementor-element-ed5d161 elementor-section-boxed elementor-section-height-default elementor-section-height-default\" data-id=\"ed5d161\" data-element_type=\"section\">\n\t\t\t\t\t\t<div class=\"elementor-container elementor-column-gap-no\">\n\t\t\t\t\t<div class=\"elementor-column elementor-col-100 elementor-inner-column elementor-element elementor-element-ae2b833\" data-id=\"ae2b833\" data-element_type=\"column\">\n\t\t\t<div class=\"elementor-widget-wrap elementor-element-populated\">\n\t\t\t\t\t\t<div class=\"elementor-element elementor-element-84c4eb8 elementor-widget elementor-widget-heading\" data-id=\"84c4eb8\" data-element_type=\"widget\" data-widget_type=\"heading.default\">\n\t\t\t\t<div class=\"elementor-widget-container\">\n\t\t\t\t\t<h2 class=\"elementor-heading-title elementor-size-default\">Vildsvinejagt \u2013 hel\u00e5rsjagt og adrenalinsus i polske revirer<\/h2>\t\t\t\t<\/div>\n\t\t\t\t<\/div>\n\t\t\t\t<div class=\"elementor-element elementor-element-f2ffe1b elementor-widget elementor-widget-text-editor\" data-id=\"f2ffe1b\" data-element_type=\"widget\" data-widget_type=\"text-editor.default\">\n\t\t\t\t<div class=\"elementor-widget-container\">\n\t\t\t\t\t\t\t\t\t<p class=\"mb-55\">Vildsvinejagten er \u00e9n af de mest intense og uforudsigelige jagtformer. Muligheden for at jage <strong data-start=\"159\" data-end=\"173\">\u00e5ret rundt<\/strong> g\u00f8r vildsvinet til et s\u00e6rligt attraktivt m\u00e5l \u2013 b\u00e5de for erfarne riffelskytter og dem, der er p\u00e5 udkig efter deres f\u00f8rste store eventyr. Nattens anstandsjagt, lydl\u00f8se p\u00fcrsch eller pulserende f\u00e6llesjagter \u2013 vildsvinet leverer sp\u00e6nding fra f\u00f8rste sekund.<\/p>\t\t\t\t\t\t\t\t<\/div>\n\t\t\t\t<\/div>\n\t\t\t\t<div class=\"elementor-element elementor-element-0fe3a90 elementor-widget elementor-widget-heading\" data-id=\"0fe3a90\" data-element_type=\"widget\" data-widget_type=\"heading.default\">\n\t\t\t\t<div class=\"elementor-widget-container\">\n\t\t\t\t\t<h2 class=\"elementor-heading-title elementor-size-default\">Vildsvinet \u2013 naturens listige kriger<\/h2>\t\t\t\t<\/div>\n\t\t\t\t<\/div>\n\t\t\t\t<div class=\"elementor-element elementor-element-f0df1c1 elementor-widget elementor-widget-text-editor\" data-id=\"f0df1c1\" data-element_type=\"widget\" data-widget_type=\"text-editor.default\">\n\t\t\t\t<div class=\"elementor-widget-container\">\n\t\t\t\t\t\t\t\t\t<p><strong data-start=\"477\" data-end=\"504\">Vildsvinet (Sus scrofa)<\/strong> er intelligent, sky og s\u00e6rdeles forsigtigt. Det trives overalt i Polen \u2013 i skove, p\u00e5 marker og i blandingsomr\u00e5der. Vildsvin lever typisk i rudler, mens <strong data-start=\"657\" data-end=\"681\">store orner (ody\u0144ce)<\/strong> ofte f\u00e6rdes alene og kr\u00e6ver snilde at spore. De st\u00f8rste hanner vejer op mod <strong data-start=\"758\" data-end=\"772\">150\u2013200 kg<\/strong> \u2013 og at nedl\u00e6gge \u00e9n kr\u00e6ver erfaring, t\u00e5lmodighed og god skydedisciplin.<\/p>\t\t\t\t\t\t\t\t<\/div>\n\t\t\t\t<\/div>\n\t\t\t\t<div class=\"elementor-element elementor-element-5443f35 elementor-widget elementor-widget-heading\" data-id=\"5443f35\" data-element_type=\"widget\" data-widget_type=\"heading.default\">\n\t\t\t\t<div class=\"elementor-widget-container\">\n\t\t\t\t\t<h2 class=\"elementor-heading-title elementor-size-default\"> Jagttider<\/h2>\t\t\t\t<\/div>\n\t\t\t\t<\/div>\n\t\t\t\t<div class=\"elementor-element elementor-element-3997d53 elementor-widget elementor-widget-text-editor\" data-id=\"3997d53\" data-element_type=\"widget\" data-widget_type=\"text-editor.default\">\n\t\t\t\t<div class=\"elementor-widget-container\">\n\t\t\t\t\t\t\t\t\t<table class=\"w-fit min-w-(--thread-content-width)\" data-start=\"869\" data-end=\"1009\"><thead data-start=\"869\" data-end=\"915\"><tr data-start=\"869\" data-end=\"915\"><th data-start=\"869\" data-end=\"891\" data-col-size=\"sm\">K\u00f8n \/ alder<\/th><th data-start=\"891\" data-end=\"915\" data-col-size=\"sm\">Jagttid<\/th><\/tr><\/thead><tbody data-start=\"963\" data-end=\"1009\"><tr data-start=\"963\" data-end=\"1009\"><td data-start=\"963\" data-end=\"985\" data-col-size=\"sm\">Vildsvin (alle dyr)<\/td><td data-start=\"985\" data-end=\"1009\" data-col-size=\"sm\">Hele \u00e5ret (365 dage)<\/td><\/tr><\/tbody><\/table><p>\u00a0<\/p>\t\t\t\t\t\t\t\t<\/div>\n\t\t\t\t<\/div>\n\t\t\t\t<div class=\"elementor-element elementor-element-892c99c elementor-widget elementor-widget-heading\" data-id=\"892c99c\" data-element_type=\"widget\" data-widget_type=\"heading.default\">\n\t\t\t\t<div class=\"elementor-widget-container\">\n\t\t\t\t\t<h2 class=\"elementor-heading-title elementor-size-default\">Jagttyper<\/h2>\t\t\t\t<\/div>\n\t\t\t\t<\/div>\n\t\t\t\t<div class=\"elementor-element elementor-element-584945d elementor-widget elementor-widget-text-editor\" data-id=\"584945d\" data-element_type=\"widget\" data-widget_type=\"text-editor.default\">\n\t\t\t\t<div class=\"elementor-widget-container\">\n\t\t\t\t\t\t\t\t\t<p data-start=\"1034\" data-end=\"1085\">Vildsvinejagt kan gennemf\u00f8res i forskellige former:<\/p><ul data-start=\"1087\" data-end=\"1392\"><li data-start=\"1087\" data-end=\"1158\"><p data-start=\"1089\" data-end=\"1158\"><strong data-start=\"1089\" data-end=\"1118\">Anstandsjagt fra hochsitz<\/strong> \u2013 giver ro til at afgive pr\u00e6cise skud<\/p><\/li><li data-start=\"1159\" data-end=\"1237\"><p data-start=\"1161\" data-end=\"1237\"><strong data-start=\"1161\" data-end=\"1175\">P\u00fcrschjagt<\/strong> \u2013 for de erfarne, der elsker udfordringen i direkte kontakt<\/p><\/li><li data-start=\"1238\" data-end=\"1322\"><p data-start=\"1240\" data-end=\"1322\"><strong data-start=\"1240\" data-end=\"1251\">Natjagt<\/strong> \u2013 med termiske eller natoptikker (tilladt efter g\u00e6ldende lovgivning)<\/p><\/li><li data-start=\"1323\" data-end=\"1392\"><p data-start=\"1325\" data-end=\"1392\"><strong data-start=\"1325\" data-end=\"1337\">Drivjagt<\/strong> \u2013 dynamisk og actionfyldt, s\u00e6rligt egnet til grupper<\/p><\/li><\/ul>\t\t\t\t\t\t\t\t<\/div>\n\t\t\t\t<\/div>\n\t\t\t\t<div class=\"elementor-element elementor-element-47f9eb2 elementor-widget elementor-widget-heading\" data-id=\"47f9eb2\" data-element_type=\"widget\" data-widget_type=\"heading.default\">\n\t\t\t\t<div class=\"elementor-widget-container\">\n\t\t\t\t\t<h2 class=\"elementor-heading-title elementor-size-default\">Hvem egner jagten sig til?<\/h2>\t\t\t\t<\/div>\n\t\t\t\t<\/div>\n\t\t\t\t<div class=\"elementor-element elementor-element-ff965fc elementor-widget elementor-widget-text-editor\" data-id=\"ff965fc\" data-element_type=\"widget\" data-widget_type=\"text-editor.default\">\n\t\t\t\t<div class=\"elementor-widget-container\">\n\t\t\t\t\t\t\t\t\t<p data-start=\"1434\" data-end=\"1462\">Vildsvinejagt anbefales til:<\/p><ul data-start=\"1464\" data-end=\"1703\"><li data-start=\"1464\" data-end=\"1504\"><p data-start=\"1466\" data-end=\"1504\">J\u00e6gere, der vil jage hele \u00e5ret rundt<\/p><\/li><li data-start=\"1505\" data-end=\"1567\"><p data-start=\"1507\" data-end=\"1567\">Dem, der trives med natjagt og adrenalinfyldte situationer<\/p><\/li><li data-start=\"1568\" data-end=\"1635\"><p data-start=\"1570\" data-end=\"1635\">Eventyrlystne g\u00e6ster med \u00f8nske om intens kontakt med vild natur<\/p><\/li><li data-start=\"1636\" data-end=\"1703\"><p data-start=\"1638\" data-end=\"1703\">Grupper, der vil kombinere vildsvin med anden klovb\u00e6rende vildt<\/p><\/li><\/ul>\t\t\t\t\t\t\t\t<\/div>\n\t\t\t\t<\/div>\n\t\t\t\t<div class=\"elementor-element elementor-element-2820bb2 elementor-widget elementor-widget-heading\" data-id=\"2820bb2\" data-element_type=\"widget\" data-widget_type=\"heading.default\">\n\t\t\t\t<div class=\"elementor-widget-container\">\n\t\t\t\t\t<h2 class=\"elementor-heading-title elementor-size-default\">Hvad vi tilbyder:\n<\/h2>\t\t\t\t<\/div>\n\t\t\t\t<\/div>\n\t\t\t\t<div class=\"elementor-element elementor-element-568e390 elementor-widget elementor-widget-text-editor\" data-id=\"568e390\" data-element_type=\"widget\" data-widget_type=\"text-editor.default\">\n\t\t\t\t<div class=\"elementor-widget-container\">\n\t\t\t\t\t\t\t\t\t<ul><li data-start=\"1735\" data-end=\"1783\"><p data-start=\"1737\" data-end=\"1783\">Jagter i omr\u00e5der med <strong data-start=\"1758\" data-end=\"1781\">h\u00f8j vildsvinet\u00e6thed<\/strong><\/p><\/li><li data-start=\"1784\" data-end=\"1835\"><p data-start=\"1786\" data-end=\"1835\">Lokale og erfarne jagtf\u00f8rere med terr\u00e6nkendskab<\/p><\/li><li data-start=\"1836\" data-end=\"1899\"><p data-start=\"1838\" data-end=\"1899\">Mulighed for <strong data-start=\"1851\" data-end=\"1871\">termisk\/natoptik<\/strong> efter g\u00e6ldende lovgivning<\/p><\/li><li data-start=\"1900\" data-end=\"1957\"><p data-start=\"1902\" data-end=\"1957\">Indkvartering, forplejning og transport til\/fra revir<\/p><\/li><li data-start=\"1958\" data-end=\"2021\"><p data-start=\"1960\" data-end=\"2021\"><strong data-start=\"1960\" data-end=\"1986\">Forarbejdning af vildt<\/strong>, trof\u00e6h\u00e5ndtering og eksporthj\u00e6lp<\/p><\/li><li style=\"font-weight: 400;\" aria-level=\"1\">\u00a0<\/li><\/ul>\t\t\t\t\t\t\t\t<\/div>\n\t\t\t\t<\/div>\n\t\t\t\t<div class=\"elementor-element elementor-element-58be148 elementor-widget elementor-widget-naturobutton\" data-id=\"58be148\" data-element_type=\"widget\" data-widget_type=\"naturobutton.default\">\n\t\t\t\t<div class=\"elementor-widget-container\">\n\t\t\t\t\t<!-- Button --><div class=\"btn-wrapper\"><a class=\"vs-btn style-1\" href=\"https:\/\/hunt-armenti.pl\/da\/kontakt\/\"><span><i class=\"fal fa-paw\"><\/i><\/span>  Kontakt os<\/a><\/div><!-- End Button -->\t\t\t\t<\/div>\n\t\t\t\t<\/div>\n\t\t\t\t\t<\/div>\n\t\t<\/div>\n\t\t\t\t\t<\/div>\n\t\t<\/section>\n\t\t\t\t\t<\/div>\n\t\t<\/div>\n\t\t\t\t\t<\/div>\n\t\t<\/section>\n\t\t\t\t<\/div>\n\t\t","protected":false},"excerpt":{"rendered":"<p>Vildsvinejagt \u2013 hel\u00e5rsjagt og adrenalinsus i polske revirer Vildsvinejagten er \u00e9n af de mest intense og uforudsigelige jagtformer. Muligheden for at jage \u00e5ret rundt g\u00f8r vildsvinet til et s\u00e6rligt attraktivt m\u00e5l \u2013 b\u00e5de for erfarne riffelskytter og dem, der er p\u00e5 udkig efter deres f\u00f8rste store eventyr. Nattens anstandsjagt, lydl\u00f8se p\u00fcrsch eller pulserende f\u00e6llesjagter \u2013&#8230;<\/p>\n","protected":false},"author":1,"featured_media":0,"parent":0,"menu_order":0,"comment_status":"closed","ping_status":"closed","template":"template-builder.php","meta":{"footnotes":""},"class_list":["post-9338","page","type-page","status-publish","hentry"],"jetpack_sharing_enabled":true,"_links":{"self":[{"href":"https:\/\/hunt-armenti.pl\/da\/wp-json\/wp\/v2\/pages\/9338","targetHints":{"allow":["GET"]}}],"collection":[{"href":"https:\/\/hunt-armenti.pl\/da\/wp-json\/wp\/v2\/pages"}],"about":[{"href":"https:\/\/hunt-armenti.pl\/da\/wp-json\/wp\/v2\/types\/page"}],"author":[{"embeddable":true,"href":"https:\/\/hunt-armenti.pl\/da\/wp-json\/wp\/v2\/users\/1"}],"replies":[{"embeddable":true,"href":"https:\/\/hunt-armenti.pl\/da\/wp-json\/wp\/v2\/comments?post=9338"}],"version-history":[{"count":6,"href":"https:\/\/hunt-armenti.pl\/da\/wp-json\/wp\/v2\/pages\/9338\/revisions"}],"predecessor-version":[{"id":10472,"href":"https:\/\/hunt-armenti.pl\/da\/wp-json\/wp\/v2\/pages\/9338\/revisions\/10472"}],"wp:attachment":[{"href":"https:\/\/hunt-armenti.pl\/da\/wp-json\/wp\/v2\/media?parent=9338"}],"curies":[{"name":"wp","href":"https:\/\/api.w.org\/{rel}","templated":true}]}}