{"id":9337,"date":"2025-07-02T19:28:03","date_gmt":"2025-07-02T17:28:03","guid":{"rendered":"https:\/\/hunt-armenti.pl\/polowania-zbiorowe\/"},"modified":"2025-07-04T16:54:51","modified_gmt":"2025-07-04T14:54:51","slug":"polowania-zbiorowe","status":"publish","type":"page","link":"https:\/\/hunt-armenti.pl\/da\/polowania-zbiorowe\/","title":{"rendered":"Polowania zbiorowe"},"content":{"rendered":"\t\t<div data-elementor-type=\"wp-page\" data-elementor-id=\"9337\" class=\"elementor elementor-9337\" data-elementor-post-type=\"page\">\n\t\t\t\t\t\t<section class=\"elementor-section elementor-top-section elementor-element elementor-element-5bed227 elementor-section-full_width elementor-section-height-default elementor-section-height-default\" data-id=\"5bed227\" data-element_type=\"section\">\n\t\t\t\t\t\t<div class=\"elementor-container elementor-column-gap-no\">\n\t\t\t\t\t<div class=\"elementor-column elementor-col-100 elementor-top-column elementor-element elementor-element-0ae4ee7\" data-id=\"0ae4ee7\" data-element_type=\"column\">\n\t\t\t<div class=\"elementor-widget-wrap elementor-element-populated\">\n\t\t\t\t\t\t<section class=\"elementor-section elementor-inner-section elementor-element elementor-element-72d2379 elementor-section-boxed elementor-section-height-default elementor-section-height-default\" data-id=\"72d2379\" data-element_type=\"section\">\n\t\t\t\t\t\t<div class=\"elementor-container elementor-column-gap-no\">\n\t\t\t\t\t<div class=\"elementor-column elementor-col-100 elementor-inner-column elementor-element elementor-element-28a4398\" data-id=\"28a4398\" data-element_type=\"column\">\n\t\t\t<div class=\"elementor-widget-wrap elementor-element-populated\">\n\t\t\t\t\t\t<div class=\"elementor-element elementor-element-69db11f elementor-widget elementor-widget-naturomegahover\" data-id=\"69db11f\" data-element_type=\"widget\" data-widget_type=\"naturomegahover.default\">\n\t\t\t\t<div class=\"elementor-widget-container\">\n\t\t\t\t\t<div class=\"mega-img-box\"><div class=\"img-1\"><div class=\"mega-hover\"><img decoding=\"async\" src=\"https:\/\/hunt-armenti.pl\/wp-content\/uploads\/2025\/07\/hunt-6789253-scaled-e1751483721207.jpg\" alt=\"hunt 6789253 scaled e1751483721207\"  class=\"w-100\" \/><\/div><\/div><\/div>\t\t\t\t<\/div>\n\t\t\t\t<\/div>\n\t\t\t\t\t<\/div>\n\t\t<\/div>\n\t\t\t\t\t<\/div>\n\t\t<\/section>\n\t\t\t\t\t<\/div>\n\t\t<\/div>\n\t\t\t\t\t<\/div>\n\t\t<\/section>\n\t\t\t\t<section class=\"elementor-section elementor-top-section elementor-element elementor-element-0b10f67 elementor-section-full_width elementor-section-height-default elementor-section-height-default\" data-id=\"0b10f67\" data-element_type=\"section\">\n\t\t\t\t\t\t<div class=\"elementor-container elementor-column-gap-default\">\n\t\t\t\t\t<div class=\"elementor-column elementor-col-100 elementor-top-column elementor-element elementor-element-6fa4b72\" data-id=\"6fa4b72\" data-element_type=\"column\">\n\t\t\t<div class=\"elementor-widget-wrap elementor-element-populated\">\n\t\t\t\t\t\t<section class=\"elementor-section elementor-inner-section elementor-element elementor-element-40a2bb2 elementor-section-boxed elementor-section-height-default elementor-section-height-default\" data-id=\"40a2bb2\" data-element_type=\"section\">\n\t\t\t\t\t\t<div class=\"elementor-container elementor-column-gap-no\">\n\t\t\t\t\t<div class=\"elementor-column elementor-col-100 elementor-inner-column elementor-element elementor-element-0b5cef0\" data-id=\"0b5cef0\" data-element_type=\"column\">\n\t\t\t<div class=\"elementor-widget-wrap elementor-element-populated\">\n\t\t\t\t\t\t<div class=\"elementor-element elementor-element-fff9f56 elementor-widget elementor-widget-heading\" data-id=\"fff9f56\" data-element_type=\"widget\" data-widget_type=\"heading.default\">\n\t\t\t\t<div class=\"elementor-widget-container\">\n\t\t\t\t\t<h2 class=\"elementor-heading-title elementor-size-default\">F\u00e6llesjagter \u2013 tradition, intensitet og j\u00e6gerf\u00e6llesskab<\/h2>\t\t\t\t<\/div>\n\t\t\t\t<\/div>\n\t\t\t\t<div class=\"elementor-element elementor-element-27c5a9a elementor-widget elementor-widget-text-editor\" data-id=\"27c5a9a\" data-element_type=\"widget\" data-widget_type=\"text-editor.default\">\n\t\t\t\t<div class=\"elementor-widget-container\">\n\t\t\t\t\t\t\t\t\t<p class=\"mb-55\">F\u00e6llesjagter er blandt de mest spektakul\u00e6re og sp\u00e6ndingsfyldte former for jagt. De har i generationer v\u00e6ret en vigtig del af den polske jagtkultur \u2013 hvor passion for vildtet m\u00f8der kammeratligt samv\u00e6r og n\u00f8je planlagte jagtforl\u00f8b.<\/p>\t\t\t\t\t\t\t\t<\/div>\n\t\t\t\t<\/div>\n\t\t\t\t<div class=\"elementor-element elementor-element-82ab3eb elementor-widget elementor-widget-heading\" data-id=\"82ab3eb\" data-element_type=\"widget\" data-widget_type=\"heading.default\">\n\t\t\t\t<div class=\"elementor-widget-container\">\n\t\t\t\t\t<h2 class=\"elementor-heading-title elementor-size-default\">Hvad er en f\u00e6llesjagt?<\/h2>\t\t\t\t<\/div>\n\t\t\t\t<\/div>\n\t\t\t\t<div class=\"elementor-element elementor-element-e907449 elementor-widget elementor-widget-text-editor\" data-id=\"e907449\" data-element_type=\"widget\" data-widget_type=\"text-editor.default\">\n\t\t\t\t<div class=\"elementor-widget-container\">\n\t\t\t\t\t\t\t\t\t<p data-start=\"328\" data-end=\"560\">F\u00e6llesjagt (drivjagt) involverer en gruppe j\u00e6gere \u2013 typisk fra 5 til 20 personer \u2013 placeret p\u00e5 poster langs drevet. Jagten ledes af <strong data-start=\"460\" data-end=\"490\">drivere og\/eller jagthunde<\/strong>, som s\u00f8ger igennem terr\u00e6net og driver vildtet i retning af skytterne.<\/p>\t\t\t\t\t\t\t\t<\/div>\n\t\t\t\t<\/div>\n\t\t\t\t<div class=\"elementor-element elementor-element-49f7984 elementor-widget elementor-widget-heading\" data-id=\"49f7984\" data-element_type=\"widget\" data-widget_type=\"heading.default\">\n\t\t\t\t<div class=\"elementor-widget-container\">\n\t\t\t\t\t<h2 class=\"elementor-heading-title elementor-size-default\">Hvilket vildt jages under f\u00e6llesjagter?<\/h2>\t\t\t\t<\/div>\n\t\t\t\t<\/div>\n\t\t\t\t<div class=\"elementor-element elementor-element-f89a44b elementor-widget elementor-widget-text-editor\" data-id=\"f89a44b\" data-element_type=\"widget\" data-widget_type=\"text-editor.default\">\n\t\t\t\t<div class=\"elementor-widget-container\">\n\t\t\t\t\t\t\t\t\t<p data-start=\"615\" data-end=\"660\">Afh\u00e6ngigt af afskydningsplanen kan der jages:<\/p><ul data-start=\"662\" data-end=\"818\"><li data-start=\"662\" data-end=\"678\"><p data-start=\"664\" data-end=\"678\"><strong data-start=\"664\" data-end=\"676\">Vildsvin<\/strong><\/p><\/li><li data-start=\"679\" data-end=\"710\"><p data-start=\"681\" data-end=\"710\"><strong data-start=\"681\" data-end=\"708\">Hjortebukke og d\u00e5hjorte<\/strong><\/p><\/li><li data-start=\"711\" data-end=\"753\"><p data-start=\"713\" data-end=\"753\"><strong data-start=\"713\" data-end=\"751\">Hinder og kalve (kron- og d\u00e5vildt)<\/strong><\/p><\/li><li data-start=\"754\" data-end=\"783\"><p data-start=\"756\" data-end=\"783\"><strong data-start=\"756\" data-end=\"781\">R\u00e5er og lam (r\u00e5vildt)<\/strong><\/p><\/li><li data-start=\"784\" data-end=\"818\"><p data-start=\"786\" data-end=\"818\"><strong data-start=\"786\" data-end=\"818\">Rovvildt (r\u00e6v, m\u00e5rhund m.m.)<\/strong><\/p><\/li><\/ul>\t\t\t\t\t\t\t\t<\/div>\n\t\t\t\t<\/div>\n\t\t\t\t<div class=\"elementor-element elementor-element-9f426fe elementor-widget elementor-widget-heading\" data-id=\"9f426fe\" data-element_type=\"widget\" data-widget_type=\"heading.default\">\n\t\t\t\t<div class=\"elementor-widget-container\">\n\t\t\t\t\t<h2 class=\"elementor-heading-title elementor-size-default\">Jagts\u00e6son for f\u00e6llesjagter<\/h2>\t\t\t\t<\/div>\n\t\t\t\t<\/div>\n\t\t\t\t<div class=\"elementor-element elementor-element-c5e839a elementor-widget elementor-widget-text-editor\" data-id=\"c5e839a\" data-element_type=\"widget\" data-widget_type=\"text-editor.default\">\n\t\t\t\t<div class=\"elementor-widget-container\">\n\t\t\t\t\t\t\t\t\t<p>I Polen varer s\u00e6sonen normalt <strong data-start=\"890\" data-end=\"916\">fra oktober til januar<\/strong> \u2013 en tid hvor vejrforhold og dyrenes aktivitet er optimale. Datoerne er n\u00f8je reguleret efter lovgivningen og bestandsplaner.<\/p>\t\t\t\t\t\t\t\t<\/div>\n\t\t\t\t<\/div>\n\t\t\t\t<div class=\"elementor-element elementor-element-e714cf2 elementor-widget elementor-widget-heading\" data-id=\"e714cf2\" data-element_type=\"widget\" data-widget_type=\"heading.default\">\n\t\t\t\t<div class=\"elementor-widget-container\">\n\t\t\t\t\t<h2 class=\"elementor-heading-title elementor-size-default\">Hvem egner det sig til?<\/h2>\t\t\t\t<\/div>\n\t\t\t\t<\/div>\n\t\t\t\t<div class=\"elementor-element elementor-element-84a485e elementor-widget elementor-widget-text-editor\" data-id=\"84a485e\" data-element_type=\"widget\" data-widget_type=\"text-editor.default\">\n\t\t\t\t<div class=\"elementor-widget-container\">\n\t\t\t\t\t\t\t\t\t<p data-start=\"1080\" data-end=\"1107\">F\u00e6llesjagter anbefales til:<\/p><ul data-start=\"1109\" data-end=\"1383\"><li data-start=\"1109\" data-end=\"1184\"><p data-start=\"1111\" data-end=\"1184\">Erfarne j\u00e6gere, der v\u00e6rds\u00e6tter jagtkammeratskab og sportslig udfordring<\/p><\/li><li data-start=\"1185\" data-end=\"1259\"><p data-start=\"1187\" data-end=\"1259\">Jagtklubber og vennegrupper, som vil dele en autentisk polsk oplevelse<\/p><\/li><li data-start=\"1260\" data-end=\"1317\"><p data-start=\"1262\" data-end=\"1317\">Deltagere, der s\u00f8ger varieret vildt og h\u00f8j intensitet<\/p><\/li><li data-start=\"1318\" data-end=\"1383\"><p data-start=\"1320\" data-end=\"1383\">G\u00e6ster, som \u00f8nsker en tryg og fuldt organiseret jagtoplevelse<\/p><\/li><\/ul>\t\t\t\t\t\t\t\t<\/div>\n\t\t\t\t<\/div>\n\t\t\t\t<div class=\"elementor-element elementor-element-fd162cf elementor-widget elementor-widget-heading\" data-id=\"fd162cf\" data-element_type=\"widget\" data-widget_type=\"heading.default\">\n\t\t\t\t<div class=\"elementor-widget-container\">\n\t\t\t\t\t<h2 class=\"elementor-heading-title elementor-size-default\">Vores organisering omfatter:<\/h2>\t\t\t\t<\/div>\n\t\t\t\t<\/div>\n\t\t\t\t<div class=\"elementor-element elementor-element-5c2a826 elementor-widget elementor-widget-text-editor\" data-id=\"5c2a826\" data-element_type=\"widget\" data-widget_type=\"text-editor.default\">\n\t\t\t\t<div class=\"elementor-widget-container\">\n\t\t\t\t\t\t\t\t\t<ul><li data-start=\"1427\" data-end=\"1467\"><p data-start=\"1429\" data-end=\"1467\">Gennemgang og introduktion i reviret<\/p><\/li><li data-start=\"1468\" data-end=\"1507\"><p data-start=\"1470\" data-end=\"1507\">Jagtledere, hundef\u00f8rere og drevhold<\/p><\/li><li data-start=\"1508\" data-end=\"1554\"><p data-start=\"1510\" data-end=\"1554\">Sikkerhedsinstruktion og afskydningsregler<\/p><\/li><li data-start=\"1555\" data-end=\"1600\"><p data-start=\"1557\" data-end=\"1600\">Nedlagt vildt, transport og forarbejdning<\/p><\/li><li data-start=\"1601\" data-end=\"1664\"><p data-start=\"1603\" data-end=\"1664\">Traditionelle afslutningsritualer (pokot, jagthorn, etikette)<\/p><\/li><\/ul>\t\t\t\t\t\t\t\t<\/div>\n\t\t\t\t<\/div>\n\t\t\t\t<div class=\"elementor-element elementor-element-b3ecc45 elementor-widget elementor-widget-heading\" data-id=\"b3ecc45\" data-element_type=\"widget\" data-widget_type=\"heading.default\">\n\t\t\t\t<div class=\"elementor-widget-container\">\n\t\t\t\t\t<h2 class=\"elementor-heading-title elementor-size-default\">Tradition og jagtetik<\/h2>\t\t\t\t<\/div>\n\t\t\t\t<\/div>\n\t\t\t\t<div class=\"elementor-element elementor-element-33e6683 elementor-widget elementor-widget-text-editor\" data-id=\"33e6683\" data-element_type=\"widget\" data-widget_type=\"text-editor.default\">\n\t\t\t\t<div class=\"elementor-widget-container\">\n\t\t\t\t\t\t\t\t\t<p>F\u00e6llesjagter i Polen foreg\u00e5r med respekt for <strong data-start=\"1746\" data-end=\"1778\">jagtens ceremonielle v\u00e6rdier<\/strong> \u2013 herunder <strong data-start=\"1790\" data-end=\"1847\">pokot (vildtparade), hornsignaler og korrekt etikette<\/strong>. Det handler ikke blot om jagtudbytte, men om f\u00e6llesskab og respekt for naturen.<\/p>\t\t\t\t\t\t\t\t<\/div>\n\t\t\t\t<\/div>\n\t\t\t\t<div class=\"elementor-element elementor-element-9ac7d3c elementor-widget elementor-widget-naturobutton\" data-id=\"9ac7d3c\" data-element_type=\"widget\" data-widget_type=\"naturobutton.default\">\n\t\t\t\t<div class=\"elementor-widget-container\">\n\t\t\t\t\t<!-- Button --><div class=\"btn-wrapper\"><a class=\"vs-btn style-1\" href=\"https:\/\/hunt-armenti.pl\/da\/kontakt\/\"><span><i class=\"fal fa-paw\"><\/i><\/span>  Kontakt os<\/a><\/div><!-- End Button -->\t\t\t\t<\/div>\n\t\t\t\t<\/div>\n\t\t\t\t\t<\/div>\n\t\t<\/div>\n\t\t\t\t\t<\/div>\n\t\t<\/section>\n\t\t\t\t\t<\/div>\n\t\t<\/div>\n\t\t\t\t\t<\/div>\n\t\t<\/section>\n\t\t\t\t<\/div>\n\t\t","protected":false},"excerpt":{"rendered":"<p>F\u00e6llesjagter \u2013 tradition, intensitet og j\u00e6gerf\u00e6llesskab F\u00e6llesjagter er blandt de mest spektakul\u00e6re og sp\u00e6ndingsfyldte former for jagt. De har i generationer v\u00e6ret en vigtig del af den polske jagtkultur \u2013 hvor passion for vildtet m\u00f8der kammeratligt samv\u00e6r og n\u00f8je planlagte jagtforl\u00f8b. Hvad er en f\u00e6llesjagt? F\u00e6llesjagt (drivjagt) involverer en gruppe j\u00e6gere \u2013 typisk fra 5&#8230;<\/p>\n","protected":false},"author":1,"featured_media":0,"parent":0,"menu_order":0,"comment_status":"closed","ping_status":"closed","template":"template-builder.php","meta":{"footnotes":""},"class_list":["post-9337","page","type-page","status-publish","hentry"],"jetpack_sharing_enabled":true,"_links":{"self":[{"href":"https:\/\/hunt-armenti.pl\/da\/wp-json\/wp\/v2\/pages\/9337","targetHints":{"allow":["GET"]}}],"collection":[{"href":"https:\/\/hunt-armenti.pl\/da\/wp-json\/wp\/v2\/pages"}],"about":[{"href":"https:\/\/hunt-armenti.pl\/da\/wp-json\/wp\/v2\/types\/page"}],"author":[{"embeddable":true,"href":"https:\/\/hunt-armenti.pl\/da\/wp-json\/wp\/v2\/users\/1"}],"replies":[{"embeddable":true,"href":"https:\/\/hunt-armenti.pl\/da\/wp-json\/wp\/v2\/comments?post=9337"}],"version-history":[{"count":6,"href":"https:\/\/hunt-armenti.pl\/da\/wp-json\/wp\/v2\/pages\/9337\/revisions"}],"predecessor-version":[{"id":10469,"href":"https:\/\/hunt-armenti.pl\/da\/wp-json\/wp\/v2\/pages\/9337\/revisions\/10469"}],"wp:attachment":[{"href":"https:\/\/hunt-armenti.pl\/da\/wp-json\/wp\/v2\/media?parent=9337"}],"curies":[{"name":"wp","href":"https:\/\/api.w.org\/{rel}","templated":true}]}}