{"id":9335,"date":"2025-07-02T17:39:42","date_gmt":"2025-07-02T15:39:42","guid":{"rendered":"https:\/\/hunt-armenti.pl\/oferta\/"},"modified":"2025-07-04T16:54:35","modified_gmt":"2025-07-04T14:54:35","slug":"oferta","status":"publish","type":"page","link":"https:\/\/hunt-armenti.pl\/da\/oferta\/","title":{"rendered":"Oferta"},"content":{"rendered":"\t\t<div data-elementor-type=\"wp-page\" data-elementor-id=\"9335\" class=\"elementor elementor-9335\" data-elementor-post-type=\"page\">\n\t\t\t\t\t\t<section class=\"elementor-section elementor-top-section elementor-element elementor-element-ed0d7d8 elementor-section-full_width elementor-section-stretched elementor-section-height-default elementor-section-height-default\" data-id=\"ed0d7d8\" data-element_type=\"section\" data-settings=\"{&quot;stretch_section&quot;:&quot;section-stretched&quot;}\">\n\t\t\t\t\t\t<div class=\"elementor-container elementor-column-gap-no\">\n\t\t\t\t\t<div class=\"elementor-column elementor-col-100 elementor-top-column elementor-element elementor-element-662e69d\" data-id=\"662e69d\" data-element_type=\"column\">\n\t\t\t<div class=\"elementor-widget-wrap elementor-element-populated\">\n\t\t\t\t\t\t<div class=\"elementor-element elementor-element-9e27442 elementor-widget elementor-widget-naturosectiontitle\" data-id=\"9e27442\" data-element_type=\"widget\" data-widget_type=\"naturosectiontitle.default\">\n\t\t\t\t<div class=\"elementor-widget-container\">\n\t\t\t\t\t<div class=\"section-title\" ><h4 class=\"sec-title1 subtitle-selector\">Samarbejdsproces<\/h4><div class=\"sec_line\"><img decoding=\"async\" src=\"https:\/\/wordpress.vecurosoft.com\/huntar\/wp-content\/uploads\/2021\/11\/about-line-1.png\" alt=\"about line 1\"  class=\"mb-4\" \/><\/div><h2 class=\"sec-title2 text-title2 mt-1 title-selector\">Hvordan foreg\u00e5r jagt med os?<\/h2><\/div>\t\t\t\t<\/div>\n\t\t\t\t<\/div>\n\t\t\t\t<div class=\"elementor-element elementor-element-b2856c9 elementor-widget elementor-widget-naturofeatures\" data-id=\"b2856c9\" data-element_type=\"widget\" data-widget_type=\"naturofeatures.default\">\n\t\t\t\t<div class=\"elementor-widget-container\">\n\t\t\t\t\t<!------------------------------- Features Area start -------------------------------><div class=\"vs-feature-wrapper\"><div class=\"container fature-border\"><div class=\"row features-slider-1\"><div class=\"col-lg-4\"><div class=\"feature-box overflow-hidden mb-30\"><div class=\"feature-icon float-sm-start\"><i class=\"flaticon-left-and-right-arrows\"><\/i><\/div><div class=\"feature-content mt-10\"><h5 class=\"features_title title-color fw-medium mb-10\"><a href=\"#\">1. V\u00e6lg destinationen<\/a><\/h5><p>Udpeg jagtomr\u00e5det og typen af jagt. Har du smag for br\u00f8lende kronhjorte? Kraftige bukke? Eller m\u00e5ske en god gammeldags drivjagt med kammerater? Du n\u00e6vner dine \u00f8nsker \u2013 vi klarer resten.<\/p><\/div><\/div><\/div><div class=\"col-lg-4\"><div class=\"feature-box overflow-hidden mb-30\"><div class=\"feature-icon float-sm-start\"><i class=\"flaticon-appointment\"><\/i><\/div><div class=\"feature-content mt-10\"><h5 class=\"features_title title-color fw-medium mb-10\"><a href=\"#\">2. Book din dato<\/a><\/h5><p>Tag kontakt til os, afstem detaljerne og reserver den tid, der passer dig bedst. Vi skr\u00e6ddersyr jagten efter dine behov.<\/p><\/div><\/div><\/div><div class=\"col-lg-4\"><div class=\"feature-box overflow-hidden mb-30\"><div class=\"feature-icon float-sm-start\"><i class=\"flaticon-adventure\"><\/i><\/div><div class=\"feature-content mt-10\"><h5 class=\"features_title title-color fw-medium mb-10\"><a href=\"#\">3. Begynd eventyret<\/a><\/h5><p>M\u00f8d op i terr\u00e6net. Hils p\u00e5 din lokale jagtf\u00f8rer, l\u00e6r omr\u00e5det at kende \u2013 og lad jagten begynde. En \u00e6gte oplevelse venter.<\/p><\/div><\/div><\/div><div class=\"col-lg-4\"><div class=\"feature-box overflow-hidden mb-30\"><div class=\"feature-icon float-sm-start\"><i class=\"flaticon-handshake\"><\/i><\/div><div class=\"feature-content mt-10\"><h5 class=\"features_title title-color fw-medium mb-10\"><a href=\"#\">4. Kom hjem med et trof\u00e6<\/a><\/h5><p>Nyd en jagtoplevelse planlagt til punkt og prikke \u2013 og tag et mindev\u00e6rdigt trof\u00e6 med hjem, som vil pryde din v\u00e6g i mange \u00e5r fremover.<\/p><\/div><\/div><\/div><\/div><!--\/.row and vs-acrousel active--><\/div><!--\/.container--><\/div>\t\t\t\t<\/div>\n\t\t\t\t<\/div>\n\t\t\t\t\t<\/div>\n\t\t<\/div>\n\t\t\t\t\t<\/div>\n\t\t<\/section>\n\t\t\t\t<section class=\"elementor-section elementor-top-section elementor-element elementor-element-b1ec1e3 elementor-section-full_width elementor-section-stretched elementor-section-height-default elementor-section-height-default\" data-id=\"b1ec1e3\" data-element_type=\"section\" data-settings=\"{&quot;stretch_section&quot;:&quot;section-stretched&quot;}\">\n\t\t\t\t\t\t<div class=\"elementor-container elementor-column-gap-no\">\n\t\t\t\t\t<div class=\"elementor-column elementor-col-100 elementor-top-column elementor-element elementor-element-39f626c\" data-id=\"39f626c\" data-element_type=\"column\">\n\t\t\t<div class=\"elementor-widget-wrap elementor-element-populated\">\n\t\t\t\t\t\t<section class=\"elementor-section elementor-inner-section elementor-element elementor-element-1e8a6d2 elementor-section-full_width elementor-section-height-default elementor-section-height-default\" data-id=\"1e8a6d2\" data-element_type=\"section\">\n\t\t\t\t\t\t<div class=\"elementor-container elementor-column-gap-no\">\n\t\t\t\t\t<div class=\"elementor-column elementor-col-100 elementor-inner-column elementor-element elementor-element-4c209cd\" data-id=\"4c209cd\" data-element_type=\"column\">\n\t\t\t<div class=\"elementor-widget-wrap elementor-element-populated\">\n\t\t\t\t\t\t<div class=\"elementor-element elementor-element-d3bdb10 elementor-widget elementor-widget-naturosectiontitle\" data-id=\"d3bdb10\" data-element_type=\"widget\" data-widget_type=\"naturosectiontitle.default\">\n\t\t\t\t<div class=\"elementor-widget-container\">\n\t\t\t\t\t<div class=\"section-title\" ><h4 class=\"sec-title1 subtitle-selector\">Vores tilbud til dig <\/h4><div class=\"sec_line\"><img decoding=\"async\" src=\"https:\/\/wordpress.vecurosoft.com\/huntar\/wp-content\/uploads\/2021\/11\/about-line-1.png\" alt=\"about line 1\"  class=\"mb-4\" \/><\/div><h2 class=\"sec-title2 text-title2 mt-1 title-selector\">Jagt med stil og erfaring<\/h2><\/div>\t\t\t\t<\/div>\n\t\t\t\t<\/div>\n\t\t\t\t\t<\/div>\n\t\t<\/div>\n\t\t\t\t\t<\/div>\n\t\t<\/section>\n\t\t\t\t<section class=\"elementor-section elementor-inner-section elementor-element elementor-element-de68b28 elementor-section-full_width elementor-section-height-default elementor-section-height-default\" data-id=\"de68b28\" data-element_type=\"section\">\n\t\t\t\t\t\t<div class=\"elementor-container elementor-column-gap-no\">\n\t\t\t\t\t<div class=\"elementor-column elementor-col-100 elementor-inner-column elementor-element elementor-element-9943bd2\" data-id=\"9943bd2\" data-element_type=\"column\" data-settings=\"{&quot;animation&quot;:&quot;none&quot;}\">\n\t\t\t<div class=\"elementor-widget-wrap elementor-element-populated\">\n\t\t\t\t\t\t<div class=\"elementor-element elementor-element-d556b52 elementor-widget elementor-widget-naturoserviceslider\" data-id=\"d556b52\" data-element_type=\"widget\" data-widget_type=\"naturoserviceslider.default\">\n\t\t\t\t<div class=\"elementor-widget-container\">\n\t\t\t\t\t<!-----------------------Start Service Slider Area-----------------------><div class=\"vs-services\"><div class=\"container\"><div class=\"position-relative\"><div class=\"services-arrow-box\"><button data-slick-prev=\"#sbox1\" class=\"icon-btn style2 services-arrow d-none d-xl-inline-block\"><i class=\"fal fa-arrow-left\"><\/i><\/button><button data-slick-next=\"#sbox1\" class=\"icon-btn style2 services-arrow d-none d-xl-inline-block\"><i class=\"fal fa-arrow-right\"><\/i><\/button><\/div><div class=\"row align-items-center vs-service-slider1\" id=\"sbox1\"><div class=\"col-lg-4 col-md-6\"><div class=\"vs-services-box mb-30\"><div class=\"vs-services-thumb text-center\"><img decoding=\"async\" src=\"https:\/\/hunt-armenti.pl\/wp-content\/uploads\/2025\/06\/Projekt-bez-nazwy-2025-06-26T203354.618.png\" alt=\"Projekt bez nazwy 2025 06 26T203354.618\"  \/><\/div><div class=\"vs-services-content\"><h4 class=\"sec-title1 title-color fw-bold mb-15\"><a href=\"https:\/\/hunt-armenti.pl\/da\/polowanie-na-sarny-kozly\/\">1. Bukkejagt \u2013 sommerens klassiker<\/a><\/h4><p>Bukkejagten er en af de mest eftertragtede jagtformer i for\u00e5rs- og sommers\u00e6sonen. Det er en perfekt mulighed for at sikre sig et st\u00e6rkt trof\u00e6 og opleve intense \u00f8jeblikke i reviret \u2013 is\u00e6r under brunstperioden, hvor lok og p\u00fcrsch kr\u00e6ver \u00e6gte jagtteknik og erfaring.<\/p><a href=\"https:\/\/hunt-armenti.pl\/da\/polowanie-na-sarny-kozly\/\" class=\"link-btn\">Read More<i class=\"fal fa-long-arrow-right\"><\/i><\/a><\/div><\/div><\/div><div class=\"col-lg-4 col-md-6\"><div class=\"vs-services-box mb-30\"><div class=\"vs-services-thumb text-center\"><img decoding=\"async\" src=\"https:\/\/hunt-armenti.pl\/wp-content\/uploads\/2025\/07\/Projekt-bez-nazwy-2025-07-02T192034.616.png\" alt=\"Projekt bez nazwy 2025 07 02T192034.616\"  \/><\/div><div class=\"vs-services-content\"><h4 class=\"sec-title1 title-color fw-bold mb-15\"><a href=\"https:\/\/hunt-armenti.pl\/da\/polowanie-na-jelenie-byki\/\">2. Kronhjortejagt \u2013 kongen af skoven<\/a><\/h4><p>Jagt p\u00e5 kronhjort (hjortebukke) er blandt de mest prestigefyldte former for jagt. H\u00f8jdepunktet er brunsttiden (br\u00f8let), hvor de st\u00e6rkeste hjorte k\u00e6mper om hinderne \u2013 en unik oplevelse, der garanterer b\u00e5de adrenalinsus og chancen for medaljeklasse-trof\u00e6er. Vi tilbyder adgang til velforvaltede revirer med stabil bestand.<\/p><a href=\"https:\/\/hunt-armenti.pl\/da\/polowanie-na-jelenie-byki\/\" class=\"link-btn\">Read More<i class=\"fal fa-long-arrow-right\"><\/i><\/a><\/div><\/div><\/div><div class=\"col-lg-4 col-md-6\"><div class=\"vs-services-box mb-30\"><div class=\"vs-services-thumb text-center\"><img decoding=\"async\" src=\"https:\/\/hunt-armenti.pl\/wp-content\/uploads\/2025\/07\/Projekt-bez-nazwy-2025-07-02T192113.534.png\" alt=\"Projekt bez nazwy 2025 07 02T192113.534\"  \/><\/div><div class=\"vs-services-content\"><h4 class=\"sec-title1 title-color fw-bold mb-15\"><a href=\"https:\/\/hunt-armenti.pl\/da\/polowanie-na-dziki\/\">3. Vildsvinejagt \u2013 \u00e5ret rundt<\/a><\/h4><p>Vildsvinejagt er popul\u00e6r hele \u00e5ret \u2013 og med god grund. Vi arrangerer b\u00e5de individuelle jagter (p\u00fcrsch og anstand) og intensive natjagter med termiske eller natoptikker (alt efter g\u00e6ldende lovgivning). En oplevelse for b\u00e5de nybegynderen og den rutinerede j\u00e6ger.<\/p><a href=\"https:\/\/hunt-armenti.pl\/da\/polowanie-na-dziki\/\" class=\"link-btn\">Read More<i class=\"fal fa-long-arrow-right\"><\/i><\/a><\/div><\/div><\/div><div class=\"col-lg-4 col-md-6\"><div class=\"vs-services-box mb-30\"><div class=\"vs-services-thumb text-center\"><img decoding=\"async\" src=\"https:\/\/hunt-armenti.pl\/wp-content\/uploads\/2025\/07\/Projekt-bez-nazwy-2025-07-02T192146.580.png\" alt=\"Projekt bez nazwy 2025 07 02T192146.580\"  \/><\/div><div class=\"vs-services-content\"><h4 class=\"sec-title1 title-color fw-bold mb-15\"><a href=\"https:\/\/hunt-armenti.pl\/da\/polowania-zbiorowe\/\">4. Trykjagt \u2013 f\u00e6llesskab og action<\/a><\/h4><p>Vi organiserer professionelle tryk- og drivjagter, prim\u00e6rt p\u00e5 klovvildt og vildsvin. Det er en dynamisk jagtform, som kr\u00e6ver samarbejde og erfaring \u2013 men ogs\u00e5 en fantastisk mulighed for at skyde flere stykker vildt p\u00e5 \u00e9n dag. Sikkerhed, organisation og erfarent personale er altid inkluderet.<\/p><a href=\"https:\/\/hunt-armenti.pl\/da\/polowania-zbiorowe\/\" class=\"link-btn\">Read More<i class=\"fal fa-long-arrow-right\"><\/i><\/a><\/div><\/div><\/div><div class=\"col-lg-4 col-md-6\"><div class=\"vs-services-box mb-30\"><div class=\"vs-services-thumb text-center\"><img decoding=\"async\" src=\"https:\/\/hunt-armenti.pl\/wp-content\/uploads\/2025\/07\/Projekt-bez-nazwy-2025-07-02T192305.537.png\" alt=\"Projekt bez nazwy 2025 07 02T192305.537\"  \/><\/div><div class=\"vs-services-content\"><h4 class=\"sec-title1 title-color fw-bold mb-15\"><a href=\"https:\/\/hunt-armenti.pl\/da\/jagt-pa-ikke-trofaevildt\/\">5. Selektiv jagt p\u00e5 ikke-trof\u00e6vildt<\/a><\/h4><p>Jagt p\u00e5 ikke-trof\u00e6vildt som hinder, r\u00e5er og kalve. En oplagt mulighed for j\u00e6gere, der s\u00f8ger selektiv regulering og sp\u00e6ndende jagt \u2013 ofte til fordelagtige priser og med h\u00f8j intensitet i revirerne. Perfekt for den ansvarlige j\u00e6ger, der v\u00e6rds\u00e6tter b\u00e5de oplevelse og bestandspleje.<\/p><a href=\"https:\/\/hunt-armenti.pl\/da\/jagt-pa-ikke-trofaevildt\/\" class=\"link-btn\">Read More<i class=\"fal fa-long-arrow-right\"><\/i><\/a><\/div><\/div><\/div><\/div><\/div><\/div><\/div>\t\t\t\t<\/div>\n\t\t\t\t<\/div>\n\t\t\t\t\t<\/div>\n\t\t<\/div>\n\t\t\t\t\t<\/div>\n\t\t<\/section>\n\t\t\t\t\t<\/div>\n\t\t<\/div>\n\t\t\t\t\t<\/div>\n\t\t<\/section>\n\t\t\t\t<\/div>\n\t\t","protected":false},"excerpt":{"rendered":"<p>Samarbejdsproces Hvordan foreg\u00e5r jagt med os? 1. V\u00e6lg destinationen Udpeg jagtomr\u00e5det og typen af jagt. Har du smag for br\u00f8lende kronhjorte? Kraftige bukke? Eller m\u00e5ske en god gammeldags drivjagt med kammerater? Du n\u00e6vner dine \u00f8nsker \u2013 vi klarer resten. 2. Book din dato Tag kontakt til os, afstem detaljerne og reserver den tid, der passer&#8230;<\/p>\n","protected":false},"author":1,"featured_media":0,"parent":0,"menu_order":0,"comment_status":"closed","ping_status":"closed","template":"","meta":{"footnotes":""},"class_list":["post-9335","page","type-page","status-publish","hentry"],"jetpack_sharing_enabled":true,"_links":{"self":[{"href":"https:\/\/hunt-armenti.pl\/da\/wp-json\/wp\/v2\/pages\/9335","targetHints":{"allow":["GET"]}}],"collection":[{"href":"https:\/\/hunt-armenti.pl\/da\/wp-json\/wp\/v2\/pages"}],"about":[{"href":"https:\/\/hunt-armenti.pl\/da\/wp-json\/wp\/v2\/types\/page"}],"author":[{"embeddable":true,"href":"https:\/\/hunt-armenti.pl\/da\/wp-json\/wp\/v2\/users\/1"}],"replies":[{"embeddable":true,"href":"https:\/\/hunt-armenti.pl\/da\/wp-json\/wp\/v2\/comments?post=9335"}],"version-history":[{"count":6,"href":"https:\/\/hunt-armenti.pl\/da\/wp-json\/wp\/v2\/pages\/9335\/revisions"}],"predecessor-version":[{"id":10466,"href":"https:\/\/hunt-armenti.pl\/da\/wp-json\/wp\/v2\/pages\/9335\/revisions\/10466"}],"wp:attachment":[{"href":"https:\/\/hunt-armenti.pl\/da\/wp-json\/wp\/v2\/media?parent=9335"}],"curies":[{"name":"wp","href":"https:\/\/api.w.org\/{rel}","templated":true}]}}