{"id":9334,"date":"2021-12-13T09:23:05","date_gmt":"2021-12-13T08:23:05","guid":{"rendered":"https:\/\/hunt-armenti.pl\/o-nas\/"},"modified":"2025-07-04T19:47:15","modified_gmt":"2025-07-04T17:47:15","slug":"o-nas","status":"publish","type":"page","link":"https:\/\/hunt-armenti.pl\/da\/o-nas\/","title":{"rendered":"O nas"},"content":{"rendered":"\t\t<div data-elementor-type=\"wp-page\" data-elementor-id=\"9334\" class=\"elementor elementor-9334\" data-elementor-post-type=\"page\">\n\t\t\t\t\t\t<section class=\"elementor-section elementor-top-section elementor-element elementor-element-b208ccb elementor-section-full_width elementor-section-stretched elementor-section-height-default elementor-section-height-default\" data-id=\"b208ccb\" data-element_type=\"section\" data-settings=\"{&quot;stretch_section&quot;:&quot;section-stretched&quot;}\">\n\t\t\t\t\t\t<div class=\"elementor-container elementor-column-gap-no\">\n\t\t\t\t\t<div class=\"elementor-column elementor-col-100 elementor-top-column elementor-element elementor-element-8003ea0\" data-id=\"8003ea0\" data-element_type=\"column\">\n\t\t\t<div class=\"elementor-widget-wrap elementor-element-populated\">\n\t\t\t\t\t\t<section class=\"elementor-section elementor-inner-section elementor-element elementor-element-6a78ceb elementor-section-boxed elementor-section-height-default elementor-section-height-default\" data-id=\"6a78ceb\" data-element_type=\"section\">\n\t\t\t\t\t\t<div class=\"elementor-container elementor-column-gap-no\">\n\t\t\t\t\t<div class=\"elementor-column elementor-col-50 elementor-inner-column elementor-element elementor-element-c963904\" data-id=\"c963904\" data-element_type=\"column\">\n\t\t\t<div class=\"elementor-widget-wrap elementor-element-populated\">\n\t\t\t\t\t\t<div class=\"elementor-element elementor-element-5b441ff elementor-widget elementor-widget-image\" data-id=\"5b441ff\" data-element_type=\"widget\" data-widget_type=\"image.default\">\n\t\t\t\t<div class=\"elementor-widget-container\">\n\t\t\t\t\t\t\t\t\t\t\t\t\t\t\t<img fetchpriority=\"high\" decoding=\"async\" width=\"631\" height=\"647\" src=\"https:\/\/hunt-armenti.pl\/wp-content\/uploads\/2023\/09\/about-img-1.png\" class=\"attachment-full size-full wp-image-3727\" alt=\"about-img-1\" srcset=\"https:\/\/hunt-armenti.pl\/wp-content\/uploads\/2023\/09\/about-img-1.png 631w, https:\/\/hunt-armenti.pl\/wp-content\/uploads\/2023\/09\/about-img-1-293x300.png 293w\" sizes=\"(max-width: 631px) 100vw, 631px\" \/>\t\t\t\t\t\t\t\t\t\t\t\t\t\t\t<\/div>\n\t\t\t\t<\/div>\n\t\t\t\t\t<\/div>\n\t\t<\/div>\n\t\t\t\t<div class=\"elementor-column elementor-col-50 elementor-inner-column elementor-element elementor-element-f48d78c\" data-id=\"f48d78c\" data-element_type=\"column\">\n\t\t\t<div class=\"elementor-widget-wrap elementor-element-populated\">\n\t\t\t\t\t\t<div class=\"elementor-element elementor-element-b895882 style-2 elementor-widget elementor-widget-naturosectiontitle\" data-id=\"b895882\" data-element_type=\"widget\" data-widget_type=\"naturosectiontitle.default\">\n\t\t\t\t<div class=\"elementor-widget-container\">\n\t\t\t\t\t<div class=\"section-title\" ><h4 class=\"sec-title1 subtitle-selector\">Hvem er vi? \u2013 Om os<\/h4><div class=\"sec_line\"><img decoding=\"async\" src=\"https:\/\/wordpress.vecurosoft.com\/huntar\/wp-content\/uploads\/2021\/11\/about-line-1.png\" alt=\"about line 1\"  class=\"mb-4\" \/><\/div><h2 class=\"sec-title2 text-title2 mt-1 title-selector\">Med os opdager du jagtens sande ansigt.<\/h2><p class=\"desc\">Vi er det Polske Jagtbureau \u2013 vi specialiserer os i at arrangere lovlige, etiske og fuldt sikre jagtrejser i Polen.\nVores mission er at forene passionen for naturen med service p\u00e5 h\u00f8jeste niveau.\nVi betjener j\u00e6gere fra hele verden og tilbyder komplet assistance og uforglemmelige oplevelser i hjertet af den vilde natur.<\/p><\/div>\t\t\t\t<\/div>\n\t\t\t\t<\/div>\n\t\t\t\t<div class=\"elementor-element elementor-element-c063511 elementor-widget elementor-widget-text-editor\" data-id=\"c063511\" data-element_type=\"widget\" data-widget_type=\"text-editor.default\">\n\t\t\t\t<div class=\"elementor-widget-container\">\n\t\t\t\t\t\t\t\t\t<div class=\"list-style1 layout2\"><ul><li data-start=\"113\" data-end=\"214\"><p data-start=\"115\" data-end=\"214\">Erfarne jagtf\u00f8rere, udvalgte revirer, fuld lovlighed og jagtorganisation i absolut topklasse.<\/p><\/li><li data-start=\"215\" data-end=\"333\"><p data-start=\"217\" data-end=\"333\">Jagt er ikke blot en sport \u2013 det er kultur, etik og en \u00e5rhundredgammel tradition, som vi \u00e6rer hver eneste dag.<\/p><\/li><li data-start=\"334\" data-end=\"452\"><p data-start=\"336\" data-end=\"452\">Din sikkerhed er vores h\u00f8jeste prioritet \u2013 vi stiller med korrekt udstyr, forsikring og kompetent jagtledelse.<\/p><\/li><li data-start=\"453\" data-end=\"553\"><p data-start=\"455\" data-end=\"553\">Vi elsker den vilde natur og deler gerne vores passion med dem, der f\u00f8ler det samme i hjertet.<\/p><\/li><\/ul><\/div>\t\t\t\t\t\t\t\t<\/div>\n\t\t\t\t<\/div>\n\t\t\t\t<div class=\"elementor-element elementor-element-fab72f0 elementor-widget__width-auto elementor-widget elementor-widget-naturobutton\" data-id=\"fab72f0\" data-element_type=\"widget\" data-widget_type=\"naturobutton.default\">\n\t\t\t\t<div class=\"elementor-widget-container\">\n\t\t\t\t\t<!-- Button --><div class=\"btn-wrapper\"><a class=\"vs-btn style-1\" href=\"https:\/\/hunt-armenti.pl\/da\/kontakt\/\"><span><i class=\"fal fa-paw\"><\/i><\/span> Tag p\u00e5 jagteventyr<\/a><\/div><!-- End Button -->\t\t\t\t<\/div>\n\t\t\t\t<\/div>\n\t\t\t\t<div class=\"elementor-element elementor-element-a38fd93 elementor-widget__width-auto elementor-widget elementor-widget-html\" data-id=\"a38fd93\" data-element_type=\"widget\" data-widget_type=\"html.default\">\n\t\t\t\t<div class=\"elementor-widget-container\">\n\t\t\t\t\t<div class=\"call-media\"><div class=\"media-icon\"><i class=\"fas fa-phone-alt\"><\/i><\/div><div class=\"media-body\"><span class=\"media-label\">Ring nu!<\/span><p class=\"media-info\"><a href=\"tel:+48720820470\" class=\"text-inherit\">+48 720 820 470<\/a><\/p> <\/div><\/div>\t\t\t\t<\/div>\n\t\t\t\t<\/div>\n\t\t\t\t\t<\/div>\n\t\t<\/div>\n\t\t\t\t\t<\/div>\n\t\t<\/section>\n\t\t\t\t\t<\/div>\n\t\t<\/div>\n\t\t\t\t\t<\/div>\n\t\t<\/section>\n\t\t\t\t<section class=\"elementor-section elementor-top-section elementor-element elementor-element-fde8850 elementor-section-full_width elementor-section-height-default elementor-section-height-default\" data-id=\"fde8850\" data-element_type=\"section\">\n\t\t\t\t\t\t<div class=\"elementor-container elementor-column-gap-no\">\n\t\t\t\t\t<div class=\"elementor-column elementor-col-100 elementor-top-column elementor-element elementor-element-8792034\" data-id=\"8792034\" data-element_type=\"column\">\n\t\t\t<div class=\"elementor-widget-wrap elementor-element-populated\">\n\t\t\t\t\t\t<section class=\"elementor-section elementor-inner-section elementor-element elementor-element-d7941b5 elementor-section-boxed elementor-section-height-default elementor-section-height-default\" data-id=\"d7941b5\" data-element_type=\"section\">\n\t\t\t\t\t\t<div class=\"elementor-container elementor-column-gap-no\">\n\t\t\t\t\t<div class=\"elementor-column elementor-col-100 elementor-inner-column elementor-element elementor-element-0cecbcb\" data-id=\"0cecbcb\" data-element_type=\"column\">\n\t\t\t<div class=\"elementor-widget-wrap elementor-element-populated\">\n\t\t\t\t\t\t<div class=\"elementor-element elementor-element-ded2260 elementor-widget elementor-widget-naturosectiontitle\" data-id=\"ded2260\" data-element_type=\"widget\" data-widget_type=\"naturosectiontitle.default\">\n\t\t\t\t<div class=\"elementor-widget-container\">\n\t\t\t\t\t<div class=\"section-title\" ><h4 class=\"sec-title1 subtitle-selector\">Ejer<\/h4><div class=\"sec_line\"><img decoding=\"async\" src=\"https:\/\/wordpress.vecurosoft.com\/huntar\/wp-content\/uploads\/2021\/11\/about-line-1.png\" alt=\"about line 1\"  class=\"mb-4\" \/><\/div><h2 class=\"sec-title2 text-title2 mt-1 title-selector\">Kontorets ejer<\/h2><\/div>\t\t\t\t<\/div>\n\t\t\t\t<\/div>\n\t\t\t\t\t<\/div>\n\t\t<\/div>\n\t\t\t\t\t<\/div>\n\t\t<\/section>\n\t\t\t\t\t<\/div>\n\t\t<\/div>\n\t\t\t\t\t<\/div>\n\t\t<\/section>\n\t\t\t\t<section class=\"elementor-section elementor-top-section elementor-element elementor-element-50e4710 elementor-section-boxed elementor-section-height-default elementor-section-height-default\" data-id=\"50e4710\" data-element_type=\"section\">\n\t\t\t\t\t\t<div class=\"elementor-container elementor-column-gap-default\">\n\t\t\t\t\t<div class=\"elementor-column elementor-col-100 elementor-top-column elementor-element elementor-element-c040309\" data-id=\"c040309\" data-element_type=\"column\">\n\t\t\t<div class=\"elementor-widget-wrap elementor-element-populated\">\n\t\t\t\t\t\t<section class=\"elementor-section elementor-inner-section elementor-element elementor-element-7be1266 elementor-section-full_width elementor-section-height-default elementor-section-height-default\" data-id=\"7be1266\" data-element_type=\"section\">\n\t\t\t\t\t\t<div class=\"elementor-container elementor-column-gap-no\">\n\t\t\t\t\t<div class=\"elementor-column elementor-col-100 elementor-inner-column elementor-element elementor-element-0490d07\" data-id=\"0490d07\" data-element_type=\"column\">\n\t\t\t<div class=\"elementor-widget-wrap elementor-element-populated\">\n\t\t\t\t\t\t<div class=\"elementor-element elementor-element-ef22012 elementor-widget elementor-widget-naturoteammemberinfo\" data-id=\"ef22012\" data-element_type=\"widget\" data-widget_type=\"naturoteammemberinfo.default\">\n\t\t\t\t<div class=\"elementor-widget-container\">\n\t\t\t\t\t<!-----------------------Start Team Member Info Area-----------------------><section class=\"vs-team-wrapper team-details\"><div class=\"container\"><div class=\"row gx-0 mb-5 align-items-center\"><div class=\"col-lg-5\"><div class=\"team-img\"><img decoding=\"async\" src=\"https:\/\/hunt-armenti.pl\/wp-content\/uploads\/2025\/07\/20240705_213824-scaled-e1751460289153.jpg\" alt=\"20240705_213824 scaled e1751460289153\"  class=\"w-100\" \/><\/div><\/div><div class=\"col-lg-7\"><div class=\"team-info\"><span class=\"degi text-theme\">Din guide i jagtens verden<\/span><h2 class=\"name mb-3\">Micha\u0142 Szczepaniak<\/h2><p class=\"desc fs-md\">Jeg har v\u00e6ret forbundet med jagt siden barndommen \u2013 det er ikke kun en passion, men frem for alt en familiearv, som vi har plejet og videref\u00f8rt fra generation til generation.\nJeg er vokset op blandt jagtomr\u00e5der, hvor jeg l\u00e6rte at respektere naturen og forst\u00e5 principperne for etisk jagt.\n\nSom leder af et jagtrejsebureau kombinerer jeg mange \u00e5rs erfaring med en professionel tilgang til planl\u00e6gning og afvikling af jagter.\nDet er vigtigt for mig, at hver enkelt j\u00e6ger \u2013 uanset erfaring \u2013 kan f\u00f8le sig tryg, godt vejledt og fuldt ud st\u00f8ttet gennem hele forl\u00f8bet \u2013 fra planl\u00e6gning til selve jagten.\n\nMin mission er at skabe unikke jagtoplevelser, der s\u00e6tter sig fast i hukommelsen, og samtidig fremme bevidst og ansvarlig jagtf\u00f8relse.<\/p><div class=\"row\"><div class=\"col-md-7 col-lg-9 col-xxl-8\"><table class=\"team-info-table mt-sm-2\"><tbody><tr><td><i class=\"fal fa-folder\"><\/i><strong>Department:<\/strong><\/td><td>Profesjonalny My\u015bliwy<\/td><\/tr><tr><td><i class=\"fal fa-layer-group\"><\/i><strong>Experience:<\/strong><\/td><td>15 lat<\/td><\/tr><tr><td><i class=\"fal fa-envelope\"><\/i><strong>Email:<\/strong><\/td><td><a class=\"text-reset\" href=\"mailto:michal@huntarmenti.pl\">michal@hunt-armenti.pl<\/a><\/td><\/tr><tr><td><i class=\"fal fa-phone\"><\/i><strong>Phone:<\/strong><\/td><td><a class=\"text-reset\" href=\"tel:+48720820470\">+48 720 820 470<\/a><\/td><\/tr><\/tbody><\/table><\/div><\/div><div class=\"team-socials\"><h3 class=\"h6 title\">Member Links:<\/h3><div class=\"vs-social-group\"><a href=\"https:\/\/www.facebook.com\/share\/19GdQ9sx72\/\"><svg aria-hidden=\"true\" class=\"e-font-icon-svg e-fab-facebook-square\" viewBox=\"0 0 448 512\" xmlns=\"http:\/\/www.w3.org\/2000\/svg\"><path d=\"M400 32H48A48 48 0 0 0 0 80v352a48 48 0 0 0 48 48h137.25V327.69h-63V256h63v-54.64c0-62.15 37-96.48 93.67-96.48 27.14 0 55.52 4.84 55.52 4.84v61h-31.27c-30.81 0-40.42 19.12-40.42 38.73V256h68.78l-11 71.69h-57.78V480H400a48 48 0 0 0 48-48V80a48 48 0 0 0-48-48z\"><\/path><\/svg><\/a><a href=\"http:\/\/wa.me\/+48698333711\"><svg aria-hidden=\"true\" class=\"e-font-icon-svg e-fab-whatsapp-square\" viewBox=\"0 0 448 512\" xmlns=\"http:\/\/www.w3.org\/2000\/svg\"><path d=\"M224 122.8c-72.7 0-131.8 59.1-131.9 131.8 0 24.9 7 49.2 20.2 70.1l3.1 5-13.3 48.6 49.9-13.1 4.8 2.9c20.2 12 43.4 18.4 67.1 18.4h.1c72.6 0 133.3-59.1 133.3-131.8 0-35.2-15.2-68.3-40.1-93.2-25-25-58-38.7-93.2-38.7zm77.5 188.4c-3.3 9.3-19.1 17.7-26.7 18.8-12.6 1.9-22.4.9-47.5-9.9-39.7-17.2-65.7-57.2-67.7-59.8-2-2.6-16.2-21.5-16.2-41s10.2-29.1 13.9-33.1c3.6-4 7.9-5 10.6-5 2.6 0 5.3 0 7.6.1 2.4.1 5.7-.9 8.9 6.8 3.3 7.9 11.2 27.4 12.2 29.4s1.7 4.3.3 6.9c-7.6 15.2-15.7 14.6-11.6 21.6 15.3 26.3 30.6 35.4 53.9 47.1 4 2 6.3 1.7 8.6-1 2.3-2.6 9.9-11.6 12.5-15.5 2.6-4 5.3-3.3 8.9-2 3.6 1.3 23.1 10.9 27.1 12.9s6.6 3 7.6 4.6c.9 1.9.9 9.9-2.4 19.1zM400 32H48C21.5 32 0 53.5 0 80v352c0 26.5 21.5 48 48 48h352c26.5 0 48-21.5 48-48V80c0-26.5-21.5-48-48-48zM223.9 413.2c-26.6 0-52.7-6.7-75.8-19.3L64 416l22.5-82.2c-13.9-24-21.2-51.3-21.2-79.3C65.4 167.1 136.5 96 223.9 96c42.4 0 82.2 16.5 112.2 46.5 29.9 30 47.9 69.8 47.9 112.2 0 87.4-72.7 158.5-160.1 158.5z\"><\/path><\/svg><\/a><\/div><\/div><\/div><\/div><\/div><\/div><\/section><!-----------------------End Team Member Info Area----------------------->\t\t\t\t<\/div>\n\t\t\t\t<\/div>\n\t\t\t\t\t<\/div>\n\t\t<\/div>\n\t\t\t\t\t<\/div>\n\t\t<\/section>\n\t\t\t\t\t<\/div>\n\t\t<\/div>\n\t\t\t\t\t<\/div>\n\t\t<\/section>\n\t\t\t\t<\/div>\n\t\t","protected":false},"excerpt":{"rendered":"<p>Hvem er vi? \u2013 Om os Med os opdager du jagtens sande ansigt. Vi er det Polske Jagtbureau \u2013 vi specialiserer os i at arrangere lovlige, etiske og fuldt sikre jagtrejser i Polen. Vores mission er at forene passionen for naturen med service p\u00e5 h\u00f8jeste niveau. Vi betjener j\u00e6gere fra hele verden og tilbyder komplet&#8230;<\/p>\n","protected":false},"author":1,"featured_media":0,"parent":0,"menu_order":0,"comment_status":"closed","ping_status":"closed","template":"template-builder.php","meta":{"footnotes":""},"class_list":["post-9334","page","type-page","status-publish","hentry"],"jetpack_sharing_enabled":true,"_links":{"self":[{"href":"https:\/\/hunt-armenti.pl\/da\/wp-json\/wp\/v2\/pages\/9334","targetHints":{"allow":["GET"]}}],"collection":[{"href":"https:\/\/hunt-armenti.pl\/da\/wp-json\/wp\/v2\/pages"}],"about":[{"href":"https:\/\/hunt-armenti.pl\/da\/wp-json\/wp\/v2\/types\/page"}],"author":[{"embeddable":true,"href":"https:\/\/hunt-armenti.pl\/da\/wp-json\/wp\/v2\/users\/1"}],"replies":[{"embeddable":true,"href":"https:\/\/hunt-armenti.pl\/da\/wp-json\/wp\/v2\/comments?post=9334"}],"version-history":[{"count":9,"href":"https:\/\/hunt-armenti.pl\/da\/wp-json\/wp\/v2\/pages\/9334\/revisions"}],"predecessor-version":[{"id":10714,"href":"https:\/\/hunt-armenti.pl\/da\/wp-json\/wp\/v2\/pages\/9334\/revisions\/10714"}],"wp:attachment":[{"href":"https:\/\/hunt-armenti.pl\/da\/wp-json\/wp\/v2\/media?parent=9334"}],"curies":[{"name":"wp","href":"https:\/\/api.w.org\/{rel}","templated":true}]}}