{"id":8810,"date":"2025-07-02T19:28:19","date_gmt":"2025-07-02T17:28:19","guid":{"rendered":"https:\/\/hunt-armenti.pl\/jagt-pa-ikke-trofaevildt\/"},"modified":"2025-07-04T16:53:39","modified_gmt":"2025-07-04T14:53:39","slug":"jagt-pa-ikke-trofaevildt","status":"publish","type":"page","link":"https:\/\/hunt-armenti.pl\/da\/jagt-pa-ikke-trofaevildt\/","title":{"rendered":"Jagt p\u00e5 ikke-trof\u00e6vildt"},"content":{"rendered":"\t\t<div data-elementor-type=\"wp-page\" data-elementor-id=\"8810\" class=\"elementor elementor-8810\" data-elementor-post-type=\"page\">\n\t\t\t\t\t\t<section class=\"elementor-section elementor-top-section elementor-element elementor-element-5bed227 elementor-section-full_width elementor-section-height-default elementor-section-height-default\" data-id=\"5bed227\" data-element_type=\"section\">\n\t\t\t\t\t\t<div class=\"elementor-container elementor-column-gap-no\">\n\t\t\t\t\t<div class=\"elementor-column elementor-col-100 elementor-top-column elementor-element elementor-element-0ae4ee7\" data-id=\"0ae4ee7\" data-element_type=\"column\">\n\t\t\t<div class=\"elementor-widget-wrap elementor-element-populated\">\n\t\t\t\t\t\t<section class=\"elementor-section elementor-inner-section elementor-element elementor-element-72d2379 elementor-section-boxed elementor-section-height-default elementor-section-height-default\" data-id=\"72d2379\" data-element_type=\"section\">\n\t\t\t\t\t\t<div class=\"elementor-container elementor-column-gap-no\">\n\t\t\t\t\t<div class=\"elementor-column elementor-col-100 elementor-inner-column elementor-element elementor-element-28a4398\" data-id=\"28a4398\" data-element_type=\"column\">\n\t\t\t<div class=\"elementor-widget-wrap elementor-element-populated\">\n\t\t\t\t\t\t<div class=\"elementor-element elementor-element-69db11f elementor-widget elementor-widget-naturomegahover\" data-id=\"69db11f\" data-element_type=\"widget\" data-widget_type=\"naturomegahover.default\">\n\t\t\t\t<div class=\"elementor-widget-container\">\n\t\t\t\t\t<div class=\"mega-img-box\"><div class=\"img-1\"><div class=\"mega-hover\"><img decoding=\"async\" src=\"https:\/\/hunt-armenti.pl\/wp-content\/uploads\/2025\/07\/deer-3842134-scaled-e1751483503385.jpg\" alt=\"deer 3842134 scaled e1751483503385\"  class=\"w-100\" \/><\/div><\/div><\/div>\t\t\t\t<\/div>\n\t\t\t\t<\/div>\n\t\t\t\t\t<\/div>\n\t\t<\/div>\n\t\t\t\t\t<\/div>\n\t\t<\/section>\n\t\t\t\t<section class=\"elementor-section elementor-inner-section elementor-element elementor-element-77283f5 elementor-section-boxed elementor-section-height-default elementor-section-height-default\" data-id=\"77283f5\" data-element_type=\"section\">\n\t\t\t\t\t\t<div class=\"elementor-container elementor-column-gap-no\">\n\t\t\t\t\t<div class=\"elementor-column elementor-col-100 elementor-inner-column elementor-element elementor-element-4c7cff8\" data-id=\"4c7cff8\" data-element_type=\"column\">\n\t\t\t<div class=\"elementor-widget-wrap elementor-element-populated\">\n\t\t\t\t\t\t<div class=\"elementor-element elementor-element-92a47bb elementor-widget elementor-widget-heading\" data-id=\"92a47bb\" data-element_type=\"widget\" data-widget_type=\"heading.default\">\n\t\t\t\t<div class=\"elementor-widget-container\">\n\t\t\t\t\t<h2 class=\"elementor-heading-title elementor-size-default\">\nIkke-trof\u00e6vildt \u2013 essensen og betydningen af selektiv jagt\n<\/h2>\t\t\t\t<\/div>\n\t\t\t\t<\/div>\n\t\t\t\t<div class=\"elementor-element elementor-element-94beb1a elementor-widget elementor-widget-text-editor\" data-id=\"94beb1a\" data-element_type=\"widget\" data-widget_type=\"text-editor.default\">\n\t\t\t\t<div class=\"elementor-widget-container\">\n\t\t\t\t\t\t\t\t\t<p class=\"mb-55\">Jagt p\u00e5 ikke-trof\u00e6vildt er en vigtig del af vildtforvaltningen i Polen. Hovedform\u00e5let er <strong data-start=\"255\" data-end=\"293\">regulering af bestandens st\u00f8rrelse<\/strong> og <strong data-start=\"297\" data-end=\"352\">opretholdelse af en korrekt alders- og k\u00f8nsstruktur<\/strong>. Det er ogs\u00e5 en fremragende form for aktiv jagt, is\u00e6r v\u00e6rdsat af erfarne j\u00e6gere, som forst\u00e5r vigtigheden af selektion.<\/p>\t\t\t\t\t\t\t\t<\/div>\n\t\t\t\t<\/div>\n\t\t\t\t<div class=\"elementor-element elementor-element-b3c220b elementor-widget elementor-widget-heading\" data-id=\"b3c220b\" data-element_type=\"widget\" data-widget_type=\"heading.default\">\n\t\t\t\t<div class=\"elementor-widget-container\">\n\t\t\t\t\t<h2 class=\"elementor-heading-title elementor-size-default\">Hvad er ikke-trof\u00e6vildt?<\/h2>\t\t\t\t<\/div>\n\t\t\t\t<\/div>\n\t\t\t\t<div class=\"elementor-element elementor-element-75ef763 elementor-widget elementor-widget-text-editor\" data-id=\"75ef763\" data-element_type=\"widget\" data-widget_type=\"text-editor.default\">\n\t\t\t\t<div class=\"elementor-widget-container\">\n\t\t\t\t\t\t\t\t\t<p data-start=\"512\" data-end=\"649\">Ikke-trof\u00e6vildt omfatter individer, som ikke har trof\u00e6v\u00e6rdi \u2013 dvs. de nedl\u00e6gges ikke p\u00e5 grund af gevir. I Polen inkluderer dette prim\u00e6rt:<\/p><ul data-start=\"651\" data-end=\"744\"><li data-start=\"651\" data-end=\"669\"><p data-start=\"653\" data-end=\"669\"><strong data-start=\"653\" data-end=\"669\">Hjort (hind)<\/strong><\/p><\/li><li data-start=\"670\" data-end=\"688\"><p data-start=\"672\" data-end=\"688\"><strong data-start=\"672\" data-end=\"688\">D\u00e5dyr (hind)<\/strong><\/p><\/li><li data-start=\"689\" data-end=\"714\"><p data-start=\"691\" data-end=\"714\"><strong data-start=\"691\" data-end=\"714\">R\u00e5vildt (r\u00e5 og lam)<\/strong><\/p><\/li><li data-start=\"715\" data-end=\"744\"><p data-start=\"717\" data-end=\"744\"><strong data-start=\"717\" data-end=\"744\">Kalve (hjorte og d\u00e5dyr)<\/strong><\/p><\/li><\/ul>\t\t\t\t\t\t\t\t<\/div>\n\t\t\t\t<\/div>\n\t\t\t\t<div class=\"elementor-element elementor-element-ccad222 elementor-widget elementor-widget-heading\" data-id=\"ccad222\" data-element_type=\"widget\" data-widget_type=\"heading.default\">\n\t\t\t\t<div class=\"elementor-widget-container\">\n\t\t\t\t\t<h2 class=\"elementor-heading-title elementor-size-default\">Jagttider for ikke-trof\u00e6vildt<\/h2>\t\t\t\t<\/div>\n\t\t\t\t<\/div>\n\t\t\t\t<div class=\"elementor-element elementor-element-451a939 elementor-widget elementor-widget-text-editor\" data-id=\"451a939\" data-element_type=\"widget\" data-widget_type=\"text-editor.default\">\n\t\t\t\t<div class=\"elementor-widget-container\">\n\t\t\t\t\t\t\t\t\t<table class=\"w-fit min-w-(--thread-content-width)\" data-start=\"790\" data-end=\"1377\"><thead data-start=\"790\" data-end=\"873\"><tr data-start=\"790\" data-end=\"873\"><th data-start=\"790\" data-end=\"816\" data-col-size=\"sm\"><strong data-start=\"792\" data-end=\"804\">Vildtart<\/strong><\/th><th data-start=\"816\" data-end=\"837\" data-col-size=\"sm\"><strong data-start=\"818\" data-end=\"826\">Type<\/strong><\/th><th data-start=\"837\" data-end=\"873\" data-col-size=\"sm\"><strong data-start=\"839\" data-end=\"852\">Jagts\u00e6son<\/strong><\/th><\/tr><\/thead><tbody data-start=\"958\" data-end=\"1377\"><tr data-start=\"958\" data-end=\"1041\"><td data-start=\"958\" data-end=\"984\" data-col-size=\"sm\">Kronhjort<\/td><td data-col-size=\"sm\" data-start=\"984\" data-end=\"1005\">Hind<\/td><td data-col-size=\"sm\" data-start=\"1005\" data-end=\"1041\">1. oktober \u2013 15. januar<\/td><\/tr><tr data-start=\"1042\" data-end=\"1125\"><td data-start=\"1042\" data-end=\"1068\" data-col-size=\"sm\">\u00a0<\/td><td data-start=\"1068\" data-end=\"1089\" data-col-size=\"sm\">Kalv<\/td><td data-col-size=\"sm\" data-start=\"1089\" data-end=\"1125\">1. oktober \u2013 28. februar<\/td><\/tr><tr data-start=\"1126\" data-end=\"1209\"><td data-start=\"1126\" data-end=\"1152\" data-col-size=\"sm\">D\u00e5dyr<\/td><td data-col-size=\"sm\" data-start=\"1152\" data-end=\"1173\">Hind<\/td><td data-col-size=\"sm\" data-start=\"1173\" data-end=\"1209\">1. oktober \u2013 15. januar<\/td><\/tr><tr data-start=\"1210\" data-end=\"1293\"><td data-start=\"1210\" data-end=\"1236\" data-col-size=\"sm\">\u00a0<\/td><td data-start=\"1236\" data-end=\"1257\" data-col-size=\"sm\">Kalv<\/td><td data-col-size=\"sm\" data-start=\"1257\" data-end=\"1293\">1. oktober \u2013 28. februar<\/td><\/tr><tr data-start=\"1294\" data-end=\"1377\"><td data-start=\"1294\" data-end=\"1320\" data-col-size=\"sm\">R\u00e5vildt<\/td><td data-col-size=\"sm\" data-start=\"1320\" data-end=\"1341\">R\u00e5 og lam<\/td><td data-col-size=\"sm\" data-start=\"1341\" data-end=\"1377\">1. oktober \u2013 15. januar<\/td><\/tr><\/tbody><\/table><p><br \/><br \/><\/p>\t\t\t\t\t\t\t\t<\/div>\n\t\t\t\t<\/div>\n\t\t\t\t<div class=\"elementor-element elementor-element-1925f28 elementor-widget elementor-widget-naturobutton\" data-id=\"1925f28\" data-element_type=\"widget\" data-widget_type=\"naturobutton.default\">\n\t\t\t\t<div class=\"elementor-widget-container\">\n\t\t\t\t\t<!-- Button --><div class=\"btn-wrapper\"><a class=\"vs-btn style-1\" href=\"https:\/\/hunt-armenti.pl\/da\/kontakt\/\"><span><i class=\"fal fa-paw\"><\/i><\/span> Kontakt os<\/a><\/div><!-- End Button -->\t\t\t\t<\/div>\n\t\t\t\t<\/div>\n\t\t\t\t\t<\/div>\n\t\t<\/div>\n\t\t\t\t\t<\/div>\n\t\t<\/section>\n\t\t\t\t\t<\/div>\n\t\t<\/div>\n\t\t\t\t\t<\/div>\n\t\t<\/section>\n\t\t\t\t<\/div>\n\t\t","protected":false},"excerpt":{"rendered":"<p>Ikke-trof\u00e6vildt \u2013 essensen og betydningen af selektiv jagt Jagt p\u00e5 ikke-trof\u00e6vildt er en vigtig del af vildtforvaltningen i Polen. Hovedform\u00e5let er regulering af bestandens st\u00f8rrelse og opretholdelse af en korrekt alders- og k\u00f8nsstruktur. Det er ogs\u00e5 en fremragende form for aktiv jagt, is\u00e6r v\u00e6rdsat af erfarne j\u00e6gere, som forst\u00e5r vigtigheden af selektion. Hvad er ikke-trof\u00e6vildt?&#8230;<\/p>\n","protected":false},"author":1,"featured_media":0,"parent":0,"menu_order":0,"comment_status":"closed","ping_status":"closed","template":"template-builder.php","meta":{"footnotes":""},"class_list":["post-8810","page","type-page","status-publish","hentry"],"jetpack_sharing_enabled":true,"_links":{"self":[{"href":"https:\/\/hunt-armenti.pl\/da\/wp-json\/wp\/v2\/pages\/8810","targetHints":{"allow":["GET"]}}],"collection":[{"href":"https:\/\/hunt-armenti.pl\/da\/wp-json\/wp\/v2\/pages"}],"about":[{"href":"https:\/\/hunt-armenti.pl\/da\/wp-json\/wp\/v2\/types\/page"}],"author":[{"embeddable":true,"href":"https:\/\/hunt-armenti.pl\/da\/wp-json\/wp\/v2\/users\/1"}],"replies":[{"embeddable":true,"href":"https:\/\/hunt-armenti.pl\/da\/wp-json\/wp\/v2\/comments?post=8810"}],"version-history":[{"count":10,"href":"https:\/\/hunt-armenti.pl\/da\/wp-json\/wp\/v2\/pages\/8810\/revisions"}],"predecessor-version":[{"id":10460,"href":"https:\/\/hunt-armenti.pl\/da\/wp-json\/wp\/v2\/pages\/8810\/revisions\/10460"}],"wp:attachment":[{"href":"https:\/\/hunt-armenti.pl\/da\/wp-json\/wp\/v2\/media?parent=8810"}],"curies":[{"name":"wp","href":"https:\/\/api.w.org\/{rel}","templated":true}]}}